{"id":11062,"date":"2026-04-07T13:38:01","date_gmt":"2026-04-07T13:38:01","guid":{"rendered":"https:\/\/gravel-bikes.cc\/versand\/"},"modified":"2026-04-15T06:21:03","modified_gmt":"2026-04-15T06:21:03","slug":"versand","status":"publish","type":"page","link":"https:\/\/gravel-bikes.cc\/de\/versand\/","title":{"rendered":"VERSAND"},"content":{"rendered":"\n<p><strong>Versandbedingungen<\/strong><\/p>\n\n<p><\/p>\n\n<p>Alle Bestellungen haben eine Bearbeitungszeit von 1\u20133 Werktagen, bevor sie versendet werden, sofern auf der Produktseite nichts anderes angegeben ist (zum Beispiel bei Vorbestellungen oder Produkten mit angegebener Lieferzeit).<\/p>\n\n<p>Wir versenden von mehreren Lagern aus, wobei die Versand- und Bearbeitungszeiten jeweils zwischen 1\u20134 Tagen variieren k\u00f6nnen.<\/p>\n\n<p>Die Versandkosten f\u00fcr deine Bestellung werden berechnet und an der Kasse angezeigt.<\/p>\n\n<p>Kostenloser Versand innerhalb der kontinentalen Vereinigten Staaten ist f\u00fcr Bestellungen \u00fcber 79 \u20ac verf\u00fcgbar. Um unser Angebot f\u00fcr kostenlosen Versand zu nutzen, w\u00e4hle bitte an der Kasse die Option \u201eKostenloser Versand ab 79 \u20ac\u201c. Es stehen auch andere Versandoptionen zur Verf\u00fcgung, f\u00fcr die eine Versandgeb\u00fchr anf\u00e4llt.  <\/p>\n\n<p><strong><br\/>INTERNATIONALER VERSAND<\/strong><\/p>\n\n<p>Wenn deine Lieferadresse au\u00dferhalb der EU liegt, kann deine Bestellung bei der Lieferung zus\u00e4tzlichen Zollgeb\u00fchren, Steuern, Tarifen oder Abgaben unterliegen. Diese Geb\u00fchren sind nicht in den Versandkosten enthalten und liegen in der Verantwortung des Kunden. Bitte erkundige dich vor deiner Bestellung bei der Zollbeh\u00f6rde deines Landes, wie hoch diese zus\u00e4tzlichen Kosten sein werden.  <\/p>\n\n<p><strong><br\/>WIE KANN ICH MEINEN BESTELLSTATUS \u00dcBERPR\u00dcFEN?<\/strong><\/p>\n\n<p>Sobald deine Bestellung versendet wurde, erh\u00e4ltst du von uns eine E-Mail-Benachrichtigung mit einer Sendungsverfolgungsnummer, mit der du den Status \u00fcberpr\u00fcfen kannst. Bitte plane bis zu 48 Stunden ein, bis die Informationen zur Sendungsverfolgung verf\u00fcgbar sind. <\/p>\n\n<p>Wenn du deine Bestellung nicht innerhalb von 7 Tagen nach Erhalt der Versandbest\u00e4tigung erhalten hast, kontaktiere uns bitte unter info@pearl-cycles.com mit deinem Namen und deiner Bestellnummer, damit wir der Sache f\u00fcr dich nachgehen k\u00f6nnen.<\/p>\n\n<p>Falls du weitere Fragen hast, z\u00f6gere bitte nicht, uns unter info@pearl-cycles.com zu kontaktieren.<\/p>\n\n<p>Vielen Dank!<\/p>\n\n<figure class=\"wp-block-image size-large\"><img loading=\"lazy\" decoding=\"async\" width=\"1024\" height=\"1024\" src=\"https:\/\/gravel-bikes.cc\/wp-content\/uploads\/2026\/04\/AIRJ2487-1024x1024.jpg\" alt=\"\" class=\"wp-image-10953\" srcset=\"https:\/\/gravel-bikes.cc\/wp-content\/uploads\/2026\/04\/AIRJ2487-980x980.jpg 980w, https:\/\/gravel-bikes.cc\/wp-content\/uploads\/2026\/04\/AIRJ2487-480x480.jpg 480w\" sizes=\"(min-width: 0px) and (max-width: 480px) 480px, (min-width: 481px) and (max-width: 980px) 980px, (min-width: 981px) 1024px, 100vw\" \/><\/figure>\n","protected":false},"excerpt":{"rendered":"<p>Versandbedingungen Alle Bestellungen haben eine Bearbeitungszeit von 1\u20133 Werktagen, bevor sie versendet werden, sofern auf der Produktseite nichts anderes angegeben ist (zum Beispiel bei Vorbestellungen oder Produkten mit angegebener Lieferzeit). Wir versenden von mehreren Lagern aus, wobei die Versand- und Bearbeitungszeiten jeweils zwischen 1\u20134 Tagen variieren k\u00f6nnen. Die Versandkosten f\u00fcr deine Bestellung werden berechnet und [&hellip;]<\/p>\n","protected":false},"author":1,"featured_media":0,"parent":0,"menu_order":0,"comment_status":"closed","ping_status":"closed","template":"","meta":{"_et_pb_use_builder":"off","_et_pb_old_content":"","_et_gb_content_width":"","om_disable_all_campaigns":false,"_monsterinsights_skip_tracking":false,"_monsterinsights_sitenote_active":false,"_monsterinsights_sitenote_note":"","_monsterinsights_sitenote_category":0,"footnotes":""},"class_list":["post-11062","page","type-page","status-publish","hentry"],"aioseo_notices":[],"_links":{"self":[{"href":"https:\/\/gravel-bikes.cc\/de\/wp-json\/wp\/v2\/pages\/11062","targetHints":{"allow":["GET"]}}],"collection":[{"href":"https:\/\/gravel-bikes.cc\/de\/wp-json\/wp\/v2\/pages"}],"about":[{"href":"https:\/\/gravel-bikes.cc\/de\/wp-json\/wp\/v2\/types\/page"}],"author":[{"embeddable":true,"href":"https:\/\/gravel-bikes.cc\/de\/wp-json\/wp\/v2\/users\/1"}],"replies":[{"embeddable":true,"href":"https:\/\/gravel-bikes.cc\/de\/wp-json\/wp\/v2\/comments?post=11062"}],"version-history":[{"count":1,"href":"https:\/\/gravel-bikes.cc\/de\/wp-json\/wp\/v2\/pages\/11062\/revisions"}],"predecessor-version":[{"id":11063,"href":"https:\/\/gravel-bikes.cc\/de\/wp-json\/wp\/v2\/pages\/11062\/revisions\/11063"}],"wp:attachment":[{"href":"https:\/\/gravel-bikes.cc\/de\/wp-json\/wp\/v2\/media?parent=11062"}],"curies":[{"name":"wp","href":"https:\/\/api.w.org\/{rel}","templated":true}]}}