{"id":12168,"date":"2026-05-14T08:57:29","date_gmt":"2026-05-14T08:57:29","guid":{"rendered":"https:\/\/gravel-bikes.cc\/12168-2\/"},"modified":"2026-05-14T10:08:16","modified_gmt":"2026-05-14T10:08:16","slug":"12168-2","status":"publish","type":"page","link":"https:\/\/gravel-bikes.cc\/de\/12168-2\/","title":{"rendered":"SEKA GRAVEL"},"content":{"rendered":"<p>[et_pb_section fb_built=&#8221;1&#8243; fullwidth=&#8221;on&#8221; theme_builder_area=&#8221;post_content&#8221; _builder_version=&#8221;4.27.6&#8243; _module_preset=&#8221;default&#8221; hover_enabled=&#8221;0&#8243; sticky_enabled=&#8221;0&#8243;][et_pb_fullwidth_slider _builder_version=&#8221;4.27.6&#8243; _module_preset=&#8221;default&#8221; theme_builder_area=&#8221;post_content&#8221; hover_enabled=&#8221;0&#8243; sticky_enabled=&#8221;0&#8243;][et_pb_slide heading=&#8221;Hier kommt Ihr Titel hin&#8221; button_text=&#8221;Klicken Sie hier&#8221; _builder_version=&#8221;4.27.6&#8243; _module_preset=&#8221;default&#8221; theme_builder_area=&#8221;post_content&#8221; title_text=&#8221;Y-5-1-2048&#215;1229&#8243; background_image=&#8221;https:\/\/gravel-bikes.cc\/wp-content\/uploads\/2026\/05\/Y-5-1-2048&#215;1229-1.jpg&#8221; background_enable_image=&#8221;on&#8221; hover_enabled=&#8221;0&#8243; sticky_enabled=&#8221;0&#8243;]<\/p>\n<p>Hier kommt Ihr Inhalt hin. Bearbeiten oder entfernen Sie diesen Text inline oder in den Modul-Inhaltseinstellungen. Sie k\u00f6nnen auch jeden Aspekt dieses Inhalts in den Modul-Designeinstellungen gestalten und sogar benutzerdefiniertes CSS auf diesen Text in den Modul-Erweitert-Einstellungen anwenden.  <\/p>\n<p>[\/et_pb_slide][et_pb_slide heading=&#8221;SEKA Gravel  &#8221; button_text=&#8221;Mehr entdecken..&#8221; _builder_version=&#8221;4.27.6&#8243; _module_preset=&#8221;default&#8221; theme_builder_area=&#8221;post_content&#8221; title_text=&#8221;mariana-scope-artech-main&#8221; background_image=&#8221;https:\/\/gravel-bikes.cc\/wp-content\/uploads\/2026\/05\/mariana-scope-artech-main.webp&#8221; background_enable_image=&#8221;on&#8221; hover_enabled=&#8221;0&#8243; sticky_enabled=&#8221;0&#8243;]<\/p>\n<h2>jetzt bei gravel bikes erh\u00e4ltlich. Kontaktiere uns f\u00fcr dein n\u00e4chstes Traumbike. <\/h2>\n<p>[\/et_pb_slide][\/et_pb_fullwidth_slider][\/et_pb_section][et_pb_section fb_built=&#8221;1&#8243; theme_builder_area=&#8221;post_content&#8221; _builder_version=&#8221;4.27.6&#8243; _module_preset=&#8221;default&#8221;][et_pb_row _builder_version=&#8221;4.27.6&#8243; _module_preset=&#8221;default&#8221; theme_builder_area=&#8221;post_content&#8221;][et_pb_column _builder_version=&#8221;4.27.6&#8243; _module_preset=&#8221;default&#8221; type=&#8221;4_4&#8243; theme_builder_area=&#8221;post_content&#8221;][et_pb_text _builder_version=&#8221;4.27.6&#8243; _module_preset=&#8221;default&#8221; theme_builder_area=&#8221;post_content&#8221; hover_enabled=&#8221;0&#8243; sticky_enabled=&#8221;0&#8243;]<\/p>\n<div class=\"elementor-element elementor-element-9f28f69 e-grid animated-slow e-con-boxed e-con e-child\" data-id=\"9f28f69\" data-element_type=\"container\" data-e-type=\"container\" data-settings=\"{\"background_background\":\"classic\",\"animation\":\"none\",\"animation_delay\":0}\">\n<div class=\"e-con-inner\">\n<div class=\"elementor-element elementor-element-7fb488f animated-slow elementor-widget__width-inherit elementor-widget elementor-widget-text-editor animated fadeIn\" data-id=\"7fb488f\" data-element_type=\"widget\" data-e-type=\"widget\" data-settings=\"{\"_animation\":\"fadeIn\"}\" data-widget_type=\"text-editor.default\">\n<div class=\"elementor-widget-container\">\n<h2><span>Aerodynamik<\/span><\/h2>\n<p><span><\/span><\/p>\n<\/div>\n<\/div>\n<div class=\"elementor-element elementor-element-60ba36e animated-slow elementor-widget elementor-widget-text-editor animated fadeIn\" data-id=\"60ba36e\" data-element_type=\"widget\" data-e-type=\"widget\" data-settings=\"{\"_animation\":\"fadeIn\"}\" data-widget_type=\"text-editor.default\">\n<div class=\"elementor-widget-container\">\n<h2>Gebaut f\u00fcr echtes Racing.<\/h2>\n<p>&nbsp;<\/p>\n<\/div>\n<\/div>\n<\/div>\n<\/div>\n<div class=\"elementor-element elementor-element-f36a93b e-grid e-con-boxed e-con e-parent e-lazyloaded\" data-id=\"f36a93b\" data-element_type=\"container\" data-e-type=\"container\" data-settings=\"{\"background_background\":\"classic\"}\">\n<div class=\"e-con-inner\">\n<div class=\"elementor-element elementor-element-47df094 animated-slow elementor-widget__width-inherit elementor-widget elementor-widget-text-editor animated fadeIn\" data-id=\"47df094\" data-element_type=\"widget\" data-e-type=\"widget\" data-settings=\"{\"_animation\":\"fadeIn\"}\" data-widget_type=\"text-editor.default\">\n<div class=\"elementor-widget-container\">\n<h4>Ein Gravel-Bike muss verschiedenste Terrains meistern, ohne Kompromisse bei Geschwindigkeit und Rennleistung einzugehen. Wenn es um die Performance eines Rahmens geht, ist kein Faktor entscheidender als die aerodynamische Effizienz. Unsere Philosophie konzentriert sich daher auf die Aerodynamik des Gesamtsystems in einer<span> <\/span><span>realen<\/span><span> <\/span>Rennkonfiguration. Wir optimieren nicht nur den Luftwiderstandsbeiwert des Rahmens, sondern das <span> <\/span><span>gesamte \u00d6kosystem<\/span>: Rahmengeometrie, Reifenfreiheit, integrierter Stauraum und modulare Erweiterungssysteme.<\/h4>\n<\/div>\n<\/div>\n<\/div>\n<\/div>\n<p>[\/et_pb_text][\/et_pb_column][\/et_pb_row][\/et_pb_section][et_pb_section fb_built=&#8221;1&#8243; theme_builder_area=&#8221;post_content&#8221; _builder_version=&#8221;4.27.6&#8243; _module_preset=&#8221;default&#8221;][et_pb_row _builder_version=&#8221;4.27.6&#8243; _module_preset=&#8221;default&#8221; column_structure=&#8221;1_2,1_2&#8243; theme_builder_area=&#8221;post_content&#8221;][et_pb_column _builder_version=&#8221;4.27.6&#8243; _module_preset=&#8221;default&#8221; type=&#8221;1_2&#8243; theme_builder_area=&#8221;post_content&#8221;][et_pb_image src=&#8221;https:\/\/gravel-bikes.cc\/wp-content\/uploads\/2026\/05\/Y-4-2048&#215;1229-1.jpg&#8221; _builder_version=&#8221;4.27.6&#8243; _module_preset=&#8221;default&#8221; theme_builder_area=&#8221;post_content&#8221; title_text=&#8221;Y-4-2048&#215;1229&#8243; hover_enabled=&#8221;0&#8243; sticky_enabled=&#8221;0&#8243;][\/et_pb_image][\/et_pb_column][et_pb_column _builder_version=&#8221;4.27.6&#8243; _module_preset=&#8221;default&#8221; type=&#8221;1_2&#8243; theme_builder_area=&#8221;post_content&#8221;][et_pb_text _builder_version=&#8221;4.27.6&#8243; _module_preset=&#8221;default&#8221; theme_builder_area=&#8221;post_content&#8221; hover_enabled=&#8221;0&#8243; sticky_enabled=&#8221;0&#8243;]<\/p>\n<h4><span>TORAYCA\u00ae T1100G und M46J <\/span><span>bieten eine deutlich h\u00f6here Zugfestigkeit und Bruchz\u00e4higkeit. Dies erm\u00f6glicht es dem Rahmen, ein hohes Steifigkeits-Gewichts-Verh\u00e4ltnis beizubehalten und gleichzeitig die <\/span><span>Schlagfestigkeit und Energieabsorptionskapazit\u00e4t erheblich zu verbessern<\/span><span>.<\/span><\/h4>\n<p>[\/et_pb_text][\/et_pb_column][\/et_pb_row][et_pb_row _builder_version=&#8221;4.27.6&#8243; _module_preset=&#8221;default&#8221; column_structure=&#8221;1_2,1_2&#8243; theme_builder_area=&#8221;post_content&#8221;][et_pb_column _builder_version=&#8221;4.27.6&#8243; _module_preset=&#8221;default&#8221; type=&#8221;1_2&#8243; theme_builder_area=&#8221;post_content&#8221;][et_pb_text _builder_version=&#8221;4.27.6&#8243; _module_preset=&#8221;default&#8221; theme_builder_area=&#8221;post_content&#8221; hover_enabled=&#8221;0&#8243; sticky_enabled=&#8221;0&#8243;]<\/p>\n<h4><span>Die WindEye-Struktur wurde neu gestaltet und verfeinert, um den spezifischen Anforderungen von Gravel-Fahrten gerecht zu werden, und bietet eine <\/span><span>\u00fcberlegene strukturelle Anpassungsf\u00e4higkeit<\/span><span> f\u00fcr unbefestigtes Gel\u00e4nde. Die Sattelst\u00fctze erreicht bis zu <\/span><span>16 mm <\/span><span>vertikalen Flex bei einer hinteren vertikalen Nachgiebigkeit von <\/span><span>106 N\/mm<\/span><span>, was die Vibrationsd\u00e4mpfung deutlich erh\u00f6ht, ohne die Kraft\u00fcbertragung oder die seitliche <\/span><span>Steifigkeit<\/span><span> zu beeintr\u00e4chtigen.<\/span><\/h4>\n<p>[\/et_pb_text][\/et_pb_column][et_pb_column _builder_version=&#8221;4.27.6&#8243; _module_preset=&#8221;default&#8221; type=&#8221;1_2&#8243; theme_builder_area=&#8221;post_content&#8221;][et_pb_image src=&#8221;https:\/\/gravel-bikes.cc\/wp-content\/uploads\/2026\/05\/GR-\u98ce\u773c-1536&#215;1024-1.jpg&#8221; _builder_version=&#8221;4.27.6&#8243; _module_preset=&#8221;default&#8221; theme_builder_area=&#8221;post_content&#8221; title_text=&#8221;GR-\u98ce\u773c-1536&#215;1024&#8243; hover_enabled=&#8221;0&#8243; sticky_enabled=&#8221;0&#8243;][\/et_pb_image][\/et_pb_column][\/et_pb_row][\/et_pb_section][et_pb_section fb_built=&#8221;1&#8243; fullwidth=&#8221;on&#8221; theme_builder_area=&#8221;post_content&#8221; _builder_version=&#8221;4.27.6&#8243; _module_preset=&#8221;default&#8221;][et_pb_fullwidth_slider _builder_version=&#8221;4.27.6&#8243; _module_preset=&#8221;default&#8221; theme_builder_area=&#8221;post_content&#8221; hover_enabled=&#8221;0&#8243; sticky_enabled=&#8221;0&#8243;][et_pb_slide heading=&#8221;SEKA Gravel  &#8221; button_text=&#8221;Klicken Sie hier&#8221; _builder_version=&#8221;4.27.6&#8243; _module_preset=&#8221;default&#8221; theme_builder_area=&#8221;post_content&#8221; title_text=&#8221;Y-1-1-2048&#215;1229&#8243; background_image=&#8221;https:\/\/gravel-bikes.cc\/wp-content\/uploads\/2026\/05\/Y-1-1-2048&#215;1229-1.jpg&#8221; background_enable_image=&#8221;on&#8221; hover_enabled=&#8221;0&#8243; sticky_enabled=&#8221;0&#8243;][\/et_pb_slide][\/et_pb_fullwidth_slider][\/et_pb_section][et_pb_section fb_built=&#8221;1&#8243; theme_builder_area=&#8221;post_content&#8221; _builder_version=&#8221;4.27.6&#8243; _module_preset=&#8221;default&#8221;][et_pb_row _builder_version=&#8221;4.27.6&#8243; _module_preset=&#8221;default&#8221; column_structure=&#8221;1_2,1_2&#8243; theme_builder_area=&#8221;post_content&#8221;][et_pb_column _builder_version=&#8221;4.27.6&#8243; _module_preset=&#8221;default&#8221; type=&#8221;1_2&#8243; theme_builder_area=&#8221;post_content&#8221;][et_pb_text _builder_version=&#8221;4.27.6&#8243; _module_preset=&#8221;default&#8221; theme_builder_area=&#8221;post_content&#8221; hover_enabled=&#8221;0&#8243; sticky_enabled=&#8221;0&#8243;]<\/p>\n<div class=\"elementor-element elementor-element-013f0fe animated-slow elementor-widget__width-initial elementor-widget elementor-widget-text-editor animated fadeIn\" data-id=\"013f0fe\" data-element_type=\"widget\" data-e-type=\"widget\" data-settings=\"{\"_animation\":\"fadeIn\"}\" data-widget_type=\"text-editor.default\">\n<div class=\"elementor-widget-container\">\n<p><span>Rahmengewicht<\/span><\/p>\n<\/div>\n<\/div>\n<div class=\"elementor-element elementor-element-e103831 elementor-widget__width-initial animated-slow elementor-widget elementor-widget-text-editor animated fadeIn\" data-id=\"e103831\" data-element_type=\"widget\" data-e-type=\"widget\" data-settings=\"{\"_animation\":\"fadeIn\"}\" data-widget_type=\"text-editor.default\">\n<div class=\"elementor-widget-container\">\n<p>980 g:<br \/>Entwickelt f\u00fcr<br \/>Gravel-Racing.<\/p>\n<\/div>\n<\/div>\n<div class=\"elementor-element elementor-element-68572b7 e-grid e-con-boxed e-con e-child\" data-id=\"68572b7\" data-element_type=\"container\" data-e-type=\"container\">\n<div class=\"e-con-inner\">\n<div class=\"elementor-element elementor-element-12521dc animated-slow elementor-widget__width-inherit elementor-widget elementor-widget-text-editor animated fadeIn\" data-id=\"12521dc\" data-element_type=\"widget\" data-e-type=\"widget\" data-settings=\"{\"_animation\":\"fadeIn\"}\" data-widget_type=\"text-editor.default\">\n<div class=\"elementor-widget-container\">\n<p>Leichtbau bleibt ein zentrales Anliegen der SEKA-Philosophie, aber niemals auf Kosten der Gesamtperformance.<br \/>F\u00fcr einen Gravel-Rennrahmen, der anspruchsvolles Gel\u00e4nde bezwingen soll, priorisieren wir eine robuste Struktur mit hoher Steifigkeit und Schlagfestigkeit \u2013 f\u00fcr au\u00dfergew\u00f6hnliche Festigkeit und Langlebigkeit ohne Kompromisse.<br \/>Der Wert von <span>980 g<\/span> (unlackierter Rahmen) stellt das optimale Gleichgewicht zwischen Leichtbau-Performance und hoher Schlagfestigkeit dar,<span> <\/span><span>erreicht durch konsequente Optimierung und Tests.<\/span><\/p>\n<\/div>\n<\/div>\n<\/div>\n<\/div>\n<p>[\/et_pb_text][et_pb_button button_text=&#8221;Mehr entdecken..&#8221; _builder_version=&#8221;4.27.6&#8243; _module_preset=&#8221;default&#8221; theme_builder_area=&#8221;post_content&#8221; hover_enabled=&#8221;0&#8243; sticky_enabled=&#8221;0&#8243;][\/et_pb_button][\/et_pb_column][et_pb_column _builder_version=&#8221;4.27.6&#8243; _module_preset=&#8221;default&#8221; type=&#8221;1_2&#8243; theme_builder_area=&#8221;post_content&#8221;][et_pb_image src=&#8221;https:\/\/gravel-bikes.cc\/wp-content\/uploads\/2026\/05\/Y-5-1-2048&#215;1229-1.jpg&#8221; _builder_version=&#8221;4.27.6&#8243; _module_preset=&#8221;default&#8221; theme_builder_area=&#8221;post_content&#8221; title_text=&#8221;Y-5-1-2048&#215;1229&#8243; hover_enabled=&#8221;0&#8243; sticky_enabled=&#8221;0&#8243;][\/et_pb_image][\/et_pb_column][\/et_pb_row][\/et_pb_section]<\/p>\n","protected":false},"excerpt":{"rendered":"<p>Hier kommt Ihr Inhalt hin. Bearbeiten oder entfernen Sie diesen Text inline oder in den Modul-Inhaltseinstellungen. Sie k\u00f6nnen auch jeden Aspekt dieses Inhalts in den Modul-Designeinstellungen gestalten und sogar benutzerdefiniertes CSS auf diesen Text in den Modul-Erweitert-Einstellungen anwenden. jetzt bei gravel bikes erh\u00e4ltlich. Kontaktiere uns f\u00fcr dein n\u00e4chstes Traumbike. Aerodynamik Gebaut f\u00fcr echtes Racing. &nbsp; [&hellip;]<\/p>\n","protected":false},"author":1,"featured_media":0,"parent":0,"menu_order":0,"comment_status":"closed","ping_status":"closed","template":"","meta":{"_et_pb_use_builder":"on","_et_pb_old_content":"","_et_gb_content_width":"","om_disable_all_campaigns":false,"_monsterinsights_skip_tracking":false,"_monsterinsights_sitenote_active":false,"_monsterinsights_sitenote_note":"","_monsterinsights_sitenote_category":0,"footnotes":""},"class_list":["post-12168","page","type-page","status-publish","hentry"],"aioseo_notices":[],"_links":{"self":[{"href":"https:\/\/gravel-bikes.cc\/de\/wp-json\/wp\/v2\/pages\/12168","targetHints":{"allow":["GET"]}}],"collection":[{"href":"https:\/\/gravel-bikes.cc\/de\/wp-json\/wp\/v2\/pages"}],"about":[{"href":"https:\/\/gravel-bikes.cc\/de\/wp-json\/wp\/v2\/types\/page"}],"author":[{"embeddable":true,"href":"https:\/\/gravel-bikes.cc\/de\/wp-json\/wp\/v2\/users\/1"}],"replies":[{"embeddable":true,"href":"https:\/\/gravel-bikes.cc\/de\/wp-json\/wp\/v2\/comments?post=12168"}],"version-history":[{"count":15,"href":"https:\/\/gravel-bikes.cc\/de\/wp-json\/wp\/v2\/pages\/12168\/revisions"}],"predecessor-version":[{"id":12318,"href":"https:\/\/gravel-bikes.cc\/de\/wp-json\/wp\/v2\/pages\/12168\/revisions\/12318"}],"wp:attachment":[{"href":"https:\/\/gravel-bikes.cc\/de\/wp-json\/wp\/v2\/media?parent=12168"}],"curies":[{"name":"wp","href":"https:\/\/api.w.org\/{rel}","templated":true}]}}