{"id":2354,"date":"2025-12-12T08:40:39","date_gmt":"2025-12-12T08:40:39","guid":{"rendered":"https:\/\/gravel-bikes.cc\/3t\/"},"modified":"2026-05-03T11:52:06","modified_gmt":"2026-05-03T11:52:06","slug":"3t","status":"publish","type":"page","link":"https:\/\/gravel-bikes.cc\/de\/3t\/","title":{"rendered":"3T"},"content":{"rendered":"<p>[et_pb_section fb_built=&#8221;1&#8243; admin_label=&#8221;Hero&#8221; _builder_version=&#8221;4.27.5&#8243; _module_preset=&#8221;default&#8221; background_enable_color=&#8221;off&#8221; background_image=&#8221;https:\/\/gravel-bikes.cc\/wp-content\/uploads\/2025\/12\/3t-racemax2ita-still-dscf8814_1f1ba93ab84f66784073b8712d7d9169-scaled.jpg&#8221; parallax=&#8221;on&#8221; background_enable_mask_style=&#8221;on&#8221; background_mask_style=&#8221;wave&#8221; custom_padding=&#8221;14vw||14vw||true|false&#8221; locked=&#8221;off&#8221; collapsed=&#8221;on&#8221; global_colors_info=&#8221;{}&#8221;][et_pb_row column_structure=&#8221;1_2,1_2&#8243; _builder_version=&#8221;4.24.2&#8243; _module_preset=&#8221;5138c454-be54-4233-bd3b-f8e6a8747976&#8243; locked=&#8221;off&#8221; global_colors_info=&#8221;{}&#8221;][et_pb_column type=&#8221;1_2&#8243; _builder_version=&#8221;4.23.1&#8243; _module_preset=&#8221;73121f80-a3ef-4484-8763-c3f18e3c56d2&#8243; global_colors_info=&#8221;{}&#8221;][et_pb_heading title=&#8221;Entdecken Sie die Kunst des italienischen Radsports&#8221; _builder_version=&#8221;4.24.2&#8243; _module_preset=&#8221;f0c675ea-2574-4d0e-b725-30f8550a8550&#8243; title_level=&#8221;h4&#8243; title_font=&#8221;Poppins|Abril Fatface_weight||on|||||&#8221; title_text_color=&#8221;#22577a&#8221; title_font_size=&#8221;14px&#8221; title_letter_spacing=&#8221;1px&#8221; title_line_height=&#8221;1.4em&#8221; custom_margin=&#8221;||10px||false|false&#8221; title_font_size_tablet=&#8221;13px&#8221; title_font_size_phone=&#8221;13px&#8221; title_font_size_last_edited=&#8221;on|desktop&#8221; locked=&#8221;off&#8221; global_colors_info=&#8221;{%22#22577a%22:%91%22title_text_color%22%93}&#8221;][\/et_pb_heading][et_pb_heading title=&#8221;Erleben Sie die Eleganz von 3T Bikes&#8221; _builder_version=&#8221;4.24.2&#8243; _module_preset=&#8221;ddeb8c09-9078-4424-bc15-2efb6572e28e&#8221; title_font=&#8221;Abril Fatface|Abril Fatface_weight|||||||&#8221; title_text_color=&#8221;#0e0c19&#8243; title_font_size=&#8221;72px&#8221; title_line_height=&#8221;1.15em&#8221; title_font_size_tablet=&#8221;40px&#8221; title_font_size_phone=&#8221;24px&#8221; title_font_size_last_edited=&#8221;on|phone&#8221; locked=&#8221;off&#8221; global_colors_info=&#8221;{}&#8221;][\/et_pb_heading][et_pb_text quote_border_color=&#8221;#57cc99&#8243; _builder_version=&#8221;4.24.2&#8243; _module_preset=&#8221;2c55a9c4-feed-423b-9edb-ae0b5b365cac&#8221; text_font=&#8221;Poppins|Poppins_weight|||||||&#8221; text_text_color=&#8221;#3c3a47&#8243; text_font_size=&#8221;16px&#8221; text_line_height=&#8221;1.75em&#8221; link_font=&#8221;|Poppins_weight|||||||&#8221; link_text_color=&#8221;#22577a&#8221; quote_font=&#8221;Abril Fatface|Abril Fatface_weight|||||||&#8221; quote_text_color=&#8221;#0e0c19&#8243; header_font=&#8221;Abril Fatface|Abril Fatface_weight|||||||&#8221; header_text_color=&#8221;#0e0c19&#8243; header_font_size=&#8221;72px&#8221; header_line_height=&#8221;1.15em&#8221; header_2_font=&#8221;Abril Fatface|Abril Fatface_weight|||||||&#8221; header_2_text_color=&#8221;#0e0c19&#8243; header_2_font_size=&#8221;50px&#8221; header_2_line_height=&#8221;1.2em&#8221; header_3_font=&#8221;Abril Fatface|Abril Fatface_weight|||||||&#8221; header_3_text_color=&#8221;#0e0c19&#8243; header_3_font_size=&#8221;32px&#8221; header_3_line_height=&#8221;1.3em&#8221; header_4_font=&#8221;Abril Fatface|Abril Fatface_weight|||||||&#8221; header_4_text_color=&#8221;#0e0c19&#8243; header_4_font_size=&#8221;24px&#8221; header_4_line_height=&#8221;1.4em&#8221; header_5_font=&#8221;Abril Fatface|Abril Fatface_weight|||||||&#8221; header_5_text_color=&#8221;#0e0c19&#8243; header_5_font_size=&#8221;18px&#8221; header_5_line_height=&#8221;1.4em&#8221; header_6_font=&#8221;Abril Fatface|Abril Fatface_weight|||||||&#8221; header_6_text_color=&#8221;#0e0c19&#8243; header_6_line_height=&#8221;1.5em&#8221; custom_margin=&#8221;||||false|false&#8221; text_font_size_tablet=&#8221;15px&#8221; text_font_size_phone=&#8221;14px&#8221; text_font_size_last_edited=&#8221;on|phone&#8221; header_font_size_tablet=&#8221;40px&#8221; header_font_size_phone=&#8221;24px&#8221; header_font_size_last_edited=&#8221;on|desktop&#8221; header_2_font_size_tablet=&#8221;28px&#8221; header_2_font_size_phone=&#8221;20px&#8221; header_2_font_size_last_edited=&#8221;on|phone&#8221; header_3_font_size_tablet=&#8221;22px&#8221; header_3_font_size_phone=&#8221;17px&#8221; header_3_font_size_last_edited=&#8221;on|phone&#8221; header_4_font_size_tablet=&#8221;18px&#8221; header_4_font_size_phone=&#8221;15px&#8221; header_4_font_size_last_edited=&#8221;on|tablet&#8221; header_5_font_size_tablet=&#8221;15px&#8221; header_5_font_size_phone=&#8221;14px&#8221; header_5_font_size_last_edited=&#8221;on|desktop&#8221; header_6_font_size_tablet=&#8221;13px&#8221; header_6_font_size_phone=&#8221;13px&#8221; header_6_font_size_last_edited=&#8221;on|desktop&#8221; locked=&#8221;off&#8221; global_colors_info=&#8221;{}&#8221;]<\/p>\n<p>Entfesseln Sie Ihren Abenteuergeist mit unseren sorgf\u00e4ltig gefertigten italienischen Fahrr\u00e4dern, die f\u00fcr alle entwickelt wurden, die sowohl Leistung als auch Stil suchen.<\/p>\n<p>[\/et_pb_text][et_pb_button button_text=&#8221;Entdecken Sie unsere Kollektion&#8221; _builder_version=&#8221;4.27.6&#8243; _module_preset=&#8221;1bffc0fc-42a0-49d1-bd9a-ae3ade2d7206&#8243; custom_button=&#8221;on&#8221; button_text_size=&#8221;14px&#8221; button_text_color=&#8221;#FFFFFF&#8221; button_bg_color=&#8221;#22577a&#8221; button_border_width=&#8221;0px&#8221; button_border_radius=&#8221;100px&#8221; button_font=&#8221;Poppins|700|||||||&#8221; custom_padding=&#8221;12px|24px|12px|24px|true|true&#8221; hover_enabled=&#8221;0&#8243; locked=&#8221;off&#8221; global_colors_info=&#8221;{}&#8221; custom_padding__hover_enabled=&#8221;off|desktop&#8221; custom_padding__hover=&#8221;|28px||20px|true|false&#8221; button_url=&#8221;https:\/\/gravel-bikes.cc\/de\/produkt-kategorie\/3t\/&#8221; sticky_enabled=&#8221;0&#8243;][\/et_pb_button][\/et_pb_column][et_pb_column type=&#8221;1_2&#8243; _builder_version=&#8221;4.23.1&#8243; _module_preset=&#8221;73121f80-a3ef-4484-8763-c3f18e3c56d2&#8243; global_colors_info=&#8221;{}&#8221;][\/et_pb_column][\/et_pb_row][\/et_pb_section][et_pb_section fb_built=&#8221;1&#8243; admin_label=&#8221;Features&#8221; _builder_version=&#8221;4.23.1&#8243; _module_preset=&#8221;default&#8221; locked=&#8221;off&#8221; collapsed=&#8221;on&#8221; global_colors_info=&#8221;{}&#8221;][et_pb_row column_structure=&#8221;1_3,1_3,1_3&#8243; _builder_version=&#8221;4.18.0&#8243; _module_preset=&#8221;5138c454-be54-4233-bd3b-f8e6a8747976&#8243; global_colors_info=&#8221;{}&#8221;][et_pb_column type=&#8221;1_3&#8243; _builder_version=&#8221;4.16&#8243; _module_preset=&#8221;73121f80-a3ef-4484-8763-c3f18e3c56d2&#8243; global_colors_info=&#8221;{}&#8221;][et_pb_heading title=&#8221;Warum 3T Bikes w\u00e4hlen?&#8221; _builder_version=&#8221;4.24.3&#8243; _module_preset=&#8221;ba4a6336-701f-47b8-bf5c-09da0ce28016&#8243; title_level=&#8221;h2&#8243; title_font=&#8221;Abril Fatface|Abril Fatface_weight|||||||&#8221; title_text_color=&#8221;#0e0c19&#8243; title_font_size=&#8221;32px&#8221; title_line_height=&#8221;1.3em&#8221; custom_margin=&#8221;||10px||false|false&#8221; title_font_size_tablet=&#8221;22px&#8221; title_font_size_phone=&#8221;17px&#8221; title_font_size_last_edited=&#8221;on|phone&#8221; locked=&#8221;off&#8221; global_colors_info=&#8221;{}&#8221;][\/et_pb_heading][et_pb_button button_text=&#8221;Mehr erfahren&#8221; _builder_version=&#8221;4.23.1&#8243; _module_preset=&#8221;1bffc0fc-42a0-49d1-bd9a-ae3ade2d7206&#8243; custom_button=&#8221;on&#8221; button_text_size=&#8221;14px&#8221; button_text_color=&#8221;#FFFFFF&#8221; button_bg_color=&#8221;#22577a&#8221; button_border_width=&#8221;0px&#8221; button_border_radius=&#8221;100px&#8221; button_font=&#8221;Poppins|700|||||||&#8221; custom_padding=&#8221;12px|24px|12px|24px|true|true&#8221; locked=&#8221;off&#8221; global_colors_info=&#8221;{}&#8221; custom_padding__hover_enabled=&#8221;off|desktop&#8221; custom_padding__hover=&#8221;|28px||20px|true|false&#8221;][\/et_pb_button][\/et_pb_column][et_pb_column type=&#8221;1_3&#8243; _builder_version=&#8221;4.16&#8243; _module_preset=&#8221;73121f80-a3ef-4484-8763-c3f18e3c56d2&#8243; global_colors_info=&#8221;{}&#8221;][et_pb_blurb title=&#8221;Italienische Handwerkskunst&#8221; use_icon=&#8221;on&#8221; font_icon=&#8221;&#xf206;||fa||900&#8243; icon_color=&#8221;#22577a&#8221; icon_placement=&#8221;left&#8221; image_icon_width=&#8221;40px&#8221; content_max_width=&#8221;100%&#8221; _builder_version=&#8221;4.24.3&#8243; _module_preset=&#8221;65059203-12d3-44f6-8371-3f5cf61a0475&#8243; header_font=&#8221;Abril Fatface|Abril Fatface_weight|||||||&#8221; header_text_color=&#8221;#0e0c19&#8243; header_font_size=&#8221;18px&#8221; header_line_height=&#8221;1.4em&#8221; body_font=&#8221;Poppins|Poppins_weight|||||||&#8221; body_text_color=&#8221;#3c3a47&#8243; body_font_size=&#8221;16px&#8221; body_line_height=&#8221;1.75em&#8221; body_link_text_color=&#8221;#22577a&#8221; animation=&#8221;off&#8221; header_font_size_tablet=&#8221;15px&#8221; header_font_size_phone=&#8221;14px&#8221; header_font_size_last_edited=&#8221;on|phone&#8221; body_font_size_tablet=&#8221;15px&#8221; body_font_size_phone=&#8221;14px&#8221; body_font_size_last_edited=&#8221;on|desktop&#8221; border_radii_image=&#8221;on|6px|6px|6px|6px&#8221; locked=&#8221;off&#8221; global_colors_info=&#8221;{}&#8221;]<\/p>\n<p>Jedes 3T Bike ist ein Meisterwerk italienischen Designs, das Tradition mit modernster Technologie f\u00fcr un\u00fcbertroffene Leistung verbindet.<\/p>\n<p>[\/et_pb_blurb][et_pb_blurb title=&#8221;Leicht und langlebig&#8221; use_icon=&#8221;on&#8221; font_icon=&#8221;&#xf0a9;||fa||900&#8243; icon_color=&#8221;#22577a&#8221; icon_placement=&#8221;left&#8221; image_icon_width=&#8221;40px&#8221; content_max_width=&#8221;100%&#8221; _builder_version=&#8221;4.24.3&#8243; _module_preset=&#8221;65059203-12d3-44f6-8371-3f5cf61a0475&#8243; header_font=&#8221;Abril Fatface|Abril Fatface_weight|||||||&#8221; header_text_color=&#8221;#0e0c19&#8243; header_font_size=&#8221;18px&#8221; header_line_height=&#8221;1.4em&#8221; body_font=&#8221;Poppins|Poppins_weight|||||||&#8221; body_text_color=&#8221;#3c3a47&#8243; body_font_size=&#8221;16px&#8221; body_line_height=&#8221;1.75em&#8221; body_link_text_color=&#8221;#22577a&#8221; animation=&#8221;off&#8221; header_font_size_tablet=&#8221;15px&#8221; header_font_size_phone=&#8221;14px&#8221; header_font_size_last_edited=&#8221;on|phone&#8221; body_font_size_tablet=&#8221;15px&#8221; body_font_size_phone=&#8221;14px&#8221; body_font_size_last_edited=&#8221;on|desktop&#8221; border_radii_image=&#8221;on|6px|6px|6px|6px&#8221; locked=&#8221;off&#8221; global_colors_info=&#8221;{}&#8221;]<\/p>\n<p>Unsere Fahrr\u00e4der werden mit den besten Materialien entwickelt, um eine leichte und dennoch robuste Fahrt zu gew\u00e4hrleisten, perfekt f\u00fcr jedes Gel\u00e4nde.<\/p>\n<p>[\/et_pb_blurb][\/et_pb_column][et_pb_column type=&#8221;1_3&#8243; _builder_version=&#8221;4.16&#8243; _module_preset=&#8221;73121f80-a3ef-4484-8763-c3f18e3c56d2&#8243; global_colors_info=&#8221;{}&#8221;][et_pb_blurb title=&#8221;Innovatives Design&#8221; use_icon=&#8221;on&#8221; font_icon=&#8221;&#xf0a9;||fa||900&#8243; icon_color=&#8221;#22577a&#8221; icon_placement=&#8221;left&#8221; image_icon_width=&#8221;40px&#8221; content_max_width=&#8221;100%&#8221; _builder_version=&#8221;4.24.3&#8243; _module_preset=&#8221;65059203-12d3-44f6-8371-3f5cf61a0475&#8243; header_font=&#8221;Abril Fatface|Abril Fatface_weight|||||||&#8221; header_text_color=&#8221;#0e0c19&#8243; header_font_size=&#8221;18px&#8221; header_line_height=&#8221;1.4em&#8221; body_font=&#8221;Poppins|Poppins_weight|||||||&#8221; body_text_color=&#8221;#3c3a47&#8243; body_font_size=&#8221;16px&#8221; body_line_height=&#8221;1.75em&#8221; body_link_text_color=&#8221;#22577a&#8221; animation=&#8221;off&#8221; header_font_size_tablet=&#8221;15px&#8221; header_font_size_phone=&#8221;14px&#8221; header_font_size_last_edited=&#8221;on|phone&#8221; body_font_size_tablet=&#8221;15px&#8221; body_font_size_phone=&#8221;14px&#8221; body_font_size_last_edited=&#8221;on|desktop&#8221; border_radii_image=&#8221;on|6px|6px|6px|6px&#8221; locked=&#8221;off&#8221; global_colors_info=&#8221;{}&#8221;]<\/p>\n<p>Erleben Sie die Zukunft des Radfahrens mit unseren innovativen Designs, die sowohl Funktionalit\u00e4t als auch \u00c4sthetik in den Vordergrund stellen.<\/p>\n<p>[\/et_pb_blurb][et_pb_blurb title=&#8221;Anpassbare Optionen&#8221; use_icon=&#8221;on&#8221; font_icon=&#8221;&#xf0a9;||fa||900&#8243; icon_color=&#8221;#22577a&#8221; icon_placement=&#8221;left&#8221; image_icon_width=&#8221;40px&#8221; content_max_width=&#8221;100%&#8221; _builder_version=&#8221;4.24.3&#8243; _module_preset=&#8221;65059203-12d3-44f6-8371-3f5cf61a0475&#8243; header_font=&#8221;Abril Fatface|Abril Fatface_weight|||||||&#8221; header_text_color=&#8221;#0e0c19&#8243; header_font_size=&#8221;18px&#8221; header_line_height=&#8221;1.4em&#8221; body_font=&#8221;Poppins|Poppins_weight|||||||&#8221; body_text_color=&#8221;#3c3a47&#8243; body_font_size=&#8221;16px&#8221; body_line_height=&#8221;1.75em&#8221; body_link_text_color=&#8221;#22577a&#8221; animation=&#8221;off&#8221; header_font_size_tablet=&#8221;15px&#8221; header_font_size_phone=&#8221;14px&#8221; header_font_size_last_edited=&#8221;on|phone&#8221; body_font_size_tablet=&#8221;15px&#8221; body_font_size_phone=&#8221;14px&#8221; body_font_size_last_edited=&#8221;on|desktop&#8221; border_radii_image=&#8221;on|6px|6px|6px|6px&#8221; locked=&#8221;off&#8221; global_colors_info=&#8221;{}&#8221;]<\/p>\n<p>Personalisieren Sie Ihre Fahrt mit unserer Auswahl an anpassbaren Funktionen, die auf Ihre individuellen Bed\u00fcrfnisse zugeschnitten sind.<\/p>\n<p>[\/et_pb_blurb][\/et_pb_column][\/et_pb_row][\/et_pb_section][et_pb_section fb_built=&#8221;1&#8243; admin_label=&#8221;Gallery&#8221; _builder_version=&#8221;4.23.1&#8243; _module_preset=&#8221;default&#8221; locked=&#8221;off&#8221; collapsed=&#8221;on&#8221; global_colors_info=&#8221;{}&#8221;][et_pb_row _builder_version=&#8221;4.17.6&#8243; _module_preset=&#8221;5138c454-be54-4233-bd3b-f8e6a8747976&#8243; global_colors_info=&#8221;{}&#8221;][et_pb_column type=&#8221;4_4&#8243; _builder_version=&#8221;4.17.4&#8243; _module_preset=&#8221;73121f80-a3ef-4484-8763-c3f18e3c56d2&#8243; global_colors_info=&#8221;{}&#8221;][et_pb_heading title=&#8221;Entdecken Sie unsere atemberaubende Kollektion&#8221; _builder_version=&#8221;4.24.3&#8243; _module_preset=&#8221;f0c675ea-2574-4d0e-b725-30f8550a8550&#8243; title_level=&#8221;h4&#8243; title_font=&#8221;Poppins|Abril Fatface_weight||on|||||&#8221; title_text_align=&#8221;center&#8221; title_text_color=&#8221;#22577a&#8221; title_font_size=&#8221;14px&#8221; title_letter_spacing=&#8221;1px&#8221; title_line_height=&#8221;1.4em&#8221; custom_margin=&#8221;||10px||false|false&#8221; title_font_size_tablet=&#8221;13px&#8221; title_font_size_phone=&#8221;13px&#8221; title_font_size_last_edited=&#8221;on|desktop&#8221; global_colors_info=&#8221;{%22#22577a%22:%91%22title_text_color%22%93}&#8221;][\/et_pb_heading][et_pb_heading title=&#8221;3T Bikes in Aktion&#8221; _builder_version=&#8221;4.24.2&#8243; _module_preset=&#8221;c33f07d9-41e0-421a-8799-5799df695cce&#8221; title_level=&#8221;h2&#8243; title_font=&#8221;Abril Fatface|Abril Fatface_weight|||||||&#8221; title_text_align=&#8221;center&#8221; title_text_color=&#8221;#0e0c19&#8243; title_font_size=&#8221;50px&#8221; title_line_height=&#8221;1.2em&#8221; custom_margin=&#8221;||10px||false|false&#8221; title_font_size_tablet=&#8221;28px&#8221; title_font_size_phone=&#8221;20px&#8221; title_font_size_last_edited=&#8221;on|phone&#8221; global_colors_info=&#8221;{}&#8221;][\/et_pb_heading][\/et_pb_column][\/et_pb_row][et_pb_row column_structure=&#8221;1_3,1_3,1_3&#8243; _builder_version=&#8221;4.17.6&#8243; _module_preset=&#8221;5138c454-be54-4233-bd3b-f8e6a8747976&#8243; custom_padding=&#8221;||0px||false|false&#8221; global_colors_info=&#8221;{}&#8221;][et_pb_column type=&#8221;1_3&#8243; _builder_version=&#8221;4.17.6&#8243; _module_preset=&#8221;73121f80-a3ef-4484-8763-c3f18e3c56d2&#8243; global_colors_info=&#8221;{}&#8221;][et_pb_image src=&#8221;https:\/\/gravel-bikes.cc\/wp-content\/uploads\/2025\/12\/3TBSE2-8.jpg&#8221; title_text=&#8221;3TBSE2-8&#8243; show_in_lightbox=&#8221;on&#8221; use_overlay=&#8221;on&#8221; overlay_icon_color=&#8221;#57cc99&#8243; _builder_version=&#8221;4.27.5&#8243; _module_preset=&#8221;8249bb47-7bda-4c77-8a37-2a958f7a9826&#8243; border_radii=&#8221;on|6px|6px|6px|6px&#8221; global_colors_info=&#8221;{%22#57cc99%22:%91%22overlay_icon_color%22%93}&#8221;][\/et_pb_image][\/et_pb_column][et_pb_column type=&#8221;1_3&#8243; _builder_version=&#8221;4.17.6&#8243; _module_preset=&#8221;73121f80-a3ef-4484-8763-c3f18e3c56d2&#8243; global_colors_info=&#8221;{}&#8221;][et_pb_image src=&#8221;https:\/\/gravel-bikes.cc\/wp-content\/uploads\/2025\/12\/6a9a3.webp&#8221; title_text=&#8221;6a9a3&#8243; show_in_lightbox=&#8221;on&#8221; use_overlay=&#8221;on&#8221; overlay_icon_color=&#8221;#57cc99&#8243; _builder_version=&#8221;4.27.5&#8243; _module_preset=&#8221;8249bb47-7bda-4c77-8a37-2a958f7a9826&#8243; border_radii=&#8221;on|6px|6px|6px|6px&#8221; locked=&#8221;off&#8221; global_colors_info=&#8221;{%22#57cc99%22:%91%22overlay_icon_color%22%93}&#8221;][\/et_pb_image][et_pb_image src=&#8221;https:\/\/gravel-bikes.cc\/wp-content\/uploads\/2025\/12\/2024-3T-Racemax-WPNT-MalvaStill1-1024&#215;768-1.jpg&#8221; title_text=&#8221;2024-3T-Racemax-WPNT-MalvaStill1-1024&#215;768&#8243; show_in_lightbox=&#8221;on&#8221; use_overlay=&#8221;on&#8221; overlay_icon_color=&#8221;#57cc99&#8243; _builder_version=&#8221;4.27.5&#8243; _module_preset=&#8221;8249bb47-7bda-4c77-8a37-2a958f7a9826&#8243; border_radii=&#8221;on|6px|6px|6px|6px&#8221; locked=&#8221;off&#8221; global_colors_info=&#8221;{%22#57cc99%22:%91%22overlay_icon_color%22%93}&#8221;][\/et_pb_image][\/et_pb_column][et_pb_column type=&#8221;1_3&#8243; _builder_version=&#8221;4.17.6&#8243; _module_preset=&#8221;73121f80-a3ef-4484-8763-c3f18e3c56d2&#8243; global_colors_info=&#8221;{}&#8221;][et_pb_image src=&#8221;https:\/\/gravel-bikes.cc\/wp-content\/uploads\/2025\/12\/maxresdefault.jpg&#8221; title_text=&#8221;maxresdefault&#8221; show_in_lightbox=&#8221;on&#8221; use_overlay=&#8221;on&#8221; overlay_icon_color=&#8221;#57cc99&#8243; _builder_version=&#8221;4.27.5&#8243; _module_preset=&#8221;8249bb47-7bda-4c77-8a37-2a958f7a9826&#8243; border_radii=&#8221;on|6px|6px|6px|6px&#8221; locked=&#8221;off&#8221; global_colors_info=&#8221;{%22#57cc99%22:%91%22overlay_icon_color%22%93}&#8221;][\/et_pb_image][\/et_pb_column][\/et_pb_row][\/et_pb_section][et_pb_section fb_built=&#8221;1&#8243; admin_label=&#8221;Call to Action&#8221; _builder_version=&#8221;4.18.0&#8243; _module_preset=&#8221;default&#8221; locked=&#8221;off&#8221; collapsed=&#8221;on&#8221; global_colors_info=&#8221;{}&#8221;][et_pb_row _builder_version=&#8221;4.24.3&#8243; _module_preset=&#8221;5138c454-be54-4233-bd3b-f8e6a8747976&#8243; background_color=&#8221;#57cc99&#8243; custom_padding=&#8221;6vw|8%|6vw|8%|true|true&#8221; border_radii=&#8221;on|6px|6px|6px|6px&#8221; global_colors_info=&#8221;{%22#57cc99%22:%91%22background_color%22%93}&#8221;][et_pb_column type=&#8221;4_4&#8243; _builder_version=&#8221;4.18.0&#8243; _module_preset=&#8221;73121f80-a3ef-4484-8763-c3f18e3c56d2&#8243; global_colors_info=&#8221;{}&#8221;][et_pb_heading title=&#8221;Entdecken Sie Ihre perfekte Fahrt&#8221; _builder_version=&#8221;4.24.3&#8243; _module_preset=&#8221;ba4a6336-701f-47b8-bf5c-09da0ce28016&#8243; title_level=&#8221;h3&#8243; title_font=&#8221;Abril Fatface|Abril Fatface_weight|||||||&#8221; title_text_align=&#8221;center&#8221; title_text_color=&#8221;#FFFFFF&#8221; title_font_size=&#8221;32px&#8221; title_line_height=&#8221;1.3em&#8221; custom_margin=&#8221;||10px||false|false&#8221; title_font_size_tablet=&#8221;22px&#8221; title_font_size_phone=&#8221;17px&#8221; title_font_size_last_edited=&#8221;on|phone&#8221; locked=&#8221;off&#8221; global_colors_info=&#8221;{}&#8221;][\/et_pb_heading][et_pb_button button_text=&#8221;St\u00f6bern Sie in unserer Kollektion&#8221; button_alignment=&#8221;center&#8221; _builder_version=&#8221;4.27.6&#8243; _module_preset=&#8221;ab15fb74-61a3-43aa-96b3-41e09aeef654&#8243; custom_button=&#8221;on&#8221; button_text_size=&#8221;14px&#8221; button_text_color=&#8221;#22577a&#8221; button_bg_color=&#8221;#FFFFFF&#8221; button_border_width=&#8221;0px&#8221; button_border_radius=&#8221;100px&#8221; button_font=&#8221;Poppins|700|||||||&#8221; custom_padding=&#8221;12px|24px|12px|24px|true|true&#8221; hover_enabled=&#8221;0&#8243; global_colors_info=&#8221;{}&#8221; button_url=&#8221;https:\/\/gravel-bikes.cc\/de\/produkt-kategorie\/3t\/&#8221; sticky_enabled=&#8221;0&#8243;][\/et_pb_button][\/et_pb_column][\/et_pb_row][\/et_pb_section]<\/p>\n","protected":false},"excerpt":{"rendered":"<p>Entfesseln Sie Ihren Abenteuergeist mit unseren sorgf\u00e4ltig gefertigten italienischen Fahrr\u00e4dern, die f\u00fcr alle entwickelt wurden, die sowohl Leistung als auch Stil suchen.Jedes 3T Bike ist ein Meisterwerk italienischen Designs, das Tradition mit modernster Technologie f\u00fcr un\u00fcbertroffene Leistung verbindet.Unsere Fahrr\u00e4der werden mit den besten Materialien entwickelt, um eine leichte und dennoch robuste Fahrt zu gew\u00e4hrleisten, perfekt [&hellip;]<\/p>\n","protected":false},"author":1,"featured_media":0,"parent":0,"menu_order":0,"comment_status":"closed","ping_status":"closed","template":"","meta":{"_et_pb_use_builder":"on","_et_pb_old_content":"","_et_gb_content_width":"","om_disable_all_campaigns":false,"_monsterinsights_skip_tracking":false,"_monsterinsights_sitenote_active":false,"_monsterinsights_sitenote_note":"","_monsterinsights_sitenote_category":0,"footnotes":""},"class_list":["post-2354","page","type-page","status-publish","hentry"],"aioseo_notices":[],"_links":{"self":[{"href":"https:\/\/gravel-bikes.cc\/de\/wp-json\/wp\/v2\/pages\/2354","targetHints":{"allow":["GET"]}}],"collection":[{"href":"https:\/\/gravel-bikes.cc\/de\/wp-json\/wp\/v2\/pages"}],"about":[{"href":"https:\/\/gravel-bikes.cc\/de\/wp-json\/wp\/v2\/types\/page"}],"author":[{"embeddable":true,"href":"https:\/\/gravel-bikes.cc\/de\/wp-json\/wp\/v2\/users\/1"}],"replies":[{"embeddable":true,"href":"https:\/\/gravel-bikes.cc\/de\/wp-json\/wp\/v2\/comments?post=2354"}],"version-history":[{"count":15,"href":"https:\/\/gravel-bikes.cc\/de\/wp-json\/wp\/v2\/pages\/2354\/revisions"}],"predecessor-version":[{"id":11860,"href":"https:\/\/gravel-bikes.cc\/de\/wp-json\/wp\/v2\/pages\/2354\/revisions\/11860"}],"wp:attachment":[{"href":"https:\/\/gravel-bikes.cc\/de\/wp-json\/wp\/v2\/media?parent=2354"}],"curies":[{"name":"wp","href":"https:\/\/api.w.org\/{rel}","templated":true}]}}