{"id":2532,"date":"2025-12-14T19:24:33","date_gmt":"2025-12-14T19:24:33","guid":{"rendered":"https:\/\/gravel-bikes.cc\/everest\/"},"modified":"2025-12-23T18:50:07","modified_gmt":"2025-12-23T18:50:07","slug":"everest","status":"publish","type":"page","link":"https:\/\/gravel-bikes.cc\/de\/everest\/","title":{"rendered":"EVEREST"},"content":{"rendered":"\n<h3 class=\"wp-block-heading\"><br\/>Termine<\/h3>\n\n<p>29. April &#8211; 10. Mai 2026<br\/>11. &#8211; 23. Mai 2026 <a href=\"https:\/\/www.serk.cc\/everestingtibet\/\">(Sonderausgabe)<\/a><br\/>3. &#8211; 14. August 2026<br\/>1. &#8211; 12. September 2026<\/p>\n\n<h3 class=\"wp-block-heading\">Distanz<\/h3>\n\n<p>12 Tage<br\/>7 Fahrtage<br\/>700km+ (viele km auf einer Durchschnittsh\u00f6he von 4000m)<br\/>5770m+ Anstieg<\/p>\n\n<h3 class=\"wp-block-heading\">H\u00f6he<\/h3>\n\n<p>Min: 3000m<br\/>Max: 5100m<br\/>Durchschnitt: 4000m<\/p>\n\n<h3 class=\"wp-block-heading\">Preis<\/h3>\n\n<p>6000 US$<\/p>\n\n<p>Tibet ist eines der gro\u00dfartigsten Reiseerlebnisse der Welt. Serk bietet Ihnen die M\u00f6glichkeit, in die alten Kulturen Tibets einzutauchen und durch seine atemberaubenden Landschaften bis zum legend\u00e4ren Everest Base Camp zu fahren. <\/p>\n\n<p>Seit 2014 haben wir sorgf\u00e4ltig Erlebnisse geschaffen, die Sie regelm\u00e4\u00dfig innehalten lassen und Ihnen das Gef\u00fchl geben, privilegiert zu sein, diese einzigartige Region erkundet zu haben \u2013 bevor sie vollst\u00e4ndig in die F\u00e4nge der Modernisierung ger\u00e4t.<\/p>\n\n<p>Wir kombinieren eine anspruchsvolle und spektakul\u00e4re Radroute mit einer Auswahl der lohnendsten kulturellen und nat\u00fcrlichen Sehensw\u00fcrdigkeiten. <\/p>\n\n<p>Fordern Sie sich heraus, einige der h\u00f6chsten asphaltierten Stra\u00dfen der Welt hinaufzufahren, und grinsen Sie dann \u00fcber beide Ohren, wenn Sie die andere Seite eines 5000-m-Passes hinunterfliegen. Sie werden nicht nur mit erstaunlichen 9 Tagen Radfahren in gro\u00dfer H\u00f6he in den Beinen abreisen, sondern auch mit einem neuen Verst\u00e4ndnis f\u00fcr eine der unglaublichsten Kulturen der Welt. <\/p>\n\n<h2 class=\"wp-block-heading\">Tag 1.<\/h2>\n\n<h3 class=\"wp-block-heading\">Chengdu<\/h3>\n\n<p>Ankunft in Chengdu Sichuan China am sp\u00e4ten Nachmittag. Heute Abend \u00fcbernachten wir im 5-Sterne-Flughafenhotel, 5 Minuten von der Ankunftshalle entfernt. Gruppenabendessen und Einweisung f\u00fcr die Reise, bevor Sie Ihr neues Serk-Trikot anprobieren!  <\/p>\n\n<h4 class=\"wp-block-heading\">0km<\/h4>\n\n<h4 class=\"wp-block-heading\">0m<\/h4>\n\n<figure class=\"wp-block-image\"><a href=\"https:\/\/www.serk.cc\/wp-content\/uploads\/2017\/07\/hotel.jpg\"><img decoding=\"async\" src=\"https:\/\/www.serk.cc\/wp-content\/uploads\/bb-plugin\/cache\/hotel-300x154-panorama.jpg\" alt=\"Hotel\" class=\"wp-image-5952\" title=\"Hotel\"\/><\/a><\/figure>\n\n<figure class=\"wp-block-image\"><a href=\"https:\/\/www.serk.cc\/wp-content\/uploads\/2017\/11\/anshun-bridge-2627415_1920.jpg\"><img decoding=\"async\" src=\"https:\/\/www.serk.cc\/wp-content\/uploads\/bb-plugin\/cache\/anshun-bridge-2627415_1920-300x225-panorama.jpg\" alt=\"anshun-bridge-2627415_1920\" class=\"wp-image-6807\" title=\"anshun-bridge-2627415_1920\"\/><\/a><\/figure>\n\n<h2 class=\"wp-block-heading\">Tag 2.<\/h2>\n\n<h3 class=\"wp-block-heading\">Auf nach Tibet<\/h3>\n\n<p>Fr\u00fch aufstehen f\u00fcr den Flug und unseren ersten Ausflug nach Tibet. Im Rahmen unserer Akklimatisierung gehen wir es heute ganz entspannt an. <\/p>\n\n<h4 class=\"wp-block-heading\">40km<\/h4>\n\n<h4 class=\"wp-block-heading\">0m<\/h4>\n\n<figure class=\"wp-block-image\"><a href=\"https:\/\/www.serk.cc\/wp-content\/uploads\/2017\/07\/serk_journey_to_everest-63.jpg\"><img decoding=\"async\" src=\"https:\/\/www.serk.cc\/wp-content\/uploads\/bb-plugin\/cache\/serk_journey_to_everest-63-300x200-panorama.jpg\" alt=\"serk_journey_to_everest-63\" class=\"wp-image-5936\" title=\"serk_journey_to_everest-63\"\/><\/a><\/figure>\n\n<figure class=\"wp-block-image\"><a href=\"https:\/\/www.serk.cc\/wp-content\/uploads\/2017\/11\/smallRoadtrippingEverest_a18w2988.jpg\"><img decoding=\"async\" src=\"https:\/\/www.serk.cc\/wp-content\/uploads\/bb-plugin\/cache\/smallRoadtrippingEverest_a18w2988-300x200-panorama.jpg\" alt=\"smallRoadtrippingEverest_a18w2988\" class=\"wp-image-6823\" title=\"smallRoadtrippingEverest_a18w2988\"\/><\/a><\/figure>\n\n<h2 class=\"wp-block-heading\">Tag 3.<\/h2>\n\n<h3 class=\"wp-block-heading\">Entlang des Yarlong<\/h3>\n\n<p>Wir brechen am fr\u00fchen Morgen auf und fahren entlang des spektakul\u00e4ren Yarlong-Flusses. Kaum ein Fahrzeug oder Dorf in Sicht, also nur Sie, die Stra\u00dfe und der Fluss. <\/p>\n\n<h4 class=\"wp-block-heading\">105km<\/h4>\n\n<h4 class=\"wp-block-heading\">1000m<\/h4>\n\n<figure class=\"wp-block-image\"><a href=\"https:\/\/www.serk.cc\/wp-content\/uploads\/2017\/07\/close-1.jpg\"><img decoding=\"async\" src=\"https:\/\/www.serk.cc\/wp-content\/uploads\/bb-plugin\/cache\/close-1-300x200-panorama.jpg\" alt=\"close-1\" class=\"wp-image-5923\" title=\"close-1\"\/><\/a><\/figure>\n\n<figure class=\"wp-block-image\"><a href=\"https:\/\/www.serk.cc\/wp-content\/uploads\/2018\/10\/CB5DF51F47BC6DAF8EC98FEC14EE2622.jpg\"><img decoding=\"async\" src=\"https:\/\/www.serk.cc\/wp-content\/uploads\/bb-plugin\/cache\/CB5DF51F47BC6DAF8EC98FEC14EE2622-300x200-panorama.jpg\" alt=\"CB5DF51F47BC6DAF8EC98FEC14EE2622\" class=\"wp-image-8970\" title=\"CB5DF51F47BC6DAF8EC98FEC14EE2622\"\/><\/a><\/figure>\n\n<h2 class=\"wp-block-heading\">Tag 4.<\/h2>\n\n<h3 class=\"wp-block-heading\">Klippen &amp; Sandd\u00fcnen<\/h3>\n\n<p>Sie werden feststellen, dass sich die Vegetation heute allm\u00e4hlich von \u00fcppigen Kiefernw\u00e4ldern zu trockenen, felsigen Klippen und sogar einigen Sandd\u00fcnen ver\u00e4ndert. Die heutige Stra\u00dfe windet sich und ihre Wellen fordern Sie auf, aus dem Sattel zu steigen und zu beschleunigen. Die schneebedeckten Gipfel in der Ferne erinnern Sie daran, dass Sie an einem der h\u00f6chsten Orte der Erde fahren.  <\/p>\n\n<h4 class=\"wp-block-heading\">130km<\/h4>\n\n<h4 class=\"wp-block-heading\">1600m<\/h4>\n\n<figure class=\"wp-block-image\"><a href=\"https:\/\/www.serk.cc\/wp-content\/uploads\/2017\/07\/serk_journey_to_everest-61.jpg\"><img decoding=\"async\" src=\"https:\/\/www.serk.cc\/wp-content\/uploads\/bb-plugin\/cache\/serk_journey_to_everest-61-300x200-panorama.jpg\" alt=\"serk_journey_to_everest-61\" class=\"wp-image-5945\" title=\"serk_journey_to_everest-61\"\/><\/a><\/figure>\n\n<figure class=\"wp-block-image\"><a href=\"https:\/\/www.serk.cc\/wp-content\/uploads\/2017\/07\/serk_journey_to_everest-70.jpg\"><img decoding=\"async\" src=\"https:\/\/www.serk.cc\/wp-content\/uploads\/bb-plugin\/cache\/serk_journey_to_everest-70-300x200-panorama.jpg\" alt=\"serk_journey_to_everest-70\" class=\"wp-image-5940\" title=\"serk_journey_to_everest-70\"\/><\/a><\/figure>\n\n<p>Tauchen Sie ein in die alte Kultur von Lhasa &#8211; 3600 m \u00fcber dem Meeresspiegel<\/p>\n\n<h2 class=\"wp-block-heading\">Tag 5.<\/h2>\n\n<h3 class=\"wp-block-heading\">Lhasa<\/h3>\n\n<p>Heute machen wir einen entspannten Tag und fahren zu einem der \u00e4ltesten Kl\u00f6ster Tibets.<\/p>\n\n<p>Wir erreichen Lhasa am sp\u00e4ten Nachmittag in unserem 5-Sterne-Hotel und erkunden die Altstadt von Lhasa zu Fu\u00df. Die Anblicke und Ger\u00e4usche werden Sie garantiert inspirieren, und vergessen Sie nicht, ein stilles Gebet f\u00fcr gute Beine und g\u00fcnstige Winde zu sprechen, w\u00e4hrend Sie die Gebetsm\u00fchlen drehen! <\/p>\n\n<h4 class=\"wp-block-heading\">50 km<\/h4>\n\n<h4 class=\"wp-block-heading\">300 m<\/h4>\n\n<figure class=\"wp-block-image\"><a href=\"https:\/\/www.serk.cc\/wp-content\/uploads\/2017\/07\/tibet.jpg\"><img decoding=\"async\" src=\"https:\/\/www.serk.cc\/wp-content\/uploads\/bb-plugin\/cache\/tibet-300x225-panorama.jpg\" alt=\"Tibet\" class=\"wp-image-6038\" title=\"Tibet\"\/><\/a><\/figure>\n\n<figure class=\"wp-block-image\"><a href=\"https:\/\/www.serk.cc\/wp-content\/uploads\/2017\/07\/tibet-2.jpg\"><img decoding=\"async\" src=\"https:\/\/www.serk.cc\/wp-content\/uploads\/bb-plugin\/cache\/tibet-2-300x169-panorama.jpg\" alt=\"Tibet-2\" class=\"wp-image-6037\" title=\"Tibet-2\"\/><\/a><\/figure>\n\n<h2 class=\"wp-block-heading\">Tag 6.<\/h2>\n\n<h3 class=\"wp-block-heading\">Lhasa<\/h3>\n\n<p>Ein Tag ohne Fahrrad, um die kulturellen Ikonen von Lhasa zu besuchen. Der Besuch des Potala-Palastes (geistige Heimat des Dalai Lama) wird der kulturelle H\u00f6hepunkt der Reise sein. Danach schlendern wir hinunter zu einem angesagten Caf\u00e9, das bei jungen Tibetern beliebt ist.  <\/p>\n\n<h4 class=\"wp-block-heading\">0 km<\/h4>\n\n<h4 class=\"wp-block-heading\">0 m<\/h4>\n\n<figure class=\"wp-block-image\"><a href=\"https:\/\/www.serk.cc\/wp-content\/uploads\/2018\/11\/smallRoadtrippingEverest_a18w2918.jpg\"><img decoding=\"async\" src=\"https:\/\/www.serk.cc\/wp-content\/uploads\/bb-plugin\/cache\/smallRoadtrippingEverest_a18w2918-300x200-panorama.jpg\" alt=\"smallRoadtrippingEverest_a18w2918\" class=\"wp-image-9064\" title=\"smallRoadtrippingEverest_a18w2918\"\/><\/a><\/figure>\n\n<figure class=\"wp-block-image\"><a href=\"https:\/\/www.serk.cc\/wp-content\/uploads\/2018\/11\/smallRoadtrippingEverest_a18w4041.jpg\"><img decoding=\"async\" src=\"https:\/\/www.serk.cc\/wp-content\/uploads\/bb-plugin\/cache\/smallRoadtrippingEverest_a18w4041-300x200-panorama.jpg\" alt=\"smallRoadtrippingEverest_a18w4041\" class=\"wp-image-9065\" title=\"smallRoadtrippingEverest_a18w4041\"\/><\/a><\/figure>\n\n<p>Fahren Sie \u00fcber die h\u00f6chsten P\u00e4sse der Welt und l\u00e4cheln Sie \u00fcber beide Ohren, w\u00e4hrend Sie die andere Seite hinunterfahren<\/p>\n\n<h2 class=\"wp-block-heading\">Tag 7.<\/h2>\n\n<h3 class=\"wp-block-heading\">AZURBLAUER SEE<\/h3>\n\n<p>Stehen Sie fr\u00fch auf und fahren Sie zu Tibets ber\u00fchmtem azurblauem See. Wir fahren am Ufer des Sees entlang, bevor wir einen 5000-m-Pass bezwingen. Die Stra\u00dfe f\u00fchrt an einem Gletscher vorbei, bevor sie in ein majest\u00e4tisches Tal abf\u00e4llt. Es ist einer der landschaftlich reizvollsten Fahrtage der Reise. Unser Zielhotel verspr\u00fcht so viel Charme der alten Welt, dass Sie es nicht mehr verlassen m\u00f6chten.    <\/p>\n\n<h4 class=\"wp-block-heading\">110km<\/h4>\n\n<h4 class=\"wp-block-heading\">1355m<\/h4>\n\n<figure class=\"wp-block-image\"><a href=\"https:\/\/www.serk.cc\/wp-content\/uploads\/2017\/07\/close-2.jpg\"><img decoding=\"async\" src=\"https:\/\/www.serk.cc\/wp-content\/uploads\/bb-plugin\/cache\/close-2-300x200-panorama.jpg\" alt=\"close-2\" class=\"wp-image-5924\" title=\"close-2\"\/><\/a><\/figure>\n\n<figure class=\"wp-block-image\"><a href=\"https:\/\/www.serk.cc\/wp-content\/uploads\/2017\/11\/RoadtrippingEverest_a18w6092.jpg\"><img decoding=\"async\" src=\"https:\/\/www.serk.cc\/wp-content\/uploads\/bb-plugin\/cache\/RoadtrippingEverest_a18w6092-300x200-panorama.jpg\" alt=\"RoadtrippingEverest_a18w6092\" class=\"wp-image-6827\" title=\"RoadtrippingEverest_a18w6092\"\/><\/a><\/figure>\n\n<p>Die Himalaya-Bergkette bietet atemberaubende Landschaften an jeder Ecke<\/p>\n\n<h2 class=\"wp-block-heading\">Tag 8.<\/h2>\n\n<h3 class=\"wp-block-heading\">ALTE VIERTEL &amp; SCHNELLE GERADEN<\/h3>\n\n<p>Stehen Sie fr\u00fch auf und besuchen Sie die authentischen alten Viertel. Dann sind es 98 km auf der meist flachen und schnellen Stra\u00dfe. Der letzte Anstieg \u00fcber die Br\u00fccke in die Stadt ist ein hei\u00df umk\u00e4mpfter KOM. Wir fahren heute auf 4000 m H\u00f6he \u2013 die Luft ist d\u00fcnn, was schnelle Geschwindigkeiten auf der Ebene bedeutet.   <\/p>\n\n<p>Am Nachmittag ruhen Sie sich in Ihrem Hotel aus oder besuchen Sie das \u00f6rtliche Kloster.<\/p>\n\n<h4 class=\"wp-block-heading\">98km<\/h4>\n\n<h4 class=\"wp-block-heading\">117m<\/h4>\n\n<figure class=\"wp-block-image\"><img decoding=\"async\" src=\"https:\/\/www.serk.cc\/wp-content\/uploads\/bb-plugin\/cache\/tibet2015-7-300x169-panorama.jpg\" alt=\"tibet2015-(7)\" class=\"wp-image-6094\" title=\"tibet2015-(7)\"\/><\/figure>\n\n<figure class=\"wp-block-image\"><img decoding=\"async\" src=\"https:\/\/www.serk.cc\/wp-content\/uploads\/bb-plugin\/cache\/tibet2015-4-300x169-panorama.jpg\" alt=\"tibet2015-(4)\" class=\"wp-image-6097\" title=\"tibet2015-(4)\"\/><\/figure>\n\n<p>Erleben Sie das Land der Mythen und der mystischen Kultur direkt vom Sattel Ihres Fahrrads aus<\/p>\n\n<h2 class=\"wp-block-heading\">Tag 9.<\/h2>\n\n<h3 class=\"wp-block-heading\">Richtung Everest<\/h3>\n\n<p>Heute ist einer der h\u00e4rtesten Tage der Reise \u2013 wir fahren zum h\u00f6chsten Pass der Reise auf 5181 m. Nach einem kurzen Stopp auf dem Gipfel, um Luft zu holen, geht es bergab bis zu unserem Hotel. Wir fahren den gr\u00f6\u00dften Teil des Weges zu unserem Ziel an einem malerischen Fluss entlang, und wenn der Himmel klar ist, erhalten Sie Ihren ersten Blick auf den Everest.  <\/p>\n\n<h4 class=\"wp-block-heading\">76km<\/h4>\n\n<h4 class=\"wp-block-heading\">1200m<\/h4>\n\n<figure class=\"wp-block-image\"><img decoding=\"async\" src=\"https:\/\/www.serk.cc\/wp-content\/uploads\/bb-plugin\/cache\/tibet2017-8-300x225-panorama.jpg\" alt=\"tibet2017-8\" class=\"wp-image-6106\" title=\"tibet2017-8\"\/><\/figure>\n\n<figure class=\"wp-block-image\"><img decoding=\"async\" src=\"https:\/\/www.serk.cc\/wp-content\/uploads\/bb-plugin\/cache\/tibet2017-6-300x200-panorama.jpg\" alt=\"tibet2017-6\" class=\"wp-image-6108\" title=\"tibet2017-6\"\/><\/figure>\n\n<p>\u201eBesser geht es nicht. Mit dem Fahrrad zum verdammten Mount Everest fahren.\u201c Davis USA. <\/p>\n\n<h2 class=\"wp-block-heading\">Tag 10.<\/h2>\n\n<h3 class=\"wp-block-heading\">Everest<\/h3>\n\n<p>Am fr\u00fchen Morgen beginnen wir mit der Fahrt \u00fcber den riesigen Pass, der uns im Dunkeln zum Everest Base Camp bringt. Die Stra\u00dfe ist neu und bietet oben eine herrliche Aussicht auf den Everest. Gerade als Sie den Gipfel erreichen, sehen Sie das fr\u00fche Licht auf dem Everest erscheinen &#8211; dies muss einer der ultimativen #WYMTM-Momente der Welt sein. Nach einer lustigen Abfahrt und einem allm\u00e4hlichen Anstieg erreichen Sie das Everest Base Camp. Erwarten Sie, ersch\u00f6pft und berauscht zu sein, wenn Sie das Basislager erreichen. High Five f\u00fcr alle.     <\/p>\n\n<h4 class=\"wp-block-heading\">98km<\/h4>\n\n<h4 class=\"wp-block-heading\">1638m<\/h4>\n\n<figure class=\"wp-block-image\"><img decoding=\"async\" src=\"https:\/\/www.serk.cc\/wp-content\/uploads\/bb-plugin\/cache\/serk_journey_to_everest-20-300x200-panorama.jpg\" alt=\"serk_journey_to_everest-20\" class=\"wp-image-5926\" title=\"serk_journey_to_everest-20\"\/><\/figure>\n\n<figure class=\"wp-block-image\"><img decoding=\"async\" src=\"https:\/\/www.serk.cc\/wp-content\/uploads\/bb-plugin\/cache\/tibet2017-2-300x200-panorama.jpg\" alt=\"tibet2017-2\" class=\"wp-image-6112\" title=\"tibet2017-2\"\/><\/figure>\n\n<p>\u201eMit Serk zum Everest Base Camp zu radeln, sollte auf der Bucket List jedes Radfahrers stehen. Mach es einfach \u2013 du wirst es nicht bereuen. #BesterTripAllerZeiten.\u201c Jeremy UK. <\/p>\n\n<h2 class=\"wp-block-heading\">Tag 11.<\/h2>\n\n<h3 class=\"wp-block-heading\"><\/h3>\n\n<p>Ein Transit-Tag zur\u00fcck nach Shigatze. Wir halten in einem k\u00f6stlichen Teigtaschenrestaurant zum Fr\u00fchst\u00fcck und erreichen Shigatze zu unserem letzten Gruppenessen. Nach dem Abendessen ist es Zeit, die tibetischen Clubs zu besuchen und mit den lokalen tibetischen Cowboys und Cowgirls ein paar hart verdiente Biere zu trinken.  <\/p>\n\n<h4 class=\"wp-block-heading\">0km<\/h4>\n\n<h4 class=\"wp-block-heading\">0m<\/h4>\n\n<figure class=\"wp-block-image\"><img decoding=\"async\" src=\"https:\/\/www.serk.cc\/wp-content\/uploads\/bb-plugin\/cache\/tibet-4-300x169-panorama.jpg\" alt=\"Tibet-4\" class=\"wp-image-6035\" title=\"Tibet-4\"\/><\/figure>\n\n<figure class=\"wp-block-image\"><img decoding=\"async\" src=\"https:\/\/www.serk.cc\/wp-content\/uploads\/bb-plugin\/cache\/tibet2015-1-300x169-panorama.jpg\" alt=\"tibet2015-(1)\" class=\"wp-image-6100\" title=\"tibet2015-(1)\"\/><\/figure>\n\n<h2 class=\"wp-block-heading\">Tag 12.<\/h2>\n\n<h3 class=\"wp-block-heading\">Chengdu<\/h3>\n\n<p>Zeit, sich zu verabschieden! Wir fliegen heute aus Tibet zur\u00fcck nach Chengdu China. <\/p>\n\n<h4 class=\"wp-block-heading\">0km<\/h4>\n\n<h4 class=\"wp-block-heading\">0m<\/h4>\n\n<figure class=\"wp-block-image\"><img decoding=\"async\" src=\"https:\/\/www.serk.cc\/wp-content\/uploads\/bb-plugin\/cache\/tibet-6-300x225-panorama.jpg\" alt=\"Tibet-6\" class=\"wp-image-6033\" title=\"Tibet-6\"\/><\/figure>\n\n<figure class=\"wp-block-image\"><img decoding=\"async\" src=\"https:\/\/www.serk.cc\/wp-content\/uploads\/bb-plugin\/cache\/D536E2427B9F813F78A926C531F6E592-300x225-panorama.jpg\" alt=\"D536E2427B9F813F78A926C531F6E592\" class=\"wp-image-8968\" title=\"D536E2427B9F813F78A926C531F6E592\"\/><\/figure>\n","protected":false},"excerpt":{"rendered":"<p>Termine 29. April &#8211; 10. Mai 202611. &#8211; 23. Mai 2026 (Sonderausgabe)3. &#8211; 14. August 20261. &#8211; 12. September 2026 Distanz 12 Tage7 Fahrtage700km+ (viele km auf einer Durchschnittsh\u00f6he von 4000m)5770m+ Anstieg H\u00f6he Min: 3000mMax: 5100mDurchschnitt: 4000m Preis 6000 US$ Tibet ist eines der gro\u00dfartigsten Reiseerlebnisse der Welt. Serk bietet Ihnen die M\u00f6glichkeit, in die [&hellip;]<\/p>\n","protected":false},"author":1,"featured_media":0,"parent":0,"menu_order":0,"comment_status":"closed","ping_status":"closed","template":"","meta":{"_et_pb_use_builder":"off","_et_pb_old_content":"","_et_gb_content_width":"","footnotes":""},"class_list":["post-2532","page","type-page","status-publish","hentry"],"aioseo_notices":[],"_links":{"self":[{"href":"https:\/\/gravel-bikes.cc\/de\/wp-json\/wp\/v2\/pages\/2532","targetHints":{"allow":["GET"]}}],"collection":[{"href":"https:\/\/gravel-bikes.cc\/de\/wp-json\/wp\/v2\/pages"}],"about":[{"href":"https:\/\/gravel-bikes.cc\/de\/wp-json\/wp\/v2\/types\/page"}],"author":[{"embeddable":true,"href":"https:\/\/gravel-bikes.cc\/de\/wp-json\/wp\/v2\/users\/1"}],"replies":[{"embeddable":true,"href":"https:\/\/gravel-bikes.cc\/de\/wp-json\/wp\/v2\/comments?post=2532"}],"version-history":[{"count":1,"href":"https:\/\/gravel-bikes.cc\/de\/wp-json\/wp\/v2\/pages\/2532\/revisions"}],"predecessor-version":[{"id":2534,"href":"https:\/\/gravel-bikes.cc\/de\/wp-json\/wp\/v2\/pages\/2532\/revisions\/2534"}],"wp:attachment":[{"href":"https:\/\/gravel-bikes.cc\/de\/wp-json\/wp\/v2\/media?parent=2532"}],"curies":[{"name":"wp","href":"https:\/\/api.w.org\/{rel}","templated":true}]}}