{"id":2637,"date":"2025-11-22T18:21:36","date_gmt":"2025-11-22T18:21:36","guid":{"rendered":"https:\/\/gravel-bikes.cc\/home\/"},"modified":"2026-01-25T13:14:39","modified_gmt":"2026-01-25T13:14:39","slug":"home","status":"publish","type":"page","link":"https:\/\/gravel-bikes.cc\/de\/home\/","title":{"rendered":"GRAVELBIKES"},"content":{"rendered":"<p>[et_pb_section fb_built=&#8221;1&#8243; theme_builder_area=&#8221;post_content&#8221; _builder_version=&#8221;4.27.5&#8243; _module_preset=&#8221;default&#8221;][\/et_pb_section]<\/p>\n","protected":false},"excerpt":{"rendered":"<p>Begib dich auf eine aufregende Reise mit unseren erstklassigen Gravelbikes, die sorgf\u00e4ltig f\u00fcr jedes Gel\u00e4nde gefertigt wurden. Egal, ob du anspruchsvolle Trails bew\u00e4ltigst oder gem\u00fctliche Fahrten durch malerische Landschaften genie\u00dft, unsere Bikes bieten au\u00dfergew\u00f6hnliche Leistung und Komfort. Werde Teil einer lebendigen Gemeinschaft von Radsportbegeisterten und verbessere deine Fahrabenteuer mit unserer fachm\u00e4nnisch zusammengestellten Auswahl. Deine Erkundungstour beginnt hier bei GRAVEL BIKES.cc, wo Qualit\u00e4t und Abenteuer zusammenkommen.   <\/p>\n","protected":false},"author":1,"featured_media":6414,"parent":0,"menu_order":0,"comment_status":"closed","ping_status":"closed","template":"","meta":{"_et_pb_use_builder":"on","_et_pb_old_content":"","_et_gb_content_width":"","om_disable_all_campaigns":false,"_monsterinsights_skip_tracking":false,"_monsterinsights_sitenote_active":false,"_monsterinsights_sitenote_note":"","_monsterinsights_sitenote_category":0,"footnotes":""},"class_list":["post-2637","page","type-page","status-publish","has-post-thumbnail","hentry"],"aioseo_notices":[],"_links":{"self":[{"href":"https:\/\/gravel-bikes.cc\/de\/wp-json\/wp\/v2\/pages\/2637","targetHints":{"allow":["GET"]}}],"collection":[{"href":"https:\/\/gravel-bikes.cc\/de\/wp-json\/wp\/v2\/pages"}],"about":[{"href":"https:\/\/gravel-bikes.cc\/de\/wp-json\/wp\/v2\/types\/page"}],"author":[{"embeddable":true,"href":"https:\/\/gravel-bikes.cc\/de\/wp-json\/wp\/v2\/users\/1"}],"replies":[{"embeddable":true,"href":"https:\/\/gravel-bikes.cc\/de\/wp-json\/wp\/v2\/comments?post=2637"}],"version-history":[{"count":62,"href":"https:\/\/gravel-bikes.cc\/de\/wp-json\/wp\/v2\/pages\/2637\/revisions"}],"predecessor-version":[{"id":6468,"href":"https:\/\/gravel-bikes.cc\/de\/wp-json\/wp\/v2\/pages\/2637\/revisions\/6468"}],"wp:featuredmedia":[{"embeddable":true,"href":"https:\/\/gravel-bikes.cc\/de\/wp-json\/wp\/v2\/media\/6414"}],"wp:attachment":[{"href":"https:\/\/gravel-bikes.cc\/de\/wp-json\/wp\/v2\/media?parent=2637"}],"curies":[{"name":"wp","href":"https:\/\/api.w.org\/{rel}","templated":true}]}}