{"id":4510,"date":"2025-12-31T15:47:45","date_gmt":"2025-12-31T15:47:45","guid":{"rendered":"https:\/\/gravel-bikes.cc\/bike-fitting\/"},"modified":"2026-04-07T12:57:42","modified_gmt":"2026-04-07T12:57:42","slug":"bike-fitting","status":"publish","type":"page","link":"https:\/\/gravel-bikes.cc\/de\/bike-fitting\/","title":{"rendered":"BIKE FITTING"},"content":{"rendered":"<p>[et_pb_section fb_built=&#8221;1&#8243; _builder_version=&#8221;4.27.5&#8243; _module_preset=&#8221;default&#8221; global_colors_info=&#8221;{}&#8221;][et_pb_row _builder_version=&#8221;4.27.6&#8243; _module_preset=&#8221;default&#8221; theme_builder_area=&#8221;post_content&#8221;][et_pb_column _builder_version=&#8221;4.27.6&#8243; _module_preset=&#8221;default&#8221; type=&#8221;4_4&#8243; theme_builder_area=&#8221;post_content&#8221;][et_pb_image src=&#8221;https:\/\/gravel-bikes.cc\/wp-content\/uploads\/2026\/04\/IMG_2984.jpeg&#8221; _builder_version=&#8221;4.27.6&#8243; _module_preset=&#8221;default&#8221; theme_builder_area=&#8221;post_content&#8221; title_text=&#8221;IMG_2984&#8243; hover_enabled=&#8221;0&#8243; sticky_enabled=&#8221;0&#8243;][\/et_pb_image][\/et_pb_column][\/et_pb_row][et_pb_row _builder_version=&#8221;4.27.5&#8243; _module_preset=&#8221;default&#8221; global_colors_info=&#8221;{}&#8221;][et_pb_column type=&#8221;4_4&#8243; _builder_version=&#8221;4.27.5&#8243; _module_preset=&#8221;default&#8221; global_colors_info=&#8221;{}&#8221;][et_pb_text _builder_version=&#8221;4.27.6&#8243; _module_preset=&#8221;default&#8221; global_colors_info=&#8221;{}&#8221;]<\/p>\n<section class=\"comp-m9ub37w62 CohWsy wixui-column-strip\"><\/section>\n<section id=\"comp-m9ub37w62\" class=\"comp-m9ub37w62 CohWsy wixui-column-strip\">\n<div data-testid=\"columns\" class=\"V5AUxf\">\n<div id=\"comp-m9ub37wc\" class=\"comp-m9ub37wc YzqVVZ wixui-column-strip__column\">\n<div data-mesh-id=\"comp-m9ub37wcinlineContent\" data-testid=\"inline-content\" class=\"\">\n<div data-mesh-id=\"comp-m9ub37wcinlineContent-gridContainer\" data-testid=\"mesh-container-content\">\n<div id=\"comp-m9ub37wd\" class=\"Z_l5lU ku3DBC zQ9jDz qvSjx3 Vq6kJx comp-m9ub37wd wixui-rich-text\" data-testid=\"richTextElement\">\n<h2 class=\"font_2 wixui-rich-text__text\"><span class=\"wixui-rich-text__text\">BIKEFITTING<\/span><\/h2>\n<p><span class=\"wixui-rich-text__text\"><\/span><\/p>\n<p><strong>Beratung von einem Radfahrer, der seit 27 Jahren in der Branche ist. Tour-de-France-Etappensieger und Hawaii-Podiumsfahrer gefittet. Du brauchst keine Laserpointer \u2026 du musst wissen, worauf es ankommt.<span class=\"wixui-rich-text__text\"><\/span><\/strong><\/p>\n<p><strong><span class=\"wixui-rich-text__text\"><\/span><\/strong><\/p>\n<\/div>\n<div id=\"comp-m9ubcf4y\" class=\"Z_l5lU ku3DBC zQ9jDz qvSjx3 Vq6kJx comp-m9ubcf4y wixui-rich-text\" data-testid=\"richTextElement\"><\/div>\n<\/div>\n<\/div>\n<\/div>\n<\/div>\n<\/section>\n<section id=\"comp-m9ub37we2\" class=\"comp-m9ub37we2 CohWsy wixui-column-strip\">\n<div data-testid=\"columns\" class=\"V5AUxf\">\n<div id=\"comp-m9ub37wf1\" class=\"comp-m9ub37wf1 YzqVVZ wixui-column-strip__column\">\n<div data-mesh-id=\"comp-m9ub37wf1inlineContent\" data-testid=\"inline-content\" class=\"\">\n<div data-mesh-id=\"comp-m9ub37wf1inlineContent-gridContainer\" data-testid=\"mesh-container-content\">\n<div id=\"comp-m9ub37wg1\" class=\"Z_l5lU ku3DBC zQ9jDz qvSjx3 Vq6kJx comp-m9ub37wg1 wixui-rich-text\" data-testid=\"richTextElement\">\n<h4><\/h4>\n<h4>F\u00fchlst du dich unwohl auf deinem Rad oder m\u00f6chtest du deine Leistung auf das n\u00e4chste Level bringen?<\/h4>\n<h4>Unser professionelles Bike Fitting sorgt daf\u00fcr, dass dein Rad perfekt auf dich abgestimmt ist \u2013 f\u00fcr mehr Komfort, Effizienz und weniger Belastung.<\/h4>\n<h4><\/h4>\n<h4><\/h4>\n<h4>Was dich erwartet:<\/h4>\n<p>&nbsp;<\/p>\n<h4>\u2705 Individuelle Analyse: Deine K\u00f6rperma\u00dfe, Haltung und dein Fahrstil stehen im Mittelpunkt.<\/h4>\n<h4>\u2705 Optimale Fahrposition: Weniger Schmerzen, effizientere Kraft\u00fcbertragung.<\/h4>\n<h4>\u2705 Verbessertes Fahrerlebnis: Egal ob Rennrad, Mountainbike oder Triathlonrad \u2013 du bist perfekt ausgestattet.<\/h4>\n<h4>\u2705 Gesteigerte Leistung: Spare Energie und werde schneller \u2013 Kilometer f\u00fcr Kilometer.<\/h4>\n<p>&nbsp;<\/p>\n<h4><\/h4>\n<h4>Investiere in dich und dein Rad. Dein K\u00f6rper wird es dir danken und deine Leistung wird f\u00fcr sich sprechen! <\/h4>\n<h4><\/h4>\n<h4>Erlebe den Unterschied, den ein ma\u00dfgeschneidertes Bike Fitting machen kann.<\/h4>\n<h4>&#8230; Fahre smarter, nicht h\u00e4rter.<\/h4>\n<p>&nbsp;<\/p>\n<h4>GRAVEL &#8211; Rennrad FITTING<\/h4>\n<p>&nbsp;<\/p>\n<h4>Entdecke das perfekte Fahrerlebnis mit unserem Fitting-Programm<\/h4>\n<p>&nbsp;<\/p>\n<h4>Willst du dein Gravel noch komfortabler, effizienter und kraftvoller machen?<\/h4>\n<h4>Unser Bike-Fitting macht\u2019s m\u00f6glich!<\/h4>\n<p>&nbsp;<\/p>\n<h4>\ud83d\udd27 Individuelle Anpassung: Wir optimieren dein Bike exakt auf deine Bed\u00fcrfnisse und deinen Fahrstil \u2013 von der Sitzposition bis zur Lenkerh\u00f6he.<\/h4>\n<p>&nbsp;<\/p>\n<p>&nbsp;<\/p>\n<h4>\u26a1 Erh\u00f6hter Komfort: Reduziere Beschwerden auf l\u00e4ngeren Fahrten und steigere dein Wohlbefinden im Sattel.<\/h4>\n<p>&nbsp;<\/p>\n<p>&nbsp;<\/p>\n<h4>\ud83d\udeb4\u200d\u2640 Maximale Performance: Hol das Maximum aus deinem Bike heraus \u2013 mit perfekter Ergonomie und optimaler Kraft\u00fcbertragung.<\/h4>\n<p>&nbsp;<\/p>\n<p>&nbsp;<\/p>\n<h4>\ud83c\udf1f F\u00fcr jedes Level: Egal ob Anf\u00e4nger oder Profi \u2013 unser Fitting-Service ist f\u00fcr jeden geeignet, der sein E-Bike-Erlebnis verbessern m\u00f6chte.<\/h4>\n<p>&nbsp;<\/p>\n<h4>Erlebe, wie ein perfekt angepasstes Bike dein Fahrerlebnis auf das n\u00e4chste Level hebt!<\/h4>\n<p>&nbsp;<\/p>\n<p>&nbsp;<\/p>\n<h4>Buche noch heute deinen Termin und genie\u00dfe eine neue Dimension des Radfahrens.<\/h4>\n<p>&nbsp;<\/p>\n<p>PREIS 129 EUR. <\/p>\n<p>&nbsp;<\/p>\n<\/div>\n<\/div>\n<\/div>\n<\/div>\n<\/div>\n<\/section>\n<p>[\/et_pb_text][et_pb_button button_url=&#8221;https:\/\/gravel-bikes.cc\/de\/kontakt\/&#8221; button_text=&#8221;Buche deinen Termin..&#8221; _builder_version=&#8221;4.27.6&#8243; _module_preset=&#8221;default&#8221; global_colors_info=&#8221;{}&#8221;][\/et_pb_button][\/et_pb_column][\/et_pb_row][\/et_pb_section][et_pb_section fb_built=&#8221;1&#8243; theme_builder_area=&#8221;post_content&#8221; _builder_version=&#8221;4.27.6&#8243; _module_preset=&#8221;default&#8221;][\/et_pb_section]<\/p>\n","protected":false},"excerpt":{"rendered":"<p>BIKEFITTING Beratung von einem Radfahrer, der seit 27 Jahren in der Branche ist. Tour-de-France-Etappensieger und Hawaii-Podiumsfahrer gefittet. Du brauchst keine Laserpointer \u2026 du musst wissen, worauf es ankommt. F\u00fchlst du dich unwohl auf deinem Rad oder m\u00f6chtest du deine Leistung auf das n\u00e4chste Level bringen? Unser professionelles Bike Fitting sorgt daf\u00fcr, dass dein Rad perfekt [&hellip;]<\/p>\n","protected":false},"author":1,"featured_media":0,"parent":0,"menu_order":0,"comment_status":"closed","ping_status":"closed","template":"","meta":{"_et_pb_use_builder":"on","_et_pb_old_content":"","_et_gb_content_width":"","om_disable_all_campaigns":false,"_monsterinsights_skip_tracking":false,"_monsterinsights_sitenote_active":false,"_monsterinsights_sitenote_note":"","_monsterinsights_sitenote_category":0,"footnotes":""},"class_list":["post-4510","page","type-page","status-publish","hentry"],"aioseo_notices":[],"_links":{"self":[{"href":"https:\/\/gravel-bikes.cc\/de\/wp-json\/wp\/v2\/pages\/4510","targetHints":{"allow":["GET"]}}],"collection":[{"href":"https:\/\/gravel-bikes.cc\/de\/wp-json\/wp\/v2\/pages"}],"about":[{"href":"https:\/\/gravel-bikes.cc\/de\/wp-json\/wp\/v2\/types\/page"}],"author":[{"embeddable":true,"href":"https:\/\/gravel-bikes.cc\/de\/wp-json\/wp\/v2\/users\/1"}],"replies":[{"embeddable":true,"href":"https:\/\/gravel-bikes.cc\/de\/wp-json\/wp\/v2\/comments?post=4510"}],"version-history":[{"count":29,"href":"https:\/\/gravel-bikes.cc\/de\/wp-json\/wp\/v2\/pages\/4510\/revisions"}],"predecessor-version":[{"id":11024,"href":"https:\/\/gravel-bikes.cc\/de\/wp-json\/wp\/v2\/pages\/4510\/revisions\/11024"}],"wp:attachment":[{"href":"https:\/\/gravel-bikes.cc\/de\/wp-json\/wp\/v2\/media?parent=4510"}],"curies":[{"name":"wp","href":"https:\/\/api.w.org\/{rel}","templated":true}]}}