{"id":4949,"date":"2026-01-11T10:24:51","date_gmt":"2026-01-11T10:24:51","guid":{"rendered":"https:\/\/gravel-bikes.cc\/veloheld-2\/"},"modified":"2026-03-22T12:59:12","modified_gmt":"2026-03-22T12:59:12","slug":"veloheld-2","status":"publish","type":"page","link":"https:\/\/gravel-bikes.cc\/de\/veloheld-2\/","title":{"rendered":"VELOHELD"},"content":{"rendered":"<p>[et_pb_section fb_built=&#8221;1&#8243; fullwidth=&#8221;on&#8221; _builder_version=&#8221;4.27.5&#8243; _module_preset=&#8221;default&#8221; global_colors_info=&#8221;{}&#8221;][et_pb_fullwidth_slider _builder_version=&#8221;4.27.5&#8243; _module_preset=&#8221;default&#8221; hover_enabled=&#8221;0&#8243; global_colors_info=&#8221;{}&#8221; sticky_enabled=&#8221;0&#8243;][et_pb_slide heading=&#8221;Veloheld Touring- und Gravel-Bikes&#8221; button_text=&#8221;Mehr entdecken..&#8221; _builder_version=&#8221;4.27.5&#8243; _module_preset=&#8221;default&#8221; background_image=&#8221;https:\/\/gravel-bikes.cc\/wp-content\/uploads\/2026\/01\/veloheld-iconX-2026-6-uai-1686&#215;1124.jpg.webp&#8221; background_enable_image=&#8221;on&#8221; background_position=&#8221;top_center&#8221; hover_enabled=&#8221;0&#8243; global_colors_info=&#8221;{}&#8221; sticky_transition=&#8221;on&#8221; button_link=&#8221;https:\/\/gravel-bikes.cc\/de\/produkt-kategorie\/veloheld\/&#8221; sticky_enabled=&#8221;0&#8243;]<\/p>\n<h4>Ob Alltagsrad oder Bikepacking-Begleiter: veloheld Fahrr\u00e4der aus Stahl und Titan bringen Sie stilvoll und komfortabel ans Ziel &#8211; Tag f\u00fcr Tag.<\/h4>\n<p>[\/et_pb_slide][\/et_pb_fullwidth_slider][\/et_pb_section][et_pb_section fb_built=&#8221;1&#8243; admin_label=&#8221;section&#8221; _builder_version=&#8221;4.16&#8243; global_colors_info=&#8221;{}&#8221;][et_pb_row admin_label=&#8221;Zeile&#8221; _builder_version=&#8221;4.16&#8243; background_size=&#8221;initial&#8221; background_position=&#8221;top_left&#8221; background_repeat=&#8221;repeat&#8221; global_colors_info=&#8221;{}&#8221;][et_pb_column type=&#8221;4_4&#8243; _builder_version=&#8221;4.16&#8243; custom_padding=&#8221;|||&#8221; global_colors_info=&#8221;{}&#8221; custom_padding__hover=&#8221;|||&#8221;][et_pb_text admin_label=&#8221;Text&#8221; _builder_version=&#8221;4.16&#8243; background_size=&#8221;initial&#8221; background_position=&#8221;top_left&#8221; background_repeat=&#8221;repeat&#8221; global_colors_info=&#8221;{}&#8221;]<\/p>\n<p><strong>veloheld &#8211; Fahrr\u00e4der mit Stahlrahmen f\u00fcr Alltag, Gravel &amp; Abenteuer<\/strong><\/p>\n<\/p>\n<p>&nbsp;<\/p>\n<\/p>\n<p>Wir von veloheld bauen seit 2007 langlebige Fahrr\u00e4der mit Stahlrahmen \u2013 individuell, stilvoll und mit Liebe zum Detail. Ob Urban-\/Trekkingrad, Gravelbike, Reiserad oder Allroad-Rennrad: Sie bestimmen Farbe, Ausstattung und Einsatzbereich. Konfigurieren Sie Ihr neues Fahrrad online oder lassen Sie sich pers\u00f6nlich beraten. In unserer Galerie individueller Kundenr\u00e4der finden Sie Inspiration. Und wenn Sie m\u00f6chten, k\u00f6nnen Sie Ihr neues veloheld direkt hier in Dresden testen und abholen.   <\/p>\n<\/p>\n<p><strong>Fahrr\u00e4der mit Charakter &#8211; f\u00fcr Stadt, Gravel &amp; Abenteuer<\/strong><\/p>\n<\/p>\n<p>Ob Alltagsrad oder Bikepacking-Begleiter: veloheld Fahrr\u00e4der aus Stahl und Titan bringen Sie stilvoll und komfortabel ans Ziel &#8211; Tag f\u00fcr Tag.<\/p>\n<\/p>\n<p><strong>Rahmenmaterialien<\/strong><\/p>\n<\/p>\n<p>Unsere Rahmen werden aus recycelbarem CrMo-Stahl und hochwertigem Titan gefertigt &#8211; Materialien, die f\u00fcr ihre Langlebigkeit, Nachhaltigkeit und zeitlose \u00c4sthetik bekannt sind.<\/p>\n<\/p>\n<p><strong>Individuelle Fahrr\u00e4der &#8211; so einzigartig wie Sie<\/strong><\/p>\n<\/p>\n<p>W\u00e4hlen Sie Ihre eigene Rahmenfarbe, Ausstattung und Komponenten. Kreieren Sie Ihr pers\u00f6nliches veloheld Fahrrad online oder lassen Sie sich telefonisch beraten. <\/p>\n<\/p>\n<p>[\/et_pb_text][\/et_pb_column][\/et_pb_row][\/et_pb_section][et_pb_section fb_built=&#8221;1&#8243; fullwidth=&#8221;on&#8221; _builder_version=&#8221;4.27.5&#8243; _module_preset=&#8221;default&#8221; global_colors_info=&#8221;{}&#8221;][et_pb_fullwidth_slider _builder_version=&#8221;4.27.5&#8243; _module_preset=&#8221;default&#8221; hover_enabled=&#8221;0&#8243; global_colors_info=&#8221;{}&#8221; sticky_enabled=&#8221;0&#8243;][et_pb_slide heading=&#8221;Entdecke die Veloheld-Modelle.&#8221; button_text=&#8221;Mehr entdecken..&#8221; _builder_version=&#8221;4.27.5&#8243; _module_preset=&#8221;default&#8221; background_image=&#8221;https:\/\/gravel-bikes.cc\/wp-content\/uploads\/2026\/01\/veloheld-alleyx-tropical-fusion-illusion-17-uai-1125&#215;1125.jpg.webp&#8221; background_enable_image=&#8221;on&#8221; global_colors_info=&#8221;{}&#8221; sticky_transition=&#8221;on&#8221;]<\/p>\n<h4>Ob Alltagsrad oder Bikepacking-Begleiter: veloheld Fahrr\u00e4der aus Stahl und Titan bringen Sie stilvoll und komfortabel ans Ziel &#8211; Tag f\u00fcr Tag.<\/h4>\n<p>[\/et_pb_slide][\/et_pb_fullwidth_slider][\/et_pb_section]<\/p>\n","protected":false},"excerpt":{"rendered":"<p>Ob Alltagsrad oder Bikepacking-Begleiter: veloheld Fahrr\u00e4der aus Stahl und Titan bringen Sie stilvoll und komfortabel ans Ziel &#8211; Tag f\u00fcr Tag. veloheld &#8211; Fahrr\u00e4der mit Stahlrahmen f\u00fcr Alltag, Gravel &amp; Abenteuer &nbsp; Wir von veloheld bauen seit 2007 langlebige Fahrr\u00e4der mit Stahlrahmen \u2013 individuell, stilvoll und mit Liebe zum Detail. Ob Urban-\/Trekkingrad, Gravelbike, Reiserad oder [&hellip;]<\/p>\n","protected":false},"author":1,"featured_media":0,"parent":0,"menu_order":0,"comment_status":"closed","ping_status":"closed","template":"","meta":{"_et_pb_use_builder":"on","_et_pb_old_content":"","_et_gb_content_width":"","footnotes":""},"class_list":["post-4949","page","type-page","status-publish","hentry"],"aioseo_notices":[],"_links":{"self":[{"href":"https:\/\/gravel-bikes.cc\/de\/wp-json\/wp\/v2\/pages\/4949","targetHints":{"allow":["GET"]}}],"collection":[{"href":"https:\/\/gravel-bikes.cc\/de\/wp-json\/wp\/v2\/pages"}],"about":[{"href":"https:\/\/gravel-bikes.cc\/de\/wp-json\/wp\/v2\/types\/page"}],"author":[{"embeddable":true,"href":"https:\/\/gravel-bikes.cc\/de\/wp-json\/wp\/v2\/users\/1"}],"replies":[{"embeddable":true,"href":"https:\/\/gravel-bikes.cc\/de\/wp-json\/wp\/v2\/comments?post=4949"}],"version-history":[{"count":3,"href":"https:\/\/gravel-bikes.cc\/de\/wp-json\/wp\/v2\/pages\/4949\/revisions"}],"predecessor-version":[{"id":9915,"href":"https:\/\/gravel-bikes.cc\/de\/wp-json\/wp\/v2\/pages\/4949\/revisions\/9915"}],"wp:attachment":[{"href":"https:\/\/gravel-bikes.cc\/de\/wp-json\/wp\/v2\/media?parent=4949"}],"curies":[{"name":"wp","href":"https:\/\/api.w.org\/{rel}","templated":true}]}}