{"id":6550,"date":"2026-01-25T15:03:17","date_gmt":"2026-01-25T15:03:17","guid":{"rendered":"https:\/\/gravel-bikes.cc\/bike-leasing\/"},"modified":"2026-01-25T15:03:34","modified_gmt":"2026-01-25T15:03:34","slug":"bike-leasing","status":"publish","type":"page","link":"https:\/\/gravel-bikes.cc\/de\/bike-leasing\/","title":{"rendered":"BIKE LEASING"},"content":{"rendered":"\n<h2 class=\"wp-block-heading\">So einfach kommen Sie zu Ihrem Dienstrad<\/h2>\n\n<p><strong>Super! Sie m\u00f6chten ein Dienstrad <\/strong><\/p>\n\n<p>Wir freuen uns, dass Sie sich f\u00fcr den Bikeleasing-Service interessieren. Jetzt \u00fcberzeugen wir gemeinsam Ihren Arbeitgeber. <\/p>\n\n<p>1<\/p>\n\n<p><strong>\u00dcberzeugen und registrieren<\/strong><\/p>\n\n<p>Sobald Ihr Arbeitgeber als Bikeleasing-Kunde registriert ist, k\u00f6nnen auch Sie sich in unserem Bikeleasing-Portal registrieren.<\/p>\n\n<p>2<\/p>\n\n<p><strong>Wunschrad ausw\u00e4hlen<\/strong><\/p>\n\n<p>Sie w\u00e4hlen Ihr Wunschrad vor Ort aus. Der Partnerh\u00e4ndler stellt die Leasinganfrage, die Sie und Ihr Arbeitgeber dann nur noch freigeben m\u00fcssen. <\/p>\n\n<p>3<\/p>\n\n<p><strong>Losradeln mit Ihrem Traumrad<\/strong><\/p>\n\n<p>Ihr neues Dienstrad kann direkt vor Ort beim Partnerh\u00e4ndler abgeholt werden. Fertig! <\/p>\n\n<p>4<\/p>\n\n<h2 class=\"wp-block-heading\">Jetzt Dienstradfahrer werden:<\/h2>\n\n<p><img srcset=\"https:\/\/files.bikeleasing.de\/_processed_\/7\/0\/csm_250709_Bikeleasing_Motiv7_Damenrad_4624_bearbeitet_Ansicht_4fdcf7c350.jpg\" alt=\"Frau f&#xE4;hrt mit E-Bike durch die Stadt\"\/><\/p>\n\n<p><strong>Ist Ihr Arbeitgeber schon Bikeleasing-Kunde?<\/strong><\/p>\n\n<p><\/p>\n","protected":false},"excerpt":{"rendered":"<p>So einfach kommen Sie zu Ihrem Dienstrad Super! Sie m\u00f6chten ein Dienstrad Wir freuen uns, dass Sie sich f\u00fcr den Bikeleasing-Service interessieren. Jetzt \u00fcberzeugen wir gemeinsam Ihren Arbeitgeber. 1 \u00dcberzeugen und registrieren Sobald Ihr Arbeitgeber als Bikeleasing-Kunde registriert ist, k\u00f6nnen auch Sie sich in unserem Bikeleasing-Portal registrieren. 2 Wunschrad ausw\u00e4hlen Sie w\u00e4hlen Ihr Wunschrad vor [&hellip;]<\/p>\n","protected":false},"author":1,"featured_media":0,"parent":0,"menu_order":0,"comment_status":"closed","ping_status":"closed","template":"","meta":{"_et_pb_use_builder":"off","_et_pb_old_content":"","_et_gb_content_width":"","om_disable_all_campaigns":false,"_monsterinsights_skip_tracking":false,"_monsterinsights_sitenote_active":false,"_monsterinsights_sitenote_note":"","_monsterinsights_sitenote_category":0,"footnotes":""},"class_list":["post-6550","page","type-page","status-publish","hentry"],"aioseo_notices":[],"_links":{"self":[{"href":"https:\/\/gravel-bikes.cc\/de\/wp-json\/wp\/v2\/pages\/6550","targetHints":{"allow":["GET"]}}],"collection":[{"href":"https:\/\/gravel-bikes.cc\/de\/wp-json\/wp\/v2\/pages"}],"about":[{"href":"https:\/\/gravel-bikes.cc\/de\/wp-json\/wp\/v2\/types\/page"}],"author":[{"embeddable":true,"href":"https:\/\/gravel-bikes.cc\/de\/wp-json\/wp\/v2\/users\/1"}],"replies":[{"embeddable":true,"href":"https:\/\/gravel-bikes.cc\/de\/wp-json\/wp\/v2\/comments?post=6550"}],"version-history":[{"count":1,"href":"https:\/\/gravel-bikes.cc\/de\/wp-json\/wp\/v2\/pages\/6550\/revisions"}],"predecessor-version":[{"id":6551,"href":"https:\/\/gravel-bikes.cc\/de\/wp-json\/wp\/v2\/pages\/6550\/revisions\/6551"}],"wp:attachment":[{"href":"https:\/\/gravel-bikes.cc\/de\/wp-json\/wp\/v2\/media?parent=6550"}],"curies":[{"name":"wp","href":"https:\/\/api.w.org\/{rel}","templated":true}]}}