{"id":6556,"date":"2026-01-25T15:05:02","date_gmt":"2026-01-25T15:05:02","guid":{"rendered":"https:\/\/gravel-bikes.cc\/ein-fahrrad-finanzieren\/"},"modified":"2026-03-01T10:57:09","modified_gmt":"2026-03-01T10:57:09","slug":"ein-fahrrad-finanzieren","status":"publish","type":"page","link":"https:\/\/gravel-bikes.cc\/de\/ein-fahrrad-finanzieren\/","title":{"rendered":"FINANZIEREN"},"content":{"rendered":"\n<h2 class=\"wp-block-heading\" id=\"heading-697630eb785ec\">Ihre Vorteile.<\/h2>\n\n<p>Sie haben Ihr neues Traumrad gefunden, m\u00f6chten es aber nicht auf einmal bezahlen? Wir helfen Ihnen gerne: Mit der Online-Fahrradfinanzierung FINANCE A BIKE bestimmen Sie die Laufzeit und nehmen Ihr neues Traumrad gleich mit. <\/p>\n\n<h3 class=\"wp-block-heading\">Finanzielle Privatsph\u00e4re<\/h3>\n\n<p>Sie durchlaufen den Antragsprozess selbstst\u00e4ndig und m\u00fcssen dabei keine Angaben zu Ihrem Gehalt an den Fahrradfachhandel weitergeben.<\/p>\n\n<h3 class=\"wp-block-heading\">Schnell und einfach<\/h3>\n\n<p>Volldigitaler Antragsprozess ganz ohne Papierkram. Die Auszahlung erfolgt direkt an den Fahrradfachh\u00e4ndler. Sie k\u00f6nnen Ihr Traumrad noch am selben Tag mitnehmen \u2013 alles mit nur einem Besuch.  <\/p>\n\n<h3 class=\"wp-block-heading\">Gleichbleibende Rate<\/h3>\n\n<p>Dank gleichbleibender, attraktiver Raten ist der Kauf hochwertiger Waren und Dienstleistungen m\u00f6glich.<\/p>\n\n<h3 class=\"wp-block-heading\">Volle Flexibilit\u00e4t<\/h3>\n\n<p>Jederzeit kostenlose R\u00fcckzahlung und Sondertilgung m\u00f6glich.<\/p>\n\n<h3 class=\"wp-block-heading\">Kundenportal<\/h3>\n\n<p>Sie verwalten Ihren Vertrag vollst\u00e4ndig digital.<\/p>\n\n<h3 class=\"wp-block-heading\">Transparent<\/h3>\n\n<p>Keine versteckten Kosten f\u00fcr dich<img decoding=\"async\" src=\"https:\/\/www.financeabike.de\/wp-content\/uploads\/2021\/05\/Ratenkredit_Ueberblick_Privatkunden_1440x750@2x-scaled.jpg\" alt=\"Eine Fahrradfahrerin hebt die Beine vom Fahrrad hoch und lacht in die Kamera.\"\/><\/p>\n\n<h2 class=\"wp-block-heading\" id=\"heading-697630eb78df8\">Der Ratenkredit im \u00dcberblick.<\/h2>\n\n<figure class=\"wp-block-image\"><img decoding=\"async\" src=\"https:\/\/www.financeabike.de\/wp-content\/uploads\/2021\/02\/01.svg\" alt=\"\"\/><\/figure>\n\n<p>Vorzeitige R\u00fcckzahlung jederzeit kostenfrei m\u00f6glich<\/p>\n\n<figure class=\"wp-block-image\"><img decoding=\"async\" src=\"https:\/\/www.financeabike.de\/wp-content\/uploads\/2021\/02\/02.svg\" alt=\"\"\/><\/figure>\n\n<p>Kreditbetrag<br\/>500\u20136.000 \u20ac<\/p>\n\n<figure class=\"wp-block-image\"><img decoding=\"async\" src=\"https:\/\/www.financeabike.de\/wp-content\/uploads\/2021\/02\/03.svg\" alt=\"\"\/><\/figure>\n\n<p>Laufzeit von 6, 12, 18, 24, 36 oder 48 Monaten (frei w\u00e4hlbar)<\/p>\n\n<figure class=\"wp-block-image\"><img decoding=\"async\" src=\"https:\/\/www.financeabike.de\/wp-content\/uploads\/2021\/02\/04.svg\" alt=\"\"\/><\/figure>\n\n<p>Festzins von 6,99 % nominal p. a., 30 Tage zinsfrei, daher laufzeit-abh\u00e4ngig 5,12\u20136,91 % effektiv*<\/p>\n\n<p><a href=\"https:\/\/portal.financeabike.de\/#\/onboarding\/main\">Unverbindliche Kreditanfrage starten<\/a><\/p>\n\n<p>*Nach 30 Tagen verzinst mit einem Sollzinssatz (gebunden) von 6,99 % p. a., effektiver Jahreszins: 6,90 %, Nettodarlehensbetrag: 2.999,00 \u20ac, Gesamtbetrag: 3.426,72 \u20ac, 48 Raten \u00e0 71,39 \u20ac, Laufzeit: 48 Monate. Bonit\u00e4t vorausgesetzt. Diese Angaben entsprechen dem Rechenbeispiel gem\u00e4\u00df PAngV. Es besteht ein gesetzliches Widerrufsrecht f\u00fcr Verbraucher. Stand: M\u00e4rz 2025<\/p>\n","protected":false},"excerpt":{"rendered":"<p>Ihre Vorteile. Sie haben Ihr neues Traumrad gefunden, m\u00f6chten es aber nicht auf einmal bezahlen? Wir helfen Ihnen gerne: Mit der Online-Fahrradfinanzierung FINANCE A BIKE bestimmen Sie die Laufzeit und nehmen Ihr neues Traumrad gleich mit. Finanzielle Privatsph\u00e4re Sie durchlaufen den Antragsprozess selbstst\u00e4ndig und m\u00fcssen dabei keine Angaben zu Ihrem Gehalt an den Fahrradfachhandel weitergeben. [&hellip;]<\/p>\n","protected":false},"author":1,"featured_media":0,"parent":0,"menu_order":0,"comment_status":"closed","ping_status":"closed","template":"","meta":{"_et_pb_use_builder":"on","_et_pb_old_content":"","_et_gb_content_width":"","om_disable_all_campaigns":false,"_monsterinsights_skip_tracking":false,"_monsterinsights_sitenote_active":false,"_monsterinsights_sitenote_note":"","_monsterinsights_sitenote_category":0,"footnotes":""},"class_list":["post-6556","page","type-page","status-publish","hentry"],"aioseo_notices":[],"_links":{"self":[{"href":"https:\/\/gravel-bikes.cc\/de\/wp-json\/wp\/v2\/pages\/6556","targetHints":{"allow":["GET"]}}],"collection":[{"href":"https:\/\/gravel-bikes.cc\/de\/wp-json\/wp\/v2\/pages"}],"about":[{"href":"https:\/\/gravel-bikes.cc\/de\/wp-json\/wp\/v2\/types\/page"}],"author":[{"embeddable":true,"href":"https:\/\/gravel-bikes.cc\/de\/wp-json\/wp\/v2\/users\/1"}],"replies":[{"embeddable":true,"href":"https:\/\/gravel-bikes.cc\/de\/wp-json\/wp\/v2\/comments?post=6556"}],"version-history":[{"count":3,"href":"https:\/\/gravel-bikes.cc\/de\/wp-json\/wp\/v2\/pages\/6556\/revisions"}],"predecessor-version":[{"id":8139,"href":"https:\/\/gravel-bikes.cc\/de\/wp-json\/wp\/v2\/pages\/6556\/revisions\/8139"}],"wp:attachment":[{"href":"https:\/\/gravel-bikes.cc\/de\/wp-json\/wp\/v2\/media?parent=6556"}],"curies":[{"name":"wp","href":"https:\/\/api.w.org\/{rel}","templated":true}]}}