{"id":9229,"date":"2026-03-12T15:35:15","date_gmt":"2026-03-12T15:35:15","guid":{"rendered":"https:\/\/gravel-bikes.cc\/pearl-adventure-ekar-1x13\/"},"modified":"2026-03-22T12:25:23","modified_gmt":"2026-03-22T12:25:23","slug":"pearl-adventure-ekar-1x13","status":"publish","type":"page","link":"https:\/\/gravel-bikes.cc\/de\/pearl-adventure-ekar-1x13\/","title":{"rendered":"PEARL ADVENTURE EKAR 1&#215;13"},"content":{"rendered":"<p>[et_pb_section fb_built=&#8221;1&#8243; fullwidth=&#8221;on&#8221; _builder_version=&#8221;4.27.6&#8243; _module_preset=&#8221;default&#8221; hover_enabled=&#8221;0&#8243; global_colors_info=&#8221;{}&#8221; sticky_enabled=&#8221;0&#8243;][et_pb_fullwidth_slider _builder_version=&#8221;4.27.6&#8243; _module_preset=&#8221;default&#8221; hover_enabled=&#8221;0&#8243; global_colors_info=&#8221;{}&#8221; sticky_enabled=&#8221;0&#8243;][et_pb_slide heading=&#8221;PEARL ADVENTURE GRX 612&#8243; _builder_version=&#8221;4.27.6&#8243; _module_preset=&#8221;default&#8221; background_image=&#8221;https:\/\/gravel-bikes.cc\/wp-content\/uploads\/2025\/12\/IMG_3721-scaled.jpg&#8221; background_enable_image=&#8221;on&#8221; hover_enabled=&#8221;0&#8243; global_colors_info=&#8221;{}&#8221; sticky_transition=&#8221;on&#8221; title_text=&#8221;IMG_3721&#8243; sticky_enabled=&#8221;0&#8243;]<\/p>\n<h3>Premium-Gravel-Bikes aus Hamburg. Bereit f\u00fcr dein n\u00e4chstes Abenteuer. <\/h3>\n<p>[\/et_pb_slide][\/et_pb_fullwidth_slider][\/et_pb_section][et_pb_section fb_built=&#8221;1&#8243; _builder_version=&#8221;4.27.5&#8243; _module_preset=&#8221;default&#8221; global_colors_info=&#8221;{}&#8221;][et_pb_row column_structure=&#8221;1_2,1_2&#8243; _builder_version=&#8221;4.27.5&#8243; _module_preset=&#8221;default&#8221; global_colors_info=&#8221;{}&#8221;][et_pb_column type=&#8221;1_2&#8243; _builder_version=&#8221;4.27.5&#8243; _module_preset=&#8221;default&#8221; global_colors_info=&#8221;{}&#8221;][et_pb_image src=&#8221;https:\/\/gravel-bikes.cc\/wp-content\/uploads\/2025\/12\/IMG_3722-scaled.jpg&#8221; title_text=&#8221;IMG_3722&#8243; _builder_version=&#8221;4.27.6&#8243; _module_preset=&#8221;default&#8221; hover_enabled=&#8221;0&#8243; global_colors_info=&#8221;{}&#8221; sticky_enabled=&#8221;0&#8243;][\/et_pb_image][\/et_pb_column][et_pb_column type=&#8221;1_2&#8243; _builder_version=&#8221;4.27.5&#8243; _module_preset=&#8221;default&#8221; global_colors_info=&#8221;{}&#8221;][et_pb_text _builder_version=&#8221;4.27.6&#8243; _module_preset=&#8221;default&#8221; hover_enabled=&#8221;0&#8243; global_colors_info=&#8221;{}&#8221; sticky_enabled=&#8221;0&#8243;]<\/p>\n<div class=\"elementor-element elementor-element-157d1f65 elementor-widget elementor-widget-heading\" data-id=\"157d1f65\" data-element_type=\"widget\" data-widget_type=\"heading.default\"><\/div>\n<div class=\"elementor-element elementor-element-157d1f65 elementor-widget elementor-widget-heading\" data-id=\"157d1f65\" data-element_type=\"widget\" data-widget_type=\"heading.default\">\n<div class=\"elementor-widget-container\">\n<h1 class=\"elementor-heading-title elementor-size-default\"><span dir=\"auto\">UNGEBUNDENE PERFORMANCE<\/span><\/h1>\n<p><span dir=\"auto\"><\/span><\/p>\n<\/div>\n<\/div>\n<div class=\"elementor-element elementor-element-51c89f00 elementor-widget elementor-widget-text-editor\" data-id=\"51c89f00\" data-element_type=\"widget\" data-widget_type=\"text-editor.default\">\n<div class=\"elementor-widget-container\">\n<ul>\n<li>Adventure-Geometrie<\/li>\n<li>Unidirektionale Kohlefaser<\/li>\n<li>Zuverl\u00e4ssig und leicht, passend f\u00fcr 55-mm-Reifen.<\/li>\n<li>12-mm-Achsen erh\u00f6hen die Steifigkeit des Rads im Vergleich zum regul\u00e4ren Schnellspanner.<\/li>\n<li>Breite Aero-Gabel und Steuerrohr, die die Steifigkeit des vorderen Rahmenteils erh\u00f6hen.<\/li>\n<li>Passend f\u00fcr Schutzbleche, Gep\u00e4cktr\u00e4ger und alle Bikepacking-Taschen.<\/li>\n<\/ul>\n<p>&nbsp;<\/p>\n<\/div>\n<\/div>\n<p>[\/et_pb_text][\/et_pb_column][\/et_pb_row][et_pb_row column_structure=&#8221;1_2,1_2&#8243; _builder_version=&#8221;4.27.6&#8243; _module_preset=&#8221;default&#8221; global_colors_info=&#8221;{}&#8221;][et_pb_column type=&#8221;1_2&#8243; _builder_version=&#8221;4.27.5&#8243; _module_preset=&#8221;default&#8221; global_colors_info=&#8221;{}&#8221;][et_pb_accordion _builder_version=&#8221;4.27.6&#8243; _module_preset=&#8221;default&#8221; global_colors_info=&#8221;{}&#8221;][et_pb_accordion_item title=&#8221;ADVENTURE-GEOMETRIE&#8221; open=&#8221;on&#8221; _builder_version=&#8221;4.27.6&#8243; _module_preset=&#8221;default&#8221; global_colors_info=&#8221;{}&#8221;]<\/p>\n<p>Adventure-Geometrie: leicht aufrechter und mehr Komfort.<\/p>\n<p>[\/et_pb_accordion_item][et_pb_accordion_item title=&#8221;55 mm REIFENFREIHEIT&#8221; _builder_version=&#8221;4.27.6&#8243; _module_preset=&#8221;default&#8221; global_colors_info=&#8221;{}&#8221; open=&#8221;off&#8221;]<\/p>\n<p>Unsere Adventure-Modelle sind jetzt f\u00fcr 55 mm ausgelegt. Mehr Komfort und mehr Grip \u2013 auch auf gr\u00f6berem Gravel. <\/p>\n<p>[\/et_pb_accordion_item][et_pb_accordion_item title=&#8221;1000 TORAY CARBON&#8221; _builder_version=&#8221;4.27.6&#8243; _module_preset=&#8221;default&#8221; global_colors_info=&#8221;{}&#8221; open=&#8221;off&#8221;]<\/p>\n<p>Pearl-Rahmen werden aus den besten und langlebigsten Prepreg-Fasern auf dem Markt gefertigt.<\/p>\n<p>[\/et_pb_accordion_item][et_pb_accordion_item title=&#8221;SHIMANO GRX&#8221; _builder_version=&#8221;4.27.6&#8243; _module_preset=&#8221;default&#8221; global_colors_info=&#8221;{}&#8221; open=&#8221;off&#8221;]<\/p>\n<p>Shimano GRX bietet pr\u00e4zise Schaltvorg\u00e4nge und zuverl\u00e4ssige hydraulische Bremsen.<\/p>\n<p>[\/et_pb_accordion_item][et_pb_accordion_item title=&#8221;FULCRUM LAUFR\u00c4DER&#8221; _builder_version=&#8221;4.27.6&#8243; _module_preset=&#8221;default&#8221; global_colors_info=&#8221;{}&#8221; open=&#8221;off&#8221;]<\/p>\n<p>Zuverl\u00e4ssige und unverw\u00fcstliche Laufr\u00e4der aus Italien. Tubeless-ready. <\/p>\n<p>[\/et_pb_accordion_item][\/et_pb_accordion][\/et_pb_column][et_pb_column type=&#8221;1_2&#8243; _builder_version=&#8221;4.27.6&#8243; _module_preset=&#8221;default&#8221; global_colors_info=&#8221;{}&#8221;][et_pb_image src=&#8221;https:\/\/gravel-bikes.cc\/wp-content\/uploads\/2025\/12\/IMG_3723-scaled.jpg&#8221; title_text=&#8221;IMG_3723&#8243; _builder_version=&#8221;4.27.6&#8243; _module_preset=&#8221;default&#8221; hover_enabled=&#8221;0&#8243; global_colors_info=&#8221;{}&#8221; sticky_enabled=&#8221;0&#8243;][\/et_pb_image][\/et_pb_column][\/et_pb_row][\/et_pb_section][et_pb_section fb_built=&#8221;1&#8243; fullwidth=&#8221;on&#8221; _builder_version=&#8221;4.27.5&#8243; _module_preset=&#8221;default&#8221; global_colors_info=&#8221;{}&#8221;][et_pb_fullwidth_slider _builder_version=&#8221;4.27.6&#8243; _module_preset=&#8221;default&#8221; hover_enabled=&#8221;0&#8243; global_colors_info=&#8221;{}&#8221; sticky_enabled=&#8221;0&#8243;][et_pb_slide heading=&#8221;PEARL ADVENTURE CAMPAGNOLO EKAR&#8221; button_text=&#8221;Mehr entdecken&#8230;&#8221; _builder_version=&#8221;4.27.6&#8243; _module_preset=&#8221;default&#8221; background_image=&#8221;https:\/\/gravel-bikes.cc\/wp-content\/uploads\/2026\/03\/83913141_10221126398854004_3039832076623806464_n.jpg&#8221; background_enable_image=&#8221;on&#8221; hover_enabled=&#8221;0&#8243; global_colors_info=&#8221;{}&#8221; sticky_transition=&#8221;on&#8221; sticky_enabled=&#8221;0&#8243;][\/et_pb_slide][\/et_pb_fullwidth_slider][\/et_pb_section][et_pb_section fb_built=&#8221;1&#8243; _builder_version=&#8221;4.27.5&#8243; _module_preset=&#8221;default&#8221; global_colors_info=&#8221;{}&#8221;][\/et_pb_section][et_pb_section fb_built=&#8221;1&#8243; _builder_version=&#8221;4.27.5&#8243; _module_preset=&#8221;default&#8221; custom_padding=&#8221;54px|||||&#8221; global_colors_info=&#8221;{}&#8221;][et_pb_row column_structure=&#8221;1_2,1_2&#8243; _builder_version=&#8221;4.27.5&#8243; _module_preset=&#8221;default&#8221; global_colors_info=&#8221;{}&#8221;][et_pb_column type=&#8221;1_2&#8243; _builder_version=&#8221;4.27.5&#8243; _module_preset=&#8221;default&#8221; global_colors_info=&#8221;{}&#8221;][et_pb_image src=&#8221;https:\/\/gravel-bikes.cc\/wp-content\/uploads\/2026\/03\/83913141_10221126398854004_3039832076623806464_n.jpg&#8221; title_text=&#8221;83913141_10221126398854004_3039832076623806464_n&#8221; _builder_version=&#8221;4.27.6&#8243; _module_preset=&#8221;default&#8221; global_colors_info=&#8221;{}&#8221;][\/et_pb_image][\/et_pb_column][et_pb_column type=&#8221;1_2&#8243; _builder_version=&#8221;4.27.5&#8243; _module_preset=&#8221;default&#8221; global_colors_info=&#8221;{}&#8221;][et_pb_text _builder_version=&#8221;4.27.6&#8243; _module_preset=&#8221;default&#8221; global_colors_info=&#8221;{}&#8221;]<\/p>\n<div class=\"elementor-element elementor-element-238b939a elementor-hidden-tablet elementor-hidden-mobile elementor-widget elementor-widget-heading\" data-id=\"238b939a\" data-element_type=\"widget\" data-widget_type=\"heading.default\">\n<div class=\"elementor-widget-container\">\n<h2 class=\"elementor-heading-title elementor-size-default\"><span dir=\"auto\">GRAVEL OHNE KABEL:<\/span><br \/><span dir=\"auto\">MANTO FLIESST OHNE HINDERNISSE<\/span><\/h2>\n<p><span dir=\"auto\"><\/span><\/p>\n<p><span dir=\"auto\"><\/span><\/p>\n<p><span dir=\"auto\"><\/span><\/p>\n<\/div>\n<\/div>\n<div class=\"elementor-element elementor-element-69fffdd elementor-hidden-tablet elementor-hidden-mobile elementor-widget elementor-widget-text-editor\" data-id=\"69fffdd\" data-element_type=\"widget\" data-widget_type=\"text-editor.default\">\n<div class=\"elementor-widget-container\">\n<p><span dir=\"auto\">Das Frontend des MANTO \u00fcberzeugt durch die subtile Verbindung von Airfoil-Profilen an Steuerrohr und Unterrohr, die in die oversized Gabelkrone \u00fcbergehen. Neben dieser aerodynamisch effizienten Formgebung f\u00fchrt das Steuerrohr die Bremsleitungen sauber und einfach durch das 1,5&#8243;-Steuersatzlager \u2013 so ist nichts dem Wind ausgesetzt und alles bleibt clean und aufger\u00e4umt. Diese L\u00f6sung ist au\u00dferdem praktisch, wenn du Lenkertaschen nutzt, weil die Z\u00fcge nicht mit den Gurten in die Quere kommen.  <\/span><\/p>\n<\/div>\n<\/div>\n<p>[\/et_pb_text][\/et_pb_column][\/et_pb_row][\/et_pb_section][et_pb_section fb_built=&#8221;1&#8243; _builder_version=&#8221;4.27.6&#8243; _module_preset=&#8221;default&#8221; global_colors_info=&#8221;{}&#8221;][et_pb_row _builder_version=&#8221;4.27.6&#8243; _module_preset=&#8221;default&#8221; global_colors_info=&#8221;{}&#8221;][et_pb_column type=&#8221;4_4&#8243; _builder_version=&#8221;4.27.6&#8243; _module_preset=&#8221;default&#8221; global_colors_info=&#8221;{}&#8221;][et_pb_text _builder_version=&#8221;4.27.6&#8243; _module_preset=&#8221;default&#8221; global_colors_info=&#8221;{}&#8221;]<\/p>\n<h3 style=\"text-align: center;\"><strong>GEOMETRIE<\/strong><\/h3>\n<p>[\/et_pb_text][\/et_pb_column][\/et_pb_row][\/et_pb_section][et_pb_section fb_built=&#8221;1&#8243; _builder_version=&#8221;4.27.5&#8243; _module_preset=&#8221;default&#8221; global_colors_info=&#8221;{}&#8221;][et_pb_row column_structure=&#8221;1_2,1_2&#8243; _builder_version=&#8221;4.27.5&#8243; _module_preset=&#8221;default&#8221; width=&#8221;100%&#8221; max_width=&#8221;1803px&#8221; custom_padding=&#8221;14px|||||&#8221; global_colors_info=&#8221;{}&#8221;][et_pb_column type=&#8221;1_2&#8243; _builder_version=&#8221;4.27.5&#8243; _module_preset=&#8221;default&#8221; global_colors_info=&#8221;{}&#8221;][et_pb_text _builder_version=&#8221;4.27.5&#8243; _module_preset=&#8221;default&#8221; global_colors_info=&#8221;{}&#8221;]<\/p>\n<table class=\"size_guide\">\n<tbody>\n<tr>\n<th><span dir=\"auto\">Gr\u00f6\u00dfe<\/span><\/th>\n<th><span dir=\"auto\">48<\/span><\/th>\n<th><span dir=\"auto\">51<\/span><\/th>\n<th><span dir=\"auto\">54<\/span><\/th>\n<th><span dir=\"auto\">56<\/span><\/th>\n<th><span dir=\"auto\">58<\/span><\/th>\n<\/tr>\n<tr>\n<td> <\/td>\n<td><span dir=\"auto\">152\u2013163 cm<\/span><\/td>\n<td><span dir=\"auto\">161\u2013170 cm<\/span><\/td>\n<td><span dir=\"auto\">170\u2013177 cm<\/span><\/td>\n<td><span dir=\"auto\">175\u2013181 cm<\/span><\/td>\n<td><span dir=\"auto\">180\u2013188 cm<\/span><\/td>\n<\/tr>\n<tr>\n<td><span dir=\"auto\">A. Stack<\/span><\/td>\n<td><span dir=\"auto\">505<\/span><\/td>\n<td><span dir=\"auto\">525<\/span><\/td>\n<td><span dir=\"auto\">545<\/span><\/td>\n<td><span dir=\"auto\">567<\/span><\/td>\n<td><span dir=\"auto\">589<\/span><\/td>\n<\/tr>\n<tr>\n<td><span dir=\"auto\">B. Reach<\/span><\/td>\n<td><span dir=\"auto\">370<\/span><\/td>\n<td><span dir=\"auto\">376<\/span><\/td>\n<td><span dir=\"auto\">384<\/span><\/td>\n<td><span dir=\"auto\">392<\/span><\/td>\n<td><span dir=\"auto\">400<\/span><\/td>\n<\/tr>\n<tr>\n<td><span dir=\"auto\">C. Sitzrohrwinkel<\/span><\/td>\n<td><span dir=\"auto\">74<\/span><\/td>\n<td><span dir=\"auto\">73<\/span><\/td>\n<td><span dir=\"auto\">73<\/span><\/td>\n<td><span dir=\"auto\">73<\/span><\/td>\n<td><span dir=\"auto\">73<\/span><\/td>\n<\/tr>\n<tr>\n<td><span dir=\"auto\">D. Oberrohr<\/span><\/td>\n<td><span dir=\"auto\">515<\/span><\/td>\n<td><span dir=\"auto\">536<\/span><\/td>\n<td><span dir=\"auto\">551<\/span><\/td>\n<td><span dir=\"auto\">565<\/span><\/td>\n<td><span dir=\"auto\">580<\/span><\/td>\n<\/tr>\n<tr>\n<td><span dir=\"auto\">E. Steuerrohrwinkel<\/span><\/td>\n<td><span dir=\"auto\">71.8<\/span><\/td>\n<td><span dir=\"auto\">71.6<\/span><\/td>\n<td><span dir=\"auto\">73<\/span><\/td>\n<td><span dir=\"auto\">73<\/span><\/td>\n<td><span dir=\"auto\">73<\/span><\/td>\n<\/tr>\n<tr>\n<td><span dir=\"auto\">F. Gabelversatz<\/span><\/td>\n<td><span dir=\"auto\">50<\/span><\/td>\n<td><span dir=\"auto\">50<\/span><\/td>\n<td><span dir=\"auto\">44<\/span><\/td>\n<td><span dir=\"auto\">44<\/span><\/td>\n<td><span dir=\"auto\">44<\/span><\/td>\n<\/tr>\n<tr>\n<td><span dir=\"auto\">G. Nachlauf<\/span><\/td>\n<td><span dir=\"auto\">60<\/span><\/td>\n<td><span dir=\"auto\">60<\/span><\/td>\n<td><span dir=\"auto\">59<\/span><\/td>\n<td><span dir=\"auto\">59<\/span><\/td>\n<td><span dir=\"auto\">59<\/span><\/td>\n<\/tr>\n<tr>\n<td><span dir=\"auto\">H. Sitzrohrl\u00e4nge<\/span><\/td>\n<td><span dir=\"auto\">453<\/span><\/td>\n<td><span dir=\"auto\">480<\/span><\/td>\n<td><span dir=\"auto\">504<\/span><\/td>\n<td><span dir=\"auto\">526<\/span><\/td>\n<td><span dir=\"auto\">547<\/span><\/td>\n<\/tr>\n<tr>\n<td><span dir=\"auto\">I. Tretlagerabsenkung<\/span><\/td>\n<td><span dir=\"auto\">74<\/span><\/td>\n<td><span dir=\"auto\">71<\/span><\/td>\n<td><span dir=\"auto\">71<\/span><\/td>\n<td><span dir=\"auto\">71<\/span><\/td>\n<td><span dir=\"auto\">71<\/span><\/td>\n<\/tr>\n<tr>\n<td><span dir=\"auto\">J. Front Center<\/span><\/td>\n<td><span dir=\"auto\">570<\/span><\/td>\n<td><span dir=\"auto\">584<\/span><\/td>\n<td><span dir=\"auto\">580<\/span><\/td>\n<td><span dir=\"auto\">594<\/span><\/td>\n<td><span dir=\"auto\">608<\/span><\/td>\n<\/tr>\n<tr>\n<td><span dir=\"auto\">K. Kettenstrebenl\u00e4nge<\/span><\/td>\n<td><span dir=\"auto\">407<\/span><\/td>\n<td><span dir=\"auto\">407<\/span><\/td>\n<td><span dir=\"auto\">410<\/span><\/td>\n<td><span dir=\"auto\">410<\/span><\/td>\n<td><span dir=\"auto\">410<\/span><\/td>\n<\/tr>\n<tr>\n<td><span dir=\"auto\">L. Radstand<\/span><\/td>\n<td><span dir=\"auto\">965<\/span><\/td>\n<td><span dir=\"auto\">980<\/span><\/td>\n<td><span dir=\"auto\">979<\/span><\/td>\n<td><span dir=\"auto\">993<\/span><\/td>\n<td><span dir=\"auto\">1008<\/span><\/td>\n<\/tr>\n<tr>\n<td><span dir=\"auto\">M. \u00dcberstandsh\u00f6he<\/span><\/td>\n<td><span dir=\"auto\">728<\/span><\/td>\n<td><span dir=\"auto\">750<\/span><\/td>\n<td><span dir=\"auto\">782<\/span><\/td>\n<td><span dir=\"auto\">803<\/span><\/td>\n<td><span dir=\"auto\">826<\/span><\/td>\n<\/tr>\n<tr>\n<td><span dir=\"auto\">N. Steuerrohrl\u00e4nge<\/span><\/td>\n<td><span dir=\"auto\">102<\/span><\/td>\n<td><span dir=\"auto\">127<\/span><\/td>\n<td><span dir=\"auto\">143<\/span><\/td>\n<td><span dir=\"auto\">166<\/span><\/td>\n<td><span dir=\"auto\">189<\/span><\/td>\n<\/tr>\n<tr>\n<td><span dir=\"auto\">O. Gabell\u00e4nge<\/span><\/td>\n<td><span dir=\"auto\">367<\/span><\/td>\n<td><span dir=\"auto\">367<\/span><\/td>\n<td><span dir=\"auto\">365<\/span><\/td>\n<td><span dir=\"auto\">365<\/span><\/td>\n<td><span dir=\"auto\">365<\/span><\/td>\n<\/tr>\n<\/tbody>\n<\/table>\n<p>[\/et_pb_text][\/et_pb_column][et_pb_column type=&#8221;1_2&#8243; _builder_version=&#8221;4.27.5&#8243; _module_preset=&#8221;default&#8221; global_colors_info=&#8221;{}&#8221;][et_pb_image src=&#8221;https:\/\/gravel-bikes.cc\/wp-content\/uploads\/2026\/01\/size_Guide_manto_alt.png.webp&#8221; title_text=&#8221;size_Guide_manto_alt.png&#8221; _builder_version=&#8221;4.27.6&#8243; _module_preset=&#8221;default&#8221; background_color=&#8221;#000000&#8243; global_colors_info=&#8221;{}&#8221;][\/et_pb_image][\/et_pb_column][\/et_pb_row][\/et_pb_section][et_pb_section fb_built=&#8221;1&#8243; _builder_version=&#8221;4.27.6&#8243; _module_preset=&#8221;default&#8221; global_colors_info=&#8221;{}&#8221;][et_pb_row column_structure=&#8221;1_2,1_2&#8243; _builder_version=&#8221;4.27.6&#8243; _module_preset=&#8221;default&#8221; global_colors_info=&#8221;{}&#8221;][et_pb_column type=&#8221;1_2&#8243; _builder_version=&#8221;4.27.6&#8243; _module_preset=&#8221;default&#8221; global_colors_info=&#8221;{}&#8221;][et_pb_image src=&#8221;https:\/\/gravel-bikes.cc\/wp-content\/uploads\/2025\/12\/IMG_3722-scaled.jpg&#8221; title_text=&#8221;IMG_3722&#8243; _builder_version=&#8221;4.27.6&#8243; _module_preset=&#8221;default&#8221; hover_enabled=&#8221;0&#8243; global_colors_info=&#8221;{}&#8221; sticky_enabled=&#8221;0&#8243;][\/et_pb_image][\/et_pb_column][et_pb_column type=&#8221;1_2&#8243; _builder_version=&#8221;4.27.6&#8243; _module_preset=&#8221;default&#8221; global_colors_info=&#8221;{}&#8221;][\/et_pb_column][\/et_pb_row][\/et_pb_section][et_pb_section fb_built=&#8221;1&#8243; _builder_version=&#8221;4.27.6&#8243; _module_preset=&#8221;default&#8221; global_colors_info=&#8221;{}&#8221;][et_pb_row column_structure=&#8221;1_3,1_3,1_3&#8243; _builder_version=&#8221;4.27.6&#8243; _module_preset=&#8221;default&#8221; global_colors_info=&#8221;{}&#8221;][et_pb_column type=&#8221;1_3&#8243; _builder_version=&#8221;4.27.6&#8243; _module_preset=&#8221;default&#8221; global_colors_info=&#8221;{}&#8221;][et_pb_text _builder_version=&#8221;4.27.6&#8243; _module_preset=&#8221;default&#8221; global_colors_info=&#8221;{}&#8221;]<\/p>\n<h2><strong>SERVICE<\/strong><\/h2>\n<p>[\/et_pb_text][et_pb_text _builder_version=&#8221;4.27.6&#8243; _module_preset=&#8221;default&#8221; global_colors_info=&#8221;{}&#8221;]<\/p>\n<p>Besuche unsere Service-Seite: Dort erf\u00e4hrst du, wie du dein Bike pflegst, wie wir dir helfen k\u00f6nnen und welche unkomplizierten Ersatzteile du ganz einfach online bestellen kannst.<\/p>\n<p>[\/et_pb_text][et_pb_button button_url=&#8221;https:\/\/gravel-bikes.cc\/de\/werkstattpreise-termine\/&#8221; button_text=&#8221;Mehr entdecken..&#8221; _builder_version=&#8221;4.27.6&#8243; _module_preset=&#8221;default&#8221; global_colors_info=&#8221;{}&#8221;][\/et_pb_button][\/et_pb_column][et_pb_column type=&#8221;1_3&#8243; _builder_version=&#8221;4.27.6&#8243; _module_preset=&#8221;default&#8221; global_colors_info=&#8221;{}&#8221;][et_pb_text _builder_version=&#8221;4.27.6&#8243; _module_preset=&#8221;default&#8221; global_colors_info=&#8221;{}&#8221;]<\/p>\n<h2><strong>GARANTIE<\/strong><\/h2>\n<p>[\/et_pb_text][et_pb_text _builder_version=&#8221;4.27.6&#8243; _module_preset=&#8221;default&#8221; global_colors_info=&#8221;{}&#8221;]<\/p>\n<p><span>Wir geben zwei Jahre Garantie auf den Lack und zehn Jahre auf Rahmen und Gabel. Garantieanspr\u00fcche bearbeiten wir nur bei Rahmen, die online registriert wurden und zweimal pro Jahr gewartet wurden. <\/span><\/p>\n<p>[\/et_pb_text][et_pb_button button_text=&#8221;Mehr entdecken..&#8221; _builder_version=&#8221;4.27.6&#8243; _module_preset=&#8221;default&#8221; global_colors_info=&#8221;{}&#8221;][\/et_pb_button][\/et_pb_column][et_pb_column type=&#8221;1_3&#8243; _builder_version=&#8221;4.27.6&#8243; _module_preset=&#8221;default&#8221; global_colors_info=&#8221;{}&#8221;][et_pb_text _builder_version=&#8221;4.27.6&#8243; _module_preset=&#8221;default&#8221; global_colors_info=&#8221;{}&#8221;]<\/p>\n<h2><strong>FINANZIERUNG<\/strong><\/h2>\n<p>[\/et_pb_text][et_pb_text _builder_version=&#8221;4.27.6&#8243; _module_preset=&#8221;default&#8221; global_colors_info=&#8221;{}&#8221;]<\/p>\n<p><span>Wir bieten verschiedene Finanzierungs- und Bike-Leasing-Optionen an. Kontaktiere uns gern, wenn du Fragen hast, oder klicke unten auf den Button, um dir die Optionen anzusehen. <\/span><\/p>\n<p>[\/et_pb_text][et_pb_button button_text=&#8221;Mehr entdecken..&#8221; _builder_version=&#8221;4.27.6&#8243; _module_preset=&#8221;default&#8221; global_colors_info=&#8221;{}&#8221;][\/et_pb_button][\/et_pb_column][\/et_pb_row][\/et_pb_section][et_pb_section fb_built=&#8221;1&#8243; _builder_version=&#8221;4.27.6&#8243; _module_preset=&#8221;default&#8221; global_colors_info=&#8221;{}&#8221;][et_pb_row column_structure=&#8221;1_2,1_2&#8243; _builder_version=&#8221;4.27.6&#8243; _module_preset=&#8221;default&#8221; global_colors_info=&#8221;{}&#8221;][et_pb_column type=&#8221;1_2&#8243; _builder_version=&#8221;4.27.6&#8243; _module_preset=&#8221;default&#8221; global_colors_info=&#8221;{}&#8221;][et_pb_text _builder_version=&#8221;4.27.6&#8243; _module_preset=&#8221;default&#8221; global_colors_info=&#8221;{}&#8221;]<\/p>\n<h2>ALLE PEARL ADVENTURE BIKES SHOPPEN<\/h2>\n<p>[\/et_pb_text][\/et_pb_column][et_pb_column type=&#8221;1_2&#8243; _builder_version=&#8221;4.27.6&#8243; _module_preset=&#8221;default&#8221; global_colors_info=&#8221;{}&#8221;][et_pb_button button_url=&#8221;https:\/\/gravel-bikes.cc\/de\/?post_type=product&amp;p=4427&#8243; button_text=&#8221;Online shoppen..&#8221; _builder_version=&#8221;4.27.6&#8243; _module_preset=&#8221;default&#8221; global_colors_info=&#8221;{}&#8221;][\/et_pb_button][\/et_pb_column][\/et_pb_row][\/et_pb_section]<\/p>\n","protected":false},"excerpt":{"rendered":"<p>Premium-Gravel-Bikes aus Hamburg. Bereit f\u00fcr dein n\u00e4chstes Abenteuer. UNGEBUNDENE PERFORMANCE Adventure-Geometrie Unidirektionale Kohlefaser Zuverl\u00e4ssig und leicht, passend f\u00fcr 55-mm-Reifen. 12-mm-Achsen erh\u00f6hen die Steifigkeit des Rads im Vergleich zum regul\u00e4ren Schnellspanner. Breite Aero-Gabel und Steuerrohr, die die Steifigkeit des vorderen Rahmenteils erh\u00f6hen. Passend f\u00fcr Schutzbleche, Gep\u00e4cktr\u00e4ger und alle Bikepacking-Taschen. &nbsp; Adventure-Geometrie: leicht aufrechter und mehr Komfort.Unsere [&hellip;]<\/p>\n","protected":false},"author":1,"featured_media":0,"parent":0,"menu_order":0,"comment_status":"closed","ping_status":"closed","template":"","meta":{"_et_pb_use_builder":"on","_et_pb_old_content":"","_et_gb_content_width":"","footnotes":""},"class_list":["post-9229","page","type-page","status-publish","hentry"],"aioseo_notices":[],"_links":{"self":[{"href":"https:\/\/gravel-bikes.cc\/de\/wp-json\/wp\/v2\/pages\/9229","targetHints":{"allow":["GET"]}}],"collection":[{"href":"https:\/\/gravel-bikes.cc\/de\/wp-json\/wp\/v2\/pages"}],"about":[{"href":"https:\/\/gravel-bikes.cc\/de\/wp-json\/wp\/v2\/types\/page"}],"author":[{"embeddable":true,"href":"https:\/\/gravel-bikes.cc\/de\/wp-json\/wp\/v2\/users\/1"}],"replies":[{"embeddable":true,"href":"https:\/\/gravel-bikes.cc\/de\/wp-json\/wp\/v2\/comments?post=9229"}],"version-history":[{"count":2,"href":"https:\/\/gravel-bikes.cc\/de\/wp-json\/wp\/v2\/pages\/9229\/revisions"}],"predecessor-version":[{"id":9233,"href":"https:\/\/gravel-bikes.cc\/de\/wp-json\/wp\/v2\/pages\/9229\/revisions\/9233"}],"wp:attachment":[{"href":"https:\/\/gravel-bikes.cc\/de\/wp-json\/wp\/v2\/media?parent=9229"}],"curies":[{"name":"wp","href":"https:\/\/api.w.org\/{rel}","templated":true}]}}