{"id":11681,"date":"2026-04-19T11:17:08","date_gmt":"2026-04-19T11:17:08","guid":{"rendered":"https:\/\/gravel-bikes.cc\/?post_type=product&#038;p=11681"},"modified":"2026-04-19T11:18:07","modified_gmt":"2026-04-19T11:18:07","slug":"cervelo-asperio-gravel-bike-sram-rival-xplr-copy","status":"publish","type":"product","link":"https:\/\/gravel-bikes.cc\/de\/produkt\/cervelo-asperio-gravel-bike-sram-rival-xplr-copy\/","title":{"rendered":"Cerv\u00e9lo \u00c1spero Gravel-BIKE SRAM Rival"},"content":{"rendered":"<p>[et_pb_section fb_built=&#8221;1&#8243; _builder_version=&#8221;4.27.5&#8243; _module_preset=&#8221;default&#8221; global_colors_info=&#8221;{}&#8221;][et_pb_row _builder_version=&#8221;4.27.6&#8243; _module_preset=&#8221;default&#8221; global_colors_info=&#8221;{}&#8221;][et_pb_column type=&#8221;4_4&#8243; _builder_version=&#8221;4.27.5&#8243; _module_preset=&#8221;default&#8221; global_colors_info=&#8221;{}&#8221;][et_pb_image src=&#8221;https:\/\/gravel-bikes.cc\/wp-content\/uploads\/2026\/04\/aFxeIXfc4bHWiuqM_0L0ASBXV1C-PROFILE-Web-scaled.webp&#8221; title_text=&#8221;aFxeIXfc4bHWiuqM_0L0ASBXV1C-PROFILE-Web&#8221; _builder_version=&#8221;4.27.6&#8243; _module_preset=&#8221;default&#8221; global_colors_info=&#8221;{}&#8221;][\/et_pb_image][\/et_pb_column][\/et_pb_row][\/et_pb_section][et_pb_section fb_built=&#8221;1&#8243; _builder_version=&#8221;4.27.6&#8243; custom_padding=&#8221;0px||||false|false&#8221; global_colors_info=&#8221;{}&#8221;][et_pb_row _builder_version=&#8221;4.27.6&#8243; background_size=&#8221;initial&#8221; background_position=&#8221;top_left&#8221; background_repeat=&#8221;repeat&#8221; width=&#8221;100%&#8221; custom_padding=&#8221;0px||0px||false|false&#8221; global_colors_info=&#8221;{}&#8221;][et_pb_column type=&#8221;4_4&#8243; _builder_version=&#8221;4.27.6&#8243; custom_padding=&#8221;|||&#8221; global_colors_info=&#8221;{}&#8221; custom_padding__hover=&#8221;|||&#8221;][et_pb_wc_breadcrumb _builder_version=&#8221;4.16&#8243; global_colors_info=&#8221;{}&#8221;][\/et_pb_wc_breadcrumb][et_pb_wc_cart_notice _builder_version=&#8221;4.16&#8243; global_colors_info=&#8221;{}&#8221;][\/et_pb_wc_cart_notice][\/et_pb_column][\/et_pb_row][et_pb_row column_structure=&#8221;1_2,1_2&#8243; _builder_version=&#8221;4.16&#8243; background_size=&#8221;initial&#8221; background_position=&#8221;top_left&#8221; background_repeat=&#8221;repeat&#8221; width=&#8221;100%&#8221; custom_padding=&#8221;0px||||false|false&#8221; global_colors_info=&#8221;{}&#8221;][et_pb_column type=&#8221;1_2&#8243; _builder_version=&#8221;4.16&#8243; custom_padding=&#8221;|||&#8221; global_colors_info=&#8221;{}&#8221; custom_padding__hover=&#8221;|||&#8221;][et_pb_wc_images _builder_version=&#8221;4.16&#8243; global_colors_info=&#8221;{}&#8221;][\/et_pb_wc_images][et_pb_image src=&#8221;https:\/\/gravel-bikes.cc\/wp-content\/uploads\/2026\/04\/aEHLRLh8WN-LVrgD_Z8C_4994-3-1-.webp&#8221; title_text=&#8221;aEHLRLh8WN-LVrgD_Z8C_4994-3&#8211;1-&#8221; _builder_version=&#8221;4.27.6&#8243; _module_preset=&#8221;default&#8221; global_colors_info=&#8221;{}&#8221;][\/et_pb_image][\/et_pb_column][et_pb_column type=&#8221;1_2&#8243; _builder_version=&#8221;4.16&#8243; custom_padding=&#8221;|||&#8221; global_colors_info=&#8221;{}&#8221; custom_padding__hover=&#8221;|||&#8221;][et_pb_wc_title _builder_version=&#8221;4.16&#8243; global_colors_info=&#8221;{}&#8221;][\/et_pb_wc_title][et_pb_wc_rating _builder_version=&#8221;4.16&#8243; global_colors_info=&#8221;{}&#8221;][\/et_pb_wc_rating][et_pb_wc_price _builder_version=&#8221;4.16&#8243; global_colors_info=&#8221;{}&#8221;][\/et_pb_wc_price][et_pb_wc_description _builder_version=&#8221;4.16&#8243; global_colors_info=&#8221;{}&#8221;][\/et_pb_wc_description][et_pb_wc_add_to_cart _builder_version=&#8221;4.16&#8243; global_colors_info=&#8221;{}&#8221;][\/et_pb_wc_add_to_cart][et_pb_wc_meta _builder_version=&#8221;4.16&#8243; global_colors_info=&#8221;{}&#8221;][\/et_pb_wc_meta][\/et_pb_column][\/et_pb_row][et_pb_row column_structure=&#8221;1_3,1_3,1_3&#8243; _builder_version=&#8221;4.27.5&#8243; _module_preset=&#8221;default&#8221; global_colors_info=&#8221;{}&#8221;][et_pb_column type=&#8221;1_3&#8243; _builder_version=&#8221;4.27.5&#8243; _module_preset=&#8221;default&#8221; global_colors_info=&#8221;{}&#8221;][et_pb_button button_text=&#8221;BIKE LEASING&#8221; _builder_version=&#8221;4.27.5&#8243; _module_preset=&#8221;default&#8221; global_colors_info=&#8221;{}&#8221;][\/et_pb_button][\/et_pb_column][et_pb_column type=&#8221;1_3&#8243; _builder_version=&#8221;4.27.5&#8243; _module_preset=&#8221;default&#8221; global_colors_info=&#8221;{}&#8221;][et_pb_button button_text=&#8221;FINANZIERUNG&#8221; _builder_version=&#8221;4.27.5&#8243; _module_preset=&#8221;default&#8221; global_colors_info=&#8221;{}&#8221;][\/et_pb_button][\/et_pb_column][et_pb_column type=&#8221;1_3&#8243; _builder_version=&#8221;4.27.5&#8243; _module_preset=&#8221;default&#8221; global_colors_info=&#8221;{}&#8221;][et_pb_button button_text=&#8221;VERSICHERUNG&#8221; _builder_version=&#8221;4.27.5&#8243; _module_preset=&#8221;default&#8221; global_colors_info=&#8221;{}&#8221;][\/et_pb_button][\/et_pb_column][\/et_pb_row][et_pb_row _builder_version=&#8221;4.16&#8243; background_size=&#8221;initial&#8221; background_position=&#8221;top_left&#8221; background_repeat=&#8221;repeat&#8221; width=&#8221;100%&#8221; global_colors_info=&#8221;{}&#8221;][et_pb_column type=&#8221;4_4&#8243; _builder_version=&#8221;4.16&#8243; custom_padding=&#8221;|||&#8221; global_colors_info=&#8221;{}&#8221; custom_padding__hover=&#8221;|||&#8221;][et_pb_wc_tabs _builder_version=&#8221;4.16&#8243; global_colors_info=&#8221;{}&#8221;] [\/et_pb_wc_tabs][et_pb_wc_upsells _builder_version=&#8221;4.16&#8243; global_colors_info=&#8221;{}&#8221;][\/et_pb_wc_upsells][et_pb_wc_related_products _builder_version=&#8221;4.16&#8243; global_colors_info=&#8221;{}&#8221;][\/et_pb_wc_related_products][\/et_pb_column][\/et_pb_row][\/et_pb_section]<\/p>\n","protected":false},"excerpt":{"rendered":"<p>2019 eroberte das \u00c1spero die Gravel-Welt im Sturm und l\u00e4utete eine \u201eneue \u00c4ra der Geschwindigkeit im Gravel-Bereich\u201c ein. Spa\u00dfig, aber kompromisslos schnell. Das neue \u00c1spero bleibt seinem urspr\u00fcnglichen Konzept treu, bietet aber einige Verbesserungen: ein geschraubtes Tretlagergeh\u00e4use, eine sauberere Kabelf\u00fchrung und ein UDH-kompatibles Schaltauge f\u00fcr alle, die SRAM Transmission-Antriebe nutzen m\u00f6chten. Und nat\u00fcrlich ist es aerodynamischer. Beim \u00c1spero geht es bei der Aerodynamik weniger um reine Geschwindigkeit durch weniger Luftwiderstand, sondern vielmehr um Kraftersparnis. Nach einem langen Tag im Gegenwind summieren sich die drei Watt Ersparnis gegen\u00fcber dem Vorg\u00e4ngermodell vielleicht zu einem Energiegel weniger, das dein Magen verdauen muss \u2013 ES LOHNT SICH.     <\/p>\n<p><strong> <\/strong><\/p>\n<p><strong> <\/strong><\/p>\n<p><strong> <\/strong><\/p>\n<p>&nbsp;<\/p>\n","protected":false},"featured_media":11665,"template":"","meta":{"_et_pb_use_builder":"on","_et_pb_old_content":"<ul>\n \t<li>Gewicht \u2013 9,13<\/li>\n \t<li>Gabel \u2013 Cervelo Aspero Gabel<\/li>\n \t<li>Lenker \u2013 Zipp Service Course<\/li>\n \t<li>Gr\u00f6\u00dfe 48 \u2013 36 cm\nGr\u00f6\u00dfe 51 \u2013 38 cm\nGr\u00f6\u00dfe 54 \u2013 40 cm\nGr\u00f6\u00dfe 56 \u2013 40 cm\nGr\u00f6\u00dfe 58 \u2013 42 cm\nGr\u00f6\u00dfe 61 \u2013 42 cm<\/li>\n \t<li>Vorbau \u2013 Cervelo ST36 Alloy<\/li>\n \t<li>Sattelst\u00fctze \u2013 Cervelo Alloy 27,2<\/li>\n \t<li>Sattel \u2013 Cervelo<\/li>\n \t<li>Innenlager \u2013 Sram DUB Wide<\/li>\n \t<li>Steuersatz \u2013 FSA<\/li>\n \t<li>Laufradsatz \u2013 Alexrims GX 7 \u2013 tubeless ready<\/li>\n \t<li>WTB Vulpine 700 x 45 mm<\/li>\n \t<li>Brems-\/Schalthebel \u2013 Apex D1<\/li>\n \t<li>Kurbel \u2013 Sram Apex<\/li>\n \t<li>Gr\u00f6\u00dfe 48 \u2013 165 mm SRAM, 170 mm Shimano\nGr\u00f6\u00dfe 51 \u2013 165 mm SRAM, 170 mm Shimano\nGr\u00f6\u00dfe 54 \u2013 170 mm\nGr\u00f6\u00dfe 56 \u2013 170 mm\nGr\u00f6\u00dfe 58 \u2013 172,5 mm\nGr\u00f6\u00dfe 61 \u2013 172,5 mm<\/li>\n \t<li>Kette \u2013 Apex D1<\/li>\n \t<li>Kassette \u2013 Sram XPLR 11\u201344 \u2013 12-fach<\/li>\n \t<li>Schaltwerk \u2013 Sram Apex XPLR D1<\/li>\n \t<li>Bremsscheiben \u2013 Centerline 6-Loch<\/li>\n<\/ul>\n\u00a0","_et_gb_content_width":"","om_disable_all_campaigns":false,"_monsterinsights_skip_tracking":false,"_monsterinsights_sitenote_active":false,"_monsterinsights_sitenote_note":"","_monsterinsights_sitenote_category":0},"pwb-brand":[],"product_brand":[],"product_cat":[140,949],"product_tag":[950],"class_list":{"0":"post-11681","1":"product","2":"type-product","3":"status-publish","4":"has-post-thumbnail","6":"product_cat-angebot","7":"product_cat-cervelo-gravel","8":"product_tag-cervelo-gravel","10":"first","11":"instock","12":"taxable","13":"shipping-taxable","14":"purchasable","15":"product-type-variable"},"aioseo_notices":[],"brands":[],"_links":{"self":[{"href":"https:\/\/gravel-bikes.cc\/de\/wp-json\/wp\/v2\/product\/11681","targetHints":{"allow":["GET"]}}],"collection":[{"href":"https:\/\/gravel-bikes.cc\/de\/wp-json\/wp\/v2\/product"}],"about":[{"href":"https:\/\/gravel-bikes.cc\/de\/wp-json\/wp\/v2\/types\/product"}],"wp:featuredmedia":[{"embeddable":true,"href":"https:\/\/gravel-bikes.cc\/de\/wp-json\/wp\/v2\/media\/11665"}],"wp:attachment":[{"href":"https:\/\/gravel-bikes.cc\/de\/wp-json\/wp\/v2\/media?parent=11681"}],"wp:term":[{"taxonomy":"pwb-brand","embeddable":true,"href":"https:\/\/gravel-bikes.cc\/de\/wp-json\/wp\/v2\/pwb-brand?post=11681"},{"taxonomy":"product_brand","embeddable":true,"href":"https:\/\/gravel-bikes.cc\/de\/wp-json\/wp\/v2\/product_brand?post=11681"},{"taxonomy":"product_cat","embeddable":true,"href":"https:\/\/gravel-bikes.cc\/de\/wp-json\/wp\/v2\/product_cat?post=11681"},{"taxonomy":"product_tag","embeddable":true,"href":"https:\/\/gravel-bikes.cc\/de\/wp-json\/wp\/v2\/product_tag?post=11681"}],"curies":[{"name":"wp","href":"https:\/\/api.w.org\/{rel}","templated":true}]}}