{"id":11737,"date":"2026-04-29T05:56:13","date_gmt":"2026-04-29T05:56:13","guid":{"rendered":"https:\/\/gravel-bikes.cc\/produkt\/abus-bordo-one-6000\/"},"modified":"2026-04-29T05:56:13","modified_gmt":"2026-04-29T05:56:13","slug":"abus-bordo-one-6000","status":"publish","type":"product","link":"https:\/\/gravel-bikes.cc\/de\/produkt\/abus-bordo-one-6000\/","title":{"rendered":"ABUS BORDO One 6000"},"content":{"rendered":"<h1 class=\"hyphenate\">BORDO\u2122 One 6000A<\/h1>\n<p>Das smarte BORDO\u2122 One 6000A bietet alles, was seinen bew\u00e4hrten gro\u00dfen Bruder 6500A auszeichnet: die Kombination aus innovativer Technologie mit maximaler Flexibilit\u00e4t und mechanischer Sicherheit.<\/p>\n","protected":false},"excerpt":{"rendered":"<h3 class=\"like-h2\">SMART IST SICHER<\/h3>\n<div class=\"copy\"><span class=\"copy--bold\">Genie\u00dfe die Vorteile der innovativen SmartX-Technologie und verwandle dein Smartphone in einen Schl\u00fcssel: immer dabei, leicht zu finden und einfach zu bedienen.<\/span><\/div>\n<div class=\"copy\">Dank der Integration in die ABUS One App und der bew\u00e4hrten ABUS SmartX\u2122 Bluetooth-Technologie ist die Bedienung des Fahrradschlosses komplett schl\u00fcssellos.<\/div>\n<div class=\"copy\">Kombiniert mit dem 100 dB lauten Alarm zur Abschreckung von Fahrraddieben bietet es dir ein hohes Ma\u00df an Sicherheit f\u00fcr hochwertige E-Bikes und Lastenr\u00e4der.<\/div>\n<div class=\"copy\">F\u00fcr alle, die es weniger smart, aber dennoch komfortabel m\u00f6gen, kann das BORDO\u2122 One 6000A optional mit der Fernbedienung bedient werden. In der RC-Variante (RC = Remote Control) ist diese im Lieferumfang enthalten; f\u00fcr die anderen Varianten ist die Fernbedienung separat erh\u00e4ltlich. <\/div>\n","protected":false},"featured_media":11738,"template":"","meta":{"_et_pb_use_builder":"","_et_pb_old_content":"","_et_gb_content_width":"","om_disable_all_campaigns":false,"_monsterinsights_skip_tracking":false,"_monsterinsights_sitenote_active":false,"_monsterinsights_sitenote_note":"","_monsterinsights_sitenote_category":0},"pwb-brand":[],"product_brand":[],"product_cat":[619,384],"product_tag":[970],"class_list":{"0":"post-11737","1":"product","2":"type-product","3":"status-publish","4":"has-post-thumbnail","6":"product_cat-abus-schlosser","7":"product_cat-nicht-kategorisiert-2","8":"product_tag-abus-schloss","10":"first","11":"instock","12":"taxable","13":"shipping-taxable","14":"product-type-simple"},"aioseo_notices":[],"df_price":"","df_sale_price":"","df_regular_price":"","df_image_link":"https:\/\/gravel-bikes.cc\/wp-content\/uploads\/2026\/04\/97338_BORDO_6000A_SMART-X_FOOTPRINT_abus_640-114x300.png","brands":[],"_links":{"self":[{"href":"https:\/\/gravel-bikes.cc\/de\/wp-json\/wp\/v2\/product\/11737","targetHints":{"allow":["GET"]}}],"collection":[{"href":"https:\/\/gravel-bikes.cc\/de\/wp-json\/wp\/v2\/product"}],"about":[{"href":"https:\/\/gravel-bikes.cc\/de\/wp-json\/wp\/v2\/types\/product"}],"wp:featuredmedia":[{"embeddable":true,"href":"https:\/\/gravel-bikes.cc\/de\/wp-json\/wp\/v2\/media\/11738"}],"wp:attachment":[{"href":"https:\/\/gravel-bikes.cc\/de\/wp-json\/wp\/v2\/media?parent=11737"}],"wp:term":[{"taxonomy":"pwb-brand","embeddable":true,"href":"https:\/\/gravel-bikes.cc\/de\/wp-json\/wp\/v2\/pwb-brand?post=11737"},{"taxonomy":"product_brand","embeddable":true,"href":"https:\/\/gravel-bikes.cc\/de\/wp-json\/wp\/v2\/product_brand?post=11737"},{"taxonomy":"product_cat","embeddable":true,"href":"https:\/\/gravel-bikes.cc\/de\/wp-json\/wp\/v2\/product_cat?post=11737"},{"taxonomy":"product_tag","embeddable":true,"href":"https:\/\/gravel-bikes.cc\/de\/wp-json\/wp\/v2\/product_tag?post=11737"}],"curies":[{"name":"wp","href":"https:\/\/api.w.org\/{rel}","templated":true}]}}