{"id":11743,"date":"2026-04-29T05:59:28","date_gmt":"2026-04-29T05:59:28","guid":{"rendered":"https:\/\/gravel-bikes.cc\/produkt\/abus-bordo-6200k-2\/"},"modified":"2026-04-29T05:59:28","modified_gmt":"2026-04-29T05:59:28","slug":"abus-bordo-6200k-2","status":"publish","type":"product","link":"https:\/\/gravel-bikes.cc\/de\/produkt\/abus-bordo-6200k-2\/","title":{"rendered":"ABUS BORDO 6200K"},"content":{"rendered":"<h3 class=\"like-h2\"><span class=\"top-line\">BORDO\u2122 6200K<\/span>SICHER, PRAKTISCH, FLEXIBEL<\/h3>\n<div class=\"copy\"><span class=\"copy--bold\">Schlie\u00df dein wertvolles Bike nicht nur sicher, sondern auch bequem ab: Mit dem BORDO 6200K findest du schnell einen geeigneten Platz zum Anschlie\u00dfen \u2013 selbst sperrige Objekte k\u00f6nnen genutzt werden.<\/span><\/div>\n<div class=\"copy\">Ein Grund daf\u00fcr ist der gro\u00dfe Schlie\u00dfumfang von 94 cm oder sogar 127 cm \u2013 je nach Variante. Ein weiterer Grund ist die Flexibilit\u00e4t dieses Faltschlosses, die durch den drehbaren Schlossk\u00f6rper erm\u00f6glicht wird. So kannst du die \u00d6ffnung f\u00fcr den Schlie\u00dfb\u00fcgel dorthin drehen, wo du sie brauchst.  <\/div>\n<div class=\"copy\">Zum Transport klappst du das Schloss wie einen Zollstock auf kompakte Gr\u00f6\u00dfe zusammen. Dann verstaust du es in der mitgelieferten Schlosshalterung, die sich einfach am Fahrradrahmen montieren l\u00e4sst. Als besonders praktisches Feature gibt es in der Halterung ein Fach zur Aufbewahrung des Schl\u00fcssels, und das Schloss l\u00e4sst sich durch Druck auf die St\u00e4be einfach in die Halterung einrasten \u2013 schnell und ohne eingeklemmte Finger. Die Halterung des Bordo 6200K\/120 verf\u00fcgt zudem \u00fcber ein Aufbewahrungsfach f\u00fcr einen AirTag* oder SmartTag**. Diese erm\u00f6glichen die Ortung des Schlosses oder Bikes.    <\/div>\n<div class=\"copy\">Das 6200K\/120 hat au\u00dferdem eine Transportposition und eine Schlie\u00dfposition. Das bedeutet, es gibt zwei Einsteckm\u00f6glichkeiten im Schlossk\u00f6rper: Die \u00e4u\u00dfere ist nur f\u00fcr den Transport geeignet, w\u00e4hrend die innere zum Verriegeln des Schlosses dient. <\/div>\n<div class=\"copy\">Der ABUS XPlus-Zylinder und die robusten St\u00e4be aus geh\u00e4rtetem Stahl mit zus\u00e4tzlicher Profilierung sorgen f\u00fcr die hohe Sicherheit des BORDO 6200K, das in Deutschland gefertigt wird. Stahlscheiben sch\u00fctzen die Nieten vor Angriffen mit S\u00e4gen. Die St\u00e4be sind beschichtet, um das Rad vor Lacksch\u00e4den zu sch\u00fctzen.  <\/div>\n","protected":false},"excerpt":{"rendered":"<h1 class=\"hyphenate\">BORDO\u2122 6200K<\/h1>\n<p>Erlebe, wie flexibel Sicherheit sein kann: Der robuste Schlossk\u00f6rper dieses Faltschlosses l\u00e4sst sich um 360\u00b0 drehen. Das erm\u00f6glicht einen besonders gro\u00dfen Bewegungsradius beim Anschlie\u00dfen des Bikes an ein Objekt. <\/p>\n","protected":false},"featured_media":0,"template":"","meta":{"_et_pb_use_builder":"","_et_pb_old_content":"","_et_gb_content_width":"","om_disable_all_campaigns":false,"_monsterinsights_skip_tracking":false,"_monsterinsights_sitenote_active":false,"_monsterinsights_sitenote_note":"","_monsterinsights_sitenote_category":0},"pwb-brand":[],"product_brand":[],"product_cat":[619],"product_tag":[],"class_list":{"0":"post-11743","1":"product","2":"type-product","3":"status-publish","5":"product_cat-abus-schlosser","7":"first","8":"instock","9":"taxable","10":"shipping-taxable","11":"product-type-simple"},"aioseo_notices":[],"df_price":"","df_sale_price":"","df_regular_price":"","df_image_link":"https:\/\/gravel-bikes.cc\/wp-content\/uploads\/woocommerce-placeholder-300x300.webp","brands":[],"_links":{"self":[{"href":"https:\/\/gravel-bikes.cc\/de\/wp-json\/wp\/v2\/product\/11743","targetHints":{"allow":["GET"]}}],"collection":[{"href":"https:\/\/gravel-bikes.cc\/de\/wp-json\/wp\/v2\/product"}],"about":[{"href":"https:\/\/gravel-bikes.cc\/de\/wp-json\/wp\/v2\/types\/product"}],"wp:attachment":[{"href":"https:\/\/gravel-bikes.cc\/de\/wp-json\/wp\/v2\/media?parent=11743"}],"wp:term":[{"taxonomy":"pwb-brand","embeddable":true,"href":"https:\/\/gravel-bikes.cc\/de\/wp-json\/wp\/v2\/pwb-brand?post=11743"},{"taxonomy":"product_brand","embeddable":true,"href":"https:\/\/gravel-bikes.cc\/de\/wp-json\/wp\/v2\/product_brand?post=11743"},{"taxonomy":"product_cat","embeddable":true,"href":"https:\/\/gravel-bikes.cc\/de\/wp-json\/wp\/v2\/product_cat?post=11743"},{"taxonomy":"product_tag","embeddable":true,"href":"https:\/\/gravel-bikes.cc\/de\/wp-json\/wp\/v2\/product_tag?post=11743"}],"curies":[{"name":"wp","href":"https:\/\/api.w.org\/{rel}","templated":true}]}}