{"id":1197,"date":"2025-12-11T17:54:42","date_gmt":"2025-12-11T17:54:42","guid":{"rendered":"https:\/\/gravel-bikes.cc\/produkt\/pearl-gravel-grit-ekar\/"},"modified":"2025-12-22T17:05:38","modified_gmt":"2025-12-22T17:05:38","slug":"pearl-gravel-grit-ekar","status":"publish","type":"product","link":"https:\/\/gravel-bikes.cc\/de\/produkt\/pearl-gravel-grit-ekar\/","title":{"rendered":"Pearl GRAVEL GRIT Ekar"},"content":{"rendered":"<p>[et_pb_section fb_built=&#8221;1&#8243; _builder_version=&#8221;4.16&#8243; custom_padding=&#8221;0px||||false|false&#8221; global_colors_info=&#8221;{}&#8221;][et_pb_row _builder_version=&#8221;4.16&#8243; background_size=&#8221;initial&#8221; background_position=&#8221;top_left&#8221; background_repeat=&#8221;repeat&#8221; width=&#8221;100%&#8221; custom_padding=&#8221;0px||0px||false|false&#8221; global_colors_info=&#8221;{}&#8221;][et_pb_column type=&#8221;4_4&#8243; _builder_version=&#8221;4.16&#8243; custom_padding=&#8221;|||&#8221; global_colors_info=&#8221;{}&#8221; custom_padding__hover=&#8221;|||&#8221;][et_pb_wc_breadcrumb _builder_version=&#8221;4.16&#8243; global_colors_info=&#8221;{}&#8221;][\/et_pb_wc_breadcrumb][et_pb_wc_cart_notice _builder_version=&#8221;4.16&#8243; global_colors_info=&#8221;{}&#8221;][\/et_pb_wc_cart_notice][\/et_pb_column][\/et_pb_row][et_pb_row column_structure=&#8221;1_2,1_2&#8243; _builder_version=&#8221;4.16&#8243; background_size=&#8221;initial&#8221; background_position=&#8221;top_left&#8221; background_repeat=&#8221;repeat&#8221; width=&#8221;100%&#8221; custom_padding=&#8221;0px||||false|false&#8221; global_colors_info=&#8221;{}&#8221;][et_pb_column type=&#8221;1_2&#8243; _builder_version=&#8221;4.16&#8243; custom_padding=&#8221;|||&#8221; global_colors_info=&#8221;{}&#8221; custom_padding__hover=&#8221;|||&#8221;][et_pb_wc_images _builder_version=&#8221;4.16&#8243; global_colors_info=&#8221;{}&#8221;][\/et_pb_wc_images][et_pb_image _builder_version=&#8221;4.27.5&#8243; _module_preset=&#8221;default&#8221; global_colors_info=&#8221;{}&#8221;][\/et_pb_image][\/et_pb_column][et_pb_column type=&#8221;1_2&#8243; _builder_version=&#8221;4.16&#8243; custom_padding=&#8221;|||&#8221; global_colors_info=&#8221;{}&#8221; custom_padding__hover=&#8221;|||&#8221;][et_pb_wc_title _builder_version=&#8221;4.16&#8243; global_colors_info=&#8221;{}&#8221;][\/et_pb_wc_title][et_pb_wc_rating _builder_version=&#8221;4.16&#8243; global_colors_info=&#8221;{}&#8221;][\/et_pb_wc_rating][et_pb_wc_price _builder_version=&#8221;4.16&#8243; global_colors_info=&#8221;{}&#8221;][\/et_pb_wc_price][et_pb_wc_description _builder_version=&#8221;4.16&#8243; global_colors_info=&#8221;{}&#8221;][\/et_pb_wc_description][et_pb_wc_add_to_cart _builder_version=&#8221;4.16&#8243; global_colors_info=&#8221;{}&#8221;][\/et_pb_wc_add_to_cart][et_pb_wc_meta _builder_version=&#8221;4.16&#8243; global_colors_info=&#8221;{}&#8221;][\/et_pb_wc_meta][\/et_pb_column][\/et_pb_row][et_pb_row _builder_version=&#8221;4.16&#8243; background_size=&#8221;initial&#8221; background_position=&#8221;top_left&#8221; background_repeat=&#8221;repeat&#8221; width=&#8221;100%&#8221; global_colors_info=&#8221;{}&#8221;][et_pb_column type=&#8221;4_4&#8243; _builder_version=&#8221;4.16&#8243; custom_padding=&#8221;|||&#8221; global_colors_info=&#8221;{}&#8221; custom_padding__hover=&#8221;|||&#8221;][et_pb_wc_tabs _builder_version=&#8221;4.16&#8243; global_colors_info=&#8221;{}&#8221;] [\/et_pb_wc_tabs][et_pb_wc_upsells _builder_version=&#8221;4.16&#8243; global_colors_info=&#8221;{}&#8221;][\/et_pb_wc_upsells][et_pb_wc_related_products _builder_version=&#8221;4.16&#8243; global_colors_info=&#8221;{}&#8221;][\/et_pb_wc_related_products][\/et_pb_column][\/et_pb_row][\/et_pb_section]<\/p>\n","protected":false},"excerpt":{"rendered":"<p>Pearl Gravel Grit Integriert<\/p>\n<p>Die Inter-Version verf\u00fcgt \u00fcber vollst\u00e4ndig integrierte Kabel, die durch den Carbonlenker verlaufen. Der \u201eINTER\u201c-Rahmen hat ein UDH-Schaltauge hinten und ein T47-Tretlager, was mehr Steifigkeit bietet. <\/p>\n<p>PEARL Gravel GRIT-Rahmen werden in Italien von Handwerkern gefertigt. Unsere Rahmen werden mit Dedaccia 7003-Legierung geschwei\u00dft, w\u00e4rmebehandelt und glatt geschwei\u00dft und sind leichter, steifer und zuverl\u00e4ssiger als die der Konkurrenz. Der Gravel-Aluminiumrahmen wurde entwickelt, um der beste Aluminium-Gravelrahmen auf dem Markt zu sein. Wir haben uns f\u00fcr eine Dedacciai-Legierung entschieden, die leichter, steifer und haltbarer ist als herk\u00f6mmliche Aluminiumrohre. In Kombination mit Fulcrum-Laufr\u00e4dern und hydraulischen Shimano GRX-Bremsen bieten wir das beste Gewichts- und Kraft\u00fcbertragungsverh\u00e4ltnis auf Ihrem Fahrrad.    <\/p>\n<p>&nbsp;<\/p>\n<p>&nbsp;<\/p>\n<p>&nbsp;<\/p>\n","protected":false},"featured_media":147,"template":"","meta":{"_et_pb_use_builder":"on","_et_pb_old_content":"<strong>Technische FEATURES<\/strong>\n<ul>\n \t<li>In Italien von Handwerkern geschwei\u00dft. Dedacciai 7003. <\/li>\n \t<li>Vollcarbongabel mit Bikepacking-Befestigungen.<\/li>\n \t<li>Interne Kabelf\u00fchrung f\u00fcr weniger Wartung<\/li>\n \t<li>T 47 Tretlager mit \u00fcbergro\u00dfem Tretlagerdurchmesser, das die Kraft\u00fcbertragung optimiert.<\/li>\n \t<li>47 \u2013 55 mm Reifenfreiheit<\/li>\n \t<li>12-mm-Achsen erh\u00f6hen die Steifigkeit des Laufrads im Vergleich zu einem normalen Schnellspanner.<\/li>\n \t<li>Breite Vollcarbon-Gravel-Gabel und Gabelschaft erh\u00f6hen die Steifigkeit des vorderen Rahmenteils.<\/li>\n \t<li>Passend f\u00fcr Schutzbleche, Gep\u00e4cktr\u00e4ger und alle Bikepacking-Taschen.<\/li>\n<\/ul>\n\u00a0\n\n<strong>Laufr\u00e4der <\/strong>\n<ul>\n \t<li>Fulcrum DB 900<\/li>\n \t<li>Hergestellt in Italien<\/li>\n \t<li>Tubeless Ready<\/li>\n \t<li>Unverw\u00fcstliche und wetterbest\u00e4ndige Industrielager<\/li>\n<\/ul>\n<strong>Schaltung<\/strong>\n<ul>\n \t<li>Mechanische Shimano GRX-Schaltung<\/li>\n \t<li>Hydraulische Shimano-Scheibenbremsen<\/li>\n<\/ul>\n\u00a0","_et_gb_content_width":"","om_disable_all_campaigns":false,"_monsterinsights_skip_tracking":false,"_monsterinsights_sitenote_active":false,"_monsterinsights_sitenote_note":"","_monsterinsights_sitenote_category":0},"pwb-brand":[],"product_brand":[],"product_cat":[139],"product_tag":[141],"class_list":{"0":"post-1197","1":"product","2":"type-product","3":"status-publish","4":"has-post-thumbnail","6":"product_cat-pearl-gravel","7":"product_tag-peal-adventure-grave","9":"first","10":"instock","11":"taxable","12":"shipping-taxable","13":"purchasable","14":"product-type-variable"},"aioseo_notices":[],"brands":[],"_links":{"self":[{"href":"https:\/\/gravel-bikes.cc\/de\/wp-json\/wp\/v2\/product\/1197","targetHints":{"allow":["GET"]}}],"collection":[{"href":"https:\/\/gravel-bikes.cc\/de\/wp-json\/wp\/v2\/product"}],"about":[{"href":"https:\/\/gravel-bikes.cc\/de\/wp-json\/wp\/v2\/types\/product"}],"wp:featuredmedia":[{"embeddable":true,"href":"https:\/\/gravel-bikes.cc\/de\/wp-json\/wp\/v2\/media\/147"}],"wp:attachment":[{"href":"https:\/\/gravel-bikes.cc\/de\/wp-json\/wp\/v2\/media?parent=1197"}],"wp:term":[{"taxonomy":"pwb-brand","embeddable":true,"href":"https:\/\/gravel-bikes.cc\/de\/wp-json\/wp\/v2\/pwb-brand?post=1197"},{"taxonomy":"product_brand","embeddable":true,"href":"https:\/\/gravel-bikes.cc\/de\/wp-json\/wp\/v2\/product_brand?post=1197"},{"taxonomy":"product_cat","embeddable":true,"href":"https:\/\/gravel-bikes.cc\/de\/wp-json\/wp\/v2\/product_cat?post=1197"},{"taxonomy":"product_tag","embeddable":true,"href":"https:\/\/gravel-bikes.cc\/de\/wp-json\/wp\/v2\/product_tag?post=1197"}],"curies":[{"name":"wp","href":"https:\/\/api.w.org\/{rel}","templated":true}]}}