{"id":12090,"date":"2026-05-03T18:51:43","date_gmt":"2026-05-03T18:51:43","guid":{"rendered":"https:\/\/gravel-bikes.cc\/?post_type=product&#038;p=12090"},"modified":"2026-05-03T19:05:17","modified_gmt":"2026-05-03T19:05:17","slug":"cervelo-asperio-gravel-bike-shimano-grx-612-copy","status":"publish","type":"product","link":"https:\/\/gravel-bikes.cc\/de\/produkt\/cervelo-asperio-gravel-bike-shimano-grx-612-copy\/","title":{"rendered":"3T Ultra 2"},"content":{"rendered":"<p>[et_pb_section fb_built=&#8221;1&#8243; _builder_version=&#8221;4.27.5&#8243; _module_preset=&#8221;default&#8221; global_colors_info=&#8221;{}&#8221;][et_pb_row _builder_version=&#8221;4.27.6&#8243; _module_preset=&#8221;default&#8221; global_colors_info=&#8221;{}&#8221;][et_pb_column type=&#8221;4_4&#8243; _builder_version=&#8221;4.27.5&#8243; _module_preset=&#8221;default&#8221; global_colors_info=&#8221;{}&#8221;][et_pb_image src=&#8221;https:\/\/gravel-bikes.cc\/wp-content\/uploads\/2026\/05\/b42ac3b3-a3d5-4654-8fc8-54bcac8ff064_1906x1882.webp&#8221; title_text=&#8221;b42ac3b3-a3d5-4654-8fc8-54bcac8ff064_1906x1882&#8243; _builder_version=&#8221;4.27.6&#8243; _module_preset=&#8221;default&#8221; global_colors_info=&#8221;{}&#8221;][\/et_pb_image][\/et_pb_column][\/et_pb_row][\/et_pb_section][et_pb_section fb_built=&#8221;1&#8243; _builder_version=&#8221;4.27.6&#8243; custom_padding=&#8221;0px||||false|false&#8221; global_colors_info=&#8221;{}&#8221;][et_pb_row _builder_version=&#8221;4.27.6&#8243; background_size=&#8221;initial&#8221; background_position=&#8221;top_left&#8221; background_repeat=&#8221;repeat&#8221; width=&#8221;100%&#8221; custom_padding=&#8221;0px||0px||false|false&#8221; global_colors_info=&#8221;{}&#8221;][et_pb_column type=&#8221;4_4&#8243; _builder_version=&#8221;4.27.6&#8243; custom_padding=&#8221;|||&#8221; global_colors_info=&#8221;{}&#8221; custom_padding__hover=&#8221;|||&#8221;][et_pb_wc_breadcrumb _builder_version=&#8221;4.16&#8243; global_colors_info=&#8221;{}&#8221;][\/et_pb_wc_breadcrumb][et_pb_wc_cart_notice _builder_version=&#8221;4.16&#8243; global_colors_info=&#8221;{}&#8221;][\/et_pb_wc_cart_notice][\/et_pb_column][\/et_pb_row][et_pb_row column_structure=&#8221;1_2,1_2&#8243; _builder_version=&#8221;4.16&#8243; background_size=&#8221;initial&#8221; background_position=&#8221;top_left&#8221; background_repeat=&#8221;repeat&#8221; width=&#8221;100%&#8221; custom_padding=&#8221;0px||||false|false&#8221; global_colors_info=&#8221;{}&#8221;][et_pb_column type=&#8221;1_2&#8243; _builder_version=&#8221;4.16&#8243; custom_padding=&#8221;|||&#8221; global_colors_info=&#8221;{}&#8221; custom_padding__hover=&#8221;|||&#8221;][et_pb_wc_images _builder_version=&#8221;4.16&#8243; global_colors_info=&#8221;{}&#8221;][\/et_pb_wc_images][et_pb_image src=&#8221;https:\/\/gravel-bikes.cc\/wp-content\/uploads\/2026\/05\/3T-Ultra-2-Glicine-19.jpg&#8221; title_text=&#8221;3T-Ultra-2-Glicine-19&#8243; _builder_version=&#8221;4.27.6&#8243; _module_preset=&#8221;default&#8221; global_colors_info=&#8221;{}&#8221;][\/et_pb_image][\/et_pb_column][et_pb_column type=&#8221;1_2&#8243; _builder_version=&#8221;4.16&#8243; custom_padding=&#8221;|||&#8221; global_colors_info=&#8221;{}&#8221; custom_padding__hover=&#8221;|||&#8221;][et_pb_wc_title _builder_version=&#8221;4.16&#8243; global_colors_info=&#8221;{}&#8221;][\/et_pb_wc_title][et_pb_wc_rating _builder_version=&#8221;4.16&#8243; global_colors_info=&#8221;{}&#8221;][\/et_pb_wc_rating][et_pb_wc_price _builder_version=&#8221;4.16&#8243; global_colors_info=&#8221;{}&#8221;][\/et_pb_wc_price][et_pb_wc_description _builder_version=&#8221;4.16&#8243; global_colors_info=&#8221;{}&#8221;][\/et_pb_wc_description][et_pb_wc_add_to_cart _builder_version=&#8221;4.16&#8243; global_colors_info=&#8221;{}&#8221;][\/et_pb_wc_add_to_cart][et_pb_wc_meta _builder_version=&#8221;4.16&#8243; global_colors_info=&#8221;{}&#8221;][\/et_pb_wc_meta][\/et_pb_column][\/et_pb_row][et_pb_row column_structure=&#8221;1_3,1_3,1_3&#8243; _builder_version=&#8221;4.27.5&#8243; _module_preset=&#8221;default&#8221; global_colors_info=&#8221;{}&#8221;][et_pb_column type=&#8221;1_3&#8243; _builder_version=&#8221;4.27.5&#8243; _module_preset=&#8221;default&#8221; global_colors_info=&#8221;{}&#8221;][et_pb_button button_text=&#8221;BIKE LEASING&#8221; _builder_version=&#8221;4.27.5&#8243; _module_preset=&#8221;default&#8221; global_colors_info=&#8221;{}&#8221;][\/et_pb_button][\/et_pb_column][et_pb_column type=&#8221;1_3&#8243; _builder_version=&#8221;4.27.5&#8243; _module_preset=&#8221;default&#8221; global_colors_info=&#8221;{}&#8221;][et_pb_button button_text=&#8221;FINANZIERUNG&#8221; _builder_version=&#8221;4.27.5&#8243; _module_preset=&#8221;default&#8221; global_colors_info=&#8221;{}&#8221;][\/et_pb_button][\/et_pb_column][et_pb_column type=&#8221;1_3&#8243; _builder_version=&#8221;4.27.5&#8243; _module_preset=&#8221;default&#8221; global_colors_info=&#8221;{}&#8221;][et_pb_button button_text=&#8221;VERSICHERUNG&#8221; _builder_version=&#8221;4.27.5&#8243; _module_preset=&#8221;default&#8221; global_colors_info=&#8221;{}&#8221;][\/et_pb_button][\/et_pb_column][\/et_pb_row][et_pb_row _builder_version=&#8221;4.16&#8243; background_size=&#8221;initial&#8221; background_position=&#8221;top_left&#8221; background_repeat=&#8221;repeat&#8221; width=&#8221;100%&#8221; global_colors_info=&#8221;{}&#8221;][et_pb_column type=&#8221;4_4&#8243; _builder_version=&#8221;4.16&#8243; custom_padding=&#8221;|||&#8221; global_colors_info=&#8221;{}&#8221; custom_padding__hover=&#8221;|||&#8221;][et_pb_wc_tabs _builder_version=&#8221;4.16&#8243; global_colors_info=&#8221;{}&#8221;] [\/et_pb_wc_tabs][et_pb_wc_upsells _builder_version=&#8221;4.16&#8243; global_colors_info=&#8221;{}&#8221;][\/et_pb_wc_upsells][et_pb_wc_related_products _builder_version=&#8221;4.16&#8243; global_colors_info=&#8221;{}&#8221;][\/et_pb_wc_related_products][\/et_pb_column][\/et_pb_row][\/et_pb_section]<\/p>\n","protected":false},"excerpt":{"rendered":"<p>2019 eroberte das \u00c1spero die Gravel-Welt im Sturm und l\u00e4utete eine \u201eneue \u00c4ra der Geschwindigkeit im Gravel-Bereich\u201c ein. Spa\u00dfig, aber kompromisslos schnell. Das neue \u00c1spero bleibt seinem urspr\u00fcnglichen Konzept treu, bietet aber einige Verbesserungen: ein geschraubtes Tretlagergeh\u00e4use, eine sauberere Kabelf\u00fchrung und ein UDH-kompatibles Schaltauge f\u00fcr alle, die SRAM Transmission-Antriebe nutzen m\u00f6chten. Und nat\u00fcrlich ist es aerodynamischer. Beim \u00c1spero geht es bei der Aerodynamik weniger um reine Geschwindigkeit durch weniger Luftwiderstand, sondern vielmehr um Kraftersparnis. Nach einem langen Tag im Gegenwind summieren sich die drei Watt Ersparnis gegen\u00fcber dem Vorg\u00e4ngermodell vielleicht zu einem Energiegel weniger, das dein Magen verdauen muss \u2013 ES LOHNT SICH.     <\/p>\n<p><strong> <\/strong><\/p>\n<p><strong> <\/strong><\/p>\n<p><strong> <\/strong><\/p>\n<p>&nbsp;<\/p>\n","protected":false},"featured_media":12103,"template":"","meta":{"_et_pb_use_builder":"on","_et_pb_old_content":"<h3 class=\"micro-title\">ULTRA 2 ITALIA ~ GRX Di2 1x12<\/h3>\n<dl>\n \t<dt>RAHMEN Ultra\u00b2 ITALIA (UDH)<\/dt>\n \t<dt>RAHMENMATERIAL FUSION CARBON: Eine Hybridkonstruktion, die 3T's propriet\u00e4re Faserwickel- und Harztransferform (RTM)-Technologien mit ausgew\u00e4hlten Elementen der traditionellen Carbonherstellung kombiniert<\/dt>\n \t<dt>GABEL 3T Fango Ultra\u00b2<\/dt>\n \t<dt>STEUERSATZ Gedichtete Kartusche 52\/40 (45 Grad)<\/dt>\n \t<dt>STECKACHSE 100x12 vorne \u2013 142x12 (spezifisch f\u00fcr 3T UDH Ausfallende)<\/dt>\n \t<dt>LENKER 3T Superghiaia Integrale LTD (S&M: 40 cm \u2013 L&XL: 42 cm)<\/dt>\n \t<dt>LENKERBAND 3T Prendo Tough<\/dt>\n \t<dt>VORBAU 3T More\u00b2 \u2013 (S: 80 mm \u2013 M: 90 mm \u2013 L: 100 mm \u2013 XL: 110 mm)<\/dt>\n \t<dt>FLASCHENHALTER 3T CARBON SIDE LOAD (RECHTS) FLASCHENHALTER<\/dt>\n \t<dt>SCHALTWERK<\/dt>\n \t<dt>Shimano GRX Di2 RD-RX827 12-fach<\/dt>\n \t<dt>SCHALT-\/BREMSHEBEL Shimano GRX Di2 BL-RX820(L) + ST-RX825(R) 12s<\/dt>\n \t<dt>BREMSEN Shimano GRX BR-RX820 mit Shimano RT-CL800 160 mm Bremsscheiben<\/dt>\n \t<dt>KURBELSATZ Shimano GRX FC-RX820-1 40T (S: 165 mm, M: 170 mm \u2013 L&XL: 172,5 mm)<\/dt>\n \t<dt>KASSETTE Shimano Deore XT CS-M8200-12 10-51T<\/dt>\n \t<dt>LAUFRADSATZ Fulcrum Lite GR<\/dt>\n \t<dt>REIFEN Continental RaceKing\/Dubnital oder Terra Adventure*<\/dt>\n \t<dt>SATTELST\u00dcTZE 3T Carbon 27,2 mm runde Sattelst\u00fctze \u2013 Zero Offset<\/dt>\n \t<dt>Fizik VENTO Argo X5 140 mm<\/dt>\n<\/dl>","_et_gb_content_width":"","om_disable_all_campaigns":false,"_monsterinsights_skip_tracking":false,"_monsterinsights_sitenote_active":false,"_monsterinsights_sitenote_note":"","_monsterinsights_sitenote_category":0},"pwb-brand":[],"product_brand":[],"product_cat":[140,949],"product_tag":[950],"class_list":{"0":"post-12090","1":"product","2":"type-product","3":"status-publish","4":"has-post-thumbnail","6":"product_cat-angebot","7":"product_cat-cervelo-gravel","8":"product_tag-cervelo-gravel","10":"first","11":"instock","12":"taxable","13":"shipping-taxable","14":"purchasable","15":"product-type-variable"},"aioseo_notices":[],"df_price":2390,"df_sale_price":"","df_regular_price":2390,"df_image_link":"https:\/\/gravel-bikes.cc\/wp-content\/uploads\/2026\/05\/3T-ULTRA-2-ITALIA-GRX-DI2-2026-GLICINE_0e9bcbac-1b16-41c3-b405-b28c3b37b399-300x300.webp","brands":[],"_links":{"self":[{"href":"https:\/\/gravel-bikes.cc\/de\/wp-json\/wp\/v2\/product\/12090","targetHints":{"allow":["GET"]}}],"collection":[{"href":"https:\/\/gravel-bikes.cc\/de\/wp-json\/wp\/v2\/product"}],"about":[{"href":"https:\/\/gravel-bikes.cc\/de\/wp-json\/wp\/v2\/types\/product"}],"wp:featuredmedia":[{"embeddable":true,"href":"https:\/\/gravel-bikes.cc\/de\/wp-json\/wp\/v2\/media\/12103"}],"wp:attachment":[{"href":"https:\/\/gravel-bikes.cc\/de\/wp-json\/wp\/v2\/media?parent=12090"}],"wp:term":[{"taxonomy":"pwb-brand","embeddable":true,"href":"https:\/\/gravel-bikes.cc\/de\/wp-json\/wp\/v2\/pwb-brand?post=12090"},{"taxonomy":"product_brand","embeddable":true,"href":"https:\/\/gravel-bikes.cc\/de\/wp-json\/wp\/v2\/product_brand?post=12090"},{"taxonomy":"product_cat","embeddable":true,"href":"https:\/\/gravel-bikes.cc\/de\/wp-json\/wp\/v2\/product_cat?post=12090"},{"taxonomy":"product_tag","embeddable":true,"href":"https:\/\/gravel-bikes.cc\/de\/wp-json\/wp\/v2\/product_tag?post=12090"}],"curies":[{"name":"wp","href":"https:\/\/api.w.org\/{rel}","templated":true}]}}