{"id":1584,"date":"2025-12-13T17:56:32","date_gmt":"2025-12-13T17:56:32","guid":{"rendered":"https:\/\/gravel-bikes.cc\/produkt\/shimano-di2-akku-intern\/"},"modified":"2025-12-13T17:56:32","modified_gmt":"2025-12-13T17:56:32","slug":"shimano-di2-akku-intern","status":"publish","type":"product","link":"https:\/\/gravel-bikes.cc\/de\/produkt\/shimano-di2-akku-intern\/","title":{"rendered":"Shimano Di2 Akku intern"},"content":{"rendered":"","protected":false},"excerpt":{"rendered":"<p><strong>HIMANO Akku Lithium-Ion f\u00fcr Di2 | BT-DN300 intern | E-Tube Project<\/strong><\/p>\n<p>Der DN300 Akku besitzt die gleichen Abmessungen und Befestigungsmethode wie sein Vorg\u00e4ngermodell. Neu sind die SD300 Anschl\u00fcsse f\u00fcr die Shimano E-Tube Kabel der neuesten Generation. \u00dcber diese versorgt der Akku Umwerfer und Schaltwerk der Dura-Ace 9200 und Ultegra 8100 Schaltgruppen mit Strom. Neben den beiden Anschl\u00fcssen f\u00fcr Umwerfer und Schaltwerk kann ein dritter Anschluss zum komplett kabelgebundenen Betrieb der neuen Di2 Gruppen verwendet werden.   <\/p>\n","protected":false},"featured_media":749,"template":"","meta":{"_et_pb_use_builder":"","_et_pb_old_content":"","_et_gb_content_width":"","om_disable_all_campaigns":false,"_monsterinsights_skip_tracking":false,"_monsterinsights_sitenote_active":false,"_monsterinsights_sitenote_note":"","_monsterinsights_sitenote_category":0},"pwb-brand":[],"product_brand":[57],"product_cat":[182],"product_tag":[184],"class_list":{"0":"post-1584","1":"product","2":"type-product","3":"status-publish","4":"has-post-thumbnail","6":"product_brand-shimamo","7":"product_cat-shimano-di2","8":"product_tag-shimano-di2-akku","9":"product_shipping_class-kleinteile","11":"first","12":"instock","13":"sale","14":"taxable","15":"shipping-taxable","16":"purchasable","17":"product-type-simple"},"aioseo_notices":[],"brands":[],"_links":{"self":[{"href":"https:\/\/gravel-bikes.cc\/de\/wp-json\/wp\/v2\/product\/1584","targetHints":{"allow":["GET"]}}],"collection":[{"href":"https:\/\/gravel-bikes.cc\/de\/wp-json\/wp\/v2\/product"}],"about":[{"href":"https:\/\/gravel-bikes.cc\/de\/wp-json\/wp\/v2\/types\/product"}],"wp:featuredmedia":[{"embeddable":true,"href":"https:\/\/gravel-bikes.cc\/de\/wp-json\/wp\/v2\/media\/749"}],"wp:attachment":[{"href":"https:\/\/gravel-bikes.cc\/de\/wp-json\/wp\/v2\/media?parent=1584"}],"wp:term":[{"taxonomy":"pwb-brand","embeddable":true,"href":"https:\/\/gravel-bikes.cc\/de\/wp-json\/wp\/v2\/pwb-brand?post=1584"},{"taxonomy":"product_brand","embeddable":true,"href":"https:\/\/gravel-bikes.cc\/de\/wp-json\/wp\/v2\/product_brand?post=1584"},{"taxonomy":"product_cat","embeddable":true,"href":"https:\/\/gravel-bikes.cc\/de\/wp-json\/wp\/v2\/product_cat?post=1584"},{"taxonomy":"product_tag","embeddable":true,"href":"https:\/\/gravel-bikes.cc\/de\/wp-json\/wp\/v2\/product_tag?post=1584"}],"curies":[{"name":"wp","href":"https:\/\/api.w.org\/{rel}","templated":true}]}}