{"id":1588,"date":"2025-12-13T17:45:00","date_gmt":"2025-12-13T17:45:00","guid":{"rendered":"https:\/\/gravel-bikes.cc\/produkt\/campagnolo-ekar-schaltwerk-13-fach\/"},"modified":"2025-12-13T17:45:00","modified_gmt":"2025-12-13T17:45:00","slug":"campagnolo-ekar-schaltwerk-13-fach","status":"publish","type":"product","link":"https:\/\/gravel-bikes.cc\/de\/produkt\/campagnolo-ekar-schaltwerk-13-fach\/","title":{"rendered":"Campagnolo Ekar Schaltwerk 13-fach"},"content":{"rendered":"","protected":false},"excerpt":{"rendered":"<p><strong>CAMPAGNOLO Ekar Schaltwerk 13-fach<\/strong><\/p>\n<p>Das Ekar Schaltwerk ist eine komplette Neuentwicklung f\u00fcr Campagnolos Gravel-Gruppe. Die Geometrie des Schaltwerks wurde so konzipiert, dass das Schaltwerk mit seinem mittellangen K\u00e4fig perfekt mit den 3 verf\u00fcgbaren Ekar Kassetten harmoniert. Die vergr\u00f6\u00dferten Schaltwerksr\u00f6llchen mit 12 und 14 Z\u00e4hnen sorgen in Verbindung mit einem Vibrationsd\u00e4mpfer jederzeit f\u00fcr einen ruhigen und sicheren Kettenlauf. F\u00fcr einen einfachen Radwechsel kann das Schaltwerk \u00fcber eine K\u00e4figarretierung in vertikaler Position von der Federspannung entkoppelt werden. Das komplexe Schaltwerk besteht aus insgesamt 70 Einzelteilen aus Aluminium 7075, Aluminium 6082 und Carbon-Verbundmaterial. F\u00fcr die Schaltwerkschrauben verwendet Campagnolo Edelstahl f\u00fcr maximale Haltbarkeit.<\/p>\n","protected":false},"featured_media":741,"template":"","meta":{"_et_pb_use_builder":"","_et_pb_old_content":"","_et_gb_content_width":"","om_disable_all_campaigns":false,"_monsterinsights_skip_tracking":false,"_monsterinsights_sitenote_active":false,"_monsterinsights_sitenote_note":"","_monsterinsights_sitenote_category":0},"pwb-brand":[],"product_brand":[59],"product_cat":[187],"product_tag":[],"class_list":{"0":"post-1588","1":"product","2":"type-product","3":"status-publish","4":"has-post-thumbnail","6":"product_brand-campagnolo","7":"product_cat-campagnolo-schaltwerk","8":"product_shipping_class-kleinteile","10":"first","11":"instock","12":"sale","13":"taxable","14":"shipping-taxable","15":"purchasable","16":"product-type-simple"},"aioseo_notices":[],"brands":[],"_links":{"self":[{"href":"https:\/\/gravel-bikes.cc\/de\/wp-json\/wp\/v2\/product\/1588","targetHints":{"allow":["GET"]}}],"collection":[{"href":"https:\/\/gravel-bikes.cc\/de\/wp-json\/wp\/v2\/product"}],"about":[{"href":"https:\/\/gravel-bikes.cc\/de\/wp-json\/wp\/v2\/types\/product"}],"wp:featuredmedia":[{"embeddable":true,"href":"https:\/\/gravel-bikes.cc\/de\/wp-json\/wp\/v2\/media\/741"}],"wp:attachment":[{"href":"https:\/\/gravel-bikes.cc\/de\/wp-json\/wp\/v2\/media?parent=1588"}],"wp:term":[{"taxonomy":"pwb-brand","embeddable":true,"href":"https:\/\/gravel-bikes.cc\/de\/wp-json\/wp\/v2\/pwb-brand?post=1588"},{"taxonomy":"product_brand","embeddable":true,"href":"https:\/\/gravel-bikes.cc\/de\/wp-json\/wp\/v2\/product_brand?post=1588"},{"taxonomy":"product_cat","embeddable":true,"href":"https:\/\/gravel-bikes.cc\/de\/wp-json\/wp\/v2\/product_cat?post=1588"},{"taxonomy":"product_tag","embeddable":true,"href":"https:\/\/gravel-bikes.cc\/de\/wp-json\/wp\/v2\/product_tag?post=1588"}],"curies":[{"name":"wp","href":"https:\/\/api.w.org\/{rel}","templated":true}]}}