{"id":1697,"date":"2025-12-14T18:52:57","date_gmt":"2025-12-14T18:52:57","guid":{"rendered":"https:\/\/gravel-bikes.cc\/produkt\/maap-ascend-pro-regenjacke\/"},"modified":"2025-12-27T10:02:14","modified_gmt":"2025-12-27T10:02:14","slug":"maap-ascend-pro-regenjacke","status":"publish","type":"product","link":"https:\/\/gravel-bikes.cc\/de\/produkt\/maap-ascend-pro-regenjacke\/","title":{"rendered":"MAAP Ascend Pro Regenjacke"},"content":{"rendered":"","protected":false},"excerpt":{"rendered":"<p>Die Ascend Regenjacke bietet ultimativen Schutz vor Regen und Wind und liefert Leistung und Zuverl\u00e4ssigkeit, wenn du wei\u00dft, dass du mit schwierigen Bedingungen zu k\u00e4mpfen hast. Sie ist aus Sympatex\u00ae-Gewebe mit einer dreilagigen, laminierten Membran gefertigt und bietet eine au\u00dfergew\u00f6hnliche Wasserdichtigkeit von 45.000 mm sowie einen 100%igen Windschutz, der vor Ausk\u00fchlung sch\u00fctzt. <\/p>\n<p>Sympatex-Gewebe mit dreilagiger STX-Membran<br \/>\n45.000 mm Wasserdichtigkeit<br \/>\n0,4 RET Atmungsaktivit\u00e4t<br \/>\nWinddicht<br \/>\nThermo-versiegelte N\u00e4hte<br \/>\nYKK Aquaguard 2-Wege-Rei\u00dfverschluss<br \/>\nReflektierende Logo-Transfers<br \/>\nSichere, wasserdichte Brusttasche<br \/>\nElastischer Saum hinten mit Silikongripper<br \/>\nElastische \u00c4rmelb\u00fcndchen<br \/>\nVorgeformte \u00c4rmel f\u00fcr uneingeschr\u00e4nkte Bewegungsfreiheit<\/p>\n","protected":false},"featured_media":4059,"template":"","meta":{"_et_pb_use_builder":"","_et_pb_old_content":"","_et_gb_content_width":"","om_disable_all_campaigns":false,"_monsterinsights_skip_tracking":false,"_monsterinsights_sitenote_active":false,"_monsterinsights_sitenote_note":"","_monsterinsights_sitenote_category":0},"pwb-brand":[],"product_brand":[83],"product_cat":[242],"product_tag":[486],"class_list":{"0":"post-1697","1":"product","2":"type-product","3":"status-publish","4":"has-post-thumbnail","6":"product_brand-maap","7":"product_cat-maap","8":"product_tag-maap-bekleidung","9":"product_shipping_class-kleinteile","11":"first","12":"instock","13":"taxable","14":"shipping-taxable","15":"purchasable","16":"product-type-simple"},"aioseo_notices":[],"brands":[],"_links":{"self":[{"href":"https:\/\/gravel-bikes.cc\/de\/wp-json\/wp\/v2\/product\/1697","targetHints":{"allow":["GET"]}}],"collection":[{"href":"https:\/\/gravel-bikes.cc\/de\/wp-json\/wp\/v2\/product"}],"about":[{"href":"https:\/\/gravel-bikes.cc\/de\/wp-json\/wp\/v2\/types\/product"}],"wp:featuredmedia":[{"embeddable":true,"href":"https:\/\/gravel-bikes.cc\/de\/wp-json\/wp\/v2\/media\/4059"}],"wp:attachment":[{"href":"https:\/\/gravel-bikes.cc\/de\/wp-json\/wp\/v2\/media?parent=1697"}],"wp:term":[{"taxonomy":"pwb-brand","embeddable":true,"href":"https:\/\/gravel-bikes.cc\/de\/wp-json\/wp\/v2\/pwb-brand?post=1697"},{"taxonomy":"product_brand","embeddable":true,"href":"https:\/\/gravel-bikes.cc\/de\/wp-json\/wp\/v2\/product_brand?post=1697"},{"taxonomy":"product_cat","embeddable":true,"href":"https:\/\/gravel-bikes.cc\/de\/wp-json\/wp\/v2\/product_cat?post=1697"},{"taxonomy":"product_tag","embeddable":true,"href":"https:\/\/gravel-bikes.cc\/de\/wp-json\/wp\/v2\/product_tag?post=1697"}],"curies":[{"name":"wp","href":"https:\/\/api.w.org\/{rel}","templated":true}]}}