{"id":1710,"date":"2025-12-14T15:56:52","date_gmt":"2025-12-14T15:56:52","guid":{"rendered":"https:\/\/gravel-bikes.cc\/produkt\/blastwave-galaxy-2\/"},"modified":"2025-12-14T15:56:52","modified_gmt":"2025-12-14T15:56:52","slug":"blastwave-galaxy-2","status":"publish","type":"product","link":"https:\/\/gravel-bikes.cc\/de\/produkt\/blastwave-galaxy-2\/","title":{"rendered":"BLASTWAVE Galaxy"},"content":{"rendered":"","protected":false},"excerpt":{"rendered":"<p>Galaxy \u2013 Leistung, geschmiedet aus Schlichtheit<\/p>\n<p class=\"\">Pr\u00e4zisionsgefertigt mit der Galaxy-Ein-St\u00fcck-Formtechnologie der dritten Generation, verf\u00fcgt die Galaxy \u00fcber eine nahtlose Felgenstruktur ohne sekund\u00e4re Bohrungen, ohne Polieren und ohne Lack \u2013 nur rohe Kohlefaser, perfekt geformt.<\/p>\n<p>Ihre charakteristische Sternenmuster-Textur spiegelt sowohl Innovation als auch Minimalismus wider, direkt aus der Form geboren.<\/p>\n<p>Mit nur 1270 g ist die Galaxy ultraleicht und dennoch steif, was sie zu deinem idealen Laufradsatz f\u00fcr Anstiege, Sprints und alles dazwischen macht.<\/p>\n<p>Fahre pur. Fahre Galaxy. <\/p>\n","protected":false},"featured_media":825,"template":"","meta":{"_et_pb_use_builder":"","_et_pb_old_content":"","_et_gb_content_width":""},"pwb-brand":[],"product_brand":[75],"product_cat":[201],"product_tag":[],"class_list":{"0":"post-1710","1":"product","2":"type-product","3":"status-publish","4":"has-post-thumbnail","6":"product_brand-blastwave","7":"product_cat-laufrader","9":"first","10":"instock","11":"taxable","12":"shipping-taxable","13":"purchasable","14":"product-type-simple"},"aioseo_notices":[],"brands":[],"_links":{"self":[{"href":"https:\/\/gravel-bikes.cc\/de\/wp-json\/wp\/v2\/product\/1710","targetHints":{"allow":["GET"]}}],"collection":[{"href":"https:\/\/gravel-bikes.cc\/de\/wp-json\/wp\/v2\/product"}],"about":[{"href":"https:\/\/gravel-bikes.cc\/de\/wp-json\/wp\/v2\/types\/product"}],"wp:featuredmedia":[{"embeddable":true,"href":"https:\/\/gravel-bikes.cc\/de\/wp-json\/wp\/v2\/media\/825"}],"wp:attachment":[{"href":"https:\/\/gravel-bikes.cc\/de\/wp-json\/wp\/v2\/media?parent=1710"}],"wp:term":[{"taxonomy":"pwb-brand","embeddable":true,"href":"https:\/\/gravel-bikes.cc\/de\/wp-json\/wp\/v2\/pwb-brand?post=1710"},{"taxonomy":"product_brand","embeddable":true,"href":"https:\/\/gravel-bikes.cc\/de\/wp-json\/wp\/v2\/product_brand?post=1710"},{"taxonomy":"product_cat","embeddable":true,"href":"https:\/\/gravel-bikes.cc\/de\/wp-json\/wp\/v2\/product_cat?post=1710"},{"taxonomy":"product_tag","embeddable":true,"href":"https:\/\/gravel-bikes.cc\/de\/wp-json\/wp\/v2\/product_tag?post=1710"}],"curies":[{"name":"wp","href":"https:\/\/api.w.org\/{rel}","templated":true}]}}