{"id":1759,"date":"2025-12-15T10:59:36","date_gmt":"2025-12-15T10:59:36","guid":{"rendered":"https:\/\/gravel-bikes.cc\/produkt\/rotor-innenlager-ubb4630-386-stahl\/"},"modified":"2025-12-15T10:59:36","modified_gmt":"2025-12-15T10:59:36","slug":"rotor-innenlager-ubb4630-386-stahl","status":"publish","type":"product","link":"https:\/\/gravel-bikes.cc\/de\/produkt\/rotor-innenlager-ubb4630-386-stahl\/","title":{"rendered":"Rotor Innenlager UBB4630 386 Stahl"},"content":{"rendered":"","protected":false},"excerpt":{"rendered":"<p><strong>Rotor UBB4630 386 BB Stahl<\/strong>. Du, oder genauer gesagt, deine Rahmenwahl, hat uns motiviert, uns den Herausforderungen im Zusammenhang mit der Innenlagerinstallation und -haltbarkeit zu stellen \u2013 danke. Wir haben es uns zur Aufgabe gemacht, sogenannte Innenlagerstandards zu verbessern, um dir das UBB4630 zu bieten. Das UBB4630 wird aus einer Aluminiumlegierung der 7000er-Serie gefertigt und verwendet eine Gewindeh\u00fclse, um beide Lagerschalen zu fixieren \u2013 ohne dass die gesamte Arretierungskraft auf der Presspassungsschale lastet. Dadurch wird ein gleichm\u00e4\u00dfiger Lauf gew\u00e4hrleistet und unerw\u00fcnschte Ger\u00e4usche vermieden. Die b\u00fcndige Passform im Presspassungsbereich verhindert eine Lager\u00fcberlastung und verbessert zudem die Lagerausrichtung f\u00fcr eine l\u00e4ngere Lebensdauer. Die externe Lagerposition erm\u00f6glicht einen ruhigeren Lauf und eine erh\u00f6hte Tretlagergeh\u00e4usesteifigkeit f\u00fcr PF30- und BBright-Standards. Die interne H\u00fclse verhindert au\u00dferdem, dass Kabelf\u00fchrungen an rotierenden Teilen reiben      <\/p>\n<p>Kompatibilit\u00e4t<\/p>\n<p>https:\/\/rotorbike.com\/ge-de\/mwdownloads\/download\/link\/id\/104<\/p>\n","protected":false},"featured_media":1067,"template":"","meta":{"_et_pb_use_builder":"","_et_pb_old_content":"","_et_gb_content_width":"","om_disable_all_campaigns":false,"_monsterinsights_skip_tracking":false,"_monsterinsights_sitenote_active":false,"_monsterinsights_sitenote_note":"","_monsterinsights_sitenote_category":0},"pwb-brand":[],"product_brand":[],"product_cat":[272],"product_tag":[273],"class_list":{"0":"post-1759","1":"product","2":"type-product","3":"status-publish","4":"has-post-thumbnail","6":"product_cat-innenlager","7":"product_tag-innenlager","9":"first","10":"instock","11":"sale","12":"taxable","13":"shipping-taxable","14":"purchasable","15":"product-type-simple"},"aioseo_notices":[],"brands":[],"_links":{"self":[{"href":"https:\/\/gravel-bikes.cc\/de\/wp-json\/wp\/v2\/product\/1759","targetHints":{"allow":["GET"]}}],"collection":[{"href":"https:\/\/gravel-bikes.cc\/de\/wp-json\/wp\/v2\/product"}],"about":[{"href":"https:\/\/gravel-bikes.cc\/de\/wp-json\/wp\/v2\/types\/product"}],"wp:featuredmedia":[{"embeddable":true,"href":"https:\/\/gravel-bikes.cc\/de\/wp-json\/wp\/v2\/media\/1067"}],"wp:attachment":[{"href":"https:\/\/gravel-bikes.cc\/de\/wp-json\/wp\/v2\/media?parent=1759"}],"wp:term":[{"taxonomy":"pwb-brand","embeddable":true,"href":"https:\/\/gravel-bikes.cc\/de\/wp-json\/wp\/v2\/pwb-brand?post=1759"},{"taxonomy":"product_brand","embeddable":true,"href":"https:\/\/gravel-bikes.cc\/de\/wp-json\/wp\/v2\/product_brand?post=1759"},{"taxonomy":"product_cat","embeddable":true,"href":"https:\/\/gravel-bikes.cc\/de\/wp-json\/wp\/v2\/product_cat?post=1759"},{"taxonomy":"product_tag","embeddable":true,"href":"https:\/\/gravel-bikes.cc\/de\/wp-json\/wp\/v2\/product_tag?post=1759"}],"curies":[{"name":"wp","href":"https:\/\/api.w.org\/{rel}","templated":true}]}}