{"id":1780,"date":"2025-12-15T09:15:44","date_gmt":"2025-12-15T09:15:44","guid":{"rendered":"https:\/\/gravel-bikes.cc\/produkt\/ultra-dynamico-carva-42-mm-schwarz\/"},"modified":"2025-12-15T09:15:44","modified_gmt":"2025-12-15T09:15:44","slug":"ultra-dynamico-carva-42-mm-schwarz","status":"publish","type":"product","link":"https:\/\/gravel-bikes.cc\/de\/produkt\/ultra-dynamico-carva-42-mm-schwarz\/","title":{"rendered":"Ultra Dynamico Carva 42 mm Schwarz"},"content":{"rendered":"","protected":false},"excerpt":{"rendered":"<p>Unser katalanischer Cava ist in der Tat ein edler Wein. Ein minimalistischer Reifen f\u00fcr alle, die die freie Geschwindigkeit eines gro\u00dfvolumigen Slick-Reifens w\u00fcnschen, aber einen Reifen ben\u00f6tigen, der in losen Kurven berechenbarer ist. <\/p>\n<p>-3D-Diamantfeilenprofil <i>massiert<\/i> k\u00f6rniges Gel\u00e4nde und sorgt f\u00fcr sp\u00fcrbar 20\u201330 % mehr Traktion als ein Slick<\/p>\n<p>-Kontinuierliche, mittige, negative, dunkle, aerodynamische Deltas f\u00fcr pure, berauschende GESCHWINDIGKEIT<\/p>\n<p>-Etwas gr\u00f6\u00dferes Volumen als der ROS\u00e9, wodurch er den gleichen effektiven Au\u00dfendurchmesser hat, sodass die Geometrie bei der Kombination mit ROS\u00e9 vorne unver\u00e4ndert bleibt.<\/p>\n<p>-Weniger anf\u00e4llig f\u00fcr Profilschnitte als ein echter Slick<\/p>\n<p>-Kein Seitenwandschutz und kein Pannenschutz oben f\u00fcr erstklassige, gel\u00e4ndemassierende Fahrqualit\u00e4t. Wenn du ein aggressiver Fahrer bist, der oft Reifenpannen hat, solltest du diese nicht kaufen. Ziehe unsere <a href=\"https:\/\/ultradynamico.com\/products\/cava-robusto\" target=\"_blank\" rel=\"noopener\"><em>Robusto<\/em><\/a> in Betracht.  <\/p>\n<p>&#8211;<strong><em>JFF<\/em><\/strong> bedeutet <em><strong>N<\/strong>ur <strong>z<\/strong>um <strong>S<\/strong>pa\u00df<\/em>, aber nicht nur zum Spa\u00df \u2013 diese Reifen sind gleicherma\u00dfen f\u00fcr lange Tage im Schmerzkeller ger\u00fcstet wie f\u00fcr eine Sonntagsfahrt zu den veganen Donut-L\u00e4den von Portland.<\/p>\n<p>-Tubeless-kompatibel<\/p>\n<p>-Reifen sind einzeln in einer sch\u00f6nen, FSC-zertifizierten, recycelbaren Kartonverpackung verpackt<\/p>\n","protected":false},"featured_media":1036,"template":"","meta":{"_et_pb_use_builder":"","_et_pb_old_content":"","_et_gb_content_width":"","om_disable_all_campaigns":false,"_monsterinsights_skip_tracking":false,"_monsterinsights_sitenote_active":false,"_monsterinsights_sitenote_note":"","_monsterinsights_sitenote_category":0},"pwb-brand":[],"product_brand":[],"product_cat":[235],"product_tag":[285],"class_list":{"0":"post-1780","1":"product","2":"type-product","3":"status-publish","4":"has-post-thumbnail","6":"product_cat-reifen","7":"product_tag-ultradynamico","8":"product_shipping_class-kleinteile","10":"first","11":"instock","12":"sale","13":"taxable","14":"shipping-taxable","15":"purchasable","16":"product-type-simple"},"aioseo_notices":[],"brands":[],"_links":{"self":[{"href":"https:\/\/gravel-bikes.cc\/de\/wp-json\/wp\/v2\/product\/1780","targetHints":{"allow":["GET"]}}],"collection":[{"href":"https:\/\/gravel-bikes.cc\/de\/wp-json\/wp\/v2\/product"}],"about":[{"href":"https:\/\/gravel-bikes.cc\/de\/wp-json\/wp\/v2\/types\/product"}],"wp:featuredmedia":[{"embeddable":true,"href":"https:\/\/gravel-bikes.cc\/de\/wp-json\/wp\/v2\/media\/1036"}],"wp:attachment":[{"href":"https:\/\/gravel-bikes.cc\/de\/wp-json\/wp\/v2\/media?parent=1780"}],"wp:term":[{"taxonomy":"pwb-brand","embeddable":true,"href":"https:\/\/gravel-bikes.cc\/de\/wp-json\/wp\/v2\/pwb-brand?post=1780"},{"taxonomy":"product_brand","embeddable":true,"href":"https:\/\/gravel-bikes.cc\/de\/wp-json\/wp\/v2\/product_brand?post=1780"},{"taxonomy":"product_cat","embeddable":true,"href":"https:\/\/gravel-bikes.cc\/de\/wp-json\/wp\/v2\/product_cat?post=1780"},{"taxonomy":"product_tag","embeddable":true,"href":"https:\/\/gravel-bikes.cc\/de\/wp-json\/wp\/v2\/product_tag?post=1780"}],"curies":[{"name":"wp","href":"https:\/\/api.w.org\/{rel}","templated":true}]}}