{"id":1835,"date":"2025-12-16T18:04:29","date_gmt":"2025-12-16T18:04:29","guid":{"rendered":"https:\/\/gravel-bikes.cc\/produkt\/avventure-stelvio-brillen\/"},"modified":"2026-01-02T16:41:45","modified_gmt":"2026-01-02T16:41:45","slug":"avventure-stelvio-brillen","status":"publish","type":"product","link":"https:\/\/gravel-bikes.cc\/de\/produkt\/avventure-stelvio-brillen\/","title":{"rendered":"AVVENTURE Stelvio Brille NOIR"},"content":{"rendered":"<p><strong>FEATURES<\/strong><\/p>\n<p>8 mm italienischer Celluloseacetatrahmen<br \/>\nKontrastierender Acetat-Seitenwindschutz<br \/>\nHandgefertigt in Italien<\/p>\n<p><strong>GRIP-NASEN-\/B\u00dcGELPOLSTER<\/strong><br \/>\nWeiche, hypoallergene Polster f\u00fcr erh\u00f6hten Komfort<br \/>\nHoher Grip f\u00fcr sicheren Halt auch bei Regen oder Schwei\u00df<\/p>\n<p><strong>ADVANCED VISION LENS | BRAUNE PERFORMANCE-T\u00d6NUNG<\/strong><br \/>\nVerbessert die Sichtbarkeit bei hellem Licht und wechselnden Umgebungen<br \/>\nVerbessert den Kontrast und hebt Details hervor, wodurch Reliefs und Gefahren besser wahrgenommen werden k\u00f6nnen<br \/>\nReduziert Blendung und l\u00e4sst Gefahren wie \u09ac\u09cd\u09b2\u09cd\u09af\u09be\u0995 \u0986\u0987\u09b8, Wasser und \u00d6l sichtbar<br \/>\nAntireflektierende Beschichtung reduziert Reflexionen von hinten<br \/>\nLCD-Optimierung erm\u00f6glicht einfaches Ablesen von Ger\u00e4ten bei hellen Bedingungen<br \/>\nWasserabweisende, hydrophobe Beschichtung h\u00e4lt die Linse frei von Schwei\u00df und Regen<br \/>\nEine schmutzabweisende, oleophobe Beschichtung hilft, Fingerabdr\u00fccke und Staub zu vermeiden, die die Sicht behindern<br \/>\nEine kratzfeste Oberfl\u00e4che verhindert, dass die Gl\u00e4ser durch leichte Abnutzung besch\u00e4digt werden<br \/>\n100 % Schutz vor sch\u00e4dlichem UV-Licht<\/p>\n<p><strong>GR\u00d6SSE<\/strong><br \/>\nB\u00fcgell\u00e4nge: 145 mm<br \/>\nGesamtbreite des Rahmens: 144 mm<br \/>\nGlasbreite: 58 mm<br \/>\nGlash\u00f6he: 55 mm<br \/>\nSteg: 16 mm<\/p>\n","protected":false},"excerpt":{"rendered":"<p>FEATURES 8 mm italienischer Celluloseacetatrahmen Kontrastierender Acetat-Seitenwindschutz Handgefertigt in Italien GRIP-NASEN-\/B\u00dcGELPOLSTER Weiche, hypoallergene Polster f\u00fcr erh\u00f6hten Komfort Hoher Grip f\u00fcr sicheren Halt auch bei Regen oder Schwei\u00df ADVANCED VISION LENS | BRAUNE PERFORMANCE-T\u00d6NUNG Verbessert die Sichtbarkeit bei hellem Licht und wechselnden Umgebungen Verbessert den Kontrast und hebt Details hervor, wodurch Reliefs und Gefahren besser wahrgenommen [&hellip;]<\/p>\n","protected":false},"featured_media":1837,"template":"","meta":{"_et_pb_use_builder":"","_et_pb_old_content":"","_et_gb_content_width":"","om_disable_all_campaigns":false,"_monsterinsights_skip_tracking":false,"_monsterinsights_sitenote_active":false,"_monsterinsights_sitenote_note":"","_monsterinsights_sitenote_category":0},"pwb-brand":[],"product_brand":[],"product_cat":[302],"product_tag":[],"class_list":{"0":"post-1835","1":"product","2":"type-product","3":"status-publish","4":"has-post-thumbnail","6":"product_cat-avventure","8":"first","9":"instock","10":"taxable","11":"shipping-taxable","12":"purchasable","13":"product-type-simple"},"aioseo_notices":[],"brands":[],"_links":{"self":[{"href":"https:\/\/gravel-bikes.cc\/de\/wp-json\/wp\/v2\/product\/1835","targetHints":{"allow":["GET"]}}],"collection":[{"href":"https:\/\/gravel-bikes.cc\/de\/wp-json\/wp\/v2\/product"}],"about":[{"href":"https:\/\/gravel-bikes.cc\/de\/wp-json\/wp\/v2\/types\/product"}],"wp:featuredmedia":[{"embeddable":true,"href":"https:\/\/gravel-bikes.cc\/de\/wp-json\/wp\/v2\/media\/1837"}],"wp:attachment":[{"href":"https:\/\/gravel-bikes.cc\/de\/wp-json\/wp\/v2\/media?parent=1835"}],"wp:term":[{"taxonomy":"pwb-brand","embeddable":true,"href":"https:\/\/gravel-bikes.cc\/de\/wp-json\/wp\/v2\/pwb-brand?post=1835"},{"taxonomy":"product_brand","embeddable":true,"href":"https:\/\/gravel-bikes.cc\/de\/wp-json\/wp\/v2\/product_brand?post=1835"},{"taxonomy":"product_cat","embeddable":true,"href":"https:\/\/gravel-bikes.cc\/de\/wp-json\/wp\/v2\/product_cat?post=1835"},{"taxonomy":"product_tag","embeddable":true,"href":"https:\/\/gravel-bikes.cc\/de\/wp-json\/wp\/v2\/product_tag?post=1835"}],"curies":[{"name":"wp","href":"https:\/\/api.w.org\/{rel}","templated":true}]}}