{"id":1884,"date":"2025-12-14T11:07:20","date_gmt":"2025-12-14T11:07:20","guid":{"rendered":"https:\/\/gravel-bikes.cc\/produkt\/enve-mog-shimano-grx-812\/"},"modified":"2025-12-22T17:12:37","modified_gmt":"2025-12-22T17:12:37","slug":"enve-mog-shimano-grx-812","status":"publish","type":"product","link":"https:\/\/gravel-bikes.cc\/de\/produkt\/enve-mog-shimano-grx-812\/","title":{"rendered":"ENVE MOG \u2013 Shimano GRX 812"},"content":{"rendered":"<p>[et_pb_section fb_built=&#8221;1&#8243; _builder_version=&#8221;4.27.5&#8243; _module_preset=&#8221;default&#8221; global_colors_info=&#8221;{}&#8221;][et_pb_row _builder_version=&#8221;4.27.5&#8243; _module_preset=&#8221;default&#8221; global_colors_info=&#8221;{}&#8221;][et_pb_column type=&#8221;4_4&#8243; _builder_version=&#8221;4.27.5&#8243; _module_preset=&#8221;default&#8221; global_colors_info=&#8221;{}&#8221;][et_pb_image src=&#8221;https:\/\/gravel-bikes.cc\/wp-content\/uploads\/2025\/12\/complete-bike-enve-mog-sand-shimano.jpg&#8221; title_text=&#8221;complete-bike-enve-mog-sand-shimano&#8221; _builder_version=&#8221;4.27.5&#8243; _module_preset=&#8221;default&#8221; global_colors_info=&#8221;{}&#8221;][\/et_pb_image][\/et_pb_column][\/et_pb_row][\/et_pb_section][et_pb_section fb_built=&#8221;1&#8243; _builder_version=&#8221;4.16&#8243; custom_padding=&#8221;0px||||false|false&#8221; global_colors_info=&#8221;{}&#8221;][et_pb_row _builder_version=&#8221;4.16&#8243; background_size=&#8221;initial&#8221; background_position=&#8221;top_left&#8221; background_repeat=&#8221;repeat&#8221; width=&#8221;100%&#8221; custom_padding=&#8221;0px||0px||false|false&#8221; global_colors_info=&#8221;{}&#8221;][et_pb_column type=&#8221;4_4&#8243; _builder_version=&#8221;4.16&#8243; custom_padding=&#8221;|||&#8221; global_colors_info=&#8221;{}&#8221; custom_padding__hover=&#8221;|||&#8221;][et_pb_wc_breadcrumb _builder_version=&#8221;4.16&#8243; global_colors_info=&#8221;{}&#8221;][\/et_pb_wc_breadcrumb][et_pb_wc_cart_notice _builder_version=&#8221;4.16&#8243; global_colors_info=&#8221;{}&#8221;][\/et_pb_wc_cart_notice][\/et_pb_column][\/et_pb_row][et_pb_row column_structure=&#8221;1_2,1_2&#8243; _builder_version=&#8221;4.16&#8243; background_size=&#8221;initial&#8221; background_position=&#8221;top_left&#8221; background_repeat=&#8221;repeat&#8221; width=&#8221;100%&#8221; custom_padding=&#8221;0px||||false|false&#8221; global_colors_info=&#8221;{}&#8221;][et_pb_column type=&#8221;1_2&#8243; _builder_version=&#8221;4.16&#8243; custom_padding=&#8221;|||&#8221; global_colors_info=&#8221;{}&#8221; custom_padding__hover=&#8221;|||&#8221;][et_pb_wc_images _builder_version=&#8221;4.16&#8243; global_colors_info=&#8221;{}&#8221;][\/et_pb_wc_images][et_pb_image src=&#8221;https:\/\/gravel-bikes.cc\/wp-content\/uploads\/2025\/12\/complete-bike-enve-mog-sand-shimano-2.jpg&#8221; title_text=&#8221;complete-bike-enve-mog-sand-shimano (2)&#8221; _builder_version=&#8221;4.27.5&#8243; _module_preset=&#8221;default&#8221; global_colors_info=&#8221;{}&#8221;][\/et_pb_image][\/et_pb_column][et_pb_column type=&#8221;1_2&#8243; _builder_version=&#8221;4.16&#8243; custom_padding=&#8221;|||&#8221; global_colors_info=&#8221;{}&#8221; custom_padding__hover=&#8221;|||&#8221;][et_pb_wc_title _builder_version=&#8221;4.16&#8243; global_colors_info=&#8221;{}&#8221;][\/et_pb_wc_title][et_pb_wc_rating _builder_version=&#8221;4.16&#8243; global_colors_info=&#8221;{}&#8221;][\/et_pb_wc_rating][et_pb_wc_price _builder_version=&#8221;4.16&#8243; global_colors_info=&#8221;{}&#8221;][\/et_pb_wc_price][et_pb_wc_description _builder_version=&#8221;4.16&#8243; global_colors_info=&#8221;{}&#8221;][\/et_pb_wc_description][et_pb_wc_add_to_cart _builder_version=&#8221;4.16&#8243; global_colors_info=&#8221;{}&#8221;][\/et_pb_wc_add_to_cart][et_pb_wc_meta _builder_version=&#8221;4.16&#8243; global_colors_info=&#8221;{}&#8221;][\/et_pb_wc_meta][\/et_pb_column][\/et_pb_row][et_pb_row column_structure=&#8221;1_3,1_3,1_3&#8243; _builder_version=&#8221;4.27.5&#8243; _module_preset=&#8221;default&#8221; global_colors_info=&#8221;{}&#8221;][et_pb_column type=&#8221;1_3&#8243; _builder_version=&#8221;4.27.5&#8243; _module_preset=&#8221;default&#8221; global_colors_info=&#8221;{}&#8221;][et_pb_button button_text=&#8221;BIKE LEASING&#8221; _builder_version=&#8221;4.27.5&#8243; _module_preset=&#8221;default&#8221; global_colors_info=&#8221;{}&#8221;][\/et_pb_button][\/et_pb_column][et_pb_column type=&#8221;1_3&#8243; _builder_version=&#8221;4.27.5&#8243; _module_preset=&#8221;default&#8221; global_colors_info=&#8221;{}&#8221;][et_pb_button button_text=&#8221;FINANZIERUNG&#8221; _builder_version=&#8221;4.27.5&#8243; _module_preset=&#8221;default&#8221; global_colors_info=&#8221;{}&#8221;][\/et_pb_button][\/et_pb_column][et_pb_column type=&#8221;1_3&#8243; _builder_version=&#8221;4.27.5&#8243; _module_preset=&#8221;default&#8221; global_colors_info=&#8221;{}&#8221;][et_pb_button button_text=&#8221;VERSICHERUNG&#8221; _builder_version=&#8221;4.27.5&#8243; _module_preset=&#8221;default&#8221; global_colors_info=&#8221;{}&#8221;][\/et_pb_button][\/et_pb_column][\/et_pb_row][et_pb_row column_structure=&#8221;1_3,1_3,1_3&#8243; _builder_version=&#8221;4.27.5&#8243; _module_preset=&#8221;default&#8221; global_colors_info=&#8221;{}&#8221;][et_pb_column type=&#8221;1_3&#8243; _builder_version=&#8221;4.27.5&#8243; _module_preset=&#8221;default&#8221; global_colors_info=&#8221;{}&#8221;][et_pb_image src=&#8221;https:\/\/gravel-bikes.cc\/wp-content\/uploads\/2025\/12\/complete-bike-enve-mog-sand-shimano-1.jpg&#8221; title_text=&#8221;complete-bike-enve-mog-sand-shimano (1)&#8221; _builder_version=&#8221;4.27.5&#8243; _module_preset=&#8221;default&#8221; global_colors_info=&#8221;{}&#8221;][\/et_pb_image][\/et_pb_column][et_pb_column type=&#8221;1_3&#8243; _builder_version=&#8221;4.27.5&#8243; _module_preset=&#8221;default&#8221; global_colors_info=&#8221;{}&#8221;][et_pb_image src=&#8221;https:\/\/gravel-bikes.cc\/wp-content\/uploads\/2025\/12\/complete-bike-enve-mog-sand-shimano-3.jpg&#8221; title_text=&#8221;complete-bike-enve-mog-sand-shimano (3)&#8221; _builder_version=&#8221;4.27.5&#8243; _module_preset=&#8221;default&#8221; global_colors_info=&#8221;{}&#8221;][\/et_pb_image][\/et_pb_column][et_pb_column type=&#8221;1_3&#8243; _builder_version=&#8221;4.27.5&#8243; _module_preset=&#8221;default&#8221; global_colors_info=&#8221;{}&#8221;][et_pb_image src=&#8221;https:\/\/gravel-bikes.cc\/wp-content\/uploads\/2025\/12\/complete-bike-enve-mog-sand-shimano-2-1.jpg&#8221; title_text=&#8221;complete-bike-enve-mog-sand-shimano (2)&#8221; _builder_version=&#8221;4.27.5&#8243; _module_preset=&#8221;default&#8221; global_colors_info=&#8221;{}&#8221;][\/et_pb_image][\/et_pb_column][\/et_pb_row][et_pb_row _builder_version=&#8221;4.16&#8243; background_size=&#8221;initial&#8221; background_position=&#8221;top_left&#8221; background_repeat=&#8221;repeat&#8221; width=&#8221;100%&#8221; global_colors_info=&#8221;{}&#8221;][et_pb_column type=&#8221;4_4&#8243; _builder_version=&#8221;4.16&#8243; custom_padding=&#8221;|||&#8221; global_colors_info=&#8221;{}&#8221; custom_padding__hover=&#8221;|||&#8221;][et_pb_wc_tabs _builder_version=&#8221;4.16&#8243; global_colors_info=&#8221;{}&#8221;]\t\t\t\t\t[\/et_pb_wc_tabs][et_pb_wc_upsells _builder_version=&#8221;4.16&#8243; global_colors_info=&#8221;{}&#8221;][\/et_pb_wc_upsells][et_pb_wc_related_products _builder_version=&#8221;4.16&#8243; global_colors_info=&#8221;{}&#8221;][\/et_pb_wc_related_products][\/et_pb_column][\/et_pb_row][\/et_pb_section]<\/p>\n","protected":false},"excerpt":{"rendered":"<p>&nbsp;<\/p>\n<div class=\"product-block product-block--header\">\n<h1 class=\"h2 product-single__title\">MOG<\/h1>\n<\/div>\n<div data-product-blocks=\"\">\n<div id=\"shopify-block-AQzBZSHBSWHd4QXhmM__745ea951-9336-4fac-84af-7ab4e434479e\" class=\"shopify-block shopify-app-block\"><\/div>\n<div class=\"product-block\">\n<div class=\"rte\">\n<div class=\"x_x_elementToProof\" data-olk-copy-source=\"MessageBody\">Ein ENVE-Rahmenset ist mehr als ein Ausgangspunkt, es ist das Fundament f\u00fcr ein Bike, das mit Absicht gebaut wurde. Indem ENVE das MOG als Rahmenset anbietet, erm\u00f6glicht ENVE dir, ein Bike zu gestalten, das deine Fahrpriorit\u00e4ten, deine pers\u00f6nliche Passform und deine kompromisslosen Standards widerspiegelt. Mit einer gro\u00dfen Auswahl an Lenkermodellen sowie ma\u00dfgeschneiderten Optionen f\u00fcr Lenkerabmessungen, Vorbaul\u00e4nge und Sattelst\u00fctzenversatz kannst du jedes Detail deines Cockpits selbst bestimmen.  <\/div>\n<div class=\"x_x_elementToProof\" data-olk-copy-source=\"MessageBody\"><\/div>\n<div class=\"x_x_elementToProof\">F\u00fcr eine Passformberatung wende dich an deinen vertrauensw\u00fcrdigen ENVE-H\u00e4ndler oder einen professionellen Bike-Fitter und nutze den ENVE Best-Fit-Rechner, um eine Chassis-Konfiguration zu erzielen, die ebenso pr\u00e4zise wie pers\u00f6nlich ist.<\/div>\n<\/div>\n<\/div>\n<\/div>\n","protected":false},"featured_media":842,"template":"","meta":{"_et_pb_use_builder":"on","_et_pb_old_content":"<table>\n<tbody>\n<tr>\n<td><strong>Rahmenmaterial<\/strong><\/td>\n<td>ENVE M.O.D Carbon, 12x142 mm Steckachse, Flat-Mount Disc, T47-Tretlager mit Gewinde, interne Kabelf\u00fchrung, Schutzblech-kompatibel<\/td>\n<\/tr>\n<tr>\n<td><strong>Gabelmaterial<\/strong><\/td>\n<td>ENVE M.O.D Carbon, 12x100 mm Steckachse, Flat-Mount Disc, interne Kabelf\u00fchrung, Schutzblech-kompatibel<\/td>\n<\/tr>\n<tr>\n<td><strong>Zielanwendung<\/strong><\/td>\n<td>Gravel Racing\/Fahren\/Erkundung\/Abenteuer<\/td>\n<\/tr>\n<tr>\n<td><strong>Gr\u00f6\u00dfen (cm)<\/strong><\/td>\n<td>49, 52, 54, 56, 58, 60<\/td>\n<\/tr>\n<tr>\n<td><strong>Gabelvorbiegung<\/strong><\/td>\n<td>57, 55, 53<\/td>\n<\/tr>\n<tr>\n<td><strong>Gabel-Achse bis Krone<\/strong><\/td>\n<td>395 mm<\/td>\n<\/tr>\n<tr>\n<td><strong>Rahmengr\u00f6\u00dfe\/Gabelvorbiegung<\/strong><\/td>\n<td>49 cm\/57, 52 cm\/57, 54 cm\/55, 56 cm\/55, 58 cm\/53, 60 cm\/53<\/td>\n<\/tr>\n<tr>\n<td><strong>Rahmengewicht<\/strong><\/td>\n<td>950 g +\/- 2 % (Gr\u00f6\u00dfe 56, lackiert, ohne Hardware)<\/td>\n<\/tr>\n<tr>\n<td><strong>Steuersatz<\/strong><\/td>\n<td>ENVE Integrated IS52\/IS52 Internal Drop-In<\/td>\n<\/tr>\n<tr>\n<td><strong>Steuersatzlager<\/strong><\/td>\n<td>1,5\" IS52 oben und unten<\/td>\n<\/tr>\n<tr>\n<td><strong>Sattelst\u00fctzendurchmesser<\/strong><\/td>\n<td>27,2<\/td>\n<\/tr>\n<tr>\n<td><strong>Tretlagertyp<\/strong><\/td>\n<td>T47 Inboard Bearing<\/td>\n<\/tr>\n<tr>\n<td><strong>Bremsaufnahme<\/strong><\/td>\n<td>Flat Mount<\/td>\n<\/tr>\n<tr>\n<td><strong>Kompatibilit\u00e4t Bremsscheibe<\/strong><\/td>\n<td>V: 160\/180, H: 140\/160 (Adapter erforderlich)<\/td>\n<\/tr>\n<tr>\n<td><strong>Vorderachse<\/strong><\/td>\n<td>12x100 (Gesamtl\u00e4nge: 122, TP:1,5, TL:15)<\/td>\n<\/tr>\n<tr>\n<td><strong>Hinterachse<\/strong><\/td>\n<td>12x142 (Gesamtl\u00e4nge: 168, TP:1,0, TL:14)<\/td>\n<\/tr>\n<tr>\n<td><strong>Minimale Reifengr\u00f6\u00dfe<\/strong><\/td>\n<td>700 x 36c<\/td>\n<\/tr>\n<tr>\n<td><strong>Optimale Reifengr\u00f6\u00dfe<\/strong><\/td>\n<td>700 x 40c-44c<\/td>\n<\/tr>\n<tr>\n<td><strong>Maximal angegebene Reifenfreiheit<\/strong><\/td>\n<td>700 x 50c<\/td>\n<\/tr>\n<tr>\n<td><strong>Kabelverlegung Rahmen<\/strong><\/td>\n<td>ENVE IN-Route Internal<\/td>\n<\/tr>\n<tr>\n<td><strong>Flaschenhalterkapazit\u00e4t<\/strong><\/td>\n<td>3<\/td>\n<\/tr>\n<tr>\n<td><strong>Befestigungspunkte Oberrohr<\/strong><\/td>\n<td>Ja<\/td>\n<\/tr>\n<tr>\n<td><strong>Kompatibel mit Schutzblechbefestigung<\/strong><\/td>\n<td>Ja<\/td>\n<\/tr>\n<tr>\n<td><strong>Radgr\u00f6\u00dfe<\/strong><\/td>\n<td>700C (650b nicht empfohlen)<\/td>\n<\/tr>\n<tr>\n<td><strong>Farbe<\/strong><\/td>\n<td>Pantone 7528C (entspricht Sand)<\/td>\n<\/tr>\n<\/tbody>\n<\/table>","_et_gb_content_width":""},"pwb-brand":[],"product_brand":[76],"product_cat":[134],"product_tag":[316],"class_list":{"0":"post-1884","1":"product","2":"type-product","3":"status-publish","4":"has-post-thumbnail","6":"product_brand-enve","7":"product_cat-uncategorized","8":"product_tag-enve-gravel","10":"first","11":"instock","12":"taxable","13":"shipping-taxable","14":"purchasable","15":"product-type-variable"},"aioseo_notices":[],"brands":[],"_links":{"self":[{"href":"https:\/\/gravel-bikes.cc\/de\/wp-json\/wp\/v2\/product\/1884","targetHints":{"allow":["GET"]}}],"collection":[{"href":"https:\/\/gravel-bikes.cc\/de\/wp-json\/wp\/v2\/product"}],"about":[{"href":"https:\/\/gravel-bikes.cc\/de\/wp-json\/wp\/v2\/types\/product"}],"wp:featuredmedia":[{"embeddable":true,"href":"https:\/\/gravel-bikes.cc\/de\/wp-json\/wp\/v2\/media\/842"}],"wp:attachment":[{"href":"https:\/\/gravel-bikes.cc\/de\/wp-json\/wp\/v2\/media?parent=1884"}],"wp:term":[{"taxonomy":"pwb-brand","embeddable":true,"href":"https:\/\/gravel-bikes.cc\/de\/wp-json\/wp\/v2\/pwb-brand?post=1884"},{"taxonomy":"product_brand","embeddable":true,"href":"https:\/\/gravel-bikes.cc\/de\/wp-json\/wp\/v2\/product_brand?post=1884"},{"taxonomy":"product_cat","embeddable":true,"href":"https:\/\/gravel-bikes.cc\/de\/wp-json\/wp\/v2\/product_cat?post=1884"},{"taxonomy":"product_tag","embeddable":true,"href":"https:\/\/gravel-bikes.cc\/de\/wp-json\/wp\/v2\/product_tag?post=1884"}],"curies":[{"name":"wp","href":"https:\/\/api.w.org\/{rel}","templated":true}]}}