{"id":1973,"date":"2025-12-15T10:21:56","date_gmt":"2025-12-15T10:21:56","guid":{"rendered":"https:\/\/gravel-bikes.cc\/produkt\/shimano-grx-di2-hebel-links-2-x-11\/"},"modified":"2025-12-15T10:21:56","modified_gmt":"2025-12-15T10:21:56","slug":"shimano-grx-di2-hebel-links-2-x-11","status":"publish","type":"product","link":"https:\/\/gravel-bikes.cc\/de\/produkt\/shimano-grx-di2-hebel-links-2-x-11\/","title":{"rendered":"Shimano GRX Di2 Hebel Links 2 x 11"},"content":{"rendered":"","protected":false},"excerpt":{"rendered":"<p>Gravelbikes erfreuen sich bei Radfahrern immer gr\u00f6\u00dferer Beliebtheit. Die Vorteile liegen auf der Hand. Sie haben eine komfortablere Geometrie als Rennr\u00e4der, eignen sich auch hervorragend abseits befestigter Stra\u00dfen und sind f\u00fcr eine l\u00e4ngere Reise geeignet. Allerdings sto\u00dfen die herk\u00f6mmlichen Rennradkomponenten bei diesen R\u00e4dern an ihre Grenzen. Deshalb hat Shimano speziell f\u00fcr diese Gattung eigene Schaltgruppen entwickelt.    <\/p>\n","protected":false},"featured_media":1054,"template":"","meta":{"_et_pb_use_builder":"","_et_pb_old_content":"","_et_gb_content_width":"","om_disable_all_campaigns":false,"_monsterinsights_skip_tracking":false,"_monsterinsights_sitenote_active":false,"_monsterinsights_sitenote_note":"","_monsterinsights_sitenote_category":0},"pwb-brand":[],"product_brand":[],"product_cat":[182],"product_tag":[],"class_list":{"0":"post-1973","1":"product","2":"type-product","3":"status-publish","4":"has-post-thumbnail","6":"product_cat-shimano-di2","7":"product_shipping_class-kleinteile","9":"first","10":"instock","11":"sale","12":"taxable","13":"shipping-taxable","14":"purchasable","15":"product-type-simple"},"aioseo_notices":[],"brands":[],"_links":{"self":[{"href":"https:\/\/gravel-bikes.cc\/de\/wp-json\/wp\/v2\/product\/1973","targetHints":{"allow":["GET"]}}],"collection":[{"href":"https:\/\/gravel-bikes.cc\/de\/wp-json\/wp\/v2\/product"}],"about":[{"href":"https:\/\/gravel-bikes.cc\/de\/wp-json\/wp\/v2\/types\/product"}],"wp:featuredmedia":[{"embeddable":true,"href":"https:\/\/gravel-bikes.cc\/de\/wp-json\/wp\/v2\/media\/1054"}],"wp:attachment":[{"href":"https:\/\/gravel-bikes.cc\/de\/wp-json\/wp\/v2\/media?parent=1973"}],"wp:term":[{"taxonomy":"pwb-brand","embeddable":true,"href":"https:\/\/gravel-bikes.cc\/de\/wp-json\/wp\/v2\/pwb-brand?post=1973"},{"taxonomy":"product_brand","embeddable":true,"href":"https:\/\/gravel-bikes.cc\/de\/wp-json\/wp\/v2\/product_brand?post=1973"},{"taxonomy":"product_cat","embeddable":true,"href":"https:\/\/gravel-bikes.cc\/de\/wp-json\/wp\/v2\/product_cat?post=1973"},{"taxonomy":"product_tag","embeddable":true,"href":"https:\/\/gravel-bikes.cc\/de\/wp-json\/wp\/v2\/product_tag?post=1973"}],"curies":[{"name":"wp","href":"https:\/\/api.w.org\/{rel}","templated":true}]}}