{"id":1979,"date":"2025-12-15T10:15:16","date_gmt":"2025-12-15T10:15:16","guid":{"rendered":"https:\/\/gravel-bikes.cc\/produkt\/shimano-pedale-pd-rs-500\/"},"modified":"2025-12-15T10:15:16","modified_gmt":"2025-12-15T10:15:16","slug":"shimano-pedale-pd-rs-500","status":"publish","type":"product","link":"https:\/\/gravel-bikes.cc\/de\/produkt\/shimano-pedale-pd-rs-500\/","title":{"rendered":"Shimano Pedale PD-RS 500"},"content":{"rendered":"","protected":false},"excerpt":{"rendered":"<p>Die PD-RS500 Pedale eignen sich besonders gut als Einsteiger-Klickpedale. Ihre geringere Federspannung und eine vergr\u00f6\u00dferte Aufstandsfl\u00e4che sorgen f\u00fcr einen besonders einfachen Ein- und Ausstieg. Die Federspannung kann weiterhin \u00fcber eine Stellschraube angepasst werden. Das Design basiert auf Shimanos eigenen Topmodellen. Die extra breite Kontaktfl\u00e4che des PD-RS500 bietet eine optimale Kraft\u00fcbertragung. Dar\u00fcber hinaus sorgen die extra breiten Pedalk\u00f6rper f\u00fcr eine hohe Torsionssteifigkeit und Haltbarkeit. Edelstahleins\u00e4tze auf der Kontaktfl\u00e4che verhindern Verschlei\u00df an den Pedalk\u00f6rpern.      <\/p>\n<p>inklusive Schuhplatten<\/p>\n","protected":false},"featured_media":1136,"template":"","meta":{"_et_pb_use_builder":"","_et_pb_old_content":"","_et_gb_content_width":"","om_disable_all_campaigns":false,"_monsterinsights_skip_tracking":false,"_monsterinsights_sitenote_active":false,"_monsterinsights_sitenote_note":"","_monsterinsights_sitenote_category":0},"pwb-brand":[],"product_brand":[],"product_cat":[246],"product_tag":[343],"class_list":{"0":"post-1979","1":"product","2":"type-product","3":"status-publish","4":"has-post-thumbnail","6":"product_cat-pedale","7":"product_tag-shimano-pedale","8":"product_shipping_class-kleinteile","10":"first","11":"instock","12":"sale","13":"taxable","14":"shipping-taxable","15":"purchasable","16":"product-type-simple"},"aioseo_notices":[],"brands":[],"_links":{"self":[{"href":"https:\/\/gravel-bikes.cc\/de\/wp-json\/wp\/v2\/product\/1979","targetHints":{"allow":["GET"]}}],"collection":[{"href":"https:\/\/gravel-bikes.cc\/de\/wp-json\/wp\/v2\/product"}],"about":[{"href":"https:\/\/gravel-bikes.cc\/de\/wp-json\/wp\/v2\/types\/product"}],"wp:featuredmedia":[{"embeddable":true,"href":"https:\/\/gravel-bikes.cc\/de\/wp-json\/wp\/v2\/media\/1136"}],"wp:attachment":[{"href":"https:\/\/gravel-bikes.cc\/de\/wp-json\/wp\/v2\/media?parent=1979"}],"wp:term":[{"taxonomy":"pwb-brand","embeddable":true,"href":"https:\/\/gravel-bikes.cc\/de\/wp-json\/wp\/v2\/pwb-brand?post=1979"},{"taxonomy":"product_brand","embeddable":true,"href":"https:\/\/gravel-bikes.cc\/de\/wp-json\/wp\/v2\/product_brand?post=1979"},{"taxonomy":"product_cat","embeddable":true,"href":"https:\/\/gravel-bikes.cc\/de\/wp-json\/wp\/v2\/product_cat?post=1979"},{"taxonomy":"product_tag","embeddable":true,"href":"https:\/\/gravel-bikes.cc\/de\/wp-json\/wp\/v2\/product_tag?post=1979"}],"curies":[{"name":"wp","href":"https:\/\/api.w.org\/{rel}","templated":true}]}}