{"id":1994,"date":"2025-12-15T10:08:50","date_gmt":"2025-12-15T10:08:50","guid":{"rendered":"https:\/\/gravel-bikes.cc\/produkt\/shimano-altus-schaltwerk\/"},"modified":"2025-12-15T10:08:50","modified_gmt":"2025-12-15T10:08:50","slug":"shimano-altus-schaltwerk","status":"publish","type":"product","link":"https:\/\/gravel-bikes.cc\/de\/produkt\/shimano-altus-schaltwerk\/","title":{"rendered":"Shimano Altus Schaltwerk"},"content":{"rendered":"","protected":false},"excerpt":{"rendered":"<p class=\"txt-subtitle \">Kurzbeschreibung<\/p>\n<p id=\"resume_desc\" class=\"txt-base \">R\u00fcste dein 7\/8-fach-Fahrrad mit dem SHIMANO Altus M310 auf, dem zuverl\u00e4ssigen Arbeitstier f\u00fcr MTB, Trekking und t\u00e4gliches Pendeln. Erlebe dank des steifen Wide-Link-Designs und der m\u00fchelosen Light-Action-Schaltung gleichm\u00e4\u00dfig sanfte und pr\u00e4zise Gangwechsel. Der Smart Cage ist auf Langlebigkeit ausgelegt und verf\u00fcgt \u00fcber \u00fcbergro\u00dfe Riemenscheiben, um Ger\u00e4usche und Verschlei\u00df zu reduzieren. So wird eine dauerhafte Leistung \u00fcber einen gro\u00dfen \u00dcbersetzungsbereich gew\u00e4hrleistet. Der Altus M310 bietet die perfekte Balance aus bew\u00e4hrter SHIMANO-Technologie, Zuverl\u00e4ssigkeit und Wert, sodass jeder Schaltvorgang ein sicherer ist.   <\/p>\n","protected":false},"featured_media":1045,"template":"","meta":{"_et_pb_use_builder":"","_et_pb_old_content":"","_et_gb_content_width":"","om_disable_all_campaigns":false,"_monsterinsights_skip_tracking":false,"_monsterinsights_sitenote_active":false,"_monsterinsights_sitenote_note":"","_monsterinsights_sitenote_category":0},"pwb-brand":[],"product_brand":[],"product_cat":[266],"product_tag":[],"class_list":{"0":"post-1994","1":"product","2":"type-product","3":"status-publish","4":"has-post-thumbnail","6":"product_cat-shimano-schaltwerk","7":"product_shipping_class-kleinteile","9":"first","10":"instock","11":"sale","12":"taxable","13":"shipping-taxable","14":"purchasable","15":"product-type-simple"},"aioseo_notices":[],"brands":[],"_links":{"self":[{"href":"https:\/\/gravel-bikes.cc\/de\/wp-json\/wp\/v2\/product\/1994","targetHints":{"allow":["GET"]}}],"collection":[{"href":"https:\/\/gravel-bikes.cc\/de\/wp-json\/wp\/v2\/product"}],"about":[{"href":"https:\/\/gravel-bikes.cc\/de\/wp-json\/wp\/v2\/types\/product"}],"wp:featuredmedia":[{"embeddable":true,"href":"https:\/\/gravel-bikes.cc\/de\/wp-json\/wp\/v2\/media\/1045"}],"wp:attachment":[{"href":"https:\/\/gravel-bikes.cc\/de\/wp-json\/wp\/v2\/media?parent=1994"}],"wp:term":[{"taxonomy":"pwb-brand","embeddable":true,"href":"https:\/\/gravel-bikes.cc\/de\/wp-json\/wp\/v2\/pwb-brand?post=1994"},{"taxonomy":"product_brand","embeddable":true,"href":"https:\/\/gravel-bikes.cc\/de\/wp-json\/wp\/v2\/product_brand?post=1994"},{"taxonomy":"product_cat","embeddable":true,"href":"https:\/\/gravel-bikes.cc\/de\/wp-json\/wp\/v2\/product_cat?post=1994"},{"taxonomy":"product_tag","embeddable":true,"href":"https:\/\/gravel-bikes.cc\/de\/wp-json\/wp\/v2\/product_tag?post=1994"}],"curies":[{"name":"wp","href":"https:\/\/api.w.org\/{rel}","templated":true}]}}