{"id":2124,"date":"2025-12-14T12:23:54","date_gmt":"2025-12-14T12:23:54","guid":{"rendered":"https:\/\/gravel-bikes.cc\/produkt\/enve-fray-venom-sram-red-ses-4-5\/"},"modified":"2025-12-22T17:16:12","modified_gmt":"2025-12-22T17:16:12","slug":"enve-fray-venom-sram-red-ses-4-5","status":"publish","type":"product","link":"https:\/\/gravel-bikes.cc\/de\/produkt\/enve-fray-venom-sram-red-ses-4-5\/","title":{"rendered":"ENVE FRAY \u2013 Venom Sram Red SES 4.5"},"content":{"rendered":"<p>[et_pb_section fb_built=&#8221;1&#8243; _builder_version=&#8221;4.27.5&#8243; _module_preset=&#8221;default&#8221; global_colors_info=&#8221;{}&#8221;][et_pb_row _builder_version=&#8221;4.27.5&#8243; _module_preset=&#8221;default&#8221; global_colors_info=&#8221;{}&#8221;][et_pb_column type=&#8221;4_4&#8243; _builder_version=&#8221;4.27.5&#8243; _module_preset=&#8221;default&#8221; global_colors_info=&#8221;{}&#8221;][et_pb_image src=&#8221;https:\/\/gravel-bikes.cc\/wp-content\/uploads\/2025\/12\/ENVE-Fray-Girona-328_7ece174f-b6f1-4f8d-8d8d-b34284398e99.webp&#8221; title_text=&#8221;ENVE-Fray-Girona-328_7ece174f-b6f1-4f8d-8d8d-b34284398e99&#8243; _builder_version=&#8221;4.27.5&#8243; _module_preset=&#8221;default&#8221; global_colors_info=&#8221;{}&#8221;][\/et_pb_image][\/et_pb_column][\/et_pb_row][\/et_pb_section][et_pb_section fb_built=&#8221;1&#8243; _builder_version=&#8221;4.16&#8243; custom_padding=&#8221;0px||||false|false&#8221; global_colors_info=&#8221;{}&#8221;][et_pb_row _builder_version=&#8221;4.16&#8243; background_size=&#8221;initial&#8221; background_position=&#8221;top_left&#8221; background_repeat=&#8221;repeat&#8221; width=&#8221;100%&#8221; custom_padding=&#8221;0px||0px||false|false&#8221; global_colors_info=&#8221;{}&#8221;][et_pb_column type=&#8221;4_4&#8243; _builder_version=&#8221;4.16&#8243; custom_padding=&#8221;|||&#8221; global_colors_info=&#8221;{}&#8221; custom_padding__hover=&#8221;|||&#8221;][et_pb_wc_breadcrumb _builder_version=&#8221;4.16&#8243; global_colors_info=&#8221;{}&#8221;][\/et_pb_wc_breadcrumb][et_pb_wc_cart_notice _builder_version=&#8221;4.16&#8243; global_colors_info=&#8221;{}&#8221;][\/et_pb_wc_cart_notice][\/et_pb_column][\/et_pb_row][et_pb_row column_structure=&#8221;1_2,1_2&#8243; _builder_version=&#8221;4.16&#8243; background_size=&#8221;initial&#8221; background_position=&#8221;top_left&#8221; background_repeat=&#8221;repeat&#8221; width=&#8221;100%&#8221; custom_padding=&#8221;0px||||false|false&#8221; global_colors_info=&#8221;{}&#8221;][et_pb_column type=&#8221;1_2&#8243; _builder_version=&#8221;4.16&#8243; custom_padding=&#8221;|||&#8221; global_colors_info=&#8221;{}&#8221; custom_padding__hover=&#8221;|||&#8221;][et_pb_wc_images _builder_version=&#8221;4.16&#8243; global_colors_info=&#8221;{}&#8221;][\/et_pb_wc_images][et_pb_image src=&#8221;https:\/\/gravel-bikes.cc\/wp-content\/uploads\/2025\/12\/enve-fray-complete-bike-venon-ses-wheels-2.jpg&#8221; title_text=&#8221;enve-fray-complete-bike-venon-ses-wheels (2)&#8221; _builder_version=&#8221;4.27.5&#8243; _module_preset=&#8221;default&#8221; hover_enabled=&#8221;0&#8243; global_colors_info=&#8221;{}&#8221; sticky_enabled=&#8221;0&#8243;][\/et_pb_image][\/et_pb_column][et_pb_column type=&#8221;1_2&#8243; _builder_version=&#8221;4.16&#8243; custom_padding=&#8221;|||&#8221; global_colors_info=&#8221;{}&#8221; custom_padding__hover=&#8221;|||&#8221;][et_pb_wc_title _builder_version=&#8221;4.16&#8243; global_colors_info=&#8221;{}&#8221;][\/et_pb_wc_title][et_pb_wc_rating _builder_version=&#8221;4.16&#8243; global_colors_info=&#8221;{}&#8221;][\/et_pb_wc_rating][et_pb_wc_price _builder_version=&#8221;4.16&#8243; global_colors_info=&#8221;{}&#8221;][\/et_pb_wc_price][et_pb_wc_description _builder_version=&#8221;4.16&#8243; global_colors_info=&#8221;{}&#8221;][\/et_pb_wc_description][et_pb_wc_add_to_cart _builder_version=&#8221;4.16&#8243; global_colors_info=&#8221;{}&#8221;][\/et_pb_wc_add_to_cart][et_pb_wc_meta _builder_version=&#8221;4.16&#8243; global_colors_info=&#8221;{}&#8221;][\/et_pb_wc_meta][\/et_pb_column][\/et_pb_row][et_pb_row column_structure=&#8221;1_3,1_3,1_3&#8243; _builder_version=&#8221;4.27.5&#8243; _module_preset=&#8221;default&#8221; global_colors_info=&#8221;{}&#8221;][et_pb_column type=&#8221;1_3&#8243; _builder_version=&#8221;4.27.5&#8243; _module_preset=&#8221;default&#8221; global_colors_info=&#8221;{}&#8221;][et_pb_button button_text=&#8221;BIKE LEASING&#8221; _builder_version=&#8221;4.27.5&#8243; _module_preset=&#8221;default&#8221; global_colors_info=&#8221;{}&#8221;][\/et_pb_button][\/et_pb_column][et_pb_column type=&#8221;1_3&#8243; _builder_version=&#8221;4.27.5&#8243; _module_preset=&#8221;default&#8221; global_colors_info=&#8221;{}&#8221;][et_pb_button button_text=&#8221;FINANZIERUNG&#8221; _builder_version=&#8221;4.27.5&#8243; _module_preset=&#8221;default&#8221; global_colors_info=&#8221;{}&#8221;][\/et_pb_button][\/et_pb_column][et_pb_column type=&#8221;1_3&#8243; _builder_version=&#8221;4.27.5&#8243; _module_preset=&#8221;default&#8221; global_colors_info=&#8221;{}&#8221;][et_pb_button button_text=&#8221;VERSICHERUNG&#8221; _builder_version=&#8221;4.27.5&#8243; _module_preset=&#8221;default&#8221; global_colors_info=&#8221;{}&#8221;][\/et_pb_button][\/et_pb_column][\/et_pb_row][et_pb_row column_structure=&#8221;1_3,1_3,1_3&#8243; _builder_version=&#8221;4.27.5&#8243; _module_preset=&#8221;default&#8221; global_colors_info=&#8221;{}&#8221;][et_pb_column type=&#8221;1_3&#8243; _builder_version=&#8221;4.27.5&#8243; _module_preset=&#8221;default&#8221; global_colors_info=&#8221;{}&#8221;][et_pb_image src=&#8221;https:\/\/gravel-bikes.cc\/wp-content\/uploads\/2025\/12\/enve-fray-complete-bike-venon-ses-wheels-3.jpg&#8221; title_text=&#8221;enve-fray-complete-bike-venon-ses-wheels (3)&#8221; _builder_version=&#8221;4.27.5&#8243; _module_preset=&#8221;default&#8221; hover_enabled=&#8221;0&#8243; global_colors_info=&#8221;{}&#8221; sticky_enabled=&#8221;0&#8243;][\/et_pb_image][\/et_pb_column][et_pb_column type=&#8221;1_3&#8243; _builder_version=&#8221;4.27.5&#8243; _module_preset=&#8221;default&#8221; global_colors_info=&#8221;{}&#8221;][et_pb_image src=&#8221;https:\/\/gravel-bikes.cc\/wp-content\/uploads\/2025\/12\/ENVE-Fray-Girona-435-1.webp&#8221; title_text=&#8221;ENVE-Fray-Girona-435&#8243; _builder_version=&#8221;4.27.5&#8243; _module_preset=&#8221;default&#8221; hover_enabled=&#8221;0&#8243; global_colors_info=&#8221;{}&#8221; sticky_enabled=&#8221;0&#8243;][\/et_pb_image][\/et_pb_column][et_pb_column type=&#8221;1_3&#8243; _builder_version=&#8221;4.27.5&#8243; _module_preset=&#8221;default&#8221; global_colors_info=&#8221;{}&#8221;][et_pb_image src=&#8221;https:\/\/gravel-bikes.cc\/wp-content\/uploads\/2025\/12\/ENVE-Fray-Girona-328_7ece174f-b6f1-4f8d-8d8d-b34284398e99.webp&#8221; title_text=&#8221;ENVE-Fray-Girona-328_7ece174f-b6f1-4f8d-8d8d-b34284398e99&#8243; _builder_version=&#8221;4.27.5&#8243; _module_preset=&#8221;default&#8221; hover_enabled=&#8221;0&#8243; global_colors_info=&#8221;{}&#8221; sticky_enabled=&#8221;0&#8243;][\/et_pb_image][\/et_pb_column][\/et_pb_row][et_pb_row _builder_version=&#8221;4.16&#8243; background_size=&#8221;initial&#8221; background_position=&#8221;top_left&#8221; background_repeat=&#8221;repeat&#8221; width=&#8221;100%&#8221; global_colors_info=&#8221;{}&#8221;][et_pb_column type=&#8221;4_4&#8243; _builder_version=&#8221;4.16&#8243; custom_padding=&#8221;|||&#8221; global_colors_info=&#8221;{}&#8221; custom_padding__hover=&#8221;|||&#8221;][et_pb_wc_tabs _builder_version=&#8221;4.16&#8243; global_colors_info=&#8221;{}&#8221;] [\/et_pb_wc_tabs][et_pb_wc_upsells _builder_version=&#8221;4.16&#8243; global_colors_info=&#8221;{}&#8221;][\/et_pb_wc_upsells][et_pb_wc_related_products _builder_version=&#8221;4.16&#8243; global_colors_info=&#8221;{}&#8221;][\/et_pb_wc_related_products][\/et_pb_column][\/et_pb_row][\/et_pb_section]<\/p>\n","protected":false},"excerpt":{"rendered":"<div class=\"product-block product-block--header\">\n<h1 class=\"h2 product-single__title\">Fray<\/h1>\n<\/div>\n<div data-product-blocks=\"\">\n<div id=\"shopify-block-AbGNXaE1EN043Z2hhZ__745ea951-9336-4fac-84af-7ab4e434479e\" class=\"shopify-block shopify-app-block\"><\/div>\n<div class=\"product-block\">\n<div class=\"rte\">\n<div class=\"x_x_elementToProof\" data-olk-copy-source=\"MessageBody\">Ein ENVE-Rahmenset ist mehr als nur ein Ausgangspunkt, es ist das Fundament f\u00fcr ein Bike, das mit Absicht gebaut wurde. Indem ENVE das Fray als Rahmenset anbietet, erm\u00f6glicht ENVE dir, ein Bike zu gestalten, das deine Fahrpriorit\u00e4ten, deine pers\u00f6nliche Passform und deine kompromisslosen Standards widerspiegelt. Mit einer breiten Auswahl an Lenkermodellen sowie ma\u00dfgeschneiderten Optionen f\u00fcr Lenkerabmessungen, Vorbaul\u00e4nge und Sattelst\u00fctzenversatz kannst du jedes Detail deines Cockpits selbst bestimmen.  <\/div>\n<div class=\"x_x_elementToProof\" data-olk-copy-source=\"MessageBody\"><\/div>\n<div class=\"x_x_elementToProof\">F\u00fcr eine Passformberatung wende dich an deinen vertrauensw\u00fcrdigen ENVE-H\u00e4ndler oder einen professionellen Bike-Fitter und nutze den ENVE Best-Fit-Rechner, um eine Chassis-Konfiguration zu erzielen, die ebenso pr\u00e4zise wie pers\u00f6nlich ist.<\/div>\n<\/div>\n<\/div>\n<\/div>\n<div class=\"product-block product-block--header\"><\/div>\n<div data-product-blocks=\"\">\n<div class=\"product-block\">\n<div class=\"rte\">\n<div class=\"x_x_elementToProof\"><\/div>\n<\/div>\n<\/div>\n<\/div>\n","protected":false},"featured_media":892,"template":"","meta":{"_et_pb_use_builder":"on","_et_pb_old_content":"<table dir=\"ltr\" border=\"1\" cellspacing=\"0\" cellpadding=\"0\" data-sheets-root=\"1\" data-sheets-baot=\"1\">\n<tbody>\n<tr>\n<td><strong>Premium RED<\/strong><\/td>\n<td><strong>PRO RED<\/strong><\/td>\n<\/tr>\n<tr>\n<td><strong>Rahmen<\/strong><\/td>\n<td>Fray Frameset<\/td>\n<td>Fray Frameset<\/td>\n<\/tr>\n<tr>\n<td><strong>Laufradsatz<\/strong><\/td>\n<td>SES Laufr\u00e4der<\/td>\n<td>4.5 PRO<\/td>\n<\/tr>\n<tr>\n<td><strong>Lenker\/Vorbau<\/strong><\/td>\n<td>Zweiteiliger IN-Route Lenker\/Vorbau, Computerhalterung inklusive<\/td>\n<td>SES AR Custom Einteiliger Lenker oder SES Aero Pro Einteiliger Lenker, Computerhalterung inklusive<\/td>\n<\/tr>\n<tr>\n<td><strong>Sattelst\u00fctze<\/strong><\/td>\n<td>ENVE Carbon Aero Sattelst\u00fctze<\/td>\n<td>ENVE Carbon Aero Sattelst\u00fctze<\/td>\n<\/tr>\n<tr>\n<td><strong>Sattel<\/strong><\/td>\n<td>ENVE x Selle Italia Carbon<\/td>\n<td>ENVE x Selle Italia Carbon<\/td>\n<\/tr>\n<tr>\n<td><strong>Halter<\/strong><\/td>\n<td>ENVE Carbon Flaschenhalter<\/td>\n<td>ENVE Carbon Flaschenhalter<\/td>\n<\/tr>\n<tr>\n<td><strong>Lenkerband<\/strong><\/td>\n<td>ENVE Lenkerband<\/td>\n<td>ENVE Lenkerband<\/td>\n<\/tr>\n<tr>\n<td><strong>Reifen<\/strong><\/td>\n<td>ENVE SES Rennradreifen<\/td>\n<td>ENVE SES Rennradreifen<\/td>\n<\/tr>\n<tr>\n<td><strong>Antrieb<\/strong><\/td>\n<td>SRAM RED AXS 2x<\/td>\n<td>SRAM RED AXS 2x<\/td>\n<\/tr>\n<tr>\n<td><strong>Kurbelsatz<\/strong><\/td>\n<td>SRAM RED 2x mit Leistungsmesser<\/td>\n<td>SRAM RED 2x mit Leistungsmesser<\/td>\n<\/tr>\n<tr>\n<td><strong>UVP<\/strong><\/td>\n<td>>EU<\/td>\n<td><\/td>\n<\/tr>\n<\/tbody>\n<\/table>","_et_gb_content_width":"","om_disable_all_campaigns":false,"_monsterinsights_skip_tracking":false,"_monsterinsights_sitenote_active":false,"_monsterinsights_sitenote_note":"","_monsterinsights_sitenote_category":0},"pwb-brand":[],"product_brand":[76],"product_cat":[371],"product_tag":[372,373],"class_list":{"0":"post-2124","1":"product","2":"type-product","3":"status-publish","4":"has-post-thumbnail","6":"product_brand-enve","7":"product_cat-enve-fray","8":"product_tag-enve-fray","9":"product_tag-hamburg","10":"product_shipping_class-fahrrad","12":"first","13":"instock","14":"taxable","15":"shipping-taxable","16":"purchasable","17":"product-type-variable"},"aioseo_notices":[],"df_price":14900,"df_sale_price":"","df_regular_price":14900,"df_image_link":"https:\/\/gravel-bikes.cc\/wp-content\/uploads\/2025\/12\/enve-fray-complete-bike-venon-ses-wheels-300x300.jpg","brands":[],"_links":{"self":[{"href":"https:\/\/gravel-bikes.cc\/de\/wp-json\/wp\/v2\/product\/2124","targetHints":{"allow":["GET"]}}],"collection":[{"href":"https:\/\/gravel-bikes.cc\/de\/wp-json\/wp\/v2\/product"}],"about":[{"href":"https:\/\/gravel-bikes.cc\/de\/wp-json\/wp\/v2\/types\/product"}],"wp:featuredmedia":[{"embeddable":true,"href":"https:\/\/gravel-bikes.cc\/de\/wp-json\/wp\/v2\/media\/892"}],"wp:attachment":[{"href":"https:\/\/gravel-bikes.cc\/de\/wp-json\/wp\/v2\/media?parent=2124"}],"wp:term":[{"taxonomy":"pwb-brand","embeddable":true,"href":"https:\/\/gravel-bikes.cc\/de\/wp-json\/wp\/v2\/pwb-brand?post=2124"},{"taxonomy":"product_brand","embeddable":true,"href":"https:\/\/gravel-bikes.cc\/de\/wp-json\/wp\/v2\/product_brand?post=2124"},{"taxonomy":"product_cat","embeddable":true,"href":"https:\/\/gravel-bikes.cc\/de\/wp-json\/wp\/v2\/product_cat?post=2124"},{"taxonomy":"product_tag","embeddable":true,"href":"https:\/\/gravel-bikes.cc\/de\/wp-json\/wp\/v2\/product_tag?post=2124"}],"curies":[{"name":"wp","href":"https:\/\/api.w.org\/{rel}","templated":true}]}}