{"id":2133,"date":"2025-12-16T11:30:05","date_gmt":"2025-12-16T11:30:05","guid":{"rendered":"https:\/\/gravel-bikes.cc\/produkt\/shimano-rx-5-schuhe\/"},"modified":"2025-12-16T11:30:05","modified_gmt":"2025-12-16T11:30:05","slug":"shimano-rx-5-schuhe","status":"publish","type":"product","link":"https:\/\/gravel-bikes.cc\/de\/produkt\/shimano-rx-5-schuhe\/","title":{"rendered":"Shimano RX 5 Schuhe"},"content":{"rendered":"","protected":false},"excerpt":{"rendered":"<h2><span id=\"js-descripcion\" class=\"title-page\">Produktbeschreibung der Shimano XC503 Wide MTB Schuhe<\/span><\/h2>\n<div id=\"js-description_summary\" class=\"description_summary\"><\/div>\n<div id=\"js-detalle-descripcion\" class=\"flex__column txt-base \">\n<div id=\"js-description\" class=\"txt-base descripcion-length\">\n<div id=\"desc\">\n<p>Robuste XC-Schuhe f\u00fcr ambitionierte Rennfahrer, die High-End-Performance und Stil suchen.<\/p>\n<p>Eigenschaften:<\/p>\n<p>&#8211; BOA\u00ae Fit System mit L6C-Drehverschluss und Shimano-Schn\u00fcrprofil.<br \/>\n&#8211; Teilweise recycelte Nylon-Mittelsohle, verst\u00e4rkt mit Kohlefaser.<br \/>\n&#8211; Leichte Shimano Ultread XC Gummi-Au\u00dfensohle bietet Grip auf Wettkampfniveau.<br \/>\n&#8211; 19 % recyceltes Material in Zehenbox und Mittelsohle.<br \/>\n&#8211; Elegantes Obermaterial aus perforiertem Synthetikleder und neuem Verschlussprofil.<br \/>\n&#8211; Vom Fahrer anpassbare Spikes erm\u00f6glichen die Optimierung des Grips f\u00fcr Fahrstile und Bedingungen.<br \/>\n&#8211; Die niedrige Stapelh\u00f6he der Mittelsohle stabilisiert den Fu\u00df und optimiert die Kraft\u00fcbertragung.<br \/>\n&#8211; Die umlaufende Obermaterialkonstruktion reduziert \u00dcberlappungen und bietet eine handschuhartige Passform.<\/p>\n<\/div>\n<\/div>\n<\/div>\n","protected":false},"featured_media":1112,"template":"","meta":{"_et_pb_use_builder":"","_et_pb_old_content":"","_et_gb_content_width":"","om_disable_all_campaigns":false,"_monsterinsights_skip_tracking":false,"_monsterinsights_sitenote_active":false,"_monsterinsights_sitenote_note":"","_monsterinsights_sitenote_category":0},"pwb-brand":[],"product_brand":[],"product_cat":[375],"product_tag":[],"class_list":{"0":"post-2133","1":"product","2":"type-product","3":"status-publish","4":"has-post-thumbnail","6":"product_cat-shimano-schuhe","7":"product_shipping_class-kleinteile","9":"first","10":"instock","11":"sale","12":"taxable","13":"shipping-taxable","14":"purchasable","15":"product-type-simple"},"aioseo_notices":[],"brands":[],"_links":{"self":[{"href":"https:\/\/gravel-bikes.cc\/de\/wp-json\/wp\/v2\/product\/2133","targetHints":{"allow":["GET"]}}],"collection":[{"href":"https:\/\/gravel-bikes.cc\/de\/wp-json\/wp\/v2\/product"}],"about":[{"href":"https:\/\/gravel-bikes.cc\/de\/wp-json\/wp\/v2\/types\/product"}],"wp:featuredmedia":[{"embeddable":true,"href":"https:\/\/gravel-bikes.cc\/de\/wp-json\/wp\/v2\/media\/1112"}],"wp:attachment":[{"href":"https:\/\/gravel-bikes.cc\/de\/wp-json\/wp\/v2\/media?parent=2133"}],"wp:term":[{"taxonomy":"pwb-brand","embeddable":true,"href":"https:\/\/gravel-bikes.cc\/de\/wp-json\/wp\/v2\/pwb-brand?post=2133"},{"taxonomy":"product_brand","embeddable":true,"href":"https:\/\/gravel-bikes.cc\/de\/wp-json\/wp\/v2\/product_brand?post=2133"},{"taxonomy":"product_cat","embeddable":true,"href":"https:\/\/gravel-bikes.cc\/de\/wp-json\/wp\/v2\/product_cat?post=2133"},{"taxonomy":"product_tag","embeddable":true,"href":"https:\/\/gravel-bikes.cc\/de\/wp-json\/wp\/v2\/product_tag?post=2133"}],"curies":[{"name":"wp","href":"https:\/\/api.w.org\/{rel}","templated":true}]}}