{"id":2234,"date":"2025-12-13T12:23:46","date_gmt":"2025-12-13T12:23:46","guid":{"rendered":"https:\/\/gravel-bikes.cc\/produkt\/pearl-gravel-adventure-ekar\/"},"modified":"2025-12-31T18:13:22","modified_gmt":"2025-12-31T18:13:22","slug":"pearl-gravel-adventure-ekar","status":"publish","type":"product","link":"https:\/\/gravel-bikes.cc\/de\/produkt\/pearl-gravel-adventure-ekar\/","title":{"rendered":"Pearl GRAVEL Adventure Ekar"},"content":{"rendered":"<p>[et_pb_section fb_built=&#8221;1&#8243; _builder_version=&#8221;4.27.5&#8243; _module_preset=&#8221;default&#8221; global_colors_info=&#8221;{}&#8221;][et_pb_row _builder_version=&#8221;4.27.5&#8243; _module_preset=&#8221;default&#8221; global_colors_info=&#8221;{}&#8221;][et_pb_column type=&#8221;4_4&#8243; _builder_version=&#8221;4.27.5&#8243; _module_preset=&#8221;default&#8221; global_colors_info=&#8221;{}&#8221;][et_pb_image src=&#8221;https:\/\/gravel-bikes.cc\/wp-content\/uploads\/2025\/12\/IMG_3721-scaled.jpg&#8221; title_text=&#8221;IMG_3721&#8243; _builder_version=&#8221;4.27.5&#8243; _module_preset=&#8221;default&#8221; global_colors_info=&#8221;{}&#8221;][\/et_pb_image][\/et_pb_column][\/et_pb_row][\/et_pb_section][et_pb_section fb_built=&#8221;1&#8243; _builder_version=&#8221;4.16&#8243; custom_padding=&#8221;0px||||false|false&#8221; global_colors_info=&#8221;{}&#8221;][et_pb_row _builder_version=&#8221;4.16&#8243; background_size=&#8221;initial&#8221; background_position=&#8221;top_left&#8221; background_repeat=&#8221;repeat&#8221; width=&#8221;100%&#8221; custom_padding=&#8221;0px||0px||false|false&#8221; global_colors_info=&#8221;{}&#8221;][et_pb_column type=&#8221;4_4&#8243; _builder_version=&#8221;4.16&#8243; custom_padding=&#8221;|||&#8221; global_colors_info=&#8221;{}&#8221; custom_padding__hover=&#8221;|||&#8221;][et_pb_wc_breadcrumb _builder_version=&#8221;4.16&#8243; global_colors_info=&#8221;{}&#8221;][\/et_pb_wc_breadcrumb][et_pb_wc_cart_notice _builder_version=&#8221;4.16&#8243; global_colors_info=&#8221;{}&#8221;][\/et_pb_wc_cart_notice][\/et_pb_column][\/et_pb_row][et_pb_row column_structure=&#8221;1_2,1_2&#8243; _builder_version=&#8221;4.16&#8243; background_size=&#8221;initial&#8221; background_position=&#8221;top_left&#8221; background_repeat=&#8221;repeat&#8221; width=&#8221;100%&#8221; custom_padding=&#8221;0px||||false|false&#8221; global_colors_info=&#8221;{}&#8221;][et_pb_column type=&#8221;1_2&#8243; _builder_version=&#8221;4.16&#8243; custom_padding=&#8221;|||&#8221; global_colors_info=&#8221;{}&#8221; custom_padding__hover=&#8221;|||&#8221;][et_pb_wc_images _builder_version=&#8221;4.16&#8243; global_colors_info=&#8221;{}&#8221;][\/et_pb_wc_images][et_pb_image src=&#8221;https:\/\/gravel-bikes.cc\/wp-content\/uploads\/2025\/11\/IMG_3724-scaled.jpg&#8221; title_text=&#8221;IMG_3724&#8243; _builder_version=&#8221;4.27.5&#8243; _module_preset=&#8221;default&#8221; global_colors_info=&#8221;{}&#8221;][\/et_pb_image][\/et_pb_column][et_pb_column type=&#8221;1_2&#8243; _builder_version=&#8221;4.16&#8243; custom_padding=&#8221;|||&#8221; global_colors_info=&#8221;{}&#8221; custom_padding__hover=&#8221;|||&#8221;][et_pb_wc_title _builder_version=&#8221;4.16&#8243; global_colors_info=&#8221;{}&#8221;][\/et_pb_wc_title][et_pb_wc_rating _builder_version=&#8221;4.16&#8243; global_colors_info=&#8221;{}&#8221;][\/et_pb_wc_rating][et_pb_wc_price _builder_version=&#8221;4.16&#8243; global_colors_info=&#8221;{}&#8221;][\/et_pb_wc_price][et_pb_wc_description _builder_version=&#8221;4.16&#8243; global_colors_info=&#8221;{}&#8221;][\/et_pb_wc_description][et_pb_wc_add_to_cart _builder_version=&#8221;4.16&#8243; global_colors_info=&#8221;{}&#8221;][\/et_pb_wc_add_to_cart][et_pb_wc_meta _builder_version=&#8221;4.16&#8243; global_colors_info=&#8221;{}&#8221;][\/et_pb_wc_meta][\/et_pb_column][\/et_pb_row][et_pb_row column_structure=&#8221;1_3,1_3,1_3&#8243; _builder_version=&#8221;4.27.5&#8243; _module_preset=&#8221;default&#8221; global_colors_info=&#8221;{}&#8221;][et_pb_column type=&#8221;1_3&#8243; _builder_version=&#8221;4.27.5&#8243; _module_preset=&#8221;default&#8221; global_colors_info=&#8221;{}&#8221;][et_pb_button button_text=&#8221;BIKE LEASING&#8221; _builder_version=&#8221;4.27.5&#8243; _module_preset=&#8221;default&#8221; global_colors_info=&#8221;{}&#8221;][\/et_pb_button][\/et_pb_column][et_pb_column type=&#8221;1_3&#8243; _builder_version=&#8221;4.27.5&#8243; _module_preset=&#8221;default&#8221; global_colors_info=&#8221;{}&#8221;][et_pb_button button_text=&#8221;FINANZIERUNG&#8221; _builder_version=&#8221;4.27.5&#8243; _module_preset=&#8221;default&#8221; global_colors_info=&#8221;{}&#8221;][\/et_pb_button][\/et_pb_column][et_pb_column type=&#8221;1_3&#8243; _builder_version=&#8221;4.27.5&#8243; _module_preset=&#8221;default&#8221; global_colors_info=&#8221;{}&#8221;][et_pb_button button_text=&#8221;VERSICHERUNG&#8221; _builder_version=&#8221;4.27.5&#8243; _module_preset=&#8221;default&#8221; global_colors_info=&#8221;{}&#8221;][\/et_pb_button][\/et_pb_column][\/et_pb_row][et_pb_row column_structure=&#8221;1_3,1_3,1_3&#8243; _builder_version=&#8221;4.27.5&#8243; _module_preset=&#8221;default&#8221; global_colors_info=&#8221;{}&#8221;][et_pb_column type=&#8221;1_3&#8243; _builder_version=&#8221;4.27.5&#8243; _module_preset=&#8221;default&#8221; global_colors_info=&#8221;{}&#8221;][et_pb_image src=&#8221;https:\/\/gravel-bikes.cc\/wp-content\/uploads\/2025\/12\/IMG_3723-scaled.jpg&#8221; title_text=&#8221;IMG_3723&#8243; _builder_version=&#8221;4.27.5&#8243; _module_preset=&#8221;default&#8221; global_colors_info=&#8221;{}&#8221;][\/et_pb_image][\/et_pb_column][et_pb_column type=&#8221;1_3&#8243; _builder_version=&#8221;4.27.5&#8243; _module_preset=&#8221;default&#8221; global_colors_info=&#8221;{}&#8221;][et_pb_image src=&#8221;https:\/\/gravel-bikes.cc\/wp-content\/uploads\/2025\/12\/IMG_3721-scaled.jpg&#8221; title_text=&#8221;IMG_3721&#8243; _builder_version=&#8221;4.27.5&#8243; _module_preset=&#8221;default&#8221; global_colors_info=&#8221;{}&#8221;][\/et_pb_image][\/et_pb_column][et_pb_column type=&#8221;1_3&#8243; _builder_version=&#8221;4.27.5&#8243; _module_preset=&#8221;default&#8221; global_colors_info=&#8221;{}&#8221;][et_pb_image src=&#8221;https:\/\/gravel-bikes.cc\/wp-content\/uploads\/2025\/12\/IMG_3722-scaled.jpg&#8221; title_text=&#8221;IMG_3722&#8243; _builder_version=&#8221;4.27.5&#8243; _module_preset=&#8221;default&#8221; global_colors_info=&#8221;{}&#8221;][\/et_pb_image][\/et_pb_column][\/et_pb_row][et_pb_row _builder_version=&#8221;4.16&#8243; background_size=&#8221;initial&#8221; background_position=&#8221;top_left&#8221; background_repeat=&#8221;repeat&#8221; width=&#8221;100%&#8221; global_colors_info=&#8221;{}&#8221;][et_pb_column type=&#8221;4_4&#8243; _builder_version=&#8221;4.16&#8243; custom_padding=&#8221;|||&#8221; global_colors_info=&#8221;{}&#8221; custom_padding__hover=&#8221;|||&#8221;][et_pb_wc_tabs _builder_version=&#8221;4.16&#8243; global_colors_info=&#8221;{}&#8221;] [\/et_pb_wc_tabs][et_pb_wc_upsells _builder_version=&#8221;4.16&#8243; global_colors_info=&#8221;{}&#8221;][\/et_pb_wc_upsells][et_pb_wc_related_products _builder_version=&#8221;4.16&#8243; global_colors_info=&#8221;{}&#8221;][\/et_pb_wc_related_products][\/et_pb_column][\/et_pb_row][\/et_pb_section]<\/p>\n","protected":false},"excerpt":{"rendered":"<p><strong>Adventure<\/strong><\/p>\n<p><strong>\u201eEin Carbon-Gravelbike, das sich f\u00fcr dein n\u00e4chstes Abenteuer eignet\u201c<\/strong><\/p>\n<p>&nbsp;<\/p>\n<h4>Endloser Gravel-Spa\u00df&#8230; Willkommen in unserem Angebot an ma\u00dfgeschneiderten Gravelbikes. Wir bieten einen Rahmen aus Aluminium und Carbon an, die beide auf deine spezifischen Bed\u00fcrfnisse zugeschnitten werden k\u00f6nnen. Unsere Gravel-Rahmen passen sowohl f\u00fcr 650b- als auch f\u00fcr 700c-Reifen. Schutzbleche und Gep\u00e4cktr\u00e4ger k\u00f6nnen ebenfalls f\u00fcr jedes Backpacking-Abenteuer montiert werden. W\u00e4hle eine Farbe und kontaktiere uns oder einen H\u00e4ndler vor Ort und lass dir dein individuelles Gravelbike direkt vor die Haust\u00fcr liefern.<\/h4>\n<p><strong> <\/strong><\/p>\n<p><strong> <\/strong><\/p>\n<p><strong> <\/strong><\/p>\n<ul>\n<li>s<\/li>\n<\/ul>\n","protected":false},"featured_media":2238,"template":"","meta":{"_et_pb_use_builder":"on","_et_pb_old_content":"<ul>\r\n \t<li>Adventure Geometry<\/li>\r\n \t<li>Unidirectional carbon fibre<\/li>\r\n \t<li>Reliable and lightweight and fits 55 mm tyres.<\/li>\r\n \t<li>12mm axles increase the stiffness of the wheel in comparison to regular quick release.<\/li>\r\n \t<li>Wide stance aero fork and steering tube that increases the stiffness of the front part of the frame.<\/li>\r\n \t<li>Fits fenders, carriers and all bike packing bags.<\/li>\r\n<\/ul>\r\n&nbsp;\r\n\r\n<strong>Wheels <\/strong>\r\n<ul>\r\n \t<li>Fulcrum DB 900<\/li>\r\n \t<li>Made in Italy<\/li>\r\n \t<li>Tubeless Ready<\/li>\r\n \t<li>Indestructible and weather resistant industrial bearings<\/li>\r\n<\/ul>\r\n<strong>Shifting<\/strong>\r\n<ul>\r\n \t<li>Shimano GRX mechanical Gears<\/li>\r\n \t<li>Shimano Hydraulic disc brake<\/li>\r\n<\/ul>","_et_gb_content_width":"","om_disable_all_campaigns":false,"_monsterinsights_skip_tracking":false,"_monsterinsights_sitenote_active":false,"_monsterinsights_sitenote_note":"","_monsterinsights_sitenote_category":0},"pwb-brand":[],"product_brand":[],"product_cat":[566,139],"product_tag":[330],"class_list":{"0":"post-2234","1":"product","2":"type-product","3":"status-publish","4":"has-post-thumbnail","6":"product_cat-pearl-adventure","7":"product_cat-pearl-gravel","8":"product_tag-pearl-gravel","10":"first","11":"instock","12":"taxable","13":"shipping-taxable","14":"purchasable","15":"product-type-variable"},"aioseo_notices":[],"brands":[],"_links":{"self":[{"href":"https:\/\/gravel-bikes.cc\/de\/wp-json\/wp\/v2\/product\/2234","targetHints":{"allow":["GET"]}}],"collection":[{"href":"https:\/\/gravel-bikes.cc\/de\/wp-json\/wp\/v2\/product"}],"about":[{"href":"https:\/\/gravel-bikes.cc\/de\/wp-json\/wp\/v2\/types\/product"}],"wp:featuredmedia":[{"embeddable":true,"href":"https:\/\/gravel-bikes.cc\/de\/wp-json\/wp\/v2\/media\/2238"}],"wp:attachment":[{"href":"https:\/\/gravel-bikes.cc\/de\/wp-json\/wp\/v2\/media?parent=2234"}],"wp:term":[{"taxonomy":"pwb-brand","embeddable":true,"href":"https:\/\/gravel-bikes.cc\/de\/wp-json\/wp\/v2\/pwb-brand?post=2234"},{"taxonomy":"product_brand","embeddable":true,"href":"https:\/\/gravel-bikes.cc\/de\/wp-json\/wp\/v2\/product_brand?post=2234"},{"taxonomy":"product_cat","embeddable":true,"href":"https:\/\/gravel-bikes.cc\/de\/wp-json\/wp\/v2\/product_cat?post=2234"},{"taxonomy":"product_tag","embeddable":true,"href":"https:\/\/gravel-bikes.cc\/de\/wp-json\/wp\/v2\/product_tag?post=2234"}],"curies":[{"name":"wp","href":"https:\/\/api.w.org\/{rel}","templated":true}]}}