{"id":2259,"date":"2025-12-14T15:37:40","date_gmt":"2025-12-14T15:37:40","guid":{"rendered":"https:\/\/gravel-bikes.cc\/produkt\/c-nut-lenkertaschen-2\/"},"modified":"2025-12-14T15:37:40","modified_gmt":"2025-12-14T15:37:40","slug":"c-nut-lenkertaschen-2","status":"publish","type":"product","link":"https:\/\/gravel-bikes.cc\/de\/produkt\/c-nut-lenkertaschen-2\/","title":{"rendered":"C NUT Lenkertaschen"},"content":{"rendered":"<div class=\"OtfKGl QfrfFD cell\">\n<section class=\"Va_ZoC\" data-hook=\"description-wrapper\">\n<div class=\"LvOu6J\">\n<div class=\"vaI0UH\" data-hook=\"content-wrapper\">\n<p>CNUT Bags gelb, mit rot\/wei\u00dfen Details<\/p>\n<p>Ma\u00dfe: ca. 20&#215;11 cm <\/p>\n<p>Material:<\/p>\n<p>&#8211; 1000er Cordura<\/p>\n<p>&#8211; YKK-Aquaguard Rei\u00dfverschluss<\/p>\n<p>&#8211; Gurtband aus Bio-Baumwolle<\/p>\n<p>&#8211; Lederpatch mit Logo; pflanzliche Gerbung im Allg\u00e4u<\/p>\n<p>&#8211; inkl. zwei Riemen aus rotem Gurtband <\/p>\n<p>&nbsp;<\/p>\n<p>&nbsp;<\/p>\n<\/div>\n<\/div>\n<\/section>\n<\/div>\n<div class=\"QfrfFD cell\">\n<div id=\"TPAMultiSection_ii8l6294.product-page-details-4\" class=\"\" data-hook=\"slot-placeholder-TPAMultiSection_ii8l6294.product-page-details-4\"><\/div>\n<\/div>\n<div class=\"QfrfFD cell\">\n<div id=\"TPAMultiSection_ii8l6294.product-page-details-8\" class=\"\" data-hook=\"slot-placeholder-TPAMultiSection_ii8l6294.product-page-details-8\"><\/div>\n<\/div>\n<div>\n<div class=\"c9oxsT QfrfFD cell\">\n<div dir=\"ltr\">\n<ul class=\"wEn8Wy\" data-hook=\"stacked-info-section\">\n<li class=\"De1MzN\" data-hook=\"stacked-info-item\">\n<div class=\"nIrkeO QfrfFD cell\">\n<h2 class=\"sAQWlbr opy4bC1---typography-11-runningText opy4bC1---priority-7-primary _HOcyB D0x9d0 sxbtulv ftb6e2\" aria-hidden=\"false\" data-hook=\"info-section-title\">Lieferumfang<\/h2>\n<div class=\"zp8uy2\" data-hook=\"info-section-description\">\n<p>&#8211; CNUT Tasche in gew\u00e4hlter Farbe<br \/>\n&#8211; zwei Befestigungsriemen aus Sicherheitsgurtband<br \/>\n&#8211; ein Klettband<\/p>\n<\/div>\n<\/div>\n<\/li>\n<\/ul>\n<\/div>\n<\/div>\n<\/div>\n","protected":false},"excerpt":{"rendered":"<p>CNUT Bags gelb, mit rot\/wei\u00dfen Details Ma\u00dfe: ca. 20&#215;11 cm Material: &#8211; 1000er Cordura &#8211; YKK-Aquaguard Rei\u00dfverschluss &#8211; Gurtband aus Bio-Baumwolle &#8211; Lederpatch mit Logo; pflanzliche Gerbung im Allg\u00e4u &#8211; inkl. zwei Riemen aus rotem Gurtband &nbsp; &nbsp; Lieferumfang &#8211; CNUT Tasche in gew\u00e4hlter Farbe &#8211; zwei Befestigungsriemen aus Sicherheitsgurtband &#8211; ein Klettband<\/p>\n","protected":false},"featured_media":924,"template":"","meta":{"_et_pb_use_builder":"","_et_pb_old_content":"","_et_gb_content_width":"","om_disable_all_campaigns":false,"_monsterinsights_skip_tracking":false,"_monsterinsights_sitenote_active":false,"_monsterinsights_sitenote_note":"","_monsterinsights_sitenote_category":0},"pwb-brand":[],"product_brand":[],"product_cat":[220],"product_tag":[221],"class_list":{"0":"post-2259","1":"product","2":"type-product","3":"status-publish","4":"has-post-thumbnail","6":"product_cat-bike-packing-taschen","7":"product_tag-c-nut-taschen","8":"product_shipping_class-kleinteile","10":"first","11":"instock","12":"sale","13":"taxable","14":"shipping-taxable","15":"purchasable","16":"product-type-simple"},"aioseo_notices":[],"brands":[],"_links":{"self":[{"href":"https:\/\/gravel-bikes.cc\/de\/wp-json\/wp\/v2\/product\/2259","targetHints":{"allow":["GET"]}}],"collection":[{"href":"https:\/\/gravel-bikes.cc\/de\/wp-json\/wp\/v2\/product"}],"about":[{"href":"https:\/\/gravel-bikes.cc\/de\/wp-json\/wp\/v2\/types\/product"}],"wp:featuredmedia":[{"embeddable":true,"href":"https:\/\/gravel-bikes.cc\/de\/wp-json\/wp\/v2\/media\/924"}],"wp:attachment":[{"href":"https:\/\/gravel-bikes.cc\/de\/wp-json\/wp\/v2\/media?parent=2259"}],"wp:term":[{"taxonomy":"pwb-brand","embeddable":true,"href":"https:\/\/gravel-bikes.cc\/de\/wp-json\/wp\/v2\/pwb-brand?post=2259"},{"taxonomy":"product_brand","embeddable":true,"href":"https:\/\/gravel-bikes.cc\/de\/wp-json\/wp\/v2\/product_brand?post=2259"},{"taxonomy":"product_cat","embeddable":true,"href":"https:\/\/gravel-bikes.cc\/de\/wp-json\/wp\/v2\/product_cat?post=2259"},{"taxonomy":"product_tag","embeddable":true,"href":"https:\/\/gravel-bikes.cc\/de\/wp-json\/wp\/v2\/product_tag?post=2259"}],"curies":[{"name":"wp","href":"https:\/\/api.w.org\/{rel}","templated":true}]}}