{"id":2284,"date":"2025-12-13T17:29:46","date_gmt":"2025-12-13T17:29:46","guid":{"rendered":"https:\/\/gravel-bikes.cc\/produkt\/shimano-slx-schaltwerk-slx-rd-m7000-gs-11-fach\/"},"modified":"2025-12-13T17:29:46","modified_gmt":"2025-12-13T17:29:46","slug":"shimano-slx-schaltwerk-slx-rd-m7000-gs-11-fach","status":"publish","type":"product","link":"https:\/\/gravel-bikes.cc\/de\/produkt\/shimano-slx-schaltwerk-slx-rd-m7000-gs-11-fach\/","title":{"rendered":"Shimano SLX Schaltwerk SLX RD-M7000-GS 11-fach"},"content":{"rendered":"","protected":false},"excerpt":{"rendered":"<p><strong>SHIMANO SLX Schaltwerk RD-M7000-11 GS Shadow + mittellanger K\u00e4fig <\/strong><\/p>\n<p>Das 11-fach SLX Schaltwerk steht dem XT Schaltwerk in Sachen Funktion und Schaltperformance in nichts nach, lediglich das etwas h\u00f6here Gewicht k\u00f6nnte man als Minuspunkt werten.<br \/>\nWie sein gro\u00dfer Bruder aus Shimanos Top-Reihe liefert es stets schnelle und saubere Gangwechsel. Mit der \u00fcberarbeiteten Shadow + Technologie l\u00e4sst sich die Vorspannung der Kette in zwei Stufen \u00fcber einen kleinen Hebel am Schaltwerk einstellen. So kannst Du entscheiden, ob die Kette mit weniger Kettenspannung leichtg\u00e4ngiger laufen soll, oder ob sie f\u00fcr unwegsames Gel\u00e4nde strammer gespannt werden soll. Die Shadow-Konstruktion reduziert den seitlichen \u00dcberstand des Schaltwerks und verringert so die Gefahr, dass das Schaltwerk an \u00c4sten und Steinen h\u00e4ngen bleibt.<br \/>\nDie verwendeten Schaltr\u00f6llchen mit gedichteten Lagern laufen sehr sauber und garantieren eine lange Lebensdauer!   <\/p>\n","protected":false},"featured_media":735,"template":"","meta":{"_et_pb_use_builder":"","_et_pb_old_content":"","_et_gb_content_width":"","om_disable_all_campaigns":false,"_monsterinsights_skip_tracking":false,"_monsterinsights_sitenote_active":false,"_monsterinsights_sitenote_note":"","_monsterinsights_sitenote_category":0},"pwb-brand":[],"product_brand":[],"product_cat":[266],"product_tag":[],"class_list":{"0":"post-2284","1":"product","2":"type-product","3":"status-publish","4":"has-post-thumbnail","6":"product_cat-shimano-schaltwerk","7":"product_shipping_class-kleinteile","9":"first","10":"instock","11":"sale","12":"taxable","13":"shipping-taxable","14":"purchasable","15":"product-type-simple"},"aioseo_notices":[],"brands":[],"_links":{"self":[{"href":"https:\/\/gravel-bikes.cc\/de\/wp-json\/wp\/v2\/product\/2284","targetHints":{"allow":["GET"]}}],"collection":[{"href":"https:\/\/gravel-bikes.cc\/de\/wp-json\/wp\/v2\/product"}],"about":[{"href":"https:\/\/gravel-bikes.cc\/de\/wp-json\/wp\/v2\/types\/product"}],"wp:featuredmedia":[{"embeddable":true,"href":"https:\/\/gravel-bikes.cc\/de\/wp-json\/wp\/v2\/media\/735"}],"wp:attachment":[{"href":"https:\/\/gravel-bikes.cc\/de\/wp-json\/wp\/v2\/media?parent=2284"}],"wp:term":[{"taxonomy":"pwb-brand","embeddable":true,"href":"https:\/\/gravel-bikes.cc\/de\/wp-json\/wp\/v2\/pwb-brand?post=2284"},{"taxonomy":"product_brand","embeddable":true,"href":"https:\/\/gravel-bikes.cc\/de\/wp-json\/wp\/v2\/product_brand?post=2284"},{"taxonomy":"product_cat","embeddable":true,"href":"https:\/\/gravel-bikes.cc\/de\/wp-json\/wp\/v2\/product_cat?post=2284"},{"taxonomy":"product_tag","embeddable":true,"href":"https:\/\/gravel-bikes.cc\/de\/wp-json\/wp\/v2\/product_tag?post=2284"}],"curies":[{"name":"wp","href":"https:\/\/api.w.org\/{rel}","templated":true}]}}