{"id":2287,"date":"2025-12-13T17:14:38","date_gmt":"2025-12-13T17:14:38","guid":{"rendered":"https:\/\/gravel-bikes.cc\/produkt\/teravail-cannonball-700c-47-mm\/"},"modified":"2025-12-13T17:14:38","modified_gmt":"2025-12-13T17:14:38","slug":"teravail-cannonball-700c-47-mm","status":"publish","type":"product","link":"https:\/\/gravel-bikes.cc\/de\/produkt\/teravail-cannonball-700c-47-mm\/","title":{"rendered":"Teravail Cannonball 700c\/47 mm"},"content":{"rendered":"<p>Teravail aus Minneapolis sind Spezialisten, wenn es um Gravel-Reifen geht. Wie der Name schon sagt, m\u00f6chte Teravail Fahrern Gel\u00e4ndetauglichkeit bieten. Die Auswahl ist einfach gehalten, sodass du dir keine Gedanken dar\u00fcber machen musst, welcher Reifen mit welchen Spezifikationen besser ist. Weniger Entscheidungen = mehr Zeit auf deinem Fahrrad.   <\/p>\n<p>Der Cannonball wurde als erstklassiger Gravel-Rennreifen entwickelt. Das direktionale, engmaschige Profil in der Mitte reduziert effizient den Rollwiderstand, w\u00e4hrend die Seitenstollen die Traktion in Kurven erh\u00f6hen. Das Diamantmuster des Mittelprofils ist speziell f\u00fcr das Fahren auf Schotter optimiert und leitet Schmutz- und Schotterr\u00fcckst\u00e4nde ab.  <\/p>\n<p><em>Dichtmittelvertr\u00e4glichkeit<\/em><br \/>\nTeravail hat alle Reifen auf Vertr\u00e4glichkeit mit Dichtmitteln von Finish Line, Orange Seal, Stans, Slime, Continental und Hutchinson getestet.<\/p>\n<p><em>Leicht und geschmeidig<\/em><br \/>\nWenn kein zus\u00e4tzlicher Pannenschutz erforderlich ist, bietet die leichte und geschmeidige Karkasse ein geringeres Gewicht und ein komfortables, ultraweiches Fahrgef\u00fchl bei niedrigerem Druck.<\/p>\n<p>Technische Daten:<\/p>\n<p>Reifentyp: Faltreifen<br \/>\nEinsatzbereich: Gravel, Tour, Cross<br \/>\nGr\u00f6\u00dfe (Zoll): 28 | 700 x 47C<br \/>\nGr\u00f6\u00dfe (ETRTO): 47 &#8211; 622<br \/>\nAusf\u00fchrung: Light, Tubeless Ready<br \/>\nGummimischung: light &amp; supple<br \/>\nKarkasse: 60 TPI<br \/>\nTubeless-f\u00e4hig: ja<br \/>\nE-Bike Kompatibilit\u00e4t: n\/a<br \/>\nProfil: Gravel-Rennreifen<br \/>\nempfohlener Luftdruck: 2,8 \u2013 4,8 bar (40 \u2013 70 PSI)<br \/>\nempfohlene Felgenbreite: 17 \u2013 27 mm<br \/>\nMaximallast (pro Reifen): keine Beschr\u00e4nkung<br \/>\nFarbe: schwarz<\/p>\n<p>Gewicht laut Hersteller: 645 g<br \/>\nSelbst gewogenes Gewicht: 619 g<\/p>\n","protected":false},"excerpt":{"rendered":"<p>Teravail aus Minneapolis sind Spezialisten, wenn es um Gravel-Reifen geht. Wie der Name schon sagt, m\u00f6chte Teravail Fahrern Gel\u00e4ndetauglichkeit bieten. Die Auswahl ist einfach gehalten, sodass du dir keine Gedanken dar\u00fcber machen musst, welcher Reifen mit welchen Spezifikationen besser ist. Weniger Entscheidungen = mehr Zeit auf deinem Fahrrad. Der Cannonball wurde als erstklassiger Gravel-Rennreifen entwickelt. [&hellip;]<\/p>\n","protected":false},"featured_media":721,"template":"","meta":{"_et_pb_use_builder":"","_et_pb_old_content":"","_et_gb_content_width":"","om_disable_all_campaigns":false,"_monsterinsights_skip_tracking":false,"_monsterinsights_sitenote_active":false,"_monsterinsights_sitenote_note":"","_monsterinsights_sitenote_category":0},"pwb-brand":[],"product_brand":[],"product_cat":[235],"product_tag":[230,376],"class_list":{"0":"post-2287","1":"product","2":"type-product","3":"status-publish","4":"has-post-thumbnail","6":"product_cat-reifen","7":"product_tag-hamburg-gravel","8":"product_tag-teravail-reifen","10":"first","11":"instock","12":"taxable","13":"shipping-taxable","14":"product-type-simple"},"aioseo_notices":[],"brands":[],"_links":{"self":[{"href":"https:\/\/gravel-bikes.cc\/de\/wp-json\/wp\/v2\/product\/2287","targetHints":{"allow":["GET"]}}],"collection":[{"href":"https:\/\/gravel-bikes.cc\/de\/wp-json\/wp\/v2\/product"}],"about":[{"href":"https:\/\/gravel-bikes.cc\/de\/wp-json\/wp\/v2\/types\/product"}],"wp:featuredmedia":[{"embeddable":true,"href":"https:\/\/gravel-bikes.cc\/de\/wp-json\/wp\/v2\/media\/721"}],"wp:attachment":[{"href":"https:\/\/gravel-bikes.cc\/de\/wp-json\/wp\/v2\/media?parent=2287"}],"wp:term":[{"taxonomy":"pwb-brand","embeddable":true,"href":"https:\/\/gravel-bikes.cc\/de\/wp-json\/wp\/v2\/pwb-brand?post=2287"},{"taxonomy":"product_brand","embeddable":true,"href":"https:\/\/gravel-bikes.cc\/de\/wp-json\/wp\/v2\/product_brand?post=2287"},{"taxonomy":"product_cat","embeddable":true,"href":"https:\/\/gravel-bikes.cc\/de\/wp-json\/wp\/v2\/product_cat?post=2287"},{"taxonomy":"product_tag","embeddable":true,"href":"https:\/\/gravel-bikes.cc\/de\/wp-json\/wp\/v2\/product_tag?post=2287"}],"curies":[{"name":"wp","href":"https:\/\/api.w.org\/{rel}","templated":true}]}}