{"id":2296,"date":"2025-12-13T17:08:54","date_gmt":"2025-12-13T17:08:54","guid":{"rendered":"https:\/\/gravel-bikes.cc\/produkt\/terravail-rampart-650b-47-mm\/"},"modified":"2025-12-13T17:08:54","modified_gmt":"2025-12-13T17:08:54","slug":"terravail-rampart-650b-47-mm","status":"publish","type":"product","link":"https:\/\/gravel-bikes.cc\/de\/produkt\/terravail-rampart-650b-47-mm\/","title":{"rendered":"Terravail Rampart 650b 47 mm"},"content":{"rendered":"<div id=\"r2-desktop-tabs\" class=\"\">\n<nav class=\"tab-navigation\">\n<div id=\"tab-content-product-tabs\" class=\"tab-content\">\n<div id=\"tab-description\" class=\"tab-pane fade show active\" role=\"tabpanel\" aria-labelledby=\"tab-link-description\">\n<div class=\"desc\">\n<div class=\"mas-desc\">\n<div class=\"desc aw_toggle_content aw_toggle_content_closed\" aria-expanded=\"false\">\n<p><strong>TERAVAIL Reifen RAMPART 27,5 | 650W x 47 Durable | Tanwandig<\/strong><\/p>\n<p>Teravail aus Minneapolis sind nicht nur Spezialisten, wenn es um Gravel-Reifen geht. Der Rampart wurde von Erfahrungen auf Rennstrecken und unterschiedlichem Terrain inspiriert und designt.<br \/>\nVon Stra\u00dfen bis zu Gehwegen, von sanften H\u00fcgeln bis zu fast senkrechten Anstiegen wurde der Rampart f\u00fcr diejenigen geschaffen, die jede Stra\u00dfe erobern wollen. Der Reifen bietet erh\u00f6hte Traktion und ein extrem gleichm\u00e4\u00dfiges Fahrverhalten auf unebenem Untergrund (und dar\u00fcber hinaus).  <\/p>\n<p><em>Dichtmittelvertr\u00e4glichkeit<\/em><br \/>\nTeravail hat alle Reifen auf Vertr\u00e4glichkeit mit Dichtmitteln von Finish Line, Orange Seal, Stans, Slime, Continental und Hutchinson getestet.<\/p>\n<p><em>Durable<\/em><br \/>\nDiese Konstruktion besteht aus einer robusten, gewebten Nylonverst\u00e4rkung innerhalb der Seitenw\u00e4nde des Reifens, um Risse und Abrieb zu verhindern. Zus\u00e4tzlich sch\u00fctzt eine dicht gewebte Schutzschicht unter der Lauffl\u00e4che vor Pannen. <\/p>\n<p>Funktionen<\/p>\n<p>Reifentyp: Faltreifen<br \/>\nVerwendungszweck: Rennrad, Triathlon<br \/>\nGr\u00f6\u00dfe (Zoll): 27,5 | 650<br \/>\nGr\u00f6\u00dfe (ETRTO): 47 &#8211; 650<br \/>\nVersion: Durable, Tubeless Ready<br \/>\nGummimischung: Durable Seitenwand<br \/>\nKarkasse: 60 TPI<br \/>\nTubeless-f\u00e4hig: ja<br \/>\nE-Bike Kompatibilit\u00e4t: n\/a<br \/>\nProfil: ist glatt und rollt schnell<br \/>\nEmpfohlener Luftdruck: 2,8 &#8211; 4,8 bar (40 &#8211; 70 PSI)<br \/>\nEmpfohlene Felgenbreite: 17 &#8211; 27 mm<br \/>\nMaximale Last (pro Reifen): keine Begrenzung<br \/>\nFarbe: Schwarz<\/p>\n<p>Gewicht laut Hersteller: k. A.<br \/>\nGewicht gewogen: 635 g<\/p>\n<p><em>Hinweis:<\/em> Die Gewichte der Reifen k\u00f6nnen produktionsbedingt variieren!<\/p>\n<p>Lieferumfang: 1x Reifen TERAVAIL RAMPART 27,5 | 650W x 47 Durable<\/p>\n<div id=\"uc1765645592300\" class=\"uc-embedding-container uc-embedding-1 \" data-nosnippet=\"true\">\n<p><img decoding=\"async\" src=\"https:\/\/privacy-proxy-server.usercentrics.eu\/video\/youtube\/mQLPN4c72lA-poster-image\" alt=\"Youtube Video Vorschaubild\"><\/p>\n<div class=\"uc-embedding-wrapper\"><\/div>\n<\/div>\n<\/div>\n<\/div>\n<\/div>\n<\/div>\n<\/div>\n<\/nav>\n<\/div>\n<div class=\"row\">\n<div class=\"col-6\">\n<div class=\"s360-gpsr-manufacturer\">\n<div class=\"s360-gpsr-title\"><\/div>\n<\/div>\n<\/div>\n<\/div>\n","protected":false},"excerpt":{"rendered":"<p>TERAVAIL Reifen RAMPART 27,5 | 650W x 47 Durable | Tanwandig Teravail aus Minneapolis sind nicht nur Spezialisten, wenn es um Gravel-Reifen geht. Der Rampart wurde von Erfahrungen auf Rennstrecken und unterschiedlichem Terrain inspiriert und designt. Von Stra\u00dfen bis zu Gehwegen, von sanften H\u00fcgeln bis zu fast senkrechten Anstiegen wurde der Rampart f\u00fcr diejenigen geschaffen, [&hellip;]<\/p>\n","protected":false},"featured_media":711,"template":"","meta":{"_et_pb_use_builder":"","_et_pb_old_content":"","_et_gb_content_width":"","om_disable_all_campaigns":false,"_monsterinsights_skip_tracking":false,"_monsterinsights_sitenote_active":false,"_monsterinsights_sitenote_note":"","_monsterinsights_sitenote_category":0},"pwb-brand":[],"product_brand":[49],"product_cat":[235],"product_tag":[379],"class_list":{"0":"post-2296","1":"product","2":"type-product","3":"status-publish","4":"has-post-thumbnail","6":"product_brand-teravail","7":"product_cat-reifen","8":"product_tag-terravail-reifen","10":"first","11":"instock","12":"sale","13":"taxable","14":"shipping-taxable","15":"purchasable","16":"product-type-simple"},"aioseo_notices":[],"brands":[],"_links":{"self":[{"href":"https:\/\/gravel-bikes.cc\/de\/wp-json\/wp\/v2\/product\/2296","targetHints":{"allow":["GET"]}}],"collection":[{"href":"https:\/\/gravel-bikes.cc\/de\/wp-json\/wp\/v2\/product"}],"about":[{"href":"https:\/\/gravel-bikes.cc\/de\/wp-json\/wp\/v2\/types\/product"}],"wp:featuredmedia":[{"embeddable":true,"href":"https:\/\/gravel-bikes.cc\/de\/wp-json\/wp\/v2\/media\/711"}],"wp:attachment":[{"href":"https:\/\/gravel-bikes.cc\/de\/wp-json\/wp\/v2\/media?parent=2296"}],"wp:term":[{"taxonomy":"pwb-brand","embeddable":true,"href":"https:\/\/gravel-bikes.cc\/de\/wp-json\/wp\/v2\/pwb-brand?post=2296"},{"taxonomy":"product_brand","embeddable":true,"href":"https:\/\/gravel-bikes.cc\/de\/wp-json\/wp\/v2\/product_brand?post=2296"},{"taxonomy":"product_cat","embeddable":true,"href":"https:\/\/gravel-bikes.cc\/de\/wp-json\/wp\/v2\/product_cat?post=2296"},{"taxonomy":"product_tag","embeddable":true,"href":"https:\/\/gravel-bikes.cc\/de\/wp-json\/wp\/v2\/product_tag?post=2296"}],"curies":[{"name":"wp","href":"https:\/\/api.w.org\/{rel}","templated":true}]}}