{"id":2387,"date":"2025-12-23T10:36:06","date_gmt":"2025-12-23T10:36:06","guid":{"rendered":"https:\/\/gravel-bikes.cc\/?post_type=product&#038;p=2387"},"modified":"2025-12-23T10:50:42","modified_gmt":"2025-12-23T10:50:42","slug":"enve-foundation-65-mm-copy","status":"publish","type":"product","link":"https:\/\/gravel-bikes.cc\/de\/produkt\/enve-foundation-65-mm-copy\/","title":{"rendered":"ENVE SES 6.7"},"content":{"rendered":"","protected":false},"excerpt":{"rendered":"<p>Das ENVE 45 ist in jeder Hinsicht ein modernes Carbon-Rennrad-Laufrad. Fahrer mit Ambitionen f\u00fcr Rennen und harte Solo-Fahrten oder solche, die sich auf verlorenen und vergessenen Stra\u00dfen wiederfinden wollen, werden die dynamischen Eigenschaften finden, die der moderne Stra\u00dfenfahrer braucht. <\/p>\n","protected":false},"featured_media":1412,"template":"","meta":{"_et_pb_use_builder":"","_et_pb_old_content":"","_et_gb_content_width":"","om_disable_all_campaigns":false,"_monsterinsights_skip_tracking":false,"_monsterinsights_sitenote_active":false,"_monsterinsights_sitenote_note":"","_monsterinsights_sitenote_category":0},"pwb-brand":[],"product_brand":[],"product_cat":[201,384],"product_tag":[],"class_list":{"0":"post-2387","1":"product","2":"type-product","3":"status-publish","4":"has-post-thumbnail","6":"product_cat-laufrader","7":"product_cat-nicht-kategorisiert-2","9":"first","10":"instock","11":"taxable","12":"shipping-taxable","13":"purchasable","14":"product-type-variable"},"aioseo_notices":[],"brands":[],"_links":{"self":[{"href":"https:\/\/gravel-bikes.cc\/de\/wp-json\/wp\/v2\/product\/2387","targetHints":{"allow":["GET"]}}],"collection":[{"href":"https:\/\/gravel-bikes.cc\/de\/wp-json\/wp\/v2\/product"}],"about":[{"href":"https:\/\/gravel-bikes.cc\/de\/wp-json\/wp\/v2\/types\/product"}],"wp:featuredmedia":[{"embeddable":true,"href":"https:\/\/gravel-bikes.cc\/de\/wp-json\/wp\/v2\/media\/1412"}],"wp:attachment":[{"href":"https:\/\/gravel-bikes.cc\/de\/wp-json\/wp\/v2\/media?parent=2387"}],"wp:term":[{"taxonomy":"pwb-brand","embeddable":true,"href":"https:\/\/gravel-bikes.cc\/de\/wp-json\/wp\/v2\/pwb-brand?post=2387"},{"taxonomy":"product_brand","embeddable":true,"href":"https:\/\/gravel-bikes.cc\/de\/wp-json\/wp\/v2\/product_brand?post=2387"},{"taxonomy":"product_cat","embeddable":true,"href":"https:\/\/gravel-bikes.cc\/de\/wp-json\/wp\/v2\/product_cat?post=2387"},{"taxonomy":"product_tag","embeddable":true,"href":"https:\/\/gravel-bikes.cc\/de\/wp-json\/wp\/v2\/product_tag?post=2387"}],"curies":[{"name":"wp","href":"https:\/\/api.w.org\/{rel}","templated":true}]}}