{"id":2428,"date":"2025-12-23T15:56:56","date_gmt":"2025-12-23T15:56:56","guid":{"rendered":"https:\/\/gravel-bikes.cc\/produkt\/enve-gravel-lenker\/"},"modified":"2025-12-24T09:43:45","modified_gmt":"2025-12-24T09:43:45","slug":"enve-gravel-lenker","status":"publish","type":"product","link":"https:\/\/gravel-bikes.cc\/de\/produkt\/enve-gravel-lenker\/","title":{"rendered":"ENVE GRAVEL LENKER"},"content":{"rendered":"<h4 class=\"title_block\">KOMPAKT-LENKER<\/h4>\n<div class=\"block_content\">\n<table border=\"0\" width=\"100%\" frame=\"VOID\" rules=\"NONE\" cellspacing=\"0\">\n<tbody>\n<tr>\n<td align=\"LEFT\" height=\"19\"><b>Material<\/b><\/td>\n<td align=\"LEFT\">Carbonfaser<\/td>\n<\/tr>\n<tr>\n<td align=\"LEFT\" height=\"19\"><b>Di2-kompatibel<\/b><\/td>\n<td align=\"LEFT\">Ja<\/td>\n<\/tr>\n<tr>\n<td align=\"LEFT\" valign=\"MIDDLE\" height=\"19\"><b>Breite Mitte-Mitte an den Griffen<\/b><\/td>\n<td align=\"LEFT\" valign=\"MIDDLE\">38 cm, 40 cm, 42 cm, 44 cm, 46 cm<\/td>\n<\/tr>\n<tr>\n<td align=\"LEFT\" valign=\"MIDDLE\" height=\"19\"><b>Breite Mitte-Mitte im Unterlenker<\/b><\/td>\n<td align=\"LEFT\" valign=\"MIDDLE\">40 cm, 42 cm, 44 cm, 46 cm, 48 cm<\/td>\n<\/tr>\n<tr>\n<td align=\"LEFT\" valign=\"MIDDLE\" height=\"19\"><b>Reach<\/b><\/td>\n<td align=\"LEFT\" valign=\"MIDDLE\">79 mm<\/td>\n<\/tr>\n<tr>\n<td align=\"LEFT\" height=\"19\"><b>Absenkung\/Erh\u00f6hung<\/b><\/td>\n<td align=\"LEFT\">127 mm<\/td>\n<\/tr>\n<tr>\n<td align=\"LEFT\" height=\"19\"><b>Klemmdurchmesser<\/b><\/td>\n<td align=\"LEFT\">31,8<\/td>\n<\/tr>\n<tr>\n<td align=\"LEFT\" height=\"19\"><b>Drehmoment: Frontplatte<\/b><\/td>\n<td align=\"LEFT\">5,5 Nm<\/td>\n<\/tr>\n<tr>\n<td align=\"LEFT\" height=\"19\"><b>Drehmoment: Bedienelemente<\/b><\/td>\n<td align=\"LEFT\">6 Nm\u20138 Nm<\/td>\n<\/tr>\n<tr>\n<td align=\"LEFT\" height=\"19\"><b>Gewicht<\/b><\/td>\n<td align=\"LEFT\">38 cm \u2013 212 g<\/td>\n<\/tr>\n<tr>\n<td align=\"LEFT\" height=\"19\"><\/td>\n<td align=\"LEFT\">40 cm \u2013 216 g<\/td>\n<\/tr>\n<tr>\n<td align=\"LEFT\" height=\"19\"><\/td>\n<td align=\"LEFT\">42 cm \u2013 220 g<\/td>\n<\/tr>\n<tr>\n<td align=\"LEFT\" height=\"19\"><\/td>\n<td align=\"LEFT\">44 cm \u2013 229 g<\/td>\n<\/tr>\n<tr>\n<td align=\"LEFT\" height=\"19\"><\/td>\n<td align=\"LEFT\">47 cm \u2013 230 g<\/td>\n<\/tr>\n<\/tbody>\n<\/table>\n<\/div>\n","protected":false},"excerpt":{"rendered":"<p>Ein speziell entwickelter Carbon-Rennlenker, der das Fahrgef\u00fchl im Gel\u00e4nde verbessern soll. \u00c4hnlich wie bei unseren Gravel-Laufr\u00e4dern sahen wir in der Gravel-Welt einen Bedarf an einem Carbon-Gravel-Lenker, den es noch nicht gab. Wir wissen aus unserer Erfahrung im Gravel-Fahren und -Rennen, dass das richtige Ma\u00df an Flare in den Drops mehr Kontrolle und Vertrauen in fast jeder Situation bieten kann, in der das Fahren in den Drops bevorzugt wird. Aus unserer Erfahrung im Mountainbike-Fahren wissen wir, dass breite Lenker ebenfalls die Kontrolle und das Vertrauen verbessern. Aus diesem Grund ist der G Series Lenker in Breiten von 42 cm bis 48 cm erh\u00e4ltlich, gemessen von Mitte zu Mitte in den Hoods. Unsere Erfahrung im Rennradfahren und in der Entwicklung von Rennradlenkern f\u00fcr World-Tour-Rennfahrer hat uns geholfen, einen Gravel-Lenker zu entwickeln, der ergonomisch komfortabel f\u00fcr lange Stunden im Sattel ist. Unsere Erfahrung im Design von Kohlefaserlaminaten hat es uns erm\u00f6glicht, den G Series Lenker so zu verfeinern, dass er St\u00f6\u00dfe von der Strecke absorbiert und d\u00e4mpft, wodurch die Erm\u00fcdung des Oberk\u00f6rpers minimiert wird. Der G Series Lenker wurde entwickelt, weil wir fahren, und als Fahrer wissen wir, was ein besseres Gravel-Fahrerlebnis ausmacht.       <\/p>\n<p>Ob es sich um das Abfahren der steilen und technischen H\u00e4nge beim Crusher in the Tushar, das Finden komfortablerer Handpositionen w\u00e4hrend der 320 km langen Tortur durch Kansas beim Dirty Kanza oder das Abenteuerfahren im eigenen Garten handelt, dieser Vollcarbon-Lenker bietet leistungsorientierten Gravel-Fahrern die Optionen, den Komfort und die Kontrolle, die sie ben\u00f6tigen, um Gravel mit Zuversicht zu meistern.<\/p>\n","protected":false},"featured_media":2655,"template":"","meta":{"_et_pb_use_builder":"","_et_pb_old_content":"","_et_gb_content_width":"","om_disable_all_campaigns":false,"_monsterinsights_skip_tracking":false,"_monsterinsights_sitenote_active":false,"_monsterinsights_sitenote_note":"","_monsterinsights_sitenote_category":0},"pwb-brand":[],"product_brand":[],"product_cat":[194],"product_tag":[390],"class_list":{"0":"post-2428","1":"product","2":"type-product","3":"status-publish","4":"has-post-thumbnail","6":"product_cat-lenker","7":"product_tag-enve-gravel-lenker","9":"first","10":"instock","11":"sale","12":"taxable","13":"shipping-taxable","14":"purchasable","15":"product-type-variable"},"aioseo_notices":[],"brands":[],"_links":{"self":[{"href":"https:\/\/gravel-bikes.cc\/de\/wp-json\/wp\/v2\/product\/2428","targetHints":{"allow":["GET"]}}],"collection":[{"href":"https:\/\/gravel-bikes.cc\/de\/wp-json\/wp\/v2\/product"}],"about":[{"href":"https:\/\/gravel-bikes.cc\/de\/wp-json\/wp\/v2\/types\/product"}],"wp:featuredmedia":[{"embeddable":true,"href":"https:\/\/gravel-bikes.cc\/de\/wp-json\/wp\/v2\/media\/2655"}],"wp:attachment":[{"href":"https:\/\/gravel-bikes.cc\/de\/wp-json\/wp\/v2\/media?parent=2428"}],"wp:term":[{"taxonomy":"pwb-brand","embeddable":true,"href":"https:\/\/gravel-bikes.cc\/de\/wp-json\/wp\/v2\/pwb-brand?post=2428"},{"taxonomy":"product_brand","embeddable":true,"href":"https:\/\/gravel-bikes.cc\/de\/wp-json\/wp\/v2\/product_brand?post=2428"},{"taxonomy":"product_cat","embeddable":true,"href":"https:\/\/gravel-bikes.cc\/de\/wp-json\/wp\/v2\/product_cat?post=2428"},{"taxonomy":"product_tag","embeddable":true,"href":"https:\/\/gravel-bikes.cc\/de\/wp-json\/wp\/v2\/product_tag?post=2428"}],"curies":[{"name":"wp","href":"https:\/\/api.w.org\/{rel}","templated":true}]}}