{"id":2671,"date":"2025-12-24T10:27:18","date_gmt":"2025-12-24T10:27:18","guid":{"rendered":"https:\/\/gravel-bikes.cc\/produkt\/geosmina-anything-cage\/"},"modified":"2025-12-24T10:27:55","modified_gmt":"2025-12-24T10:27:55","slug":"geosmina-anything-cage","status":"publish","type":"product","link":"https:\/\/gravel-bikes.cc\/de\/produkt\/geosmina-anything-cage\/","title":{"rendered":"Geosmina Anything Cage"},"content":{"rendered":"","protected":false},"excerpt":{"rendered":"<p class=\"p1\">\u2022  Taschenhalter aus Nylon-Verbundmaterial mit Schutzschaum. Leicht und robust. <\/p>\n<p class=\"p1\">\u2022  Inklusive 2 x 12 mm Edelstahlklemmen mit Schutzschaum. <\/p>\n<p class=\"p1\">\u2022  Neue, 1 cm l\u00e4ngere Basis zur Aufnahme gr\u00f6\u00dferer Taschen. <\/p>\n<p class=\"p1\">\u2022  Montage an Gabel oder Rahmen mittels Dreifachverschraubung m\u00f6glich.<\/p>\n<p class=\"p1\">Gewicht: 130 g (Halter) <\/p>\n<p class=\"p1\">Material: Nylon 840D TPU &#8211; Hypalon<\/p>\n<p class=\"p1\">Extra: 2 Riemen und Anything Cage mit 2 x 12 mm Edelstahlklemmen. Schaumstoffpolster.  <\/p>\n<p class=\"p1\">Abmessungen: 21,5 x 12,5 x 9 cm (Halter)<\/p>\n","protected":false},"featured_media":2672,"template":"","meta":{"_et_pb_use_builder":"","_et_pb_old_content":"","_et_gb_content_width":"","om_disable_all_campaigns":false,"_monsterinsights_skip_tracking":false,"_monsterinsights_sitenote_active":false,"_monsterinsights_sitenote_note":"","_monsterinsights_sitenote_category":0},"pwb-brand":[],"product_brand":[],"product_cat":[220],"product_tag":[393],"class_list":{"0":"post-2671","1":"product","2":"type-product","3":"status-publish","4":"has-post-thumbnail","6":"product_cat-bike-packing-taschen","7":"product_tag-geosmina-anything-cage","9":"first","10":"instock","11":"taxable","12":"shipping-taxable","13":"purchasable","14":"product-type-simple"},"aioseo_notices":[],"brands":[],"_links":{"self":[{"href":"https:\/\/gravel-bikes.cc\/de\/wp-json\/wp\/v2\/product\/2671","targetHints":{"allow":["GET"]}}],"collection":[{"href":"https:\/\/gravel-bikes.cc\/de\/wp-json\/wp\/v2\/product"}],"about":[{"href":"https:\/\/gravel-bikes.cc\/de\/wp-json\/wp\/v2\/types\/product"}],"wp:featuredmedia":[{"embeddable":true,"href":"https:\/\/gravel-bikes.cc\/de\/wp-json\/wp\/v2\/media\/2672"}],"wp:attachment":[{"href":"https:\/\/gravel-bikes.cc\/de\/wp-json\/wp\/v2\/media?parent=2671"}],"wp:term":[{"taxonomy":"pwb-brand","embeddable":true,"href":"https:\/\/gravel-bikes.cc\/de\/wp-json\/wp\/v2\/pwb-brand?post=2671"},{"taxonomy":"product_brand","embeddable":true,"href":"https:\/\/gravel-bikes.cc\/de\/wp-json\/wp\/v2\/product_brand?post=2671"},{"taxonomy":"product_cat","embeddable":true,"href":"https:\/\/gravel-bikes.cc\/de\/wp-json\/wp\/v2\/product_cat?post=2671"},{"taxonomy":"product_tag","embeddable":true,"href":"https:\/\/gravel-bikes.cc\/de\/wp-json\/wp\/v2\/product_tag?post=2671"}],"curies":[{"name":"wp","href":"https:\/\/api.w.org\/{rel}","templated":true}]}}