{"id":2681,"date":"2025-12-24T10:58:15","date_gmt":"2025-12-24T10:58:15","guid":{"rendered":"https:\/\/gravel-bikes.cc\/produkt\/mog-54cm-sram-rival-demo-bike\/"},"modified":"2025-12-24T11:13:34","modified_gmt":"2025-12-24T11:13:34","slug":"mog-54cm-sram-rival-demo-bike","status":"publish","type":"product","link":"https:\/\/gravel-bikes.cc\/de\/produkt\/mog-54cm-sram-rival-demo-bike\/","title":{"rendered":"ENVE MOG 52cm Sram Rival Demo Bike"},"content":{"rendered":"","protected":false},"excerpt":{"rendered":"<p>Enve Mog Topo Gr\u00fcn Gr\u00f6\u00dfe 52<\/p>\n<p>Rival AXS XPLR 1&#215;12-fach Gruppe<\/p>\n<p>ENVE AG25 Laufrad<\/p>\n<p>Lenker AR 40\/45<\/p>\n<p>Vorbau 90 mm<\/p>\n<p>ENVE Hex 44 Reifen<\/p>\n","protected":false},"featured_media":2682,"template":"","meta":{"_et_pb_use_builder":"","_et_pb_old_content":"","_et_gb_content_width":"","om_disable_all_campaigns":false,"_monsterinsights_skip_tracking":false,"_monsterinsights_sitenote_active":false,"_monsterinsights_sitenote_note":"","_monsterinsights_sitenote_category":0},"pwb-brand":[],"product_brand":[],"product_cat":[384],"product_tag":[],"class_list":{"0":"post-2681","1":"product","2":"type-product","3":"status-publish","4":"has-post-thumbnail","6":"product_cat-nicht-kategorisiert-2","7":"product_shipping_class-fahrrad","9":"first","10":"instock","11":"sale","12":"taxable","13":"shipping-taxable","14":"purchasable","15":"product-type-simple"},"aioseo_notices":[],"brands":[],"_links":{"self":[{"href":"https:\/\/gravel-bikes.cc\/de\/wp-json\/wp\/v2\/product\/2681","targetHints":{"allow":["GET"]}}],"collection":[{"href":"https:\/\/gravel-bikes.cc\/de\/wp-json\/wp\/v2\/product"}],"about":[{"href":"https:\/\/gravel-bikes.cc\/de\/wp-json\/wp\/v2\/types\/product"}],"wp:featuredmedia":[{"embeddable":true,"href":"https:\/\/gravel-bikes.cc\/de\/wp-json\/wp\/v2\/media\/2682"}],"wp:attachment":[{"href":"https:\/\/gravel-bikes.cc\/de\/wp-json\/wp\/v2\/media?parent=2681"}],"wp:term":[{"taxonomy":"pwb-brand","embeddable":true,"href":"https:\/\/gravel-bikes.cc\/de\/wp-json\/wp\/v2\/pwb-brand?post=2681"},{"taxonomy":"product_brand","embeddable":true,"href":"https:\/\/gravel-bikes.cc\/de\/wp-json\/wp\/v2\/product_brand?post=2681"},{"taxonomy":"product_cat","embeddable":true,"href":"https:\/\/gravel-bikes.cc\/de\/wp-json\/wp\/v2\/product_cat?post=2681"},{"taxonomy":"product_tag","embeddable":true,"href":"https:\/\/gravel-bikes.cc\/de\/wp-json\/wp\/v2\/product_tag?post=2681"}],"curies":[{"name":"wp","href":"https:\/\/api.w.org\/{rel}","templated":true}]}}