{"id":2937,"date":"2025-12-24T19:27:44","date_gmt":"2025-12-24T19:27:44","guid":{"rendered":"https:\/\/gravel-bikes.cc\/?post_type=product&#038;p=2937"},"modified":"2025-12-25T09:32:00","modified_gmt":"2025-12-25T09:32:00","slug":"pearl-gravel-adventure-cues-copy","status":"publish","type":"product","link":"https:\/\/gravel-bikes.cc\/de\/produkt\/pearl-gravel-adventure-cues-copy\/","title":{"rendered":"Pearl GRAVEL KIDS"},"content":{"rendered":"<p>[et_pb_section fb_built=&#8221;1&#8243; _builder_version=&#8221;4.16&#8243; custom_padding=&#8221;0px||||false|false&#8221; global_colors_info=&#8221;{}&#8221;][et_pb_row _builder_version=&#8221;4.16&#8243; background_size=&#8221;initial&#8221; background_position=&#8221;top_left&#8221; background_repeat=&#8221;repeat&#8221; width=&#8221;100%&#8221; custom_padding=&#8221;0px||0px||false|false&#8221; global_colors_info=&#8221;{}&#8221;][et_pb_column type=&#8221;4_4&#8243; _builder_version=&#8221;4.16&#8243; custom_padding=&#8221;|||&#8221; global_colors_info=&#8221;{}&#8221; custom_padding__hover=&#8221;|||&#8221;][et_pb_wc_breadcrumb _builder_version=&#8221;4.16&#8243; global_colors_info=&#8221;{}&#8221;][\/et_pb_wc_breadcrumb][et_pb_wc_cart_notice _builder_version=&#8221;4.16&#8243; global_colors_info=&#8221;{}&#8221;][\/et_pb_wc_cart_notice][\/et_pb_column][\/et_pb_row][et_pb_row column_structure=&#8221;1_2,1_2&#8243; _builder_version=&#8221;4.16&#8243; background_size=&#8221;initial&#8221; background_position=&#8221;top_left&#8221; background_repeat=&#8221;repeat&#8221; width=&#8221;100%&#8221; custom_padding=&#8221;0px||||false|false&#8221; global_colors_info=&#8221;{}&#8221;][et_pb_column type=&#8221;1_2&#8243; _builder_version=&#8221;4.16&#8243; custom_padding=&#8221;|||&#8221; global_colors_info=&#8221;{}&#8221; custom_padding__hover=&#8221;|||&#8221;][et_pb_wc_images _builder_version=&#8221;4.16&#8243; global_colors_info=&#8221;{}&#8221;][\/et_pb_wc_images][et_pb_image src=&#8221;https:\/\/gravel-bikes.cc\/wp-content\/uploads\/2025\/12\/IMG_1922-scaled.jpeg&#8221; title_text=&#8221;IMG_1922&#8243; _builder_version=&#8221;4.27.5&#8243; _module_preset=&#8221;default&#8221; global_colors_info=&#8221;{}&#8221;][\/et_pb_image][\/et_pb_column][et_pb_column type=&#8221;1_2&#8243; _builder_version=&#8221;4.16&#8243; custom_padding=&#8221;|||&#8221; global_colors_info=&#8221;{}&#8221; custom_padding__hover=&#8221;|||&#8221;][et_pb_wc_title _builder_version=&#8221;4.16&#8243; global_colors_info=&#8221;{}&#8221;][\/et_pb_wc_title][et_pb_wc_rating _builder_version=&#8221;4.16&#8243; global_colors_info=&#8221;{}&#8221;][\/et_pb_wc_rating][et_pb_wc_price _builder_version=&#8221;4.16&#8243; global_colors_info=&#8221;{}&#8221;][\/et_pb_wc_price][et_pb_wc_description _builder_version=&#8221;4.16&#8243; global_colors_info=&#8221;{}&#8221;][\/et_pb_wc_description][et_pb_wc_add_to_cart _builder_version=&#8221;4.16&#8243; global_colors_info=&#8221;{}&#8221;][\/et_pb_wc_add_to_cart][et_pb_wc_meta _builder_version=&#8221;4.16&#8243; global_colors_info=&#8221;{}&#8221;][\/et_pb_wc_meta][\/et_pb_column][\/et_pb_row][et_pb_row _builder_version=&#8221;4.16&#8243; background_size=&#8221;initial&#8221; background_position=&#8221;top_left&#8221; background_repeat=&#8221;repeat&#8221; width=&#8221;100%&#8221; global_colors_info=&#8221;{}&#8221;][et_pb_column type=&#8221;4_4&#8243; _builder_version=&#8221;4.16&#8243; custom_padding=&#8221;|||&#8221; global_colors_info=&#8221;{}&#8221; custom_padding__hover=&#8221;|||&#8221;][et_pb_wc_tabs _builder_version=&#8221;4.16&#8243; global_colors_info=&#8221;{}&#8221;] [\/et_pb_wc_tabs][et_pb_wc_upsells _builder_version=&#8221;4.16&#8243; global_colors_info=&#8221;{}&#8221;][\/et_pb_wc_upsells][et_pb_wc_related_products _builder_version=&#8221;4.16&#8243; global_colors_info=&#8221;{}&#8221;][\/et_pb_wc_related_products][\/et_pb_column][\/et_pb_row][\/et_pb_section]<\/p>\n","protected":false},"excerpt":{"rendered":"<p><strong>GRAVEL Abenteuer<\/strong><\/p>\n<p><strong>\u201eEin Carbon-Gravelbike, das sich f\u00fcr dein n\u00e4chstes Abenteuer eignet\u201c<\/strong><\/p>\n<h4>Endloser Gravel-Spa\u00df&#8230; Willkommen in unserem Angebot an ma\u00dfgeschneiderten Gravelbikes. Wir bieten einen Rahmen aus Aluminium und Carbon an, die beide auf deine spezifischen Bed\u00fcrfnisse zugeschnitten werden k\u00f6nnen. Unsere Gravel-Rahmen passen sowohl f\u00fcr 650b- als auch f\u00fcr 700c-Reifen. Schutzbleche und Gep\u00e4cktr\u00e4ger k\u00f6nnen ebenfalls f\u00fcr jedes Backpacking-Abenteuer montiert werden. W\u00e4hle eine Farbe und kontaktiere uns oder einen H\u00e4ndler vor Ort und lass dir dein individuelles Gravelbike direkt vor die Haust\u00fcr liefern.<\/h4>\n<p><strong> <\/strong><\/p>\n<p><strong> <\/strong><\/p>\n<p><strong> <\/strong><\/p>\n<ul>\n<li>Adventure-Geometrie<\/li>\n<li>Unidirektionale Kohlefaser<\/li>\n<li>Zuverl\u00e4ssig und leicht, passend f\u00fcr 55-mm-Reifen.<\/li>\n<li>12-mm-Achsen erh\u00f6hen die Steifigkeit des Rads im Vergleich zum regul\u00e4ren Schnellspanner.<\/li>\n<li>Breite Aero-Gabel und Steuerrohr, die die Steifigkeit des vorderen Rahmenteils erh\u00f6hen.<\/li>\n<li>Passend f\u00fcr Schutzbleche, Gep\u00e4cktr\u00e4ger und alle Bikepacking-Taschen.<\/li>\n<\/ul>\n","protected":false},"featured_media":0,"template":"","meta":{"_et_pb_use_builder":"on","_et_pb_old_content":"<ul>\n \t<li>Adventure-Geometrie<\/li>\n \t<li>Unidirektionale Kohlefaser<\/li>\n \t<li>Zuverl\u00e4ssig und leicht, passend f\u00fcr 55-mm-Reifen.<\/li>\n \t<li>12-mm-Achsen erh\u00f6hen die Steifigkeit des Rads im Vergleich zum regul\u00e4ren Schnellspanner.<\/li>\n \t<li>Breite Aero-Gabel und Steuerrohr, die die Steifigkeit des vorderen Rahmenteils erh\u00f6hen.<\/li>\n \t<li>Passend f\u00fcr Schutzbleche, Gep\u00e4cktr\u00e4ger und alle Bikepacking-Taschen.<\/li>\n<\/ul>\n\u00a0\n\n<strong>Laufr\u00e4der <\/strong>\n<ul>\n \t<li>Fulcrum DB 900<\/li>\n \t<li>Hergestellt in Italien<\/li>\n \t<li>Tubeless Ready<\/li>\n \t<li>Unverw\u00fcstliche und wetterbest\u00e4ndige Industrielager<\/li>\n<\/ul>\n<strong>Schaltung<\/strong>\n<ul>\n \t<li>Shimano GRX mechanische Schaltung<\/li>\n \t<li>Hydraulische Shimano-Scheibenbremsen<\/li>\n<\/ul>","_et_gb_content_width":"","om_disable_all_campaigns":false,"_monsterinsights_skip_tracking":false,"_monsterinsights_sitenote_active":false,"_monsterinsights_sitenote_note":"","_monsterinsights_sitenote_category":0},"pwb-brand":[],"product_brand":[],"product_cat":[140,139],"product_tag":[141],"class_list":{"0":"post-2937","1":"product","2":"type-product","3":"status-publish","5":"product_cat-angebot","6":"product_cat-pearl-gravel","7":"product_tag-peal-adventure-grave","9":"first","10":"instock","11":"sale","12":"taxable","13":"shipping-taxable","14":"purchasable","15":"product-type-variable"},"aioseo_notices":[],"df_price":1890,"df_sale_price":"","df_regular_price":1890,"df_image_link":"https:\/\/gravel-bikes.cc\/wp-content\/uploads\/woocommerce-placeholder-300x300.webp","brands":[],"_links":{"self":[{"href":"https:\/\/gravel-bikes.cc\/de\/wp-json\/wp\/v2\/product\/2937","targetHints":{"allow":["GET"]}}],"collection":[{"href":"https:\/\/gravel-bikes.cc\/de\/wp-json\/wp\/v2\/product"}],"about":[{"href":"https:\/\/gravel-bikes.cc\/de\/wp-json\/wp\/v2\/types\/product"}],"wp:attachment":[{"href":"https:\/\/gravel-bikes.cc\/de\/wp-json\/wp\/v2\/media?parent=2937"}],"wp:term":[{"taxonomy":"pwb-brand","embeddable":true,"href":"https:\/\/gravel-bikes.cc\/de\/wp-json\/wp\/v2\/pwb-brand?post=2937"},{"taxonomy":"product_brand","embeddable":true,"href":"https:\/\/gravel-bikes.cc\/de\/wp-json\/wp\/v2\/product_brand?post=2937"},{"taxonomy":"product_cat","embeddable":true,"href":"https:\/\/gravel-bikes.cc\/de\/wp-json\/wp\/v2\/product_cat?post=2937"},{"taxonomy":"product_tag","embeddable":true,"href":"https:\/\/gravel-bikes.cc\/de\/wp-json\/wp\/v2\/product_tag?post=2937"}],"curies":[{"name":"wp","href":"https:\/\/api.w.org\/{rel}","templated":true}]}}