{"id":3293,"date":"2025-12-25T13:13:47","date_gmt":"2025-12-25T13:13:47","guid":{"rendered":"https:\/\/gravel-bikes.cc\/produkt\/pirelli-cinturato-45-mm\/"},"modified":"2025-12-25T13:19:39","modified_gmt":"2025-12-25T13:19:39","slug":"pirelli-cinturato-45-mm","status":"publish","type":"product","link":"https:\/\/gravel-bikes.cc\/de\/produkt\/pirelli-cinturato-45-mm\/","title":{"rendered":"PIRELLI CINTURATO 45 mm TLR"},"content":{"rendered":"","protected":false},"excerpt":{"rendered":"<p>Der Cinturato Adventure wurde f\u00fcr deine Bikepacking-Abenteuer entwickelt. Das Profilmuster ist in der Mitte leichter und an der Schulter aggressiver, mit von Offroad-Reifen abgeleiteten Stollen, die den Halt des Fahrers auf unterschiedlichem Terrain verbessern. Der Cinturato Adventure verf\u00fcgt \u00fcber die neue ProWall Gravel Karkasse, eine Tubeless-Ready-Karkasse mit 60 TPI und zus\u00e4tzlicher Seitenwandverst\u00e4rkung, um Schnitte zu vermeiden, w\u00e4hrend die ProCompound Gravel Gummimischung, die mit einer Polymermischung formuliert wurde, eine verbesserte Laufleistung bietet. Der Cinturato Adventure ist ein Reifen, der Traktion und Grip auf einer Vielzahl von Oberfl\u00e4chen bietet.  <\/p>\n<p>TPI: 60 TPI<br \/>\nKarkasse: ProWall Gravel<br \/>\nGummimischung: Pro Compound<\/p>\n","protected":false},"featured_media":3294,"template":"","meta":{"_et_pb_use_builder":"","_et_pb_old_content":"","_et_gb_content_width":"","om_disable_all_campaigns":false,"_monsterinsights_skip_tracking":false,"_monsterinsights_sitenote_active":false,"_monsterinsights_sitenote_note":"","_monsterinsights_sitenote_category":0},"pwb-brand":[],"product_brand":[],"product_cat":[235],"product_tag":[434],"class_list":{"0":"post-3293","1":"product","2":"type-product","3":"status-publish","4":"has-post-thumbnail","6":"product_cat-reifen","7":"product_tag-pinarelli","9":"first","10":"instock","11":"taxable","12":"shipping-taxable","13":"purchasable","14":"product-type-simple"},"aioseo_notices":[],"brands":[],"_links":{"self":[{"href":"https:\/\/gravel-bikes.cc\/de\/wp-json\/wp\/v2\/product\/3293","targetHints":{"allow":["GET"]}}],"collection":[{"href":"https:\/\/gravel-bikes.cc\/de\/wp-json\/wp\/v2\/product"}],"about":[{"href":"https:\/\/gravel-bikes.cc\/de\/wp-json\/wp\/v2\/types\/product"}],"wp:featuredmedia":[{"embeddable":true,"href":"https:\/\/gravel-bikes.cc\/de\/wp-json\/wp\/v2\/media\/3294"}],"wp:attachment":[{"href":"https:\/\/gravel-bikes.cc\/de\/wp-json\/wp\/v2\/media?parent=3293"}],"wp:term":[{"taxonomy":"pwb-brand","embeddable":true,"href":"https:\/\/gravel-bikes.cc\/de\/wp-json\/wp\/v2\/pwb-brand?post=3293"},{"taxonomy":"product_brand","embeddable":true,"href":"https:\/\/gravel-bikes.cc\/de\/wp-json\/wp\/v2\/product_brand?post=3293"},{"taxonomy":"product_cat","embeddable":true,"href":"https:\/\/gravel-bikes.cc\/de\/wp-json\/wp\/v2\/product_cat?post=3293"},{"taxonomy":"product_tag","embeddable":true,"href":"https:\/\/gravel-bikes.cc\/de\/wp-json\/wp\/v2\/product_tag?post=3293"}],"curies":[{"name":"wp","href":"https:\/\/api.w.org\/{rel}","templated":true}]}}