{"id":3304,"date":"2025-12-25T14:22:55","date_gmt":"2025-12-25T14:22:55","guid":{"rendered":"https:\/\/gravel-bikes.cc\/?post_type=product&#038;p=3304"},"modified":"2025-12-25T14:26:22","modified_gmt":"2025-12-25T14:26:22","slug":"pirelli-dichtmittel-125-ml-copy","status":"publish","type":"product","link":"https:\/\/gravel-bikes.cc\/de\/produkt\/pirelli-dichtmittel-125-ml-copy\/","title":{"rendered":"PIRELLI DICHTMITTEL 1000 ml"},"content":{"rendered":"","protected":false},"excerpt":{"rendered":"<ul>\n<li><strong>Ammoniakfrei \u2013 schont die Felge, vermindert Korrosion<\/strong><\/li>\n<li><strong>Latex- und proteinfrei, um das Risiko allergischer Hautreaktionen zu reduzieren<\/strong><\/li>\n<li><strong>Hinterl\u00e4sst keine klebrigen R\u00fcckst\u00e4nde im Reifen<\/strong><\/li>\n<li><strong>Kompatibel mit einem breiten Temperaturbereich (-20 \u00b0C bis 70 \u00b0C)<\/strong><\/li>\n<li><strong>Kompatibel mit einem breiten Luftdruckspektrum (1 bis 7 bar)<\/strong><\/li>\n<li><strong>Kompatibel mit einer CO2-Notfallreparatur vor Ort. (CO2 beschleunigt die Gerinnung, daher muss das Dichtmittel danach erneuert werden) <\/strong><\/li>\n<\/ul>\n","protected":false},"featured_media":3306,"template":"","meta":{"_et_pb_use_builder":"","_et_pb_old_content":"","_et_gb_content_width":"","om_disable_all_campaigns":false,"_monsterinsights_skip_tracking":false,"_monsterinsights_sitenote_active":false,"_monsterinsights_sitenote_note":"","_monsterinsights_sitenote_category":0},"pwb-brand":[],"product_brand":[],"product_cat":[436],"product_tag":[438],"class_list":{"0":"post-3304","1":"product","2":"type-product","3":"status-publish","4":"has-post-thumbnail","6":"product_cat-tubeless-teile","7":"product_tag-pirelli-dichtmittel","9":"first","10":"instock","11":"taxable","12":"shipping-taxable","13":"purchasable","14":"product-type-simple"},"aioseo_notices":[],"brands":[],"_links":{"self":[{"href":"https:\/\/gravel-bikes.cc\/de\/wp-json\/wp\/v2\/product\/3304","targetHints":{"allow":["GET"]}}],"collection":[{"href":"https:\/\/gravel-bikes.cc\/de\/wp-json\/wp\/v2\/product"}],"about":[{"href":"https:\/\/gravel-bikes.cc\/de\/wp-json\/wp\/v2\/types\/product"}],"wp:featuredmedia":[{"embeddable":true,"href":"https:\/\/gravel-bikes.cc\/de\/wp-json\/wp\/v2\/media\/3306"}],"wp:attachment":[{"href":"https:\/\/gravel-bikes.cc\/de\/wp-json\/wp\/v2\/media?parent=3304"}],"wp:term":[{"taxonomy":"pwb-brand","embeddable":true,"href":"https:\/\/gravel-bikes.cc\/de\/wp-json\/wp\/v2\/pwb-brand?post=3304"},{"taxonomy":"product_brand","embeddable":true,"href":"https:\/\/gravel-bikes.cc\/de\/wp-json\/wp\/v2\/product_brand?post=3304"},{"taxonomy":"product_cat","embeddable":true,"href":"https:\/\/gravel-bikes.cc\/de\/wp-json\/wp\/v2\/product_cat?post=3304"},{"taxonomy":"product_tag","embeddable":true,"href":"https:\/\/gravel-bikes.cc\/de\/wp-json\/wp\/v2\/product_tag?post=3304"}],"curies":[{"name":"wp","href":"https:\/\/api.w.org\/{rel}","templated":true}]}}