{"id":3365,"date":"2025-12-25T16:01:52","date_gmt":"2025-12-25T16:01:52","guid":{"rendered":"https:\/\/gravel-bikes.cc\/?post_type=product&#038;p=3365"},"modified":"2025-12-25T16:03:14","modified_gmt":"2025-12-25T16:03:14","slug":"ritchey-venture-max-copy","status":"publish","type":"product","link":"https:\/\/gravel-bikes.cc\/de\/produkt\/ritchey-venture-max-copy\/","title":{"rendered":"Ritchey Venture Max V2"},"content":{"rendered":"","protected":false},"excerpt":{"rendered":"<p>Einer der beliebtesten Lenker im ENVE-Sortiment ist jetzt breiter verf\u00fcgbar. Der SES AR Combo-Lenker kombiniert komplexe Biegungen, eine ergonomische Form, ein aerodynamisches Profil und Kompatibilit\u00e4t mit dem IN-ROUTE-System von ENVE. Er ist eine essenzielle Wahl f\u00fcr Stra\u00dfen- und Gravel-Radfahrer. Der SES AR One-Piece ist kompatibel mit ENVE Melee, Fray, MOG, Custom Road Modellen und einer breiten Palette von High-End-Rahmen, die mit dem IN-ROUTE-System von ENVE ausgestattet sind. ENVE hat auch Kappenabdeckungen entwickelt, um die Kompatibilit\u00e4t mit gro\u00dfen Marken zu erweitern, was ihn zum ultimativen Upgrade f\u00fcr Combo-Lenker macht.    <\/p>\n<p>Der SES AR Combo-Hanger wird mit der UL Carbon Computerhalterung mit Zubeh\u00f6rbefestigung sowie Garmin- und Wahoo-Eins\u00e4tzen geliefert.<\/p>\n<p>Erh\u00e4ltlich in 20 Gr\u00f6\u00dfenkombinationen, mit Vorbaul\u00e4ngen von 90 bis 130 mm und Lenkerbreiten von 38 bis 44 cm. IN-ROUTE Lagerabdeckungen sind f\u00fcr die Kompatibilit\u00e4t mit Cervelo, Trek, Specialized und vielen anderen Fahrr\u00e4dern erh\u00e4ltlich. <\/p>\n","protected":false},"featured_media":3369,"template":"","meta":{"_et_pb_use_builder":"","_et_pb_old_content":"","_et_gb_content_width":"","om_disable_all_campaigns":false,"_monsterinsights_skip_tracking":false,"_monsterinsights_sitenote_active":false,"_monsterinsights_sitenote_note":"","_monsterinsights_sitenote_category":0},"pwb-brand":[],"product_brand":[],"product_cat":[194],"product_tag":[],"class_list":{"0":"post-3365","1":"product","2":"type-product","3":"status-publish","4":"has-post-thumbnail","6":"product_cat-lenker","8":"first","9":"instock","10":"taxable","11":"shipping-taxable","12":"purchasable","13":"product-type-variable"},"aioseo_notices":[],"brands":[],"_links":{"self":[{"href":"https:\/\/gravel-bikes.cc\/de\/wp-json\/wp\/v2\/product\/3365","targetHints":{"allow":["GET"]}}],"collection":[{"href":"https:\/\/gravel-bikes.cc\/de\/wp-json\/wp\/v2\/product"}],"about":[{"href":"https:\/\/gravel-bikes.cc\/de\/wp-json\/wp\/v2\/types\/product"}],"wp:featuredmedia":[{"embeddable":true,"href":"https:\/\/gravel-bikes.cc\/de\/wp-json\/wp\/v2\/media\/3369"}],"wp:attachment":[{"href":"https:\/\/gravel-bikes.cc\/de\/wp-json\/wp\/v2\/media?parent=3365"}],"wp:term":[{"taxonomy":"pwb-brand","embeddable":true,"href":"https:\/\/gravel-bikes.cc\/de\/wp-json\/wp\/v2\/pwb-brand?post=3365"},{"taxonomy":"product_brand","embeddable":true,"href":"https:\/\/gravel-bikes.cc\/de\/wp-json\/wp\/v2\/product_brand?post=3365"},{"taxonomy":"product_cat","embeddable":true,"href":"https:\/\/gravel-bikes.cc\/de\/wp-json\/wp\/v2\/product_cat?post=3365"},{"taxonomy":"product_tag","embeddable":true,"href":"https:\/\/gravel-bikes.cc\/de\/wp-json\/wp\/v2\/product_tag?post=3365"}],"curies":[{"name":"wp","href":"https:\/\/api.w.org\/{rel}","templated":true}]}}