{"id":4055,"date":"2025-12-27T09:57:34","date_gmt":"2025-12-27T09:57:34","guid":{"rendered":"https:\/\/gravel-bikes.cc\/?post_type=product&#038;p=4055"},"modified":"2025-12-27T10:10:41","modified_gmt":"2025-12-27T10:10:41","slug":"maap-damen-training-thermal-langarmtrikot-schwarz-copy","status":"publish","type":"product","link":"https:\/\/gravel-bikes.cc\/de\/produkt\/maap-damen-training-thermal-langarmtrikot-schwarz-copy\/","title":{"rendered":"MAAP ECHO Pro Base Jersey Ash"},"content":{"rendered":"","protected":false},"excerpt":{"rendered":"<p>Das Women&#8217;s Training Thermal Langarmtrikot wurde f\u00fcr Komfort und Strapazierf\u00e4higkeit entwickelt, damit du dich ohne Ablenkung auf dein Training konzentrieren kannst. Entworfen in unserem typischen Team-Fit, bietet es einen klassischen Schnitt mit entspannten, taillierten Eins\u00e4tzen f\u00fcr einen bequemen Stil. Dar\u00fcber hinaus bietet das hochwertige italienische Thermogewebe Atmungsaktivit\u00e4t, W\u00e4rmespeicherung und ein superweiches Hautgef\u00fchl. Die drei R\u00fcckentaschen plus eine Stautasche mit Rei\u00dfverschluss bieten viel Stauraum f\u00fcr lange Tage im Sattel. Markante reflektierende Logos auf Schultern, Arm und Brust helfen dir, aufzufallen, egal ob du vor Tagesanbruch unterwegs bist oder dem Sonnenuntergang entgegenf\u00e4hrst.    <\/p>\n","protected":false},"featured_media":4065,"template":"","meta":{"_et_pb_use_builder":"","_et_pb_old_content":"","_et_gb_content_width":"","om_disable_all_campaigns":false,"_monsterinsights_skip_tracking":false,"_monsterinsights_sitenote_active":false,"_monsterinsights_sitenote_note":"","_monsterinsights_sitenote_category":0},"pwb-brand":[],"product_brand":[83],"product_cat":[242],"product_tag":[362],"class_list":{"0":"post-4055","1":"product","2":"type-product","3":"status-publish","4":"has-post-thumbnail","6":"product_brand-maap","7":"product_cat-maap","8":"product_tag-maap","10":"first","11":"instock","12":"taxable","13":"shipping-taxable","14":"purchasable","15":"product-type-simple"},"aioseo_notices":[],"brands":[],"_links":{"self":[{"href":"https:\/\/gravel-bikes.cc\/de\/wp-json\/wp\/v2\/product\/4055","targetHints":{"allow":["GET"]}}],"collection":[{"href":"https:\/\/gravel-bikes.cc\/de\/wp-json\/wp\/v2\/product"}],"about":[{"href":"https:\/\/gravel-bikes.cc\/de\/wp-json\/wp\/v2\/types\/product"}],"wp:featuredmedia":[{"embeddable":true,"href":"https:\/\/gravel-bikes.cc\/de\/wp-json\/wp\/v2\/media\/4065"}],"wp:attachment":[{"href":"https:\/\/gravel-bikes.cc\/de\/wp-json\/wp\/v2\/media?parent=4055"}],"wp:term":[{"taxonomy":"pwb-brand","embeddable":true,"href":"https:\/\/gravel-bikes.cc\/de\/wp-json\/wp\/v2\/pwb-brand?post=4055"},{"taxonomy":"product_brand","embeddable":true,"href":"https:\/\/gravel-bikes.cc\/de\/wp-json\/wp\/v2\/product_brand?post=4055"},{"taxonomy":"product_cat","embeddable":true,"href":"https:\/\/gravel-bikes.cc\/de\/wp-json\/wp\/v2\/product_cat?post=4055"},{"taxonomy":"product_tag","embeddable":true,"href":"https:\/\/gravel-bikes.cc\/de\/wp-json\/wp\/v2\/product_tag?post=4055"}],"curies":[{"name":"wp","href":"https:\/\/api.w.org\/{rel}","templated":true}]}}