{"id":4233,"date":"2025-12-30T20:12:30","date_gmt":"2025-12-30T20:12:30","guid":{"rendered":"https:\/\/gravel-bikes.cc\/produkt\/deda-vorbau-zero-1\/"},"modified":"2025-12-30T20:12:48","modified_gmt":"2025-12-30T20:12:48","slug":"deda-vorbau-zero-1","status":"publish","type":"product","link":"https:\/\/gravel-bikes.cc\/de\/produkt\/deda-vorbau-zero-1\/","title":{"rendered":"DEDA VORBAU ZERO 1"},"content":{"rendered":"","protected":false},"excerpt":{"rendered":"<p>Der Zero1-Vorbau ist die perfekte Kombination aus Steifigkeit, Leichtigkeit und aerodynamischem Design. Der Zero1-Vorbau wird aus 6061er Aluminium in einem innovativen 3D-Schmiedeverfahren hergestellt und passt mit seinem flachen oberen Bereich perfekt zum Design moderner Rennr\u00e4der. Er wurde f\u00fcr die anspruchsvollsten Fahrer entwickelt und bietet ein unschlagbares Preis-Leistungs-Verh\u00e4ltnis. Erh\u00e4ltlich in L\u00e4ngen von 70 mm bis 130 mm und in einer Black-on-Black-Lackierung (BOB).   <\/p>\n<p>Material: Aluminium<br \/>\nSchrauben: Schwarz CrMo<br \/>\nWinkel: 82\u00b0<br \/>\nSchaftdurchmesser: 1 1\/8\u201d (28,6 mm)<br \/>\nLenkerdurchmesser: 31,7 mm<\/p>\n","protected":false},"featured_media":4234,"template":"","meta":{"_et_pb_use_builder":"","_et_pb_old_content":"","_et_gb_content_width":""},"pwb-brand":[],"product_brand":[],"product_cat":[134],"product_tag":[],"class_list":{"0":"post-4233","1":"product","2":"type-product","3":"status-publish","4":"has-post-thumbnail","6":"product_cat-uncategorized","8":"first","9":"instock","10":"taxable","11":"shipping-taxable","12":"purchasable","13":"product-type-variable"},"aioseo_notices":[],"brands":[],"_links":{"self":[{"href":"https:\/\/gravel-bikes.cc\/de\/wp-json\/wp\/v2\/product\/4233","targetHints":{"allow":["GET"]}}],"collection":[{"href":"https:\/\/gravel-bikes.cc\/de\/wp-json\/wp\/v2\/product"}],"about":[{"href":"https:\/\/gravel-bikes.cc\/de\/wp-json\/wp\/v2\/types\/product"}],"wp:featuredmedia":[{"embeddable":true,"href":"https:\/\/gravel-bikes.cc\/de\/wp-json\/wp\/v2\/media\/4234"}],"wp:attachment":[{"href":"https:\/\/gravel-bikes.cc\/de\/wp-json\/wp\/v2\/media?parent=4233"}],"wp:term":[{"taxonomy":"pwb-brand","embeddable":true,"href":"https:\/\/gravel-bikes.cc\/de\/wp-json\/wp\/v2\/pwb-brand?post=4233"},{"taxonomy":"product_brand","embeddable":true,"href":"https:\/\/gravel-bikes.cc\/de\/wp-json\/wp\/v2\/product_brand?post=4233"},{"taxonomy":"product_cat","embeddable":true,"href":"https:\/\/gravel-bikes.cc\/de\/wp-json\/wp\/v2\/product_cat?post=4233"},{"taxonomy":"product_tag","embeddable":true,"href":"https:\/\/gravel-bikes.cc\/de\/wp-json\/wp\/v2\/product_tag?post=4233"}],"curies":[{"name":"wp","href":"https:\/\/api.w.org\/{rel}","templated":true}]}}