{"id":4252,"date":"2025-12-30T20:23:51","date_gmt":"2025-12-30T20:23:51","guid":{"rendered":"https:\/\/gravel-bikes.cc\/produkt\/vittoria-terreno-faltreifen-40-x-622\/"},"modified":"2025-12-30T20:23:51","modified_gmt":"2025-12-30T20:23:51","slug":"vittoria-terreno-faltreifen-40-x-622","status":"publish","type":"product","link":"https:\/\/gravel-bikes.cc\/de\/produkt\/vittoria-terreno-faltreifen-40-x-622\/","title":{"rendered":"VITTORIA TERRENO FALTREIFEN 40 x 622"},"content":{"rendered":"","protected":false},"excerpt":{"rendered":"<p>Der Vittoria Terreno Zero wurde f\u00fcr asphaltierte Oberfl\u00e4chen und harten Schotter entwickelt und verf\u00fcgt \u00fcber ein von Corsa inspiriertes Reifenprofil. Die glatte Mitte des Reifens rollt schnell, w\u00e4hrend das Seitenprofil den n\u00f6tigen Grip in Kurven und beim Bremsen bietet. <\/p>\n<p>Eigenschaften des Vittoria Terreno Zero Faltreifens:<\/p>\n<p>120 TPI TNT Karkasse<\/p>\n<p>1C Graphene Compound<\/p>\n<p>Seitenwandschutz und Nylon Breaker Pannenschutz<\/p>\n","protected":false},"featured_media":4255,"template":"","meta":{"_et_pb_use_builder":"","_et_pb_old_content":"","_et_gb_content_width":""},"pwb-brand":[],"product_brand":[],"product_cat":[235],"product_tag":[],"class_list":{"0":"post-4252","1":"product","2":"type-product","3":"status-publish","4":"has-post-thumbnail","6":"product_cat-reifen","8":"first","9":"instock","10":"taxable","11":"shipping-taxable","12":"purchasable","13":"product-type-simple"},"aioseo_notices":[],"brands":[],"_links":{"self":[{"href":"https:\/\/gravel-bikes.cc\/de\/wp-json\/wp\/v2\/product\/4252","targetHints":{"allow":["GET"]}}],"collection":[{"href":"https:\/\/gravel-bikes.cc\/de\/wp-json\/wp\/v2\/product"}],"about":[{"href":"https:\/\/gravel-bikes.cc\/de\/wp-json\/wp\/v2\/types\/product"}],"wp:featuredmedia":[{"embeddable":true,"href":"https:\/\/gravel-bikes.cc\/de\/wp-json\/wp\/v2\/media\/4255"}],"wp:attachment":[{"href":"https:\/\/gravel-bikes.cc\/de\/wp-json\/wp\/v2\/media?parent=4252"}],"wp:term":[{"taxonomy":"pwb-brand","embeddable":true,"href":"https:\/\/gravel-bikes.cc\/de\/wp-json\/wp\/v2\/pwb-brand?post=4252"},{"taxonomy":"product_brand","embeddable":true,"href":"https:\/\/gravel-bikes.cc\/de\/wp-json\/wp\/v2\/product_brand?post=4252"},{"taxonomy":"product_cat","embeddable":true,"href":"https:\/\/gravel-bikes.cc\/de\/wp-json\/wp\/v2\/product_cat?post=4252"},{"taxonomy":"product_tag","embeddable":true,"href":"https:\/\/gravel-bikes.cc\/de\/wp-json\/wp\/v2\/product_tag?post=4252"}],"curies":[{"name":"wp","href":"https:\/\/api.w.org\/{rel}","templated":true}]}}