{"id":4263,"date":"2025-12-30T20:30:47","date_gmt":"2025-12-30T20:30:47","guid":{"rendered":"https:\/\/gravel-bikes.cc\/produkt\/4263\/"},"modified":"2025-12-30T20:31:59","modified_gmt":"2025-12-30T20:31:59","slug":"4263","status":"publish","type":"product","link":"https:\/\/gravel-bikes.cc\/de\/produkt\/4263\/","title":{"rendered":"VITTORIA Terreno T60 Mixed Faltreifen 45 mm"},"content":{"rendered":"","protected":false},"excerpt":{"rendered":"<p>Der Terreno T60 Mixed Gravel Endurance Reifen ist f\u00fcr anspruchsvolles, unvorhersehbares und abwechslungsreiches Gel\u00e4nde konzipiert. Mit einem T-Score von 60 ist der Terreno T60 die richtige Wahl f\u00fcr Fahrer, die anspruchsvolles gemischtes Gel\u00e4nde bew\u00e4ltigen und einen Reifen suchen, der mithalten kann. <\/p>\n<p>Das bew\u00e4hrte V-f\u00f6rmige Profilmuster und das konsistente Profil des T60 bieten sichere Kurvenfahrten und ein sanftes Handling auf komplexen Oberfl\u00e4chen \u2013 von verdichtetem Schmutz und grobem Schotter bis hin zu losen und festgefahrenen Wegen. Strategisch platzierte Lamellen und ein ausgewogener Profilabstand gew\u00e4hrleisten zuverl\u00e4ssigen Grip bei schnell wechselnden Bedingungen und geben dem Fahrer die Kontrolle, die er braucht, wenn es darauf ankommt. <\/p>\n<p>Ausgestattet mit Vittorias Endurance-Karkasse kombiniert der T60 hohe Anpassungsf\u00e4higkeit mit erh\u00f6hter Festigkeit f\u00fcr ganzt\u00e4gigen Komfort und Schutz. Der Nylon-Seitenwandschutz und ein Pannenschutzg\u00fcrtel bieten entscheidenden Widerstand gegen scharfe Steine, Spurrillen und die unerwarteten St\u00f6\u00dfe echter Gravel-Abenteuer. <\/p>\n<p>Der Grip kommt von unserer Endurance-Mischung mit Graphene-Technologie, die wetterbest\u00e4ndige Leistung, lange Haltbarkeit und das Vertrauen bietet, tief in ungez\u00e4hmtes Gel\u00e4nde vorzudringen \u2013 egal ob bei Regen oder Sonnenschein.<\/p>\n<p>Der T60 wurde f\u00fcr das unvorhersehbare Mittelfeld zwischen trockenen und losen Bedingungen entwickelt und ist ideal f\u00fcr abenteuerlustige Gravel-Fahrer, Rennfahrer und Ausdauersportler, die auf jeder Meile Vertrauen und Leistung ben\u00f6tigen.<\/p>\n","protected":false},"featured_media":4264,"template":"","meta":{"_et_pb_use_builder":"","_et_pb_old_content":"","_et_gb_content_width":"","om_disable_all_campaigns":false,"_monsterinsights_skip_tracking":false,"_monsterinsights_sitenote_active":false,"_monsterinsights_sitenote_note":"","_monsterinsights_sitenote_category":0},"pwb-brand":[],"product_brand":[],"product_cat":[384],"product_tag":[],"class_list":{"0":"post-4263","1":"product","2":"type-product","3":"status-publish","4":"has-post-thumbnail","6":"product_cat-nicht-kategorisiert-2","8":"first","9":"instock","10":"taxable","11":"shipping-taxable","12":"product-type-simple"},"aioseo_notices":[],"brands":[],"_links":{"self":[{"href":"https:\/\/gravel-bikes.cc\/de\/wp-json\/wp\/v2\/product\/4263","targetHints":{"allow":["GET"]}}],"collection":[{"href":"https:\/\/gravel-bikes.cc\/de\/wp-json\/wp\/v2\/product"}],"about":[{"href":"https:\/\/gravel-bikes.cc\/de\/wp-json\/wp\/v2\/types\/product"}],"wp:featuredmedia":[{"embeddable":true,"href":"https:\/\/gravel-bikes.cc\/de\/wp-json\/wp\/v2\/media\/4264"}],"wp:attachment":[{"href":"https:\/\/gravel-bikes.cc\/de\/wp-json\/wp\/v2\/media?parent=4263"}],"wp:term":[{"taxonomy":"pwb-brand","embeddable":true,"href":"https:\/\/gravel-bikes.cc\/de\/wp-json\/wp\/v2\/pwb-brand?post=4263"},{"taxonomy":"product_brand","embeddable":true,"href":"https:\/\/gravel-bikes.cc\/de\/wp-json\/wp\/v2\/product_brand?post=4263"},{"taxonomy":"product_cat","embeddable":true,"href":"https:\/\/gravel-bikes.cc\/de\/wp-json\/wp\/v2\/product_cat?post=4263"},{"taxonomy":"product_tag","embeddable":true,"href":"https:\/\/gravel-bikes.cc\/de\/wp-json\/wp\/v2\/product_tag?post=4263"}],"curies":[{"name":"wp","href":"https:\/\/api.w.org\/{rel}","templated":true}]}}