{"id":4365,"date":"2025-12-30T22:15:32","date_gmt":"2025-12-30T22:15:32","guid":{"rendered":"https:\/\/gravel-bikes.cc\/produkt\/wolf-tooth-aero-110-bcd-asymmetrische-4-loch-kettenblaetter-shimano-grx-800\/"},"modified":"2025-12-30T22:15:32","modified_gmt":"2025-12-30T22:15:32","slug":"wolf-tooth-aero-110-bcd-asymmetrische-4-loch-kettenblaetter-shimano-grx-800","status":"publish","type":"product","link":"https:\/\/gravel-bikes.cc\/de\/produkt\/wolf-tooth-aero-110-bcd-asymmetrische-4-loch-kettenblaetter-shimano-grx-800\/","title":{"rendered":"Wolf Tooth Aero 110 BCD Asymmetrische 4-Loch-Kettenbl\u00e4tter Shimano GRX 800"},"content":{"rendered":"","protected":false},"excerpt":{"rendered":"<h3>Die Wolf Tooth Aero Kettenbl\u00e4tter wurden f\u00fcr Rennen und f\u00fcr alle entwickelt, die jedes Detail auf der Jagd nach Geschwindigkeit optimieren m\u00f6chten. Sie sind stark, leicht und so profiliert, dass sie perfekt zu deiner Kurbelgarnitur passen und einen sauberen, integrierten Look ergeben. Die Aero Kettenbl\u00e4tter nutzen die Vorteile von 1x-Antriebssystemen und Kassetten mit gr\u00f6\u00dferer Bandbreite und sind in den Gr\u00f6\u00dfen 46Z bis 52Z erh\u00e4ltlich, um einen \u00e4hnlichen Gesamtbereich wie Standard-2x-Antriebskonfigurationen zu bieten. Sie verf\u00fcgen \u00fcber unser patentiertes Drop-Stop\u00ae-Design f\u00fcr beste Lebensdauer, Kettenhaltung und Schmutzfreiheit. Drop-Stop ST ist speziell f\u00fcr die Shimano 12-fach Hyperglide+ Kette, die von GRX 12-fach verwendet wird.   <\/h3>\n","protected":false},"featured_media":4366,"template":"","meta":{"_et_pb_use_builder":"","_et_pb_old_content":"","_et_gb_content_width":""},"pwb-brand":[],"product_brand":[],"product_cat":[152],"product_tag":[],"class_list":{"0":"post-4365","1":"product","2":"type-product","3":"status-publish","4":"has-post-thumbnail","6":"product_cat-kettenblatt","7":"product_shipping_class-kleinteile","9":"first","10":"instock","11":"taxable","12":"shipping-taxable","13":"purchasable","14":"product-type-simple"},"aioseo_notices":[],"brands":[],"_links":{"self":[{"href":"https:\/\/gravel-bikes.cc\/de\/wp-json\/wp\/v2\/product\/4365","targetHints":{"allow":["GET"]}}],"collection":[{"href":"https:\/\/gravel-bikes.cc\/de\/wp-json\/wp\/v2\/product"}],"about":[{"href":"https:\/\/gravel-bikes.cc\/de\/wp-json\/wp\/v2\/types\/product"}],"wp:featuredmedia":[{"embeddable":true,"href":"https:\/\/gravel-bikes.cc\/de\/wp-json\/wp\/v2\/media\/4366"}],"wp:attachment":[{"href":"https:\/\/gravel-bikes.cc\/de\/wp-json\/wp\/v2\/media?parent=4365"}],"wp:term":[{"taxonomy":"pwb-brand","embeddable":true,"href":"https:\/\/gravel-bikes.cc\/de\/wp-json\/wp\/v2\/pwb-brand?post=4365"},{"taxonomy":"product_brand","embeddable":true,"href":"https:\/\/gravel-bikes.cc\/de\/wp-json\/wp\/v2\/product_brand?post=4365"},{"taxonomy":"product_cat","embeddable":true,"href":"https:\/\/gravel-bikes.cc\/de\/wp-json\/wp\/v2\/product_cat?post=4365"},{"taxonomy":"product_tag","embeddable":true,"href":"https:\/\/gravel-bikes.cc\/de\/wp-json\/wp\/v2\/product_tag?post=4365"}],"curies":[{"name":"wp","href":"https:\/\/api.w.org\/{rel}","templated":true}]}}