{"id":4371,"date":"2025-12-30T22:19:05","date_gmt":"2025-12-30T22:19:05","guid":{"rendered":"https:\/\/gravel-bikes.cc\/produkt\/wolf-tooth-aero-direct-mount-kettenblatt-fuer-sram-8-loch-gravel-road-kurbeln\/"},"modified":"2025-12-30T22:19:05","modified_gmt":"2025-12-30T22:19:05","slug":"wolf-tooth-aero-direct-mount-kettenblatt-fuer-sram-8-loch-gravel-road-kurbeln","status":"publish","type":"product","link":"https:\/\/gravel-bikes.cc\/de\/produkt\/wolf-tooth-aero-direct-mount-kettenblatt-fuer-sram-8-loch-gravel-road-kurbeln\/","title":{"rendered":"Wolf Tooth Aero Direct Mount Kettenblatt f\u00fcr Sram 8-Loch Gravel-\/Road-Kurbeln"},"content":{"rendered":"","protected":false},"excerpt":{"rendered":"<p>Die Wolf Tooth Aero Kettenbl\u00e4tter wurden f\u00fcr Gravel- und Stra\u00dfenrennen entwickelt und f\u00fcr alle, die jedes Detail auf der Jagd nach Geschwindigkeit optimieren m\u00f6chten. Sie sind robust, leicht und so profiliert, dass sie perfekt zu Ihrem Kurbelsatz passen und einen sauberen, integrierten Look ergeben. Die Aero Kettenbl\u00e4tter nutzen die Vorteile von 1x-Antriebssystemen und Kassetten mit gr\u00f6\u00dferer Bandbreite und sind in den Gr\u00f6\u00dfen 46Z bis 52Z erh\u00e4ltlich, um eine \u00e4hnliche Gesamtbandbreite wie Standard-2x-Antriebskonfigurationen zu bieten. Sie verf\u00fcgen \u00fcber unser patentiertes Drop-Stop\u00ae-Design f\u00fcr beste Verschlei\u00dffestigkeit, Kettenhaltung und Schlammfreiheit. Drop-Stop B ist f\u00fcr SRAM Eagle- und Flattop-Ketten optimiert.   <\/p>\n<p>&nbsp;<\/p>\n<p>Aero Direct Mount Kettenbl\u00e4tter f\u00fcr SRAM 8-Loch-Kurbeln ersetzen Ihren vorhandenen Spider und Ihr Kettenblatt durch ein sauberes, leichtes und steifes St\u00fcck gefr\u00e4sten Billet-Aluminiums.<\/p>\n<p>&nbsp;<\/p>\n<h4>Kompatibilit\u00e4t<\/h4>\n<p>&nbsp;<\/p>\n<p>Diese Direct Mount Kettenbl\u00e4tter ersetzen Ihr vorhandenes Kettenblatt und Ihren Spider oder das Direct Mount Kettenblatt f\u00fcr SRAM AXS-Kurbels\u00e4tze und andere Kurbeln, die den 8-Loch-Montagestandard verwenden.<\/p>\n<p>SRAM Direct Mount DUB Rennrad-Kurbels\u00e4tze verwenden den 8-Loch-Montagestandard. Alle diese Kurbels\u00e4tze mit einem abnehmbaren Spider verwenden ebenfalls die 8-Loch-Montage. <\/p>\n<p>&nbsp;<\/p>\n","protected":false},"featured_media":4372,"template":"","meta":{"_et_pb_use_builder":"","_et_pb_old_content":"","_et_gb_content_width":"","om_disable_all_campaigns":false,"_monsterinsights_skip_tracking":false,"_monsterinsights_sitenote_active":false,"_monsterinsights_sitenote_note":"","_monsterinsights_sitenote_category":0},"pwb-brand":[],"product_brand":[],"product_cat":[152,525],"product_tag":[],"class_list":{"0":"post-4371","1":"product","2":"type-product","3":"status-publish","4":"has-post-thumbnail","6":"product_cat-kettenblatt","7":"product_cat-wolftooth","9":"first","10":"instock","11":"taxable","12":"shipping-taxable","13":"purchasable","14":"product-type-simple"},"aioseo_notices":[],"brands":[],"_links":{"self":[{"href":"https:\/\/gravel-bikes.cc\/de\/wp-json\/wp\/v2\/product\/4371","targetHints":{"allow":["GET"]}}],"collection":[{"href":"https:\/\/gravel-bikes.cc\/de\/wp-json\/wp\/v2\/product"}],"about":[{"href":"https:\/\/gravel-bikes.cc\/de\/wp-json\/wp\/v2\/types\/product"}],"wp:featuredmedia":[{"embeddable":true,"href":"https:\/\/gravel-bikes.cc\/de\/wp-json\/wp\/v2\/media\/4372"}],"wp:attachment":[{"href":"https:\/\/gravel-bikes.cc\/de\/wp-json\/wp\/v2\/media?parent=4371"}],"wp:term":[{"taxonomy":"pwb-brand","embeddable":true,"href":"https:\/\/gravel-bikes.cc\/de\/wp-json\/wp\/v2\/pwb-brand?post=4371"},{"taxonomy":"product_brand","embeddable":true,"href":"https:\/\/gravel-bikes.cc\/de\/wp-json\/wp\/v2\/product_brand?post=4371"},{"taxonomy":"product_cat","embeddable":true,"href":"https:\/\/gravel-bikes.cc\/de\/wp-json\/wp\/v2\/product_cat?post=4371"},{"taxonomy":"product_tag","embeddable":true,"href":"https:\/\/gravel-bikes.cc\/de\/wp-json\/wp\/v2\/product_tag?post=4371"}],"curies":[{"name":"wp","href":"https:\/\/api.w.org\/{rel}","templated":true}]}}