{"id":4534,"date":"2025-12-31T16:10:16","date_gmt":"2025-12-31T16:10:16","guid":{"rendered":"https:\/\/gravel-bikes.cc\/produkt\/gps-halterung-enve\/"},"modified":"2025-12-31T16:33:20","modified_gmt":"2025-12-31T16:33:20","slug":"gps-halterung-enve","status":"publish","type":"product","link":"https:\/\/gravel-bikes.cc\/de\/produkt\/gps-halterung-enve\/","title":{"rendered":"GPS-Halterung ENVE"},"content":{"rendered":"","protected":false},"excerpt":{"rendered":"<p>Die in den USA hergestellte K-Edge-Computerhalterung enth\u00e4lt Eins\u00e4tze f\u00fcr Garmin- und Wahoo-Fahrradcomputer und ist f\u00fcr die ausschlie\u00dfliche Verwendung mit ENVE Aero-Rennradvorbauten konzipiert, einschlie\u00dflich der mit dem Melee gelieferten Vorbauten. Dar\u00fcber hinaus k\u00f6nnen Fahrer mit der mitgelieferten Zubeh\u00f6rhalterung bei Bedarf eine Kamera oder ein Licht am vorderen Ende des Fahrrads anbringen. Inklusive Befestigungsschraube zur Anbringung an Ihrem ENVE-Vorbau.  <\/p>\n","protected":false},"featured_media":4535,"template":"","meta":{"_et_pb_use_builder":"","_et_pb_old_content":"","_et_gb_content_width":"","om_disable_all_campaigns":false,"_monsterinsights_skip_tracking":false,"_monsterinsights_sitenote_active":false,"_monsterinsights_sitenote_note":"","_monsterinsights_sitenote_category":0},"pwb-brand":[],"product_brand":[],"product_cat":[551],"product_tag":[],"class_list":{"0":"post-4534","1":"product","2":"type-product","3":"status-publish","4":"has-post-thumbnail","6":"product_cat-gps-halterung","7":"product_shipping_class-kleinteile","9":"first","10":"instock","11":"taxable","12":"shipping-taxable","13":"purchasable","14":"product-type-simple"},"aioseo_notices":[],"brands":[],"_links":{"self":[{"href":"https:\/\/gravel-bikes.cc\/de\/wp-json\/wp\/v2\/product\/4534","targetHints":{"allow":["GET"]}}],"collection":[{"href":"https:\/\/gravel-bikes.cc\/de\/wp-json\/wp\/v2\/product"}],"about":[{"href":"https:\/\/gravel-bikes.cc\/de\/wp-json\/wp\/v2\/types\/product"}],"wp:featuredmedia":[{"embeddable":true,"href":"https:\/\/gravel-bikes.cc\/de\/wp-json\/wp\/v2\/media\/4535"}],"wp:attachment":[{"href":"https:\/\/gravel-bikes.cc\/de\/wp-json\/wp\/v2\/media?parent=4534"}],"wp:term":[{"taxonomy":"pwb-brand","embeddable":true,"href":"https:\/\/gravel-bikes.cc\/de\/wp-json\/wp\/v2\/pwb-brand?post=4534"},{"taxonomy":"product_brand","embeddable":true,"href":"https:\/\/gravel-bikes.cc\/de\/wp-json\/wp\/v2\/product_brand?post=4534"},{"taxonomy":"product_cat","embeddable":true,"href":"https:\/\/gravel-bikes.cc\/de\/wp-json\/wp\/v2\/product_cat?post=4534"},{"taxonomy":"product_tag","embeddable":true,"href":"https:\/\/gravel-bikes.cc\/de\/wp-json\/wp\/v2\/product_tag?post=4534"}],"curies":[{"name":"wp","href":"https:\/\/api.w.org\/{rel}","templated":true}]}}