{"id":4539,"date":"2025-12-31T16:13:00","date_gmt":"2025-12-31T16:13:00","guid":{"rendered":"https:\/\/gravel-bikes.cc\/produkt\/geosmina-gravel-rahmentasche\/"},"modified":"2025-12-31T16:18:33","modified_gmt":"2025-12-31T16:18:33","slug":"geosmina-gravel-rahmentasche","status":"publish","type":"product","link":"https:\/\/gravel-bikes.cc\/de\/produkt\/geosmina-gravel-rahmentasche\/","title":{"rendered":"GEOSMINA Gravel Rahmentasche"},"content":{"rendered":"","protected":false},"excerpt":{"rendered":"<p class=\"p1\">\u2022 Au\u00dfenh\u00fclle aus 600D Nylon mit wasserdichtem TPU-Innenlaminat. Nahtlose, hochfrequenzverschwei\u00dfte Struktur. 100 % wasserdicht \u2013 Ripstop-Nylon wasserdicht.  <\/p>\n<p class=\"p1\">\u2022 Neues Design zur besseren Anpassung an Rahmen mit l\u00e4ngerem Steuerrohr, wie z. B. Gravel- und Rennradrahmen. Das neue Design erleichtert die Installation von Flaschenhaltern am Rahmen. <\/p>\n<p class=\"p1\">\u2022 Innentaschen aus 210D Nylon 100 % wasserdichtem Ripstop in Gelb, um einen Kontrast zu bilden und dir zu erm\u00f6glichen, deine Gegenst\u00e4nde schnell zu finden und deine Ladung ordentlich zu transportieren.<\/p>\n<p class=\"p1\">\u2022 Doppelte Seitentasche mit wasserdichtem YKK-Rei\u00dfverschluss mit Puller (2 S\u00e4tze): erm\u00f6glicht eine einfache Verwendung auch mit Handschuhen.<\/p>\n<p class=\"p1\">\u2022 2 S\u00e4tze austauschbarer, Hypalon-verst\u00e4rkter Klettb\u00e4nder f\u00fcr Gewichtsbest\u00e4ndigkeit (6 Befestigungspunkte).<\/p>\n<p class=\"p1\">\u2022 Reflektierende Logos.<\/p>\n<p class=\"p1\">KLEINE RAHMENTASCHE<\/p>\n<p class=\"p2\">Gewicht: 180 g<\/p>\n<p class=\"p1\">Extra: 2 Klettband-Sets (17 und 27 cm) und 2 Puller-Sets (rot und schwarz)<\/p>\n<p class=\"p2\">Volumen: 1,5 l<\/p>\n<p class=\"p2\">Ma\u00dfe: 38 x 11 x 4 cm<\/p>\n<p class=\"p1\">MITTLERE RAHMENTASCHE<\/p>\n<p class=\"p2\">Gewicht: 220 g<\/p>\n<p class=\"p1\">Extra: 2 Klettband-Sets (17 und 27 cm) und 2 Puller-Sets (rot und schwarz)<\/p>\n<p class=\"p2\">Volumen: 3 l<\/p>\n<p class=\"p2\">Ma\u00dfe: 44 x 14 x 5 cm<\/p>\n<p class=\"p1\">GROSSE RAHMENTASCHE<\/p>\n<p class=\"p1\">Gewicht: 280 g<\/p>\n<p class=\"p1\">Extra: 2 Klettband-Sets (17 und 27 cm) und 2 Puller-Sets (rot und schwarz)<\/p>\n<p class=\"p2\">Volumen: 5 l<\/p>\n<p class=\"p2\">Ma\u00dfe: 51 x 17,5 x 5,5 cm<\/p>\n","protected":false},"featured_media":4541,"template":"","meta":{"_et_pb_use_builder":"","_et_pb_old_content":"","_et_gb_content_width":"","om_disable_all_campaigns":false,"_monsterinsights_skip_tracking":false,"_monsterinsights_sitenote_active":false,"_monsterinsights_sitenote_note":"","_monsterinsights_sitenote_category":0},"pwb-brand":[],"product_brand":[],"product_cat":[220],"product_tag":[],"class_list":{"0":"post-4539","1":"product","2":"type-product","3":"status-publish","4":"has-post-thumbnail","6":"product_cat-bike-packing-taschen","8":"first","9":"outofstock","10":"taxable","11":"shipping-taxable","12":"product-type-variable"},"aioseo_notices":[],"brands":[],"_links":{"self":[{"href":"https:\/\/gravel-bikes.cc\/de\/wp-json\/wp\/v2\/product\/4539","targetHints":{"allow":["GET"]}}],"collection":[{"href":"https:\/\/gravel-bikes.cc\/de\/wp-json\/wp\/v2\/product"}],"about":[{"href":"https:\/\/gravel-bikes.cc\/de\/wp-json\/wp\/v2\/types\/product"}],"wp:featuredmedia":[{"embeddable":true,"href":"https:\/\/gravel-bikes.cc\/de\/wp-json\/wp\/v2\/media\/4541"}],"wp:attachment":[{"href":"https:\/\/gravel-bikes.cc\/de\/wp-json\/wp\/v2\/media?parent=4539"}],"wp:term":[{"taxonomy":"pwb-brand","embeddable":true,"href":"https:\/\/gravel-bikes.cc\/de\/wp-json\/wp\/v2\/pwb-brand?post=4539"},{"taxonomy":"product_brand","embeddable":true,"href":"https:\/\/gravel-bikes.cc\/de\/wp-json\/wp\/v2\/product_brand?post=4539"},{"taxonomy":"product_cat","embeddable":true,"href":"https:\/\/gravel-bikes.cc\/de\/wp-json\/wp\/v2\/product_cat?post=4539"},{"taxonomy":"product_tag","embeddable":true,"href":"https:\/\/gravel-bikes.cc\/de\/wp-json\/wp\/v2\/product_tag?post=4539"}],"curies":[{"name":"wp","href":"https:\/\/api.w.org\/{rel}","templated":true}]}}