{"id":4810,"date":"2026-01-06T14:13:54","date_gmt":"2026-01-06T14:13:54","guid":{"rendered":"https:\/\/gravel-bikes.cc\/produkt\/bremsbelaege-sram-red-force-rival\/"},"modified":"2026-01-06T14:15:01","modified_gmt":"2026-01-06T14:15:01","slug":"bremsbelaege-sram-red-force-rival","status":"publish","type":"product","link":"https:\/\/gravel-bikes.cc\/de\/produkt\/bremsbelaege-sram-red-force-rival\/","title":{"rendered":"BREMSBEL\u00c4GE Sram Red, Force, Rival"},"content":{"rendered":"<p>Details:<\/p>\n<p>\u00b7 Hitzebest\u00e4ndige Bremsbel\u00e4ge f\u00fcr SRAM Rennrad-Scheibenbremsen<br \/>\n\u00b7 Kompatibel mit SRAM Red Road und SRAM Force 22<br \/>\n\u00b7 Stahltr\u00e4gerplatte<br \/>\n\u00b7 Gute W\u00e4rmeableitung<br \/>\n\u00b7 Organisch<\/p>\n","protected":false},"excerpt":{"rendered":"<p>Starke Bremskraft und au\u00dfergew\u00f6hnliche Leistung bei langen Abfahrten zeichnen die organischen Kool Stop Bremsbel\u00e4ge f\u00fcr hydraulische SRAM Red Road und SRAM Force 22 Scheibenbremsen aus. Diese leicht dosierbaren Scheibenbremsbel\u00e4ge bestehen aus organischen Materialien, die mit Harz verbunden sind. <\/p>\n<p>Um die Bremsleistung bei hoher Modulation zu verbessern, enthalten die Bel\u00e4ge geringe Mengen an Kupferpartikeln, was auch die Haltbarkeit erh\u00f6ht. Aufgrund ihrer Materialzusammensetzung arbeiten sie leiser, sind aber im Allgemeinen nicht ganz so hitzebest\u00e4ndig wie gesinterte Reibfl\u00e4chen. Organische Bel\u00e4ge von Kool Stop sind die ideale Wahl, wenn gute Bremskraft und optimale Modulation gefragt sind.  <\/p>\n","protected":false},"featured_media":4812,"template":"","meta":{"_et_pb_use_builder":"","_et_pb_old_content":"","_et_gb_content_width":""},"pwb-brand":[],"product_brand":[],"product_cat":[577],"product_tag":[],"class_list":{"0":"post-4810","1":"product","2":"type-product","3":"status-publish","4":"has-post-thumbnail","6":"product_cat-scheibenbremsbelage","7":"product_shipping_class-kleinteile","9":"first","10":"instock","11":"sale","12":"taxable","13":"shipping-taxable","14":"purchasable","15":"product-type-simple"},"aioseo_notices":[],"brands":[],"_links":{"self":[{"href":"https:\/\/gravel-bikes.cc\/de\/wp-json\/wp\/v2\/product\/4810","targetHints":{"allow":["GET"]}}],"collection":[{"href":"https:\/\/gravel-bikes.cc\/de\/wp-json\/wp\/v2\/product"}],"about":[{"href":"https:\/\/gravel-bikes.cc\/de\/wp-json\/wp\/v2\/types\/product"}],"wp:featuredmedia":[{"embeddable":true,"href":"https:\/\/gravel-bikes.cc\/de\/wp-json\/wp\/v2\/media\/4812"}],"wp:attachment":[{"href":"https:\/\/gravel-bikes.cc\/de\/wp-json\/wp\/v2\/media?parent=4810"}],"wp:term":[{"taxonomy":"pwb-brand","embeddable":true,"href":"https:\/\/gravel-bikes.cc\/de\/wp-json\/wp\/v2\/pwb-brand?post=4810"},{"taxonomy":"product_brand","embeddable":true,"href":"https:\/\/gravel-bikes.cc\/de\/wp-json\/wp\/v2\/product_brand?post=4810"},{"taxonomy":"product_cat","embeddable":true,"href":"https:\/\/gravel-bikes.cc\/de\/wp-json\/wp\/v2\/product_cat?post=4810"},{"taxonomy":"product_tag","embeddable":true,"href":"https:\/\/gravel-bikes.cc\/de\/wp-json\/wp\/v2\/product_tag?post=4810"}],"curies":[{"name":"wp","href":"https:\/\/api.w.org\/{rel}","templated":true}]}}